{"id":6123,"date":"2022-05-07T07:10:51","date_gmt":"2022-05-07T07:10:51","guid":{"rendered":"https:\/\/purespiruline.com\/?post_type=product&#038;p=6123"},"modified":"2022-10-07T18:42:59","modified_gmt":"2022-10-07T18:42:59","slug":"bellavie-stress","status":"publish","type":"product","link":"https:\/\/purespiruline.com\/fr\/produit\/bellavie-stress\/","title":{"rendered":"Le stress de Bellavie"},"content":{"rendered":"<p style=\"font-weight: 400;\"><b><strong><u><br \/>\nCible contre :<\/u><\/strong><\/b><\/p>\n<p style=\"font-weight: 400;\">Compl\u00e9ment alimentaire contenant des microbiotiques, des fibres et des vitamines. Contient des vitamines B6 et B9 qui contribuent \u00e0 des fonctions psychologiques normales.<\/p>\n<p style=\"font-weight: 400;\"><b><strong><u><br \/>\nArguments<\/u><\/strong><\/b><b><strong>:<\/strong><\/b><\/p>\n<p style=\"font-weight: 400;\">Digestion - Effet sant\u00e9 - R\u00e9cup\u00e9ration - S\u00e9r\u00e9nit\u00e9 - Sommeil plus doux \/ Prendre conscience de son \u00e9tat de stress. Notre intestin (gr\u00e2ce \u00e0 son syst\u00e8me nerveux) et notre cerveau sont reli\u00e9s et \u00e9changent constamment des informations. C'est ce qu'on appelle \"l'axe cerveau-intestin\". Les bact\u00e9ries pr\u00e9sentes dans l'intestin peuvent \u00e9galement influencer la neurochimie du cerveau et le comportement.<\/p>\n<p style=\"font-weight: 400;\"><b><strong><u><br \/>\nPosologie :<\/u><\/strong><\/b><\/p>\n<p style=\"font-weight: 400;\">Une g\u00e9lule par jour (30 minutes avant le repas avec de l'eau)*Pour les ENFANTS BELLAVIE, les g\u00e9lules utilis\u00e9es sont appel\u00e9es \"Sprinkle caps\" et sont faciles \u00e0 ouvrir (car les g\u00e9lules normales peuvent \u00eatre difficiles \u00e0 avaler pour les enfants) afin que le contenu de la g\u00e9lule puisse \u00eatre m\u00e9lang\u00e9 au repas de l'enfant.<\/p>\n<p style=\"font-weight: 400;\"><b><strong><u>Composition<\/u><\/strong><\/b><b><strong>:<\/strong><\/b><\/p>\n<p style=\"font-weight: 400;\"><b><strong>Microbiotiques (10 souches) :\u00a0<\/strong><\/b> Bacillus coagulans - Bifidobacterium breve - Bifidobacterium infantis - Bifidobacterium longum - Lactobacillus helveticus - Lactobacillus casei - Lactobacillus paracasei - Lactobacillus plantarum - Lactobacillus rhamnosus - Lactobacillus salivarius<br \/>\n<b><strong>Pr\u00e9biotique : <\/strong><\/b> Inuline (de la chicor\u00e9e)<\/p>\n<p><b><strong>Nutraceutiques<\/strong><\/b><b><strong>\u00a0<\/strong><\/b>:\u00a0<strong>Vitamine B6-Vitamine B9<\/strong><\/p>\n<p style=\"font-weight: 400;\"><b><strong><u>Information<\/u><\/strong><\/b><b><strong>:<\/strong><\/b><\/p>\n<p><strong>Vitamine B6<\/strong> r\u00e9duit la fatigue et joue un r\u00f4le important dans la production d'\u00e9nergie<br \/>\n<strong>Vitamine B9 <\/strong> contribue au bon fonctionnement du syst\u00e8me nerveux et \u00e0 la production de neurotransmetteurs (par exemple la s\u00e9rotonine)<\/p>","protected":false},"excerpt":{"rendered":"<p>\u00c9liminez votre stress quotidien !<\/p>","protected":false},"featured_media":6106,"template":"","meta":{"_wp_convertkit_post_meta":{"form":"-1","landing_page":"0","tag":"0","restrict_content":"0"}},"pwb-brand":[221],"product_brand":[],"product_cat":[98,100,101,87,86,93,109,110,112,94],"product_tag":[226,229,223],"class_list":{"0":"post-6123","1":"product","2":"type-product","3":"status-publish","4":"has-post-thumbnail","6":"pwb-brand-bellavie","7":"product_cat-brain","8":"product_cat-concentration","9":"product_cat-energy","10":"product_cat-fitness-and-energy","11":"product_cat-health-prevention","12":"product_cat-probiotics","13":"product_cat-sleep","14":"product_cat-stamina","15":"product_cat-stress","16":"product_cat-your-benefits","17":"product_tag-bellavie","18":"product_tag-stress","19":"product_tag-vitamine","21":"first","22":"instock","23":"taxable","24":"shipping-taxable","25":"purchasable","26":"product-type-simple"},"yoast_head":"<!-- This site is optimized with the Yoast SEO plugin v27.5 - https:\/\/yoast.com\/product\/yoast-seo-wordpress\/ -->\n<title>Prevent fatigue and depression with probiotics and vitamins<\/title>\n<meta name=\"description\" content=\"Reduce your stress and fatigue by starting a course of vitamin B6 to boost your energy, and vitamin B9 to prevent mood disorders and depression\" \/>\n<meta name=\"robots\" content=\"index, follow, max-snippet:-1, max-image-preview:large, max-video-preview:-1\" \/>\n<link rel=\"canonical\" href=\"https:\/\/purespiruline.com\/fr\/it\/produit\/bellavie-stress\/\" \/>\n<meta property=\"og:locale\" content=\"fr_FR\" \/>\n<meta property=\"og:type\" content=\"article\" \/>\n<meta property=\"og:title\" content=\"Prevent fatigue and depression with probiotics and vitamins\" \/>\n<meta property=\"og:description\" content=\"Reduce your stress and fatigue by starting a course of vitamin B6 to boost your energy, and vitamin B9 to prevent mood disorders and depression\" \/>\n<meta property=\"og:url\" content=\"https:\/\/purespiruline.com\/fr\/it\/produit\/bellavie-stress\/\" \/>\n<meta property=\"og:site_name\" content=\"Pure Spiruline\" \/>\n<meta property=\"article:publisher\" content=\"https:\/\/www.facebook.com\/profile.php?id=100089206063090\" \/>\n<meta property=\"article:modified_time\" content=\"2022-10-07T18:42:59+00:00\" \/>\n<meta property=\"og:image\" content=\"https:\/\/purespiruline.com\/wp-content\/uploads\/2022\/05\/anti-stress-bellavie.png\" \/>\n\t<meta property=\"og:image:width\" content=\"400\" \/>\n\t<meta property=\"og:image:height\" content=\"400\" \/>\n\t<meta property=\"og:image:type\" content=\"image\/png\" \/>\n<meta name=\"twitter:card\" content=\"summary_large_image\" \/>\n<meta name=\"twitter:site\" content=\"@purespiruline\" \/>\n<meta name=\"twitter:label1\" content=\"Dur\u00e9e de lecture estim\u00e9e\" \/>\n\t<meta name=\"twitter:data1\" content=\"1 minute\" \/>\n<script type=\"application\/ld+json\" class=\"yoast-schema-graph\">{\"@context\":\"https:\\\/\\\/schema.org\",\"@graph\":[{\"@type\":\"WebPage\",\"@id\":\"https:\\\/\\\/purespiruline.com\\\/it\\\/produit\\\/bellavie-stress\\\/\",\"url\":\"https:\\\/\\\/purespiruline.com\\\/it\\\/produit\\\/bellavie-stress\\\/\",\"name\":\"Prevent fatigue and depression with probiotics and vitamins\",\"isPartOf\":{\"@id\":\"https:\\\/\\\/purespiruline.com\\\/#website\"},\"primaryImageOfPage\":{\"@id\":\"https:\\\/\\\/purespiruline.com\\\/it\\\/produit\\\/bellavie-stress\\\/#primaryimage\"},\"image\":{\"@id\":\"https:\\\/\\\/purespiruline.com\\\/it\\\/produit\\\/bellavie-stress\\\/#primaryimage\"},\"thumbnailUrl\":\"https:\\\/\\\/purespiruline.com\\\/wp-content\\\/uploads\\\/2022\\\/05\\\/anti-stress-bellavie.png\",\"datePublished\":\"2022-05-07T07:10:51+00:00\",\"dateModified\":\"2022-10-07T18:42:59+00:00\",\"description\":\"Reduce your stress and fatigue by starting a course of vitamin B6 to boost your energy, and vitamin B9 to prevent mood disorders and depression\",\"breadcrumb\":{\"@id\":\"https:\\\/\\\/purespiruline.com\\\/it\\\/produit\\\/bellavie-stress\\\/#breadcrumb\"},\"inLanguage\":\"fr-FR\",\"potentialAction\":[{\"@type\":\"ReadAction\",\"target\":[\"https:\\\/\\\/purespiruline.com\\\/it\\\/produit\\\/bellavie-stress\\\/\"]}]},{\"@type\":\"ImageObject\",\"inLanguage\":\"fr-FR\",\"@id\":\"https:\\\/\\\/purespiruline.com\\\/it\\\/produit\\\/bellavie-stress\\\/#primaryimage\",\"url\":\"https:\\\/\\\/purespiruline.com\\\/wp-content\\\/uploads\\\/2022\\\/05\\\/anti-stress-bellavie.png\",\"contentUrl\":\"https:\\\/\\\/purespiruline.com\\\/wp-content\\\/uploads\\\/2022\\\/05\\\/anti-stress-bellavie.png\",\"width\":400,\"height\":400,\"caption\":\"anti stress bellavie\"},{\"@type\":\"BreadcrumbList\",\"@id\":\"https:\\\/\\\/purespiruline.com\\\/it\\\/produit\\\/bellavie-stress\\\/#breadcrumb\",\"itemListElement\":[{\"@type\":\"ListItem\",\"position\":1,\"name\":\"Home\",\"item\":\"https:\\\/\\\/purespiruline.com\\\/\"},{\"@type\":\"ListItem\",\"position\":2,\"name\":\"Shop\",\"item\":\"https:\\\/\\\/purespiruline.com\\\/gr\\\/shop-for-food-supplements-and-spirulina\\\/\"},{\"@type\":\"ListItem\",\"position\":3,\"name\":\"Bellavie Stress\"}]},{\"@type\":\"WebSite\",\"@id\":\"https:\\\/\\\/purespiruline.com\\\/#website\",\"url\":\"https:\\\/\\\/purespiruline.com\\\/\",\"name\":\"Pure Spirulina\",\"description\":\"100% natural and efficient food supplement\",\"publisher\":{\"@id\":\"https:\\\/\\\/purespiruline.com\\\/#organization\"},\"alternateName\":\"KC Organics\",\"potentialAction\":[{\"@type\":\"SearchAction\",\"target\":{\"@type\":\"EntryPoint\",\"urlTemplate\":\"https:\\\/\\\/purespiruline.com\\\/?s={search_term_string}\"},\"query-input\":{\"@type\":\"PropertyValueSpecification\",\"valueRequired\":true,\"valueName\":\"search_term_string\"}}],\"inLanguage\":\"fr-FR\"},{\"@type\":\"Organization\",\"@id\":\"https:\\\/\\\/purespiruline.com\\\/#organization\",\"name\":\"Pure Spirulina\",\"alternateName\":\"KC Organics\",\"url\":\"https:\\\/\\\/purespiruline.com\\\/\",\"logo\":{\"@type\":\"ImageObject\",\"inLanguage\":\"fr-FR\",\"@id\":\"https:\\\/\\\/purespiruline.com\\\/#\\\/schema\\\/logo\\\/image\\\/\",\"url\":\"https:\\\/\\\/purespiruline.com\\\/wp-content\\\/uploads\\\/2022\\\/03\\\/cropped-4-1.png\",\"contentUrl\":\"https:\\\/\\\/purespiruline.com\\\/wp-content\\\/uploads\\\/2022\\\/03\\\/cropped-4-1.png\",\"width\":512,\"height\":512,\"caption\":\"Pure Spirulina\"},\"image\":{\"@id\":\"https:\\\/\\\/purespiruline.com\\\/#\\\/schema\\\/logo\\\/image\\\/\"},\"sameAs\":[\"https:\\\/\\\/www.facebook.com\\\/profile.php?id=100089206063090\",\"https:\\\/\\\/x.com\\\/purespiruline\",\"https:\\\/\\\/www.instagram.com\\\/pure_spiruline\\\/\",\"https:\\\/\\\/www.tiktok.com\\\/@purespiruline\"]}]}<\/script>\n<!-- \/ Yoast SEO plugin. -->","yoast_head_json":{"title":"Pr\u00e9venir la fatigue et la d\u00e9pression gr\u00e2ce aux probiotiques et aux vitamines","description":"R\u00e9duisez votre stress et votre fatigue en commen\u00e7ant une cure de vitamine B6 pour augmenter votre \u00e9nergie, et de vitamine B9 pour pr\u00e9venir les troubles de l'humeur et la d\u00e9pression.","robots":{"index":"index","follow":"follow","max-snippet":"max-snippet:-1","max-image-preview":"max-image-preview:large","max-video-preview":"max-video-preview:-1"},"canonical":"https:\/\/purespiruline.com\/fr\/it\/produit\/bellavie-stress\/","og_locale":"fr_FR","og_type":"article","og_title":"Prevent fatigue and depression with probiotics and vitamins","og_description":"Reduce your stress and fatigue by starting a course of vitamin B6 to boost your energy, and vitamin B9 to prevent mood disorders and depression","og_url":"https:\/\/purespiruline.com\/fr\/it\/produit\/bellavie-stress\/","og_site_name":"Pure Spiruline","article_publisher":"https:\/\/www.facebook.com\/profile.php?id=100089206063090","article_modified_time":"2022-10-07T18:42:59+00:00","og_image":[{"width":400,"height":400,"url":"https:\/\/purespiruline.com\/wp-content\/uploads\/2022\/05\/anti-stress-bellavie.png","type":"image\/png"}],"twitter_card":"summary_large_image","twitter_site":"@purespiruline","twitter_misc":{"Dur\u00e9e de lecture estim\u00e9e":"1 minute"},"schema":{"@context":"https:\/\/schema.org","@graph":[{"@type":"WebPage","@id":"https:\/\/purespiruline.com\/it\/produit\/bellavie-stress\/","url":"https:\/\/purespiruline.com\/it\/produit\/bellavie-stress\/","name":"Pr\u00e9venir la fatigue et la d\u00e9pression gr\u00e2ce aux probiotiques et aux vitamines","isPartOf":{"@id":"https:\/\/purespiruline.com\/#website"},"primaryImageOfPage":{"@id":"https:\/\/purespiruline.com\/it\/produit\/bellavie-stress\/#primaryimage"},"image":{"@id":"https:\/\/purespiruline.com\/it\/produit\/bellavie-stress\/#primaryimage"},"thumbnailUrl":"https:\/\/purespiruline.com\/wp-content\/uploads\/2022\/05\/anti-stress-bellavie.png","datePublished":"2022-05-07T07:10:51+00:00","dateModified":"2022-10-07T18:42:59+00:00","description":"R\u00e9duisez votre stress et votre fatigue en commen\u00e7ant une cure de vitamine B6 pour augmenter votre \u00e9nergie, et de vitamine B9 pour pr\u00e9venir les troubles de l'humeur et la d\u00e9pression.","breadcrumb":{"@id":"https:\/\/purespiruline.com\/it\/produit\/bellavie-stress\/#breadcrumb"},"inLanguage":"fr-FR","potentialAction":[{"@type":"ReadAction","target":["https:\/\/purespiruline.com\/it\/produit\/bellavie-stress\/"]}]},{"@type":"ImageObject","inLanguage":"fr-FR","@id":"https:\/\/purespiruline.com\/it\/produit\/bellavie-stress\/#primaryimage","url":"https:\/\/purespiruline.com\/wp-content\/uploads\/2022\/05\/anti-stress-bellavie.png","contentUrl":"https:\/\/purespiruline.com\/wp-content\/uploads\/2022\/05\/anti-stress-bellavie.png","width":400,"height":400,"caption":"anti stress bellavie"},{"@type":"BreadcrumbList","@id":"https:\/\/purespiruline.com\/it\/produit\/bellavie-stress\/#breadcrumb","itemListElement":[{"@type":"ListItem","position":1,"name":"Home","item":"https:\/\/purespiruline.com\/"},{"@type":"ListItem","position":2,"name":"Shop","item":"https:\/\/purespiruline.com\/gr\/shop-for-food-supplements-and-spirulina\/"},{"@type":"ListItem","position":3,"name":"Bellavie Stress"}]},{"@type":"WebSite","@id":"https:\/\/purespiruline.com\/#website","url":"https:\/\/purespiruline.com\/","name":"Spiruline pure","description":"100% compl\u00e9ment alimentaire naturel et efficace","publisher":{"@id":"https:\/\/purespiruline.com\/#organization"},"alternateName":"KC Organics","potentialAction":[{"@type":"SearchAction","target":{"@type":"EntryPoint","urlTemplate":"https:\/\/purespiruline.com\/?s={search_term_string}"},"query-input":{"@type":"PropertyValueSpecification","valueRequired":true,"valueName":"search_term_string"}}],"inLanguage":"fr-FR"},{"@type":"Organization","@id":"https:\/\/purespiruline.com\/#organization","name":"Spiruline pure","alternateName":"KC Organics","url":"https:\/\/purespiruline.com\/","logo":{"@type":"ImageObject","inLanguage":"fr-FR","@id":"https:\/\/purespiruline.com\/#\/schema\/logo\/image\/","url":"https:\/\/purespiruline.com\/wp-content\/uploads\/2022\/03\/cropped-4-1.png","contentUrl":"https:\/\/purespiruline.com\/wp-content\/uploads\/2022\/03\/cropped-4-1.png","width":512,"height":512,"caption":"Pure Spirulina"},"image":{"@id":"https:\/\/purespiruline.com\/#\/schema\/logo\/image\/"},"sameAs":["https:\/\/www.facebook.com\/profile.php?id=100089206063090","https:\/\/x.com\/purespiruline","https:\/\/www.instagram.com\/pure_spiruline\/","https:\/\/www.tiktok.com\/@purespiruline"]}]}},"brands":[{"id":221,"name":"BELLAVIE","slug":"bellavie"}],"_links":{"self":[{"href":"https:\/\/purespiruline.com\/fr\/wp-json\/wp\/v2\/product\/6123","targetHints":{"allow":["GET"]}}],"collection":[{"href":"https:\/\/purespiruline.com\/fr\/wp-json\/wp\/v2\/product"}],"about":[{"href":"https:\/\/purespiruline.com\/fr\/wp-json\/wp\/v2\/types\/product"}],"wp:featuredmedia":[{"embeddable":true,"href":"https:\/\/purespiruline.com\/fr\/wp-json\/wp\/v2\/media\/6106"}],"wp:attachment":[{"href":"https:\/\/purespiruline.com\/fr\/wp-json\/wp\/v2\/media?parent=6123"}],"wp:term":[{"taxonomy":"pwb-brand","embeddable":true,"href":"https:\/\/purespiruline.com\/fr\/wp-json\/wp\/v2\/pwb-brand?post=6123"},{"taxonomy":"product_brand","embeddable":true,"href":"https:\/\/purespiruline.com\/fr\/wp-json\/wp\/v2\/product_brand?post=6123"},{"taxonomy":"product_cat","embeddable":true,"href":"https:\/\/purespiruline.com\/fr\/wp-json\/wp\/v2\/product_cat?post=6123"},{"taxonomy":"product_tag","embeddable":true,"href":"https:\/\/purespiruline.com\/fr\/wp-json\/wp\/v2\/product_tag?post=6123"}],"curies":[{"name":"wp","href":"https:\/\/api.w.org\/{rel}","templated":true}]}}