{"id":6120,"date":"2022-05-07T06:58:29","date_gmt":"2022-05-07T06:58:29","guid":{"rendered":"https:\/\/purespiruline.com\/?post_type=product&#038;p=6120"},"modified":"2022-10-07T18:45:26","modified_gmt":"2022-10-07T18:45:26","slug":"bellavie-cholesterol","status":"publish","type":"product","link":"https:\/\/purespiruline.com\/fr\/produit\/bellavie-cholesterol\/","title":{"rendered":"Bellavie Cholest\u00e9rol"},"content":{"rendered":"<p style=\"font-weight: 400;\"><b><strong><u><br \/>\nCible contre :<\/u><\/strong><\/b><\/p>\n<p style=\"font-weight: 400;\">Compl\u00e9ment alimentaire contenant des microbiotiques, des fibres et du phytost\u00e9rol de pin. Exclusivement destin\u00e9 aux personnes souhaitant faire baisser leur taux de cholest\u00e9rol sanguin.<\/p>\n<p style=\"font-weight: 400;\"><b><strong><u><br \/>\nArguments<\/u><\/strong><\/b><b><strong>:<\/strong><\/b><\/p>\n<p style=\"font-weight: 400;\">Le phytost\u00e9rol de pin est un cholest\u00e9rol v\u00e9g\u00e9tal, il aide \u00e0 r\u00e9duire le taux de \"mauvais cholest\u00e9rol\" et \u00e0 \u00e9viter les risques cardiovasculaires sans affecter le taux de \"bon cholest\u00e9rol\" Microbiote : favorise l'absorption du cholest\u00e9rol<\/p>\n<p style=\"font-weight: 400;\"><b><strong><u><br \/>\nPosologie :<\/u><\/strong><\/b><\/p>\n<p style=\"font-weight: 400;\">Une g\u00e9lule par jour (30 minutes avant le repas avec de l'eau)<\/p>\n<p style=\"font-weight: 400;\">*Pour BELLAVIE CHILDREN, les g\u00e9lules utilis\u00e9es sont appel\u00e9es \"Sprinkle caps\" et sont faciles \u00e0 ouvrir (les g\u00e9lules normales peuvent \u00eatre difficiles \u00e0 avaler pour les enfants) afin que le contenu de la g\u00e9lule puisse \u00eatre m\u00e9lang\u00e9 au repas de l'enfant.<\/p>\n<p style=\"font-weight: 400;\"><b><strong><u>Composition<\/u><\/strong><\/b><b><strong>:<\/strong><\/b><\/p>\n<p style=\"font-weight: 400;\"><b><strong>Microbiotiques (5 souches) :\u00a0<\/strong><\/b>Bacillus coagulans - Lactobacillus acidophilus-Lactobacillus gaseri - Lactobacillus plantarum - Lactobacillus reuteri<\/p>\n<p><b><strong>Pr\u00e9biotique : <\/strong><\/b> Inuline (de la chicor\u00e9e)<\/p>\n<p><b><strong><u><br \/>\n<\/u><\/strong><\/b><b><strong>Nutraceutiques<\/strong><\/b><b><strong>\u00a0<\/strong><\/b>:\u00a0<strong>Nutraceutique : Phytost\u00e9rol de pin<br \/>\n<\/strong><\/p>\n<p style=\"font-weight: 400;\"><b><strong><u>Information<\/u><\/strong><\/b><b><strong>:<\/strong><\/b><\/p>\n<p><strong>Phytost\u00e9rolpine<\/strong> est un lipide v\u00e9g\u00e9tal dont la structure ressemble \u00e0 celle du cholest\u00e9rol. Il contribue \u00e0 r\u00e9duire le taux de \"mauvais cholest\u00e9rol\".<\/p>","protected":false},"excerpt":{"rendered":"<p>R\u00e9duisez votre poids !<\/p>","protected":false},"featured_media":6107,"template":"","meta":{"_wp_convertkit_post_meta":{"form":"-1","landing_page":"0","tag":"0","restrict_content":"0"}},"pwb-brand":[221],"product_brand":[],"product_cat":[99,101,87,86,102,106,93,108,110,94],"product_tag":[226,227,223],"class_list":{"0":"post-6120","1":"product","2":"type-product","3":"status-publish","4":"has-post-thumbnail","6":"pwb-brand-bellavie","7":"product_cat-cholesterol","8":"product_cat-energy","9":"product_cat-fitness-and-energy","10":"product_cat-health-prevention","11":"product_cat-heart","12":"product_cat-muscles","13":"product_cat-probiotics","14":"product_cat-skin","15":"product_cat-stamina","16":"product_cat-your-benefits","17":"product_tag-bellavie","18":"product_tag-cholesterol","19":"product_tag-vitamine","21":"first","22":"instock","23":"taxable","24":"shipping-taxable","25":"purchasable","26":"product-type-simple"},"yoast_head":"<!-- This site is optimized with the Yoast SEO plugin v27.5 - https:\/\/yoast.com\/product\/yoast-seo-wordpress\/ -->\n<title>Lower your bad cholesterol and prevent cardiovascular risks<\/title>\n<meta name=\"description\" content=\"Regulate your cholesterol with a cure of our unique probiotic formula. Optimize the rates of bad cholesterol levels and avoid cardiovascular risks\" \/>\n<meta name=\"robots\" content=\"index, follow, max-snippet:-1, max-image-preview:large, max-video-preview:-1\" \/>\n<link rel=\"canonical\" href=\"https:\/\/purespiruline.com\/fr\/produit\/bellavie-cholesterol\/\" \/>\n<meta property=\"og:locale\" content=\"fr_FR\" \/>\n<meta property=\"og:type\" content=\"article\" \/>\n<meta property=\"og:title\" content=\"Lower your bad cholesterol and prevent cardiovascular risks\" \/>\n<meta property=\"og:description\" content=\"Regulate your cholesterol with a cure of our unique probiotic formula. Optimize the rates of bad cholesterol levels and avoid cardiovascular risks\" \/>\n<meta property=\"og:url\" content=\"https:\/\/purespiruline.com\/fr\/produit\/bellavie-cholesterol\/\" \/>\n<meta property=\"og:site_name\" content=\"Pure Spiruline\" \/>\n<meta property=\"article:publisher\" content=\"https:\/\/www.facebook.com\/profile.php?id=100089206063090\" \/>\n<meta property=\"article:modified_time\" content=\"2022-10-07T18:45:26+00:00\" \/>\n<meta property=\"og:image\" content=\"https:\/\/purespiruline.com\/wp-content\/uploads\/2022\/05\/cholesterol-bellavie.png\" \/>\n\t<meta property=\"og:image:width\" content=\"400\" \/>\n\t<meta property=\"og:image:height\" content=\"400\" \/>\n\t<meta property=\"og:image:type\" content=\"image\/png\" \/>\n<meta name=\"twitter:card\" content=\"summary_large_image\" \/>\n<meta name=\"twitter:site\" content=\"@purespiruline\" \/>\n<meta name=\"twitter:label1\" content=\"Dur\u00e9e de lecture estim\u00e9e\" \/>\n\t<meta name=\"twitter:data1\" content=\"1 minute\" \/>\n<script type=\"application\/ld+json\" class=\"yoast-schema-graph\">{\"@context\":\"https:\\\/\\\/schema.org\",\"@graph\":[{\"@type\":\"WebPage\",\"@id\":\"https:\\\/\\\/purespiruline.com\\\/produit\\\/bellavie-cholesterol\\\/\",\"url\":\"https:\\\/\\\/purespiruline.com\\\/produit\\\/bellavie-cholesterol\\\/\",\"name\":\"Lower your bad cholesterol and prevent cardiovascular risks\",\"isPartOf\":{\"@id\":\"https:\\\/\\\/purespiruline.com\\\/#website\"},\"primaryImageOfPage\":{\"@id\":\"https:\\\/\\\/purespiruline.com\\\/produit\\\/bellavie-cholesterol\\\/#primaryimage\"},\"image\":{\"@id\":\"https:\\\/\\\/purespiruline.com\\\/produit\\\/bellavie-cholesterol\\\/#primaryimage\"},\"thumbnailUrl\":\"https:\\\/\\\/purespiruline.com\\\/wp-content\\\/uploads\\\/2022\\\/05\\\/cholesterol-bellavie.png\",\"datePublished\":\"2022-05-07T06:58:29+00:00\",\"dateModified\":\"2022-10-07T18:45:26+00:00\",\"description\":\"Regulate your cholesterol with a cure of our unique probiotic formula. Optimize the rates of bad cholesterol levels and avoid cardiovascular risks\",\"breadcrumb\":{\"@id\":\"https:\\\/\\\/purespiruline.com\\\/produit\\\/bellavie-cholesterol\\\/#breadcrumb\"},\"inLanguage\":\"fr-FR\",\"potentialAction\":[{\"@type\":\"ReadAction\",\"target\":[\"https:\\\/\\\/purespiruline.com\\\/produit\\\/bellavie-cholesterol\\\/\"]}]},{\"@type\":\"ImageObject\",\"inLanguage\":\"fr-FR\",\"@id\":\"https:\\\/\\\/purespiruline.com\\\/produit\\\/bellavie-cholesterol\\\/#primaryimage\",\"url\":\"https:\\\/\\\/purespiruline.com\\\/wp-content\\\/uploads\\\/2022\\\/05\\\/cholesterol-bellavie.png\",\"contentUrl\":\"https:\\\/\\\/purespiruline.com\\\/wp-content\\\/uploads\\\/2022\\\/05\\\/cholesterol-bellavie.png\",\"width\":400,\"height\":400,\"caption\":\"cholesterol bellavie\"},{\"@type\":\"BreadcrumbList\",\"@id\":\"https:\\\/\\\/purespiruline.com\\\/produit\\\/bellavie-cholesterol\\\/#breadcrumb\",\"itemListElement\":[{\"@type\":\"ListItem\",\"position\":1,\"name\":\"Home\",\"item\":\"https:\\\/\\\/purespiruline.com\\\/\"},{\"@type\":\"ListItem\",\"position\":2,\"name\":\"Shop\",\"item\":\"https:\\\/\\\/purespiruline.com\\\/gr\\\/shop-for-food-supplements-and-spirulina\\\/\"},{\"@type\":\"ListItem\",\"position\":3,\"name\":\"Bellavie Cholesterol\"}]},{\"@type\":\"WebSite\",\"@id\":\"https:\\\/\\\/purespiruline.com\\\/#website\",\"url\":\"https:\\\/\\\/purespiruline.com\\\/\",\"name\":\"Pure Spirulina\",\"description\":\"100% natural and efficient food supplement\",\"publisher\":{\"@id\":\"https:\\\/\\\/purespiruline.com\\\/#organization\"},\"alternateName\":\"KC Organics\",\"potentialAction\":[{\"@type\":\"SearchAction\",\"target\":{\"@type\":\"EntryPoint\",\"urlTemplate\":\"https:\\\/\\\/purespiruline.com\\\/?s={search_term_string}\"},\"query-input\":{\"@type\":\"PropertyValueSpecification\",\"valueRequired\":true,\"valueName\":\"search_term_string\"}}],\"inLanguage\":\"fr-FR\"},{\"@type\":\"Organization\",\"@id\":\"https:\\\/\\\/purespiruline.com\\\/#organization\",\"name\":\"Pure Spirulina\",\"alternateName\":\"KC Organics\",\"url\":\"https:\\\/\\\/purespiruline.com\\\/\",\"logo\":{\"@type\":\"ImageObject\",\"inLanguage\":\"fr-FR\",\"@id\":\"https:\\\/\\\/purespiruline.com\\\/#\\\/schema\\\/logo\\\/image\\\/\",\"url\":\"https:\\\/\\\/purespiruline.com\\\/wp-content\\\/uploads\\\/2022\\\/03\\\/cropped-4-1.png\",\"contentUrl\":\"https:\\\/\\\/purespiruline.com\\\/wp-content\\\/uploads\\\/2022\\\/03\\\/cropped-4-1.png\",\"width\":512,\"height\":512,\"caption\":\"Pure Spirulina\"},\"image\":{\"@id\":\"https:\\\/\\\/purespiruline.com\\\/#\\\/schema\\\/logo\\\/image\\\/\"},\"sameAs\":[\"https:\\\/\\\/www.facebook.com\\\/profile.php?id=100089206063090\",\"https:\\\/\\\/x.com\\\/purespiruline\",\"https:\\\/\\\/www.instagram.com\\\/pure_spiruline\\\/\",\"https:\\\/\\\/www.tiktok.com\\\/@purespiruline\"]}]}<\/script>\n<!-- \/ Yoast SEO plugin. -->","yoast_head_json":{"title":"R\u00e9duire le mauvais cholest\u00e9rol et pr\u00e9venir les risques cardiovasculaires","description":"R\u00e9gulez votre cholest\u00e9rol avec une cure de notre formule probiotique unique. Optimisez les taux de mauvais cholest\u00e9rol et \u00e9vitez les risques cardiovasculaires.","robots":{"index":"index","follow":"follow","max-snippet":"max-snippet:-1","max-image-preview":"max-image-preview:large","max-video-preview":"max-video-preview:-1"},"canonical":"https:\/\/purespiruline.com\/fr\/produit\/bellavie-cholesterol\/","og_locale":"fr_FR","og_type":"article","og_title":"Lower your bad cholesterol and prevent cardiovascular risks","og_description":"Regulate your cholesterol with a cure of our unique probiotic formula. Optimize the rates of bad cholesterol levels and avoid cardiovascular risks","og_url":"https:\/\/purespiruline.com\/fr\/produit\/bellavie-cholesterol\/","og_site_name":"Pure Spiruline","article_publisher":"https:\/\/www.facebook.com\/profile.php?id=100089206063090","article_modified_time":"2022-10-07T18:45:26+00:00","og_image":[{"width":400,"height":400,"url":"https:\/\/purespiruline.com\/wp-content\/uploads\/2022\/05\/cholesterol-bellavie.png","type":"image\/png"}],"twitter_card":"summary_large_image","twitter_site":"@purespiruline","twitter_misc":{"Dur\u00e9e de lecture estim\u00e9e":"1 minute"},"schema":{"@context":"https:\/\/schema.org","@graph":[{"@type":"WebPage","@id":"https:\/\/purespiruline.com\/produit\/bellavie-cholesterol\/","url":"https:\/\/purespiruline.com\/produit\/bellavie-cholesterol\/","name":"R\u00e9duire le mauvais cholest\u00e9rol et pr\u00e9venir les risques cardiovasculaires","isPartOf":{"@id":"https:\/\/purespiruline.com\/#website"},"primaryImageOfPage":{"@id":"https:\/\/purespiruline.com\/produit\/bellavie-cholesterol\/#primaryimage"},"image":{"@id":"https:\/\/purespiruline.com\/produit\/bellavie-cholesterol\/#primaryimage"},"thumbnailUrl":"https:\/\/purespiruline.com\/wp-content\/uploads\/2022\/05\/cholesterol-bellavie.png","datePublished":"2022-05-07T06:58:29+00:00","dateModified":"2022-10-07T18:45:26+00:00","description":"R\u00e9gulez votre cholest\u00e9rol avec une cure de notre formule probiotique unique. Optimisez les taux de mauvais cholest\u00e9rol et \u00e9vitez les risques cardiovasculaires.","breadcrumb":{"@id":"https:\/\/purespiruline.com\/produit\/bellavie-cholesterol\/#breadcrumb"},"inLanguage":"fr-FR","potentialAction":[{"@type":"ReadAction","target":["https:\/\/purespiruline.com\/produit\/bellavie-cholesterol\/"]}]},{"@type":"ImageObject","inLanguage":"fr-FR","@id":"https:\/\/purespiruline.com\/produit\/bellavie-cholesterol\/#primaryimage","url":"https:\/\/purespiruline.com\/wp-content\/uploads\/2022\/05\/cholesterol-bellavie.png","contentUrl":"https:\/\/purespiruline.com\/wp-content\/uploads\/2022\/05\/cholesterol-bellavie.png","width":400,"height":400,"caption":"cholesterol bellavie"},{"@type":"BreadcrumbList","@id":"https:\/\/purespiruline.com\/produit\/bellavie-cholesterol\/#breadcrumb","itemListElement":[{"@type":"ListItem","position":1,"name":"Home","item":"https:\/\/purespiruline.com\/"},{"@type":"ListItem","position":2,"name":"Shop","item":"https:\/\/purespiruline.com\/gr\/shop-for-food-supplements-and-spirulina\/"},{"@type":"ListItem","position":3,"name":"Bellavie Cholesterol"}]},{"@type":"WebSite","@id":"https:\/\/purespiruline.com\/#website","url":"https:\/\/purespiruline.com\/","name":"Spiruline pure","description":"100% compl\u00e9ment alimentaire naturel et efficace","publisher":{"@id":"https:\/\/purespiruline.com\/#organization"},"alternateName":"KC Organics","potentialAction":[{"@type":"SearchAction","target":{"@type":"EntryPoint","urlTemplate":"https:\/\/purespiruline.com\/?s={search_term_string}"},"query-input":{"@type":"PropertyValueSpecification","valueRequired":true,"valueName":"search_term_string"}}],"inLanguage":"fr-FR"},{"@type":"Organization","@id":"https:\/\/purespiruline.com\/#organization","name":"Spiruline pure","alternateName":"KC Organics","url":"https:\/\/purespiruline.com\/","logo":{"@type":"ImageObject","inLanguage":"fr-FR","@id":"https:\/\/purespiruline.com\/#\/schema\/logo\/image\/","url":"https:\/\/purespiruline.com\/wp-content\/uploads\/2022\/03\/cropped-4-1.png","contentUrl":"https:\/\/purespiruline.com\/wp-content\/uploads\/2022\/03\/cropped-4-1.png","width":512,"height":512,"caption":"Pure Spirulina"},"image":{"@id":"https:\/\/purespiruline.com\/#\/schema\/logo\/image\/"},"sameAs":["https:\/\/www.facebook.com\/profile.php?id=100089206063090","https:\/\/x.com\/purespiruline","https:\/\/www.instagram.com\/pure_spiruline\/","https:\/\/www.tiktok.com\/@purespiruline"]}]}},"brands":[{"id":221,"name":"BELLAVIE","slug":"bellavie"}],"_links":{"self":[{"href":"https:\/\/purespiruline.com\/fr\/wp-json\/wp\/v2\/product\/6120","targetHints":{"allow":["GET"]}}],"collection":[{"href":"https:\/\/purespiruline.com\/fr\/wp-json\/wp\/v2\/product"}],"about":[{"href":"https:\/\/purespiruline.com\/fr\/wp-json\/wp\/v2\/types\/product"}],"wp:featuredmedia":[{"embeddable":true,"href":"https:\/\/purespiruline.com\/fr\/wp-json\/wp\/v2\/media\/6107"}],"wp:attachment":[{"href":"https:\/\/purespiruline.com\/fr\/wp-json\/wp\/v2\/media?parent=6120"}],"wp:term":[{"taxonomy":"pwb-brand","embeddable":true,"href":"https:\/\/purespiruline.com\/fr\/wp-json\/wp\/v2\/pwb-brand?post=6120"},{"taxonomy":"product_brand","embeddable":true,"href":"https:\/\/purespiruline.com\/fr\/wp-json\/wp\/v2\/product_brand?post=6120"},{"taxonomy":"product_cat","embeddable":true,"href":"https:\/\/purespiruline.com\/fr\/wp-json\/wp\/v2\/product_cat?post=6120"},{"taxonomy":"product_tag","embeddable":true,"href":"https:\/\/purespiruline.com\/fr\/wp-json\/wp\/v2\/product_tag?post=6120"}],"curies":[{"name":"wp","href":"https:\/\/api.w.org\/{rel}","templated":true}]}}