{"id":6116,"date":"2022-05-07T06:46:45","date_gmt":"2022-05-07T06:46:45","guid":{"rendered":"https:\/\/purespiruline.com\/?post_type=product&#038;p=6116"},"modified":"2023-02-28T21:24:48","modified_gmt":"2023-02-28T20:24:48","slug":"bellavie-woman","status":"publish","type":"product","link":"https:\/\/purespiruline.com\/fr\/produit\/bellavie-femme-2\/","title":{"rendered":"Femme Bellavie"},"content":{"rendered":"<p style=\"font-weight: 400;\"><b><strong><u><br \/>\nCible contre :<\/u><\/strong><\/b><\/p>\n<p style=\"font-weight: 400;\">Compl\u00e9ment alimentaire contenant des microbiotiques, des fibres et de l'extrait de canneberge. Sp\u00e9cialement d\u00e9velopp\u00e9 pour le confort f\u00e9minin.<\/p>\n<p style=\"font-weight: 400;\"><b><strong><u><br \/>\nArguments<\/u><\/strong><\/b><b><strong>:<\/strong><\/b><\/p>\n<p style=\"font-weight: 400;\">Favorise le bien-\u00eatre intestinal et vaginal contre les infections urinaires. BellaVie Woman joue un r\u00f4le protecteur contre les agents pathog\u00e8nes en produisant des compos\u00e9s antibact\u00e9riens qui am\u00e9liorent le pH vaginal. Une flore vaginale affaiblie peut entra\u00eener des infections qui, si elles ne sont pas trait\u00e9es, peuvent avoir des cons\u00e9quences graves. Un apport en microbiotiques est donc indispensable pour garantir une flore vaginale saine.<\/p>\n<p style=\"font-weight: 400;\"><b><strong><u><br \/>\nPosologie :<\/u><\/strong><\/b><\/p>\n<p style=\"font-weight: 400;\">Une g\u00e9lule par jour (30 minutes avant le repas avec de l'eau)*Pour les ENFANTS BELLAVIE, les g\u00e9lules utilis\u00e9es sont appel\u00e9es \"Sprinkle caps\" et sont faciles \u00e0 ouvrir (car les g\u00e9lules normales peuvent \u00eatre difficiles \u00e0 avaler pour les enfants) afin que le contenu de la g\u00e9lule puisse \u00eatre m\u00e9lang\u00e9 au repas de l'enfant.<\/p>\n<p style=\"font-weight: 400;\"><b><strong><u>Composition<\/u><\/strong><\/b><b><strong>:<\/strong><\/b><\/p>\n<p style=\"font-weight: 400;\"><b><strong>Microbiotiques (7 souches)<\/strong><\/b>: Bacillus caogulans - Bifidobacterium animalis lactis - Bifidobacterium longum - Lactobacillus acidophilus - Lactobacillus crispatus - Lactobacillus fermentum - Lactobacillus rhamnosus<br \/>\n<b><strong>Pr\u00e9biotique : <\/strong><\/b> Inuline (de la chicor\u00e9e)<\/p>\n<p><b><strong>Nutraceutiques<\/strong><\/b><b><strong>\u00a0<\/strong><\/b>:\u00a0<strong>Nutraceutique : Extrait sec de canneberge (contient des proanthocyanidines(PAC))<\/strong><\/p>\n<p style=\"font-weight: 400;\"><b><strong><u>Information<\/u><\/strong><\/b><b><strong>:<\/strong><\/b><\/p>\n<p><strong>Canneberge<\/strong> est un d\u00e9sinfectant naturel des voies urinaires en inhibant l'adh\u00e9sion de certaines bact\u00e9ries (r\u00f4le des PAC)<\/p>","protected":false},"excerpt":{"rendered":"<p>Sp\u00e9cialement con\u00e7u pour la sant\u00e9 des femmes !<\/p>","protected":false},"featured_media":6109,"template":"","meta":{"_wp_convertkit_post_meta":{"form":"-1","landing_page":"0","tag":"0","restrict_content":"0"}},"pwb-brand":[221],"product_cat":[96,86,93,109,111,112,94],"product_tag":[226,223,225],"yoast_head":"<!-- This site is optimized with the Yoast SEO plugin v23.6 - https:\/\/yoast.com\/wordpress\/plugins\/seo\/ -->\n<title>Enhance vaginal microbiota, prevent urinary women&#039;s infections<\/title>\n<meta name=\"description\" content=\"Use this probiotic food supplement, based on powerful antioxidants, to help the vaginal microbiota and reduce the risks of urinary infection\" \/>\n<meta name=\"robots\" content=\"index, follow, max-snippet:-1, max-image-preview:large, max-video-preview:-1\" \/>\n<link rel=\"canonical\" href=\"https:\/\/purespiruline.com\/fr\/produit\/bellavie-femme-2\/\" \/>\n<meta property=\"og:locale\" content=\"fr_FR\" \/>\n<meta property=\"og:type\" content=\"article\" \/>\n<meta property=\"og:title\" content=\"Enhance vaginal microbiota, prevent urinary women&#039;s infections\" \/>\n<meta property=\"og:description\" content=\"Use this probiotic food supplement, based on powerful antioxidants, to help the vaginal microbiota and reduce the risks of urinary infection\" \/>\n<meta property=\"og:url\" content=\"https:\/\/purespiruline.com\/fr\/produit\/bellavie-femme-2\/\" \/>\n<meta property=\"og:site_name\" content=\"Pure Spiruline\" \/>\n<meta property=\"article:publisher\" content=\"https:\/\/www.facebook.com\/profile.php?id=100089206063090\" \/>\n<meta property=\"article:modified_time\" content=\"2023-02-28T20:24:48+00:00\" \/>\n<meta property=\"og:image\" content=\"https:\/\/purespiruline.com\/wp-content\/uploads\/2022\/05\/woman-comfort-bellavie.png\" \/>\n\t<meta property=\"og:image:width\" content=\"400\" \/>\n\t<meta property=\"og:image:height\" content=\"400\" \/>\n\t<meta property=\"og:image:type\" content=\"image\/png\" \/>\n<meta name=\"twitter:card\" content=\"summary_large_image\" \/>\n<meta name=\"twitter:site\" content=\"@purespiruline\" \/>\n<meta name=\"twitter:label1\" content=\"Dur\u00e9e de lecture estim\u00e9e\" \/>\n\t<meta name=\"twitter:data1\" content=\"1 minute\" \/>\n<script type=\"application\/ld+json\" class=\"yoast-schema-graph\">{\"@context\":\"https:\/\/schema.org\",\"@graph\":[{\"@type\":\"WebPage\",\"@id\":\"https:\/\/purespiruline.com\/produit\/bellavie-woman\/\",\"url\":\"https:\/\/purespiruline.com\/produit\/bellavie-woman\/\",\"name\":\"Enhance vaginal microbiota, prevent urinary women's infections\",\"isPartOf\":{\"@id\":\"https:\/\/purespiruline.com\/#website\"},\"primaryImageOfPage\":{\"@id\":\"https:\/\/purespiruline.com\/produit\/bellavie-woman\/#primaryimage\"},\"image\":{\"@id\":\"https:\/\/purespiruline.com\/produit\/bellavie-woman\/#primaryimage\"},\"thumbnailUrl\":\"https:\/\/purespiruline.com\/wp-content\/uploads\/2022\/05\/woman-comfort-bellavie.png\",\"datePublished\":\"2022-05-07T06:46:45+00:00\",\"dateModified\":\"2023-02-28T20:24:48+00:00\",\"description\":\"Use this probiotic food supplement, based on powerful antioxidants, to help the vaginal microbiota and reduce the risks of urinary infection\",\"breadcrumb\":{\"@id\":\"https:\/\/purespiruline.com\/produit\/bellavie-woman\/#breadcrumb\"},\"inLanguage\":\"fr-FR\",\"potentialAction\":[{\"@type\":\"ReadAction\",\"target\":[\"https:\/\/purespiruline.com\/produit\/bellavie-woman\/\"]}]},{\"@type\":\"ImageObject\",\"inLanguage\":\"fr-FR\",\"@id\":\"https:\/\/purespiruline.com\/produit\/bellavie-woman\/#primaryimage\",\"url\":\"https:\/\/purespiruline.com\/wp-content\/uploads\/2022\/05\/woman-comfort-bellavie.png\",\"contentUrl\":\"https:\/\/purespiruline.com\/wp-content\/uploads\/2022\/05\/woman-comfort-bellavie.png\",\"width\":400,\"height\":400,\"caption\":\"woman comfort bellavie\"},{\"@type\":\"BreadcrumbList\",\"@id\":\"https:\/\/purespiruline.com\/produit\/bellavie-woman\/#breadcrumb\",\"itemListElement\":[{\"@type\":\"ListItem\",\"position\":1,\"name\":\"Home\",\"item\":\"https:\/\/purespiruline.com\/\"},{\"@type\":\"ListItem\",\"position\":2,\"name\":\"Shop\",\"item\":\"https:\/\/purespiruline.com\/gr\/shop-for-food-supplements-and-spirulina\/\"},{\"@type\":\"ListItem\",\"position\":3,\"name\":\"Bellavie Woman\"}]},{\"@type\":\"WebSite\",\"@id\":\"https:\/\/purespiruline.com\/#website\",\"url\":\"https:\/\/purespiruline.com\/\",\"name\":\"Pure Spirulina\",\"description\":\"100% natural and efficient food supplement\",\"publisher\":{\"@id\":\"https:\/\/purespiruline.com\/#organization\"},\"alternateName\":\"KC Organics\",\"potentialAction\":[{\"@type\":\"SearchAction\",\"target\":{\"@type\":\"EntryPoint\",\"urlTemplate\":\"https:\/\/purespiruline.com\/?s={search_term_string}\"},\"query-input\":{\"@type\":\"PropertyValueSpecification\",\"valueRequired\":true,\"valueName\":\"search_term_string\"}}],\"inLanguage\":\"fr-FR\"},{\"@type\":\"Organization\",\"@id\":\"https:\/\/purespiruline.com\/#organization\",\"name\":\"Pure Spirulina\",\"alternateName\":\"KC Organics\",\"url\":\"https:\/\/purespiruline.com\/\",\"logo\":{\"@type\":\"ImageObject\",\"inLanguage\":\"fr-FR\",\"@id\":\"https:\/\/purespiruline.com\/#\/schema\/logo\/image\/\",\"url\":\"https:\/\/purespiruline.com\/wp-content\/uploads\/2022\/03\/cropped-4-1.png\",\"contentUrl\":\"https:\/\/purespiruline.com\/wp-content\/uploads\/2022\/03\/cropped-4-1.png\",\"width\":512,\"height\":512,\"caption\":\"Pure Spirulina\"},\"image\":{\"@id\":\"https:\/\/purespiruline.com\/#\/schema\/logo\/image\/\"},\"sameAs\":[\"https:\/\/www.facebook.com\/profile.php?id=100089206063090\",\"https:\/\/x.com\/purespiruline\",\"https:\/\/www.instagram.com\/pure_spiruline\/\",\"https:\/\/www.tiktok.com\/@purespiruline\"]}]}<\/script>\n<!-- \/ Yoast SEO plugin. -->","yoast_head_json":{"title":"Am\u00e9liorer le microbiote vaginal, pr\u00e9venir les infections urinaires f\u00e9minines","description":"Utilisez ce compl\u00e9ment alimentaire probiotique, \u00e0 base de puissants antioxydants, pour favoriser le microbiote vaginal et r\u00e9duire les risques d'infection urinaire.","robots":{"index":"index","follow":"follow","max-snippet":"max-snippet:-1","max-image-preview":"max-image-preview:large","max-video-preview":"max-video-preview:-1"},"canonical":"https:\/\/purespiruline.com\/fr\/produit\/bellavie-femme-2\/","og_locale":"fr_FR","og_type":"article","og_title":"Enhance vaginal microbiota, prevent urinary women's infections","og_description":"Use this probiotic food supplement, based on powerful antioxidants, to help the vaginal microbiota and reduce the risks of urinary infection","og_url":"https:\/\/purespiruline.com\/fr\/produit\/bellavie-femme-2\/","og_site_name":"Pure Spiruline","article_publisher":"https:\/\/www.facebook.com\/profile.php?id=100089206063090","article_modified_time":"2023-02-28T20:24:48+00:00","og_image":[{"width":400,"height":400,"url":"https:\/\/purespiruline.com\/wp-content\/uploads\/2022\/05\/woman-comfort-bellavie.png","type":"image\/png"}],"twitter_card":"summary_large_image","twitter_site":"@purespiruline","twitter_misc":{"Dur\u00e9e de lecture estim\u00e9e":"1 minute"},"schema":{"@context":"https:\/\/schema.org","@graph":[{"@type":"WebPage","@id":"https:\/\/purespiruline.com\/produit\/bellavie-woman\/","url":"https:\/\/purespiruline.com\/produit\/bellavie-woman\/","name":"Am\u00e9liorer le microbiote vaginal, pr\u00e9venir les infections urinaires f\u00e9minines","isPartOf":{"@id":"https:\/\/purespiruline.com\/#website"},"primaryImageOfPage":{"@id":"https:\/\/purespiruline.com\/produit\/bellavie-woman\/#primaryimage"},"image":{"@id":"https:\/\/purespiruline.com\/produit\/bellavie-woman\/#primaryimage"},"thumbnailUrl":"https:\/\/purespiruline.com\/wp-content\/uploads\/2022\/05\/woman-comfort-bellavie.png","datePublished":"2022-05-07T06:46:45+00:00","dateModified":"2023-02-28T20:24:48+00:00","description":"Utilisez ce compl\u00e9ment alimentaire probiotique, \u00e0 base de puissants antioxydants, pour favoriser le microbiote vaginal et r\u00e9duire les risques d'infection urinaire.","breadcrumb":{"@id":"https:\/\/purespiruline.com\/produit\/bellavie-woman\/#breadcrumb"},"inLanguage":"fr-FR","potentialAction":[{"@type":"ReadAction","target":["https:\/\/purespiruline.com\/produit\/bellavie-woman\/"]}]},{"@type":"ImageObject","inLanguage":"fr-FR","@id":"https:\/\/purespiruline.com\/produit\/bellavie-woman\/#primaryimage","url":"https:\/\/purespiruline.com\/wp-content\/uploads\/2022\/05\/woman-comfort-bellavie.png","contentUrl":"https:\/\/purespiruline.com\/wp-content\/uploads\/2022\/05\/woman-comfort-bellavie.png","width":400,"height":400,"caption":"woman comfort bellavie"},{"@type":"BreadcrumbList","@id":"https:\/\/purespiruline.com\/produit\/bellavie-woman\/#breadcrumb","itemListElement":[{"@type":"ListItem","position":1,"name":"Home","item":"https:\/\/purespiruline.com\/"},{"@type":"ListItem","position":2,"name":"Shop","item":"https:\/\/purespiruline.com\/gr\/shop-for-food-supplements-and-spirulina\/"},{"@type":"ListItem","position":3,"name":"Bellavie Woman"}]},{"@type":"WebSite","@id":"https:\/\/purespiruline.com\/#website","url":"https:\/\/purespiruline.com\/","name":"Spiruline pure","description":"100% compl\u00e9ment alimentaire naturel et efficace","publisher":{"@id":"https:\/\/purespiruline.com\/#organization"},"alternateName":"KC Organics","potentialAction":[{"@type":"SearchAction","target":{"@type":"EntryPoint","urlTemplate":"https:\/\/purespiruline.com\/?s={search_term_string}"},"query-input":{"@type":"PropertyValueSpecification","valueRequired":true,"valueName":"search_term_string"}}],"inLanguage":"fr-FR"},{"@type":"Organization","@id":"https:\/\/purespiruline.com\/#organization","name":"Spiruline pure","alternateName":"KC Organics","url":"https:\/\/purespiruline.com\/","logo":{"@type":"ImageObject","inLanguage":"fr-FR","@id":"https:\/\/purespiruline.com\/#\/schema\/logo\/image\/","url":"https:\/\/purespiruline.com\/wp-content\/uploads\/2022\/03\/cropped-4-1.png","contentUrl":"https:\/\/purespiruline.com\/wp-content\/uploads\/2022\/03\/cropped-4-1.png","width":512,"height":512,"caption":"Pure Spirulina"},"image":{"@id":"https:\/\/purespiruline.com\/#\/schema\/logo\/image\/"},"sameAs":["https:\/\/www.facebook.com\/profile.php?id=100089206063090","https:\/\/x.com\/purespiruline","https:\/\/www.instagram.com\/pure_spiruline\/","https:\/\/www.tiktok.com\/@purespiruline"]}]}},"brands":[{"id":221,"name":"BELLAVIE","slug":"bellavie"}],"_links":{"self":[{"href":"https:\/\/purespiruline.com\/fr\/wp-json\/wp\/v2\/product\/6116"}],"collection":[{"href":"https:\/\/purespiruline.com\/fr\/wp-json\/wp\/v2\/product"}],"about":[{"href":"https:\/\/purespiruline.com\/fr\/wp-json\/wp\/v2\/types\/product"}],"wp:featuredmedia":[{"embeddable":true,"href":"https:\/\/purespiruline.com\/fr\/wp-json\/wp\/v2\/media\/6109"}],"wp:attachment":[{"href":"https:\/\/purespiruline.com\/fr\/wp-json\/wp\/v2\/media?parent=6116"}],"wp:term":[{"taxonomy":"pwb-brand","embeddable":true,"href":"https:\/\/purespiruline.com\/fr\/wp-json\/wp\/v2\/pwb-brand?post=6116"},{"taxonomy":"product_cat","embeddable":true,"href":"https:\/\/purespiruline.com\/fr\/wp-json\/wp\/v2\/product_cat?post=6116"},{"taxonomy":"product_tag","embeddable":true,"href":"https:\/\/purespiruline.com\/fr\/wp-json\/wp\/v2\/product_tag?post=6116"}],"curies":[{"name":"wp","href":"https:\/\/api.w.org\/{rel}","templated":true}]}}