{"id":6115,"date":"2022-05-07T06:38:40","date_gmt":"2022-05-07T06:38:40","guid":{"rendered":"https:\/\/purespiruline.com\/?post_type=product&#038;p=6115"},"modified":"2022-10-07T18:44:23","modified_gmt":"2022-10-07T18:44:23","slug":"bellavie-gluco","status":"publish","type":"product","link":"https:\/\/purespiruline.com\/fr\/produit\/bellavie-gluco\/","title":{"rendered":"Bellavie Gluco"},"content":{"rendered":"<p style=\"font-weight: 400;\"><b><strong><u><br \/>\nCible contre :<\/u><\/strong><\/b><\/p>\n<p style=\"font-weight: 400;\">Compl\u00e9ment alimentaire contenant des microbiotiques, des fibres, de la cact\u00e9e et du chlorure de chrome (III) qui aide \u00e0 maintenir une glyc\u00e9mie normale.<\/p>\n<p style=\"font-weight: 400;\"><b><strong><u><br \/>\nArguments<\/u><\/strong><\/b><b><strong>:<\/u><\/strong><\/b><\/p>\n<p style=\"font-weight: 400;\">Les r\u00e9sultats montrent que plus la diversit\u00e9 du microbiote est faible, plus le risque cardiovasculaire est \u00e9lev\u00e9. La consommation r\u00e9guli\u00e8re de microbiotiques am\u00e9liore la r\u00e9gulation de la glyc\u00e9mie et r\u00e9duit le poids corporel et l'inflammation pour le bien-\u00eatre m\u00e9tabolique. Le chlorure de chrome augmente la sensibilit\u00e9 des tissus \u00e0 l'insuline. Cela permet de normaliser et de stabiliser la glyc\u00e9mie et les niveaux d'insuline. Recommand\u00e9 dans le cadre d'un r\u00e9gime alimentaire sain ou de la volont\u00e9 de r\u00e9duire la consommation de sucre.<\/p>\n<p style=\"font-weight: 400;\"><b><strong><u><br \/>\nPosologie :<\/u><\/strong><\/b><\/p>\n<p style=\"font-weight: 400;\">Une g\u00e9lule par jour (30 minutes avant le repas avec de l'eau)*Pour les ENFANTS BELLAVIE, les g\u00e9lules utilis\u00e9es sont appel\u00e9es \"Sprinkle caps\" et sont faciles \u00e0 ouvrir (car les g\u00e9lules normales peuvent \u00eatre difficiles \u00e0 avaler pour les enfants) afin que le contenu de la g\u00e9lule puisse \u00eatre m\u00e9lang\u00e9 au repas de l'enfant.<\/p>\n<p style=\"font-weight: 400;\"><b><strong><u>Composition<\/u><\/strong><\/b><b><strong>:<\/strong><\/b><\/p>\n<p style=\"font-weight: 400;\"><b><strong>Microbiotiques (7 souches) :\u00a0<\/strong><\/b>Bacillus coagulans - Bifidobacterium animalis lactis - Lactobacillus acidophilus - Lactobacillus casei - Lactobacillus gasseri - Lactobacillus plantarum - Lactobacillus rhamnosus.<br \/>\n<b><strong>Pr\u00e9biotique :  <\/strong><\/b> Inuline (de la chicor\u00e9e)<\/p>\n<p><b><strong><u><br \/>\n<\/u><\/strong><\/b><b><strong>Nutraceutiques<\/strong><\/b><b><strong>\u00a0<\/strong><\/b>:\u00a0<strong>Nutraceutiques : cactina (extrait de fruit de cactus Opuntia ficus indica) -Chlorure de chrome <\/strong><\/p>\n<p style=\"font-weight: 400;\"><b><strong><u>Information<\/u><\/strong><\/b><b><strong>:<\/strong><\/b><\/p>\n<p><\/u><strong>cactine<\/strong> a une action diur\u00e9tique, une action sur le poids et des propri\u00e9t\u00e9s antioxydantes<strong><br \/>\nChrome <\/strong> r\u00e9gule le taux de sucre dans le sang et aide \u00e0 pr\u00e9venir les maladies cardiovasculaires. C'est aussi un coupe-faim naturel<\/p>","protected":false},"excerpt":{"rendered":"<p>Target against: Food supplement containing microbiotics, fiber, Cactinea and Chromium (III) Chloride that helps maintain normal blood sugar levels. Arguments: The results show that the lower the diversity of the microbiota, the higher the cardiovascular risk. Regular intake of microbiotics improves blood sugar regulation and reduces body weight and inflammation for metabolic well-being. Chromium Chloride &hellip; <a href=\"https:\/\/purespiruline.com\/fr\/produit\/bellavie-gluco\/\" class=\"more-link\">Continue reading <span class=\"screen-reader-text\">Bellavie Gluco<\/span><\/a><\/p>","protected":false},"featured_media":6110,"template":"","meta":{"_wp_convertkit_post_meta":{"form":"-1","landing_page":"0","tag":"0","restrict_content":"0"}},"pwb-brand":[221],"product_brand":[],"product_cat":[99,92,86,102,93,111,94],"product_tag":[224,223],"class_list":{"0":"post-6115","1":"product","2":"type-product","3":"status-publish","4":"has-post-thumbnail","6":"pwb-brand-bellavie","7":"product_cat-cholesterol","8":"product_cat-detox","9":"product_cat-health-prevention","10":"product_cat-heart","11":"product_cat-probiotics","12":"product_cat-stomach","13":"product_cat-your-benefits","14":"product_tag-gluco","15":"product_tag-vitamine","17":"first","18":"instock","19":"taxable","20":"shipping-taxable","21":"purchasable","22":"product-type-simple"},"yoast_head":"<!-- This site is optimized with the Yoast SEO plugin v27.5 - https:\/\/yoast.com\/product\/yoast-seo-wordpress\/ -->\n<title>Control your weight and type 2 diabetes - probiotics<\/title>\n<meta name=\"description\" content=\"Use this food supplement to stabilize sugar and insulin levels in your blood. Benefit from the advantages on your body&#039;s fat and proteins balance\" \/>\n<meta name=\"robots\" content=\"index, follow, max-snippet:-1, max-image-preview:large, max-video-preview:-1\" \/>\n<link rel=\"canonical\" href=\"https:\/\/purespiruline.com\/fr\/it\/produit\/bellavie-gluco\/\" \/>\n<meta property=\"og:locale\" content=\"fr_FR\" \/>\n<meta property=\"og:type\" content=\"article\" \/>\n<meta property=\"og:title\" content=\"Control your weight and type 2 diabetes - probiotics\" \/>\n<meta property=\"og:description\" content=\"Use this food supplement to stabilize sugar and insulin levels in your blood. Benefit from the advantages on your body&#039;s fat and proteins balance\" \/>\n<meta property=\"og:url\" content=\"https:\/\/purespiruline.com\/fr\/it\/produit\/bellavie-gluco\/\" \/>\n<meta property=\"og:site_name\" content=\"Pure Spiruline\" \/>\n<meta property=\"article:publisher\" content=\"https:\/\/www.facebook.com\/profile.php?id=100089206063090\" \/>\n<meta property=\"article:modified_time\" content=\"2022-10-07T18:44:23+00:00\" \/>\n<meta property=\"og:image\" content=\"https:\/\/purespiruline.com\/wp-content\/uploads\/2022\/05\/glucose-bellavie.png\" \/>\n\t<meta property=\"og:image:width\" content=\"400\" \/>\n\t<meta property=\"og:image:height\" content=\"400\" \/>\n\t<meta property=\"og:image:type\" content=\"image\/png\" \/>\n<meta name=\"twitter:card\" content=\"summary_large_image\" \/>\n<meta name=\"twitter:site\" content=\"@purespiruline\" \/>\n<meta name=\"twitter:label1\" content=\"Dur\u00e9e de lecture estim\u00e9e\" \/>\n\t<meta name=\"twitter:data1\" content=\"1 minute\" \/>\n<script type=\"application\/ld+json\" class=\"yoast-schema-graph\">{\"@context\":\"https:\\\/\\\/schema.org\",\"@graph\":[{\"@type\":\"WebPage\",\"@id\":\"https:\\\/\\\/purespiruline.com\\\/it\\\/produit\\\/bellavie-gluco\\\/\",\"url\":\"https:\\\/\\\/purespiruline.com\\\/it\\\/produit\\\/bellavie-gluco\\\/\",\"name\":\"Control your weight and type 2 diabetes - probiotics\",\"isPartOf\":{\"@id\":\"https:\\\/\\\/purespiruline.com\\\/#website\"},\"primaryImageOfPage\":{\"@id\":\"https:\\\/\\\/purespiruline.com\\\/it\\\/produit\\\/bellavie-gluco\\\/#primaryimage\"},\"image\":{\"@id\":\"https:\\\/\\\/purespiruline.com\\\/it\\\/produit\\\/bellavie-gluco\\\/#primaryimage\"},\"thumbnailUrl\":\"https:\\\/\\\/purespiruline.com\\\/wp-content\\\/uploads\\\/2022\\\/05\\\/glucose-bellavie.png\",\"datePublished\":\"2022-05-07T06:38:40+00:00\",\"dateModified\":\"2022-10-07T18:44:23+00:00\",\"description\":\"Use this food supplement to stabilize sugar and insulin levels in your blood. Benefit from the advantages on your body's fat and proteins balance\",\"breadcrumb\":{\"@id\":\"https:\\\/\\\/purespiruline.com\\\/it\\\/produit\\\/bellavie-gluco\\\/#breadcrumb\"},\"inLanguage\":\"fr-FR\",\"potentialAction\":[{\"@type\":\"ReadAction\",\"target\":[\"https:\\\/\\\/purespiruline.com\\\/it\\\/produit\\\/bellavie-gluco\\\/\"]}]},{\"@type\":\"ImageObject\",\"inLanguage\":\"fr-FR\",\"@id\":\"https:\\\/\\\/purespiruline.com\\\/it\\\/produit\\\/bellavie-gluco\\\/#primaryimage\",\"url\":\"https:\\\/\\\/purespiruline.com\\\/wp-content\\\/uploads\\\/2022\\\/05\\\/glucose-bellavie.png\",\"contentUrl\":\"https:\\\/\\\/purespiruline.com\\\/wp-content\\\/uploads\\\/2022\\\/05\\\/glucose-bellavie.png\",\"width\":400,\"height\":400,\"caption\":\"glucose bellavie\"},{\"@type\":\"BreadcrumbList\",\"@id\":\"https:\\\/\\\/purespiruline.com\\\/it\\\/produit\\\/bellavie-gluco\\\/#breadcrumb\",\"itemListElement\":[{\"@type\":\"ListItem\",\"position\":1,\"name\":\"Home\",\"item\":\"https:\\\/\\\/purespiruline.com\\\/\"},{\"@type\":\"ListItem\",\"position\":2,\"name\":\"Shop\",\"item\":\"https:\\\/\\\/purespiruline.com\\\/gr\\\/shop-for-food-supplements-and-spirulina\\\/\"},{\"@type\":\"ListItem\",\"position\":3,\"name\":\"Bellavie Gluco\"}]},{\"@type\":\"WebSite\",\"@id\":\"https:\\\/\\\/purespiruline.com\\\/#website\",\"url\":\"https:\\\/\\\/purespiruline.com\\\/\",\"name\":\"Pure Spirulina\",\"description\":\"100% natural and efficient food supplement\",\"publisher\":{\"@id\":\"https:\\\/\\\/purespiruline.com\\\/#organization\"},\"alternateName\":\"KC Organics\",\"potentialAction\":[{\"@type\":\"SearchAction\",\"target\":{\"@type\":\"EntryPoint\",\"urlTemplate\":\"https:\\\/\\\/purespiruline.com\\\/?s={search_term_string}\"},\"query-input\":{\"@type\":\"PropertyValueSpecification\",\"valueRequired\":true,\"valueName\":\"search_term_string\"}}],\"inLanguage\":\"fr-FR\"},{\"@type\":\"Organization\",\"@id\":\"https:\\\/\\\/purespiruline.com\\\/#organization\",\"name\":\"Pure Spirulina\",\"alternateName\":\"KC Organics\",\"url\":\"https:\\\/\\\/purespiruline.com\\\/\",\"logo\":{\"@type\":\"ImageObject\",\"inLanguage\":\"fr-FR\",\"@id\":\"https:\\\/\\\/purespiruline.com\\\/#\\\/schema\\\/logo\\\/image\\\/\",\"url\":\"https:\\\/\\\/purespiruline.com\\\/wp-content\\\/uploads\\\/2022\\\/03\\\/cropped-4-1.png\",\"contentUrl\":\"https:\\\/\\\/purespiruline.com\\\/wp-content\\\/uploads\\\/2022\\\/03\\\/cropped-4-1.png\",\"width\":512,\"height\":512,\"caption\":\"Pure Spirulina\"},\"image\":{\"@id\":\"https:\\\/\\\/purespiruline.com\\\/#\\\/schema\\\/logo\\\/image\\\/\"},\"sameAs\":[\"https:\\\/\\\/www.facebook.com\\\/profile.php?id=100089206063090\",\"https:\\\/\\\/x.com\\\/purespiruline\",\"https:\\\/\\\/www.instagram.com\\\/pure_spiruline\\\/\",\"https:\\\/\\\/www.tiktok.com\\\/@purespiruline\"]}]}<\/script>\n<!-- \/ Yoast SEO plugin. -->","yoast_head_json":{"title":"Contr\u00f4lez votre poids et votre diab\u00e8te de type 2 - probiotiques","description":"Utilisez ce compl\u00e9ment alimentaire pour stabiliser les niveaux de sucre et d'insuline dans votre sang. B\u00e9n\u00e9ficiez des avantages sur l'\u00e9quilibre des graisses et des prot\u00e9ines de votre corps.","robots":{"index":"index","follow":"follow","max-snippet":"max-snippet:-1","max-image-preview":"max-image-preview:large","max-video-preview":"max-video-preview:-1"},"canonical":"https:\/\/purespiruline.com\/fr\/it\/produit\/bellavie-gluco\/","og_locale":"fr_FR","og_type":"article","og_title":"Control your weight and type 2 diabetes - probiotics","og_description":"Use this food supplement to stabilize sugar and insulin levels in your blood. Benefit from the advantages on your body's fat and proteins balance","og_url":"https:\/\/purespiruline.com\/fr\/it\/produit\/bellavie-gluco\/","og_site_name":"Pure Spiruline","article_publisher":"https:\/\/www.facebook.com\/profile.php?id=100089206063090","article_modified_time":"2022-10-07T18:44:23+00:00","og_image":[{"width":400,"height":400,"url":"https:\/\/purespiruline.com\/wp-content\/uploads\/2022\/05\/glucose-bellavie.png","type":"image\/png"}],"twitter_card":"summary_large_image","twitter_site":"@purespiruline","twitter_misc":{"Dur\u00e9e de lecture estim\u00e9e":"1 minute"},"schema":{"@context":"https:\/\/schema.org","@graph":[{"@type":"WebPage","@id":"https:\/\/purespiruline.com\/it\/produit\/bellavie-gluco\/","url":"https:\/\/purespiruline.com\/it\/produit\/bellavie-gluco\/","name":"Contr\u00f4lez votre poids et votre diab\u00e8te de type 2 - probiotiques","isPartOf":{"@id":"https:\/\/purespiruline.com\/#website"},"primaryImageOfPage":{"@id":"https:\/\/purespiruline.com\/it\/produit\/bellavie-gluco\/#primaryimage"},"image":{"@id":"https:\/\/purespiruline.com\/it\/produit\/bellavie-gluco\/#primaryimage"},"thumbnailUrl":"https:\/\/purespiruline.com\/wp-content\/uploads\/2022\/05\/glucose-bellavie.png","datePublished":"2022-05-07T06:38:40+00:00","dateModified":"2022-10-07T18:44:23+00:00","description":"Utilisez ce compl\u00e9ment alimentaire pour stabiliser les niveaux de sucre et d'insuline dans votre sang. B\u00e9n\u00e9ficiez des avantages sur l'\u00e9quilibre des graisses et des prot\u00e9ines de votre corps.","breadcrumb":{"@id":"https:\/\/purespiruline.com\/it\/produit\/bellavie-gluco\/#breadcrumb"},"inLanguage":"fr-FR","potentialAction":[{"@type":"ReadAction","target":["https:\/\/purespiruline.com\/it\/produit\/bellavie-gluco\/"]}]},{"@type":"ImageObject","inLanguage":"fr-FR","@id":"https:\/\/purespiruline.com\/it\/produit\/bellavie-gluco\/#primaryimage","url":"https:\/\/purespiruline.com\/wp-content\/uploads\/2022\/05\/glucose-bellavie.png","contentUrl":"https:\/\/purespiruline.com\/wp-content\/uploads\/2022\/05\/glucose-bellavie.png","width":400,"height":400,"caption":"glucose bellavie"},{"@type":"BreadcrumbList","@id":"https:\/\/purespiruline.com\/it\/produit\/bellavie-gluco\/#breadcrumb","itemListElement":[{"@type":"ListItem","position":1,"name":"Home","item":"https:\/\/purespiruline.com\/"},{"@type":"ListItem","position":2,"name":"Shop","item":"https:\/\/purespiruline.com\/gr\/shop-for-food-supplements-and-spirulina\/"},{"@type":"ListItem","position":3,"name":"Bellavie Gluco"}]},{"@type":"WebSite","@id":"https:\/\/purespiruline.com\/#website","url":"https:\/\/purespiruline.com\/","name":"Spiruline pure","description":"100% compl\u00e9ment alimentaire naturel et efficace","publisher":{"@id":"https:\/\/purespiruline.com\/#organization"},"alternateName":"KC Organics","potentialAction":[{"@type":"SearchAction","target":{"@type":"EntryPoint","urlTemplate":"https:\/\/purespiruline.com\/?s={search_term_string}"},"query-input":{"@type":"PropertyValueSpecification","valueRequired":true,"valueName":"search_term_string"}}],"inLanguage":"fr-FR"},{"@type":"Organization","@id":"https:\/\/purespiruline.com\/#organization","name":"Spiruline pure","alternateName":"KC Organics","url":"https:\/\/purespiruline.com\/","logo":{"@type":"ImageObject","inLanguage":"fr-FR","@id":"https:\/\/purespiruline.com\/#\/schema\/logo\/image\/","url":"https:\/\/purespiruline.com\/wp-content\/uploads\/2022\/03\/cropped-4-1.png","contentUrl":"https:\/\/purespiruline.com\/wp-content\/uploads\/2022\/03\/cropped-4-1.png","width":512,"height":512,"caption":"Pure Spirulina"},"image":{"@id":"https:\/\/purespiruline.com\/#\/schema\/logo\/image\/"},"sameAs":["https:\/\/www.facebook.com\/profile.php?id=100089206063090","https:\/\/x.com\/purespiruline","https:\/\/www.instagram.com\/pure_spiruline\/","https:\/\/www.tiktok.com\/@purespiruline"]}]}},"brands":[{"id":221,"name":"BELLAVIE","slug":"bellavie"}],"_links":{"self":[{"href":"https:\/\/purespiruline.com\/fr\/wp-json\/wp\/v2\/product\/6115","targetHints":{"allow":["GET"]}}],"collection":[{"href":"https:\/\/purespiruline.com\/fr\/wp-json\/wp\/v2\/product"}],"about":[{"href":"https:\/\/purespiruline.com\/fr\/wp-json\/wp\/v2\/types\/product"}],"wp:featuredmedia":[{"embeddable":true,"href":"https:\/\/purespiruline.com\/fr\/wp-json\/wp\/v2\/media\/6110"}],"wp:attachment":[{"href":"https:\/\/purespiruline.com\/fr\/wp-json\/wp\/v2\/media?parent=6115"}],"wp:term":[{"taxonomy":"pwb-brand","embeddable":true,"href":"https:\/\/purespiruline.com\/fr\/wp-json\/wp\/v2\/pwb-brand?post=6115"},{"taxonomy":"product_brand","embeddable":true,"href":"https:\/\/purespiruline.com\/fr\/wp-json\/wp\/v2\/product_brand?post=6115"},{"taxonomy":"product_cat","embeddable":true,"href":"https:\/\/purespiruline.com\/fr\/wp-json\/wp\/v2\/product_cat?post=6115"},{"taxonomy":"product_tag","embeddable":true,"href":"https:\/\/purespiruline.com\/fr\/wp-json\/wp\/v2\/product_tag?post=6115"}],"curies":[{"name":"wp","href":"https:\/\/api.w.org\/{rel}","templated":true}]}}