{"id":6105,"date":"2022-05-07T06:32:23","date_gmt":"2022-05-07T06:32:23","guid":{"rendered":"https:\/\/purespiruline.com\/?post_type=product&#038;p=6105"},"modified":"2022-10-07T18:44:48","modified_gmt":"2022-10-07T18:44:48","slug":"bellavie-immuno","status":"publish","type":"product","link":"https:\/\/purespiruline.com\/fr\/produit\/bellavie-immuno\/","title":{"rendered":"Bellavie Immuno"},"content":{"rendered":"<p style=\"font-weight: 400;\"><b><strong><u><br \/>\nCible contre :<\/u><\/strong><\/b><\/p>\n<p style=\"font-weight: 400;\">Compl\u00e9ment alimentaire contenant des microbiotiques, des levures, des fibres, du Camu-Camu et des vitamines. Contient de la vitamine C et de la vitamine D3 qui contribuent au maintien du fonctionnement normal du syst\u00e8me immunitaire.<\/p>\n<p style=\"font-weight: 400;\"><b><strong><u><br \/>\nArguments<\/u><\/strong><\/b><b><strong>:<\/strong><\/b><\/p>\n<p style=\"font-weight: 400;\">Offre une solution saine \u00e0 la diarrh\u00e9e associ\u00e9e \u00e0 la prise d'antibiotiques et \u00e0 la constipation. Facilite le passage aux toilettes, le bien-\u00eatre des intestins et favorise le syst\u00e8me immunitaire.<\/p>\n<p style=\"font-weight: 400;\"><b><strong><u><br \/>\nPosologie :<\/u><\/strong><\/b><\/p>\n<p style=\"font-weight: 400;\">Une g\u00e9lule par jour (30 minutes avant le repas avec de l'eau)*Pour les ENFANTS BELLAVIE, les g\u00e9lules utilis\u00e9es sont appel\u00e9es \"Sprinkle caps\" et sont faciles \u00e0 ouvrir (car les g\u00e9lules normales peuvent \u00eatre difficiles \u00e0 avaler pour les enfants) afin que le contenu de la g\u00e9lule puisse \u00eatre m\u00e9lang\u00e9 au repas de l'enfant.<\/p>\n<p style=\"font-weight: 400;\"><b><strong><u>Composition<\/u><\/strong><\/b><b><strong>:<\/strong><\/b><\/p>\n<p style=\"font-weight: 400;\"><b><strong>Microbiotiques (8 souches) :\u00a0<\/strong><\/b>: Microbiotiques (8 souches) : Bacillus coagulans - Bifidobacterium breve - Lactobacillus acidophilus - Lactobacillus casei - Lactobacillus plantarum - Lactobacillys reuteri - Lactobacillus rhamnosus - Saccharomyces boulardii. <b><strong>Pr\u00e9biotique : <\/strong><\/b> Inuline (de la chicor\u00e9e)<\/p>\n<p><b><strong><u><br \/>\n<\/u><\/strong><\/b><b><strong>Nutraceutiques<\/strong><\/b><b><strong>\u00a0<\/strong><\/b>:\u00a0<strong>Vitamine C<\/strong> (de l'extrait sec de Camu Camu) -<strong>Vitamine D3 <\/strong><\/p>\n<p style=\"font-weight: 400;\"><b><strong><u>Information<\/u><\/strong><\/b><b><strong>:<\/strong><\/b><\/p>\n<p><strong>Vitamine C<\/strong> La vitamine C am\u00e9liore le syst\u00e8me immunitaire et contribue \u00e0 ralentir le vieillissement des cellules.<strong><br \/>\nVitamine D3 <\/strong>La vitamine D3 maintient l'\u00e9quilibre phosphocalcique et corrige la carence en vitamine D3.<\/p>","protected":false},"excerpt":{"rendered":"<p>Target against: Food supplement containing microbiotics, yeasts, fibers, Camu-Camu and vitamins. Contains vitamin C and vitamin D3 which contribute to the maintenance of the normal functioning of the immune system. Arguments: Offers a healthy solution for diarrhea associated with taking antibiotics &amp; constipation. Easier to go to the toilet, well-being of the intestines and promotes &hellip; <a href=\"https:\/\/purespiruline.com\/fr\/produit\/bellavie-immuno\/\" class=\"more-link\">Continue reading <span class=\"screen-reader-text\">Bellavie Immuno<\/span><\/a><\/p>","protected":false},"featured_media":6111,"template":"","meta":{"_wp_convertkit_post_meta":{"form":"-1","landing_page":"0","tag":"0","restrict_content":"0"}},"pwb-brand":[221],"product_cat":[101,87,86,105,93,109,111,112,94],"product_tag":[222,223],"yoast_head":"<!-- This site is optimized with the Yoast SEO plugin v23.6 - https:\/\/yoast.com\/wordpress\/plugins\/seo\/ -->\n<title>Boost your immune system and strengthen your body - probiotics<\/title>\n<meta name=\"description\" content=\"Maintain a good functioning of your immune system, especially during periods of sedentary life or poor nutrition. Benefit from vitamins C and D3\" \/>\n<meta name=\"robots\" content=\"index, follow, max-snippet:-1, max-image-preview:large, max-video-preview:-1\" \/>\n<link rel=\"canonical\" href=\"https:\/\/purespiruline.com\/fr\/sp\/produit\/bellavie-immuno\/\" \/>\n<meta property=\"og:locale\" content=\"fr_FR\" \/>\n<meta property=\"og:type\" content=\"article\" \/>\n<meta property=\"og:title\" content=\"Boost your immune system and strengthen your body - probiotics\" \/>\n<meta property=\"og:description\" content=\"Maintain a good functioning of your immune system, especially during periods of sedentary life or poor nutrition. Benefit from vitamins C and D3\" \/>\n<meta property=\"og:url\" content=\"https:\/\/purespiruline.com\/fr\/sp\/produit\/bellavie-immuno\/\" \/>\n<meta property=\"og:site_name\" content=\"Pure Spiruline\" \/>\n<meta property=\"article:publisher\" content=\"https:\/\/www.facebook.com\/profile.php?id=100089206063090\" \/>\n<meta property=\"article:modified_time\" content=\"2022-10-07T18:44:48+00:00\" \/>\n<meta property=\"og:image\" content=\"https:\/\/purespiruline.com\/wp-content\/uploads\/2022\/05\/immune-system-4.png\" \/>\n\t<meta property=\"og:image:width\" content=\"400\" \/>\n\t<meta property=\"og:image:height\" content=\"400\" \/>\n\t<meta property=\"og:image:type\" content=\"image\/png\" \/>\n<meta name=\"twitter:card\" content=\"summary_large_image\" \/>\n<meta name=\"twitter:site\" content=\"@purespiruline\" \/>\n<meta name=\"twitter:label1\" content=\"Dur\u00e9e de lecture estim\u00e9e\" \/>\n\t<meta name=\"twitter:data1\" content=\"1 minute\" \/>\n<script type=\"application\/ld+json\" class=\"yoast-schema-graph\">{\"@context\":\"https:\/\/schema.org\",\"@graph\":[{\"@type\":\"WebPage\",\"@id\":\"https:\/\/purespiruline.com\/sp\/produit\/bellavie-immuno\/\",\"url\":\"https:\/\/purespiruline.com\/sp\/produit\/bellavie-immuno\/\",\"name\":\"Boost your immune system and strengthen your body - probiotics\",\"isPartOf\":{\"@id\":\"https:\/\/purespiruline.com\/#website\"},\"primaryImageOfPage\":{\"@id\":\"https:\/\/purespiruline.com\/sp\/produit\/bellavie-immuno\/#primaryimage\"},\"image\":{\"@id\":\"https:\/\/purespiruline.com\/sp\/produit\/bellavie-immuno\/#primaryimage\"},\"thumbnailUrl\":\"https:\/\/purespiruline.com\/wp-content\/uploads\/2022\/05\/immune-system-4.png\",\"datePublished\":\"2022-05-07T06:32:23+00:00\",\"dateModified\":\"2022-10-07T18:44:48+00:00\",\"description\":\"Maintain a good functioning of your immune system, especially during periods of sedentary life or poor nutrition. Benefit from vitamins C and D3\",\"breadcrumb\":{\"@id\":\"https:\/\/purespiruline.com\/sp\/produit\/bellavie-immuno\/#breadcrumb\"},\"inLanguage\":\"fr-FR\",\"potentialAction\":[{\"@type\":\"ReadAction\",\"target\":[\"https:\/\/purespiruline.com\/sp\/produit\/bellavie-immuno\/\"]}]},{\"@type\":\"ImageObject\",\"inLanguage\":\"fr-FR\",\"@id\":\"https:\/\/purespiruline.com\/sp\/produit\/bellavie-immuno\/#primaryimage\",\"url\":\"https:\/\/purespiruline.com\/wp-content\/uploads\/2022\/05\/immune-system-4.png\",\"contentUrl\":\"https:\/\/purespiruline.com\/wp-content\/uploads\/2022\/05\/immune-system-4.png\",\"width\":400,\"height\":400,\"caption\":\"immune system\"},{\"@type\":\"BreadcrumbList\",\"@id\":\"https:\/\/purespiruline.com\/sp\/produit\/bellavie-immuno\/#breadcrumb\",\"itemListElement\":[{\"@type\":\"ListItem\",\"position\":1,\"name\":\"Home\",\"item\":\"https:\/\/purespiruline.com\/\"},{\"@type\":\"ListItem\",\"position\":2,\"name\":\"Shop\",\"item\":\"https:\/\/purespiruline.com\/gr\/shop-for-food-supplements-and-spirulina\/\"},{\"@type\":\"ListItem\",\"position\":3,\"name\":\"Bellavie Immuno\"}]},{\"@type\":\"WebSite\",\"@id\":\"https:\/\/purespiruline.com\/#website\",\"url\":\"https:\/\/purespiruline.com\/\",\"name\":\"Pure Spirulina\",\"description\":\"100% natural and efficient food supplement\",\"publisher\":{\"@id\":\"https:\/\/purespiruline.com\/#organization\"},\"alternateName\":\"KC Organics\",\"potentialAction\":[{\"@type\":\"SearchAction\",\"target\":{\"@type\":\"EntryPoint\",\"urlTemplate\":\"https:\/\/purespiruline.com\/?s={search_term_string}\"},\"query-input\":{\"@type\":\"PropertyValueSpecification\",\"valueRequired\":true,\"valueName\":\"search_term_string\"}}],\"inLanguage\":\"fr-FR\"},{\"@type\":\"Organization\",\"@id\":\"https:\/\/purespiruline.com\/#organization\",\"name\":\"Pure Spirulina\",\"alternateName\":\"KC Organics\",\"url\":\"https:\/\/purespiruline.com\/\",\"logo\":{\"@type\":\"ImageObject\",\"inLanguage\":\"fr-FR\",\"@id\":\"https:\/\/purespiruline.com\/#\/schema\/logo\/image\/\",\"url\":\"https:\/\/purespiruline.com\/wp-content\/uploads\/2022\/03\/cropped-4-1.png\",\"contentUrl\":\"https:\/\/purespiruline.com\/wp-content\/uploads\/2022\/03\/cropped-4-1.png\",\"width\":512,\"height\":512,\"caption\":\"Pure Spirulina\"},\"image\":{\"@id\":\"https:\/\/purespiruline.com\/#\/schema\/logo\/image\/\"},\"sameAs\":[\"https:\/\/www.facebook.com\/profile.php?id=100089206063090\",\"https:\/\/x.com\/purespiruline\",\"https:\/\/www.instagram.com\/pure_spiruline\/\",\"https:\/\/www.tiktok.com\/@purespiruline\"]}]}<\/script>\n<!-- \/ Yoast SEO plugin. -->","yoast_head_json":{"title":"Renforcez votre syst\u00e8me immunitaire et votre organisme - probiotiques","description":"Maintenir un bon fonctionnement du syst\u00e8me immunitaire, en particulier pendant les p\u00e9riodes de s\u00e9dentarit\u00e9 ou de mauvaise alimentation. B\u00e9n\u00e9ficier des vitamines C et D3","robots":{"index":"index","follow":"follow","max-snippet":"max-snippet:-1","max-image-preview":"max-image-preview:large","max-video-preview":"max-video-preview:-1"},"canonical":"https:\/\/purespiruline.com\/fr\/sp\/produit\/bellavie-immuno\/","og_locale":"fr_FR","og_type":"article","og_title":"Boost your immune system and strengthen your body - probiotics","og_description":"Maintain a good functioning of your immune system, especially during periods of sedentary life or poor nutrition. Benefit from vitamins C and D3","og_url":"https:\/\/purespiruline.com\/fr\/sp\/produit\/bellavie-immuno\/","og_site_name":"Pure Spiruline","article_publisher":"https:\/\/www.facebook.com\/profile.php?id=100089206063090","article_modified_time":"2022-10-07T18:44:48+00:00","og_image":[{"width":400,"height":400,"url":"https:\/\/purespiruline.com\/wp-content\/uploads\/2022\/05\/immune-system-4.png","type":"image\/png"}],"twitter_card":"summary_large_image","twitter_site":"@purespiruline","twitter_misc":{"Dur\u00e9e de lecture estim\u00e9e":"1 minute"},"schema":{"@context":"https:\/\/schema.org","@graph":[{"@type":"WebPage","@id":"https:\/\/purespiruline.com\/sp\/produit\/bellavie-immuno\/","url":"https:\/\/purespiruline.com\/sp\/produit\/bellavie-immuno\/","name":"Renforcez votre syst\u00e8me immunitaire et votre organisme - probiotiques","isPartOf":{"@id":"https:\/\/purespiruline.com\/#website"},"primaryImageOfPage":{"@id":"https:\/\/purespiruline.com\/sp\/produit\/bellavie-immuno\/#primaryimage"},"image":{"@id":"https:\/\/purespiruline.com\/sp\/produit\/bellavie-immuno\/#primaryimage"},"thumbnailUrl":"https:\/\/purespiruline.com\/wp-content\/uploads\/2022\/05\/immune-system-4.png","datePublished":"2022-05-07T06:32:23+00:00","dateModified":"2022-10-07T18:44:48+00:00","description":"Maintenir un bon fonctionnement du syst\u00e8me immunitaire, en particulier pendant les p\u00e9riodes de s\u00e9dentarit\u00e9 ou de mauvaise alimentation. B\u00e9n\u00e9ficier des vitamines C et D3","breadcrumb":{"@id":"https:\/\/purespiruline.com\/sp\/produit\/bellavie-immuno\/#breadcrumb"},"inLanguage":"fr-FR","potentialAction":[{"@type":"ReadAction","target":["https:\/\/purespiruline.com\/sp\/produit\/bellavie-immuno\/"]}]},{"@type":"ImageObject","inLanguage":"fr-FR","@id":"https:\/\/purespiruline.com\/sp\/produit\/bellavie-immuno\/#primaryimage","url":"https:\/\/purespiruline.com\/wp-content\/uploads\/2022\/05\/immune-system-4.png","contentUrl":"https:\/\/purespiruline.com\/wp-content\/uploads\/2022\/05\/immune-system-4.png","width":400,"height":400,"caption":"immune system"},{"@type":"BreadcrumbList","@id":"https:\/\/purespiruline.com\/sp\/produit\/bellavie-immuno\/#breadcrumb","itemListElement":[{"@type":"ListItem","position":1,"name":"Home","item":"https:\/\/purespiruline.com\/"},{"@type":"ListItem","position":2,"name":"Shop","item":"https:\/\/purespiruline.com\/gr\/shop-for-food-supplements-and-spirulina\/"},{"@type":"ListItem","position":3,"name":"Bellavie Immuno"}]},{"@type":"WebSite","@id":"https:\/\/purespiruline.com\/#website","url":"https:\/\/purespiruline.com\/","name":"Spiruline pure","description":"100% compl\u00e9ment alimentaire naturel et efficace","publisher":{"@id":"https:\/\/purespiruline.com\/#organization"},"alternateName":"KC Organics","potentialAction":[{"@type":"SearchAction","target":{"@type":"EntryPoint","urlTemplate":"https:\/\/purespiruline.com\/?s={search_term_string}"},"query-input":{"@type":"PropertyValueSpecification","valueRequired":true,"valueName":"search_term_string"}}],"inLanguage":"fr-FR"},{"@type":"Organization","@id":"https:\/\/purespiruline.com\/#organization","name":"Spiruline pure","alternateName":"KC Organics","url":"https:\/\/purespiruline.com\/","logo":{"@type":"ImageObject","inLanguage":"fr-FR","@id":"https:\/\/purespiruline.com\/#\/schema\/logo\/image\/","url":"https:\/\/purespiruline.com\/wp-content\/uploads\/2022\/03\/cropped-4-1.png","contentUrl":"https:\/\/purespiruline.com\/wp-content\/uploads\/2022\/03\/cropped-4-1.png","width":512,"height":512,"caption":"Pure Spirulina"},"image":{"@id":"https:\/\/purespiruline.com\/#\/schema\/logo\/image\/"},"sameAs":["https:\/\/www.facebook.com\/profile.php?id=100089206063090","https:\/\/x.com\/purespiruline","https:\/\/www.instagram.com\/pure_spiruline\/","https:\/\/www.tiktok.com\/@purespiruline"]}]}},"brands":[{"id":221,"name":"BELLAVIE","slug":"bellavie"}],"_links":{"self":[{"href":"https:\/\/purespiruline.com\/fr\/wp-json\/wp\/v2\/product\/6105"}],"collection":[{"href":"https:\/\/purespiruline.com\/fr\/wp-json\/wp\/v2\/product"}],"about":[{"href":"https:\/\/purespiruline.com\/fr\/wp-json\/wp\/v2\/types\/product"}],"wp:featuredmedia":[{"embeddable":true,"href":"https:\/\/purespiruline.com\/fr\/wp-json\/wp\/v2\/media\/6111"}],"wp:attachment":[{"href":"https:\/\/purespiruline.com\/fr\/wp-json\/wp\/v2\/media?parent=6105"}],"wp:term":[{"taxonomy":"pwb-brand","embeddable":true,"href":"https:\/\/purespiruline.com\/fr\/wp-json\/wp\/v2\/pwb-brand?post=6105"},{"taxonomy":"product_cat","embeddable":true,"href":"https:\/\/purespiruline.com\/fr\/wp-json\/wp\/v2\/product_cat?post=6105"},{"taxonomy":"product_tag","embeddable":true,"href":"https:\/\/purespiruline.com\/fr\/wp-json\/wp\/v2\/product_tag?post=6105"}],"curies":[{"name":"wp","href":"https:\/\/api.w.org\/{rel}","templated":true}]}}