{"id":5770,"date":"2022-03-24T12:39:39","date_gmt":"2022-03-24T12:39:39","guid":{"rendered":"https:\/\/purespiruline.com\/?post_type=product&#038;p=5770"},"modified":"2023-12-19T16:31:14","modified_gmt":"2023-12-19T15:31:14","slug":"anti-pain-balm","status":"publish","type":"product","link":"https:\/\/purespiruline.com\/fr\/produit\/baume-anti-douleur\/","title":{"rendered":"Baume anti-douleurs"},"content":{"rendered":"<h2><b><strong>LES DIFF\u00c9RENTES UTILISATIONS DU BAUME SYNERCELL<\/strong><\/b><\/h2>\n<ul style=\"font-weight: 400;\">\n<li>Compos\u00e9 exclusivement d'extraits naturels de plantes, le baume Synercell a de multiples applications pour calmer la douleur, soulager les maux quotidiens, les douleurs rhumatismales et articulaires.<\/li>\n<\/ul>\n<ol>\n<li style=\"font-weight: 400;\"><em>\u00a0\u00a0\u00a0\u00a0\u00a0\u00a0\u00a0\u00a0<\/em><em>Un baume indispensable et pratique pour toutes les occasions !<\/em><\/li>\n<li style=\"font-weight: 400;\"><em>\u00a0\u00a0\u00a0\u00a0\u00a0\u00a0\u00a0\u00a0<\/em><em>Un effet apaisant rapide.<\/em><\/li>\n<li style=\"font-weight: 400;\"><em>\u00a0\u00a0\u00a0\u00a0\u00a0\u00a0\u00a0\u00a0<\/em><em>Une composition enti\u00e8rement naturelle : la solution \"effet imm\u00e9diat\".<\/em><\/li>\n<\/ol>\n<ul style=\"font-weight: 400;\">\n<li>Votre alli\u00e9 pour soulager les douleurs musculaires (crampes, contractures, etc.) et les n\u00e9vralgies (maux de t\u00eate, maux de dents, etc.), application sur les tempes pour \u00e9viter l'installation d'un mal de t\u00eate.<\/li>\n<\/ul>\n<ul style=\"font-weight: 400;\">\n<li>Id\u00e9al pour calmer le mal des transports (application sur les narines), les piq\u00fbres d'insectes, les br\u00fblures, les cicatrices, les abrasions l\u00e9g\u00e8res ou pour d\u00e9gager le nez et la gorge, soulager les \u00e9ryth\u00e8mes solaires, etc.<\/li>\n<\/ul>\n<p style=\"font-weight: 400;\"><b><strong>Massage musculaire avant un \u00e9v\u00e9nement sportif.<\/strong><\/b><\/p>\n<p style=\"font-weight: 400;\">Appliquer le Baume Synercell B101 sur la zone douloureuse et masser l\u00e9g\u00e8rement.\u00a0La sensation de chaleur est normale.<\/p>\n<p style=\"font-weight: 400;\"><b><strong>Renouvelez l'application 3 \u00e0 5 fois par jour :<\/strong><\/b><\/p>\n<ul>\n<li style=\"font-weight: 400;\"><em>Application externe uniquement.<\/em><\/li>\n<li style=\"font-weight: 400;\"><em>Tenir \u00e0 l'\u00e9cart de toute source de chaleur.<\/em><\/li>\n<li style=\"font-weight: 400;\"><em>Tenir hors de port\u00e9e des enfants.<\/em><\/li>\n<li style=\"font-weight: 400;\"><em>Ne jamais appliquer sur les muqueuses.<\/em><\/li>\n<li style=\"font-weight: 400;\"><em>Ne pas appliquer aux enfants de moins de six ans ni aux femmes enceintes.<\/em><\/li>\n<\/ul>\n<ul style=\"font-weight: 400;\">\n<li>\u00a0Il est pr\u00e9f\u00e9rable de le conserver au r\u00e9frig\u00e9rateur pour un meilleur r\u00e9sultat.<\/li>\n<\/ul>\n<p style=\"font-weight: 400;\"><b><strong><u>Conseil d'utilisation :<\/u><\/strong><\/b><\/p>\n<p style=\"font-weight: 400;\">Appliquez la cr\u00e8me sur la zone souhait\u00e9e et massez l\u00e9g\u00e8rement. La sensation de chaleur est normale. Renouveler l'application trois \u00e0 cinq fois par jour. Application externe uniquement. Ne pas appliquer sur les plaies, les muqueuses ou la peau irrit\u00e9e ou sensible. Ne pas avaler. Se laver les mains apr\u00e8s l'application.<\/p>\n<p><b><strong><u>Ingr\u00e9dients<\/u>:\u00a0<\/strong><\/b><span style=\"font-weight: 400;\">Carbomer, eau, huile de menthe piperita (8,50%), born\u00e9ol (2,25%), glyc\u00e9rine, huile de cymbopogon nardus (0,50%).<\/span><\/p>","protected":false},"excerpt":{"rendered":"<p>THE DIFFERENT USES OF SYNERCELL BALM Composed exclusively of natural plant extracts, Synercell Balm has multiple applications to calm pain, relieve daily ailments, rheumatic and joint pain. \u00a0\u00a0\u00a0\u00a0\u00a0\u00a0\u00a0\u00a0An indispensable and practical balm for all occasions! \u00a0\u00a0\u00a0\u00a0\u00a0\u00a0\u00a0\u00a0A quick soothing effect. \u00a0\u00a0\u00a0\u00a0\u00a0\u00a0\u00a0\u00a0An all-natural composition: the \u201cimmediate effect\u201d solution. Your ally to alleviate muscle pain (cramps, contractures, etc.) &hellip; <a href=\"https:\/\/purespiruline.com\/fr\/produit\/baume-anti-douleur\/\" class=\"more-link\">Continue reading <span class=\"screen-reader-text\">Baume anti-douleurs<\/span><\/a><\/p>","protected":false},"featured_media":4985,"template":"","meta":{"_wp_convertkit_post_meta":{"form":"-1","landing_page":"0","tag":"0","restrict_content":"0"}},"pwb-brand":[220],"product_cat":[95,87,108],"product_tag":[149,218,151],"class_list":{"0":"post-5770","1":"product","2":"type-product","3":"status-publish","4":"has-post-thumbnail","6":"pwb-brand-synercell","7":"product_cat-articulations","8":"product_cat-fitness-and-energy","9":"product_cat-skin","10":"product_tag-anti-pain-balm","11":"product_tag-antipain","12":"product_tag-balm","14":"first","15":"outofstock","16":"taxable","17":"shipping-taxable","18":"purchasable","19":"product-type-simple"},"yoast_head":"<!-- This site is optimized with the Yoast SEO plugin v23.6 - https:\/\/yoast.com\/wordpress\/plugins\/seo\/ -->\n<title>Balms and creams to relieve pain<\/title>\n<meta name=\"description\" content=\"Anti pain balm: the ultimate cream to relieve physical pain. To be applied to the areas of your body after physical effort of muscles and joints\" \/>\n<meta name=\"robots\" content=\"index, follow, max-snippet:-1, max-image-preview:large, max-video-preview:-1\" \/>\n<link rel=\"canonical\" href=\"https:\/\/purespiruline.com\/fr\/produit\/baume-anti-douleur\/\" \/>\n<meta property=\"og:locale\" content=\"fr_FR\" \/>\n<meta property=\"og:type\" content=\"article\" \/>\n<meta property=\"og:title\" content=\"Balms and creams to relieve pain\" \/>\n<meta property=\"og:description\" content=\"Anti pain balm: the ultimate cream to relieve physical pain. To be applied to the areas of your body after physical effort of muscles and joints\" \/>\n<meta property=\"og:url\" content=\"https:\/\/purespiruline.com\/fr\/produit\/baume-anti-douleur\/\" \/>\n<meta property=\"og:site_name\" content=\"Pure Spiruline\" \/>\n<meta property=\"article:publisher\" content=\"https:\/\/www.facebook.com\/profile.php?id=100089206063090\" \/>\n<meta property=\"article:modified_time\" content=\"2023-12-19T15:31:14+00:00\" \/>\n<meta property=\"og:image\" content=\"https:\/\/purespiruline.com\/wp-content\/uploads\/2022\/03\/Balm-removebg-preview.png\" \/>\n\t<meta property=\"og:image:width\" content=\"475\" \/>\n\t<meta property=\"og:image:height\" content=\"475\" \/>\n\t<meta property=\"og:image:type\" content=\"image\/png\" \/>\n<meta name=\"twitter:card\" content=\"summary_large_image\" \/>\n<meta name=\"twitter:site\" content=\"@purespiruline\" \/>\n<meta name=\"twitter:label1\" content=\"Dur\u00e9e de lecture estim\u00e9e\" \/>\n\t<meta name=\"twitter:data1\" content=\"1 minute\" \/>\n<script type=\"application\/ld+json\" class=\"yoast-schema-graph\">{\"@context\":\"https:\/\/schema.org\",\"@graph\":[{\"@type\":\"WebPage\",\"@id\":\"https:\/\/purespiruline.com\/produit\/anti-pain-balm\/\",\"url\":\"https:\/\/purespiruline.com\/produit\/anti-pain-balm\/\",\"name\":\"Balms and creams to relieve pain\",\"isPartOf\":{\"@id\":\"https:\/\/purespiruline.com\/#website\"},\"primaryImageOfPage\":{\"@id\":\"https:\/\/purespiruline.com\/produit\/anti-pain-balm\/#primaryimage\"},\"image\":{\"@id\":\"https:\/\/purespiruline.com\/produit\/anti-pain-balm\/#primaryimage\"},\"thumbnailUrl\":\"https:\/\/purespiruline.com\/wp-content\/uploads\/2022\/03\/Balm-removebg-preview.png\",\"datePublished\":\"2022-03-24T12:39:39+00:00\",\"dateModified\":\"2023-12-19T15:31:14+00:00\",\"description\":\"Anti pain balm: the ultimate cream to relieve physical pain. To be applied to the areas of your body after physical effort of muscles and joints\",\"breadcrumb\":{\"@id\":\"https:\/\/purespiruline.com\/produit\/anti-pain-balm\/#breadcrumb\"},\"inLanguage\":\"fr-FR\",\"potentialAction\":[{\"@type\":\"ReadAction\",\"target\":[\"https:\/\/purespiruline.com\/produit\/anti-pain-balm\/\"]}]},{\"@type\":\"ImageObject\",\"inLanguage\":\"fr-FR\",\"@id\":\"https:\/\/purespiruline.com\/produit\/anti-pain-balm\/#primaryimage\",\"url\":\"https:\/\/purespiruline.com\/wp-content\/uploads\/2022\/03\/Balm-removebg-preview.png\",\"contentUrl\":\"https:\/\/purespiruline.com\/wp-content\/uploads\/2022\/03\/Balm-removebg-preview.png\",\"width\":475,\"height\":475,\"caption\":\"Balm removebg preview\"},{\"@type\":\"BreadcrumbList\",\"@id\":\"https:\/\/purespiruline.com\/produit\/anti-pain-balm\/#breadcrumb\",\"itemListElement\":[{\"@type\":\"ListItem\",\"position\":1,\"name\":\"Home\",\"item\":\"https:\/\/purespiruline.com\/\"},{\"@type\":\"ListItem\",\"position\":2,\"name\":\"Shop\",\"item\":\"https:\/\/purespiruline.com\/gr\/shop-for-food-supplements-and-spirulina\/\"},{\"@type\":\"ListItem\",\"position\":3,\"name\":\"Anti Pain Balm\"}]},{\"@type\":\"WebSite\",\"@id\":\"https:\/\/purespiruline.com\/#website\",\"url\":\"https:\/\/purespiruline.com\/\",\"name\":\"Pure Spirulina\",\"description\":\"100% natural and efficient food supplement\",\"publisher\":{\"@id\":\"https:\/\/purespiruline.com\/#organization\"},\"alternateName\":\"KC Organics\",\"potentialAction\":[{\"@type\":\"SearchAction\",\"target\":{\"@type\":\"EntryPoint\",\"urlTemplate\":\"https:\/\/purespiruline.com\/?s={search_term_string}\"},\"query-input\":{\"@type\":\"PropertyValueSpecification\",\"valueRequired\":true,\"valueName\":\"search_term_string\"}}],\"inLanguage\":\"fr-FR\"},{\"@type\":\"Organization\",\"@id\":\"https:\/\/purespiruline.com\/#organization\",\"name\":\"Pure Spirulina\",\"alternateName\":\"KC Organics\",\"url\":\"https:\/\/purespiruline.com\/\",\"logo\":{\"@type\":\"ImageObject\",\"inLanguage\":\"fr-FR\",\"@id\":\"https:\/\/purespiruline.com\/#\/schema\/logo\/image\/\",\"url\":\"https:\/\/purespiruline.com\/wp-content\/uploads\/2022\/03\/cropped-4-1.png\",\"contentUrl\":\"https:\/\/purespiruline.com\/wp-content\/uploads\/2022\/03\/cropped-4-1.png\",\"width\":512,\"height\":512,\"caption\":\"Pure Spirulina\"},\"image\":{\"@id\":\"https:\/\/purespiruline.com\/#\/schema\/logo\/image\/\"},\"sameAs\":[\"https:\/\/www.facebook.com\/profile.php?id=100089206063090\",\"https:\/\/x.com\/purespiruline\",\"https:\/\/www.instagram.com\/pure_spiruline\/\",\"https:\/\/www.tiktok.com\/@purespiruline\"]}]}<\/script>\n<!-- \/ Yoast SEO plugin. -->","yoast_head_json":{"title":"Baumes et cr\u00e8mes pour soulager la douleur","description":"Baume anti-douleur : la cr\u00e8me ultime pour soulager les douleurs physiques. A appliquer sur les zones du corps apr\u00e8s un effort physique des muscles et des articulations.","robots":{"index":"index","follow":"follow","max-snippet":"max-snippet:-1","max-image-preview":"max-image-preview:large","max-video-preview":"max-video-preview:-1"},"canonical":"https:\/\/purespiruline.com\/fr\/produit\/baume-anti-douleur\/","og_locale":"fr_FR","og_type":"article","og_title":"Balms and creams to relieve pain","og_description":"Anti pain balm: the ultimate cream to relieve physical pain. To be applied to the areas of your body after physical effort of muscles and joints","og_url":"https:\/\/purespiruline.com\/fr\/produit\/baume-anti-douleur\/","og_site_name":"Pure Spiruline","article_publisher":"https:\/\/www.facebook.com\/profile.php?id=100089206063090","article_modified_time":"2023-12-19T15:31:14+00:00","og_image":[{"width":475,"height":475,"url":"https:\/\/purespiruline.com\/wp-content\/uploads\/2022\/03\/Balm-removebg-preview.png","type":"image\/png"}],"twitter_card":"summary_large_image","twitter_site":"@purespiruline","twitter_misc":{"Dur\u00e9e de lecture estim\u00e9e":"1 minute"},"schema":{"@context":"https:\/\/schema.org","@graph":[{"@type":"WebPage","@id":"https:\/\/purespiruline.com\/produit\/anti-pain-balm\/","url":"https:\/\/purespiruline.com\/produit\/anti-pain-balm\/","name":"Baumes et cr\u00e8mes pour soulager la douleur","isPartOf":{"@id":"https:\/\/purespiruline.com\/#website"},"primaryImageOfPage":{"@id":"https:\/\/purespiruline.com\/produit\/anti-pain-balm\/#primaryimage"},"image":{"@id":"https:\/\/purespiruline.com\/produit\/anti-pain-balm\/#primaryimage"},"thumbnailUrl":"https:\/\/purespiruline.com\/wp-content\/uploads\/2022\/03\/Balm-removebg-preview.png","datePublished":"2022-03-24T12:39:39+00:00","dateModified":"2023-12-19T15:31:14+00:00","description":"Baume anti-douleur : la cr\u00e8me ultime pour soulager les douleurs physiques. A appliquer sur les zones du corps apr\u00e8s un effort physique des muscles et des articulations.","breadcrumb":{"@id":"https:\/\/purespiruline.com\/produit\/anti-pain-balm\/#breadcrumb"},"inLanguage":"fr-FR","potentialAction":[{"@type":"ReadAction","target":["https:\/\/purespiruline.com\/produit\/anti-pain-balm\/"]}]},{"@type":"ImageObject","inLanguage":"fr-FR","@id":"https:\/\/purespiruline.com\/produit\/anti-pain-balm\/#primaryimage","url":"https:\/\/purespiruline.com\/wp-content\/uploads\/2022\/03\/Balm-removebg-preview.png","contentUrl":"https:\/\/purespiruline.com\/wp-content\/uploads\/2022\/03\/Balm-removebg-preview.png","width":475,"height":475,"caption":"Balm removebg preview"},{"@type":"BreadcrumbList","@id":"https:\/\/purespiruline.com\/produit\/anti-pain-balm\/#breadcrumb","itemListElement":[{"@type":"ListItem","position":1,"name":"Home","item":"https:\/\/purespiruline.com\/"},{"@type":"ListItem","position":2,"name":"Shop","item":"https:\/\/purespiruline.com\/gr\/shop-for-food-supplements-and-spirulina\/"},{"@type":"ListItem","position":3,"name":"Anti Pain Balm"}]},{"@type":"WebSite","@id":"https:\/\/purespiruline.com\/#website","url":"https:\/\/purespiruline.com\/","name":"Spiruline pure","description":"100% compl\u00e9ment alimentaire naturel et efficace","publisher":{"@id":"https:\/\/purespiruline.com\/#organization"},"alternateName":"KC Organics","potentialAction":[{"@type":"SearchAction","target":{"@type":"EntryPoint","urlTemplate":"https:\/\/purespiruline.com\/?s={search_term_string}"},"query-input":{"@type":"PropertyValueSpecification","valueRequired":true,"valueName":"search_term_string"}}],"inLanguage":"fr-FR"},{"@type":"Organization","@id":"https:\/\/purespiruline.com\/#organization","name":"Spiruline pure","alternateName":"KC Organics","url":"https:\/\/purespiruline.com\/","logo":{"@type":"ImageObject","inLanguage":"fr-FR","@id":"https:\/\/purespiruline.com\/#\/schema\/logo\/image\/","url":"https:\/\/purespiruline.com\/wp-content\/uploads\/2022\/03\/cropped-4-1.png","contentUrl":"https:\/\/purespiruline.com\/wp-content\/uploads\/2022\/03\/cropped-4-1.png","width":512,"height":512,"caption":"Pure Spirulina"},"image":{"@id":"https:\/\/purespiruline.com\/#\/schema\/logo\/image\/"},"sameAs":["https:\/\/www.facebook.com\/profile.php?id=100089206063090","https:\/\/x.com\/purespiruline","https:\/\/www.instagram.com\/pure_spiruline\/","https:\/\/www.tiktok.com\/@purespiruline"]}]}},"brands":[{"id":220,"name":"SYNERCELL","slug":"synercell"}],"_links":{"self":[{"href":"https:\/\/purespiruline.com\/fr\/wp-json\/wp\/v2\/product\/5770","targetHints":{"allow":["GET"]}}],"collection":[{"href":"https:\/\/purespiruline.com\/fr\/wp-json\/wp\/v2\/product"}],"about":[{"href":"https:\/\/purespiruline.com\/fr\/wp-json\/wp\/v2\/types\/product"}],"wp:featuredmedia":[{"embeddable":true,"href":"https:\/\/purespiruline.com\/fr\/wp-json\/wp\/v2\/media\/4985"}],"wp:attachment":[{"href":"https:\/\/purespiruline.com\/fr\/wp-json\/wp\/v2\/media?parent=5770"}],"wp:term":[{"taxonomy":"pwb-brand","embeddable":true,"href":"https:\/\/purespiruline.com\/fr\/wp-json\/wp\/v2\/pwb-brand?post=5770"},{"taxonomy":"product_cat","embeddable":true,"href":"https:\/\/purespiruline.com\/fr\/wp-json\/wp\/v2\/product_cat?post=5770"},{"taxonomy":"product_tag","embeddable":true,"href":"https:\/\/purespiruline.com\/fr\/wp-json\/wp\/v2\/product_tag?post=5770"}],"curies":[{"name":"wp","href":"https:\/\/api.w.org\/{rel}","templated":true}]}}