{"id":5014,"date":"2022-03-14T13:42:34","date_gmt":"2022-03-14T13:42:34","guid":{"rendered":"https:\/\/purespiruline.com\/?post_type=product&#038;p=5014"},"modified":"2024-01-30T20:00:23","modified_gmt":"2024-01-30T19:00:23","slug":"omega-3-marine","status":"publish","type":"product","link":"https:\/\/purespiruline.com\/fr\/produit\/omega-3-marin\/","title":{"rendered":"Om\u00e9ga 3 marins"},"content":{"rendered":"<ol>\n<li style=\"font-weight: 400;\">\n<p style=\"font-weight: 400;\">L'oc\u00e9an Austral qui entoure l'Antarctique est l'un des plus \"propres\" du monde.<\/p>\n<\/li>\n<li style=\"font-weight: 400;\">\n<p style=\"font-weight: 400;\">Omega-3 Marine est fabriqu\u00e9 \u00e0 partir de l'extrait d'un des plus petits crustac\u00e9s de l'Antarctique, Euphausia Superba, appel\u00e9 Krill.<\/p>\n<\/li>\n<li style=\"font-weight: 400;\">\n<p style=\"font-weight: 400;\">Naturellement riche en Astaxanthine, Choline et Om\u00e9ga-3 sous forme de Phospholipides pour une meilleure efficacit\u00e9 et biodisponibilit\u00e9.<\/p>\n<\/li>\n<\/ol>\n<table>\n<tbody>\n<tr>\n<td>Informations nutritionnelles<\/td>\n<td>Informations nutritionnelles Par dose journali\u00e8re (3 capsules) \/ %AR<\/td>\n<\/tr>\n<tr>\n<td><strong>Extrait lipidique de crustac\u00e9s Krill de l'Antarctique (Euphosia superba) <\/strong><\/td>\n<td><strong>130 mg<\/strong><\/td>\n<\/tr>\n<tr>\n<td>Dont phospholipides<\/td>\n<td>600 mg<\/td>\n<\/tr>\n<tr>\n<td><strong>dont les om\u00e9ga-3<\/strong><\/td>\n<td><strong>330 mg<\/strong><\/td>\n<\/tr>\n<tr>\n<td>Dont EPA<\/td>\n<td>180 mg<\/td>\n<\/tr>\n<tr>\n<td>Dont EPA<\/td>\n<td>83 mg<\/td>\n<\/tr>\n<tr>\n<td>Dont astaxanthine<\/td>\n<td>150 mg<\/td>\n<\/tr>\n<tr>\n<td><strong>dont la choline <\/strong><\/td>\n<td><strong>61 mg<\/strong><\/td>\n<\/tr>\n<tr>\n<td><strong>vitamine D <\/strong><\/td>\n<td><strong>15mg \/ 300% <\/strong><\/td>\n<\/tr>\n<\/tbody>\n<\/table>\n<p><strong><u>EPA\/DHA\u00a0<\/u>:<\/strong><\/p>\n<ul>\n<li style=\"font-weight: 400;\">Les om\u00e9ga-3 EPA et DHA sont des composants structurels cl\u00e9s de toutes les cellules de notre corps, dans le cerveau et les yeux, et contribuent \u00e0 maintenir nos organes vitaux comme le c\u0153ur, le foie, le cerveau et les yeux en bonne sant\u00e9.<\/li>\n<li style=\"font-weight: 400;\">En raison de leurs fonctions essentielles et de leur apport limit\u00e9 par l'alimentation, l'EPA et le DHA sont consid\u00e9r\u00e9s comme les acides gras om\u00e9ga-3 les plus importants. C'est pour cette raison que la plupart des recherches sur les bienfaits des om\u00e9ga-3 pour la sant\u00e9 se concentrent sur l'EPA et le DHA.<\/li>\n<\/ul>\n<p style=\"font-weight: 400;\"><b><strong><u><br \/>\nPHOSPHOLIPIDES\u00a0<\/u><\/strong><\/b><b><strong>:<\/strong><\/b><\/p>\n<p style=\"font-weight: 400;\">Permettent une meilleure absorption des om\u00e9ga-3 dans les globules rouges par rapport aux autres om\u00e9ga-3 d'origine marine.<\/p>\n<p style=\"font-weight: 400;\"><b><strong><u><br \/>\nASTAXANTHINE\u00a0<\/u><\/strong><\/b><b><strong>:<\/strong><\/b><\/p>\n<ul>\n<li style=\"font-weight: 400;\">L'astaxanthine est un puissant antioxydant. Elle aide \u00e0 lutter contre les radicaux libres (50 fois plus efficace que le b\u00eata-carot\u00e8ne ou la z\u00e9axanthine) et \u00e0 r\u00e9duire l'inflammation.<\/li>\n<li style=\"font-weight: 400;\">Il stimule la production d'anticorps (syst\u00e8me immunitaire), aide \u00e0 prot\u00e9ger les yeux et a un effet b\u00e9n\u00e9fique sur la DMLA (d\u00e9g\u00e9n\u00e9rescence maculaire li\u00e9e \u00e0 l'\u00e2ge).<\/li>\n<\/ul>\n<p style=\"font-weight: 400;\"><b><strong><u>VITAMINE D\u00a0<\/u><\/strong><\/b><b><strong>:<\/strong><\/b><\/p>\n<ul>\n<li style=\"font-weight: 400;\">Agit comme une hormone hypercalc\u00e9miante, facilitant l'absorption du calcium et du phosphore par les intestins. Il a certains effets b\u00e9n\u00e9fiques concernant des maladies comme l'ost\u00e9oporose, le cancer et les risques cardiovasculaires.<\/li>\n<li style=\"font-weight: 400;\">La vitamine D est une substance organique non calorique, essentielle \u00e0 notre m\u00e9tabolisme et g\u00e9n\u00e9ralement non produite par notre organisme. Soluble dans les graisses (on dit qu'elle est liposoluble, au m\u00eame titre que les vitamines A, E et K), elle peut \u00eatre stock\u00e9e dans le tissu adipeux.<\/li>\n<li style=\"font-weight: 400;\">La vitamine D entre en contact avec les autres hormones du m\u00e9tabolisme phosphocalcique et a \u00e9galement des actions sur le rein et le syst\u00e8me immunitaire.<\/li>\n<\/ul>\n<p style=\"font-weight: 400;\"><b><strong><u>CHOLINE\u00a0<\/u><\/strong><\/b><b><strong>:<\/strong><\/b><\/p>\n<p style=\"font-weight: 400;\">A un r\u00f4le h\u00e9pato-protecteur, aide \u00e0 r\u00e9guler et \u00e0 am\u00e9liorer le fonctionnement du foie, de la v\u00e9sicule biliaire, et est essentiel pour la sant\u00e9 du foie et des reins.<\/p>\n<p style=\"font-weight: 400;\"><b><strong><u>Ingr\u00e9dients\u00a0<\/u><\/strong><\/b>: Extrait lipidique de crustac\u00e9s Krill de l'Antarctique (Euphausia Superba) (crustac\u00e9s), chol\u00e9calcif\u00e9rol (vitamine D3), enveloppe de la capsule : g\u00e9latine de poisson, eau purifi\u00e9e, stabilisateur : glyc\u00e9rine, humectant : sorbitol.<b><strong><u><br \/>\n<\/u><\/strong><\/b><b><strong>Utiliser des conseils<\/strong><\/b><b><strong>\u00a0<\/strong><\/b>:\u00a0Prendre 2 \u00e0 3 g\u00e9lules par jour avec un verre d'eau.<\/p>\n<p style=\"font-weight: 400;\"><b><strong>Contre-indications<\/strong><\/b>\u00a0: Tenir hors de port\u00e9e des enfants. Ne pas d\u00e9passer la dose quotidienne recommand\u00e9e.<\/p>\n<p style=\"font-weight: 400;\"><b><strong>Pr\u00e9cautions d'emploi<\/strong><\/b><b><strong>\u00a0<\/strong><\/b>:\u00a0Conserver dans un endroit frais et sec et dans l'emballage d'origine.<\/p>","protected":false},"excerpt":{"rendered":"<p>The Southern Ocean surrounding Antarctica is one of the &#8220;cleanest&#8221; in the world. Omega-3 Marine is made with the extract of one of Antarctica&#8217;s smallest crustaceans, Euphausia Superba, called Krill. Naturally rich in Astaxanthin, Choline and Omega-3 in the form of Phospholipids for better efficacy and bioavailability. Nutritional Information Per daily dose (3 capsules) \/ &hellip; <a href=\"https:\/\/purespiruline.com\/fr\/produit\/omega-3-marin\/\" class=\"more-link\">Continue reading <span class=\"screen-reader-text\">Om\u00e9ga 3 marins<\/span><\/a><\/p>","protected":false},"featured_media":5016,"template":"","meta":{"_wp_convertkit_post_meta":{"form":"-1","landing_page":"0","tag":"0","restrict_content":"0"}},"pwb-brand":[220],"product_cat":[95,98,86,102,103,107,108],"product_tag":[183,182,181],"yoast_head":"<!-- This site is optimized with the Yoast SEO plugin v23.6 - https:\/\/yoast.com\/wordpress\/plugins\/seo\/ -->\n<title>Omega 3 to protect the liver, brain, heart, eyes and skin<\/title>\n<meta name=\"description\" content=\"Omega 3 is essential for our health but is not produced by our body. Use our food supplement to preserve the liver, brain, heart, skin and eyes\" \/>\n<meta name=\"robots\" content=\"index, follow, max-snippet:-1, max-image-preview:large, max-video-preview:-1\" \/>\n<link rel=\"canonical\" href=\"https:\/\/purespiruline.com\/fr\/produit\/omega-3-marin\/\" \/>\n<meta property=\"og:locale\" content=\"fr_FR\" \/>\n<meta property=\"og:type\" content=\"article\" \/>\n<meta property=\"og:title\" content=\"Omega 3 to protect the liver, brain, heart, eyes and skin\" \/>\n<meta property=\"og:description\" content=\"Omega 3 is essential for our health but is not produced by our body. Use our food supplement to preserve the liver, brain, heart, skin and eyes\" \/>\n<meta property=\"og:url\" content=\"https:\/\/purespiruline.com\/fr\/produit\/omega-3-marin\/\" \/>\n<meta property=\"og:site_name\" content=\"Pure Spiruline\" \/>\n<meta property=\"article:publisher\" content=\"https:\/\/www.facebook.com\/profile.php?id=100089206063090\" \/>\n<meta property=\"article:modified_time\" content=\"2024-01-30T19:00:23+00:00\" \/>\n<meta property=\"og:image\" content=\"https:\/\/purespiruline.com\/wp-content\/uploads\/2022\/03\/Synercell_Omega-Marine_2.jpg\" \/>\n\t<meta property=\"og:image:width\" content=\"690\" \/>\n\t<meta property=\"og:image:height\" content=\"690\" \/>\n\t<meta property=\"og:image:type\" content=\"image\/jpeg\" \/>\n<meta name=\"twitter:card\" content=\"summary_large_image\" \/>\n<meta name=\"twitter:site\" content=\"@purespiruline\" \/>\n<meta name=\"twitter:label1\" content=\"Dur\u00e9e de lecture estim\u00e9e\" \/>\n\t<meta name=\"twitter:data1\" content=\"2 minutes\" \/>\n<script type=\"application\/ld+json\" class=\"yoast-schema-graph\">{\"@context\":\"https:\/\/schema.org\",\"@graph\":[{\"@type\":\"WebPage\",\"@id\":\"https:\/\/purespiruline.com\/produit\/omega-3-marine\/\",\"url\":\"https:\/\/purespiruline.com\/produit\/omega-3-marine\/\",\"name\":\"Omega 3 to protect the liver, brain, heart, eyes and skin\",\"isPartOf\":{\"@id\":\"https:\/\/purespiruline.com\/#website\"},\"primaryImageOfPage\":{\"@id\":\"https:\/\/purespiruline.com\/produit\/omega-3-marine\/#primaryimage\"},\"image\":{\"@id\":\"https:\/\/purespiruline.com\/produit\/omega-3-marine\/#primaryimage\"},\"thumbnailUrl\":\"https:\/\/purespiruline.com\/wp-content\/uploads\/2022\/03\/Synercell_Omega-Marine_2.jpg\",\"datePublished\":\"2022-03-14T13:42:34+00:00\",\"dateModified\":\"2024-01-30T19:00:23+00:00\",\"description\":\"Omega 3 is essential for our health but is not produced by our body. Use our food supplement to preserve the liver, brain, heart, skin and eyes\",\"breadcrumb\":{\"@id\":\"https:\/\/purespiruline.com\/produit\/omega-3-marine\/#breadcrumb\"},\"inLanguage\":\"fr-FR\",\"potentialAction\":[{\"@type\":\"ReadAction\",\"target\":[\"https:\/\/purespiruline.com\/produit\/omega-3-marine\/\"]}]},{\"@type\":\"ImageObject\",\"inLanguage\":\"fr-FR\",\"@id\":\"https:\/\/purespiruline.com\/produit\/omega-3-marine\/#primaryimage\",\"url\":\"https:\/\/purespiruline.com\/wp-content\/uploads\/2022\/03\/Synercell_Omega-Marine_2.jpg\",\"contentUrl\":\"https:\/\/purespiruline.com\/wp-content\/uploads\/2022\/03\/Synercell_Omega-Marine_2.jpg\",\"width\":690,\"height\":690,\"caption\":\"Synercell Omega Marine\"},{\"@type\":\"BreadcrumbList\",\"@id\":\"https:\/\/purespiruline.com\/produit\/omega-3-marine\/#breadcrumb\",\"itemListElement\":[{\"@type\":\"ListItem\",\"position\":1,\"name\":\"Home\",\"item\":\"https:\/\/purespiruline.com\/\"},{\"@type\":\"ListItem\",\"position\":2,\"name\":\"Shop\",\"item\":\"https:\/\/purespiruline.com\/gr\/shop-for-food-supplements-and-spirulina\/\"},{\"@type\":\"ListItem\",\"position\":3,\"name\":\"Omega 3 Marine\"}]},{\"@type\":\"WebSite\",\"@id\":\"https:\/\/purespiruline.com\/#website\",\"url\":\"https:\/\/purespiruline.com\/\",\"name\":\"Pure Spirulina\",\"description\":\"100% natural and efficient food supplement\",\"publisher\":{\"@id\":\"https:\/\/purespiruline.com\/#organization\"},\"alternateName\":\"KC Organics\",\"potentialAction\":[{\"@type\":\"SearchAction\",\"target\":{\"@type\":\"EntryPoint\",\"urlTemplate\":\"https:\/\/purespiruline.com\/?s={search_term_string}\"},\"query-input\":{\"@type\":\"PropertyValueSpecification\",\"valueRequired\":true,\"valueName\":\"search_term_string\"}}],\"inLanguage\":\"fr-FR\"},{\"@type\":\"Organization\",\"@id\":\"https:\/\/purespiruline.com\/#organization\",\"name\":\"Pure Spirulina\",\"alternateName\":\"KC Organics\",\"url\":\"https:\/\/purespiruline.com\/\",\"logo\":{\"@type\":\"ImageObject\",\"inLanguage\":\"fr-FR\",\"@id\":\"https:\/\/purespiruline.com\/#\/schema\/logo\/image\/\",\"url\":\"https:\/\/purespiruline.com\/wp-content\/uploads\/2022\/03\/cropped-4-1.png\",\"contentUrl\":\"https:\/\/purespiruline.com\/wp-content\/uploads\/2022\/03\/cropped-4-1.png\",\"width\":512,\"height\":512,\"caption\":\"Pure Spirulina\"},\"image\":{\"@id\":\"https:\/\/purespiruline.com\/#\/schema\/logo\/image\/\"},\"sameAs\":[\"https:\/\/www.facebook.com\/profile.php?id=100089206063090\",\"https:\/\/x.com\/purespiruline\",\"https:\/\/www.instagram.com\/pure_spiruline\/\",\"https:\/\/www.tiktok.com\/@purespiruline\"]}]}<\/script>\n<!-- \/ Yoast SEO plugin. -->","yoast_head_json":{"title":"Om\u00e9ga 3 pour prot\u00e9ger le foie, le cerveau, le c\u0153ur, les yeux et la peau","description":"Les om\u00e9ga 3 sont essentiels \u00e0 notre sant\u00e9 mais ne sont pas produits par notre organisme. Utilisez notre compl\u00e9ment alimentaire pour pr\u00e9server le foie, le cerveau, le c\u0153ur, la peau et les yeux.","robots":{"index":"index","follow":"follow","max-snippet":"max-snippet:-1","max-image-preview":"max-image-preview:large","max-video-preview":"max-video-preview:-1"},"canonical":"https:\/\/purespiruline.com\/fr\/produit\/omega-3-marin\/","og_locale":"fr_FR","og_type":"article","og_title":"Omega 3 to protect the liver, brain, heart, eyes and skin","og_description":"Omega 3 is essential for our health but is not produced by our body. Use our food supplement to preserve the liver, brain, heart, skin and eyes","og_url":"https:\/\/purespiruline.com\/fr\/produit\/omega-3-marin\/","og_site_name":"Pure Spiruline","article_publisher":"https:\/\/www.facebook.com\/profile.php?id=100089206063090","article_modified_time":"2024-01-30T19:00:23+00:00","og_image":[{"width":690,"height":690,"url":"https:\/\/purespiruline.com\/wp-content\/uploads\/2022\/03\/Synercell_Omega-Marine_2.jpg","type":"image\/jpeg"}],"twitter_card":"summary_large_image","twitter_site":"@purespiruline","twitter_misc":{"Dur\u00e9e de lecture estim\u00e9e":"2 minutes"},"schema":{"@context":"https:\/\/schema.org","@graph":[{"@type":"WebPage","@id":"https:\/\/purespiruline.com\/produit\/omega-3-marine\/","url":"https:\/\/purespiruline.com\/produit\/omega-3-marine\/","name":"Om\u00e9ga 3 pour prot\u00e9ger le foie, le cerveau, le c\u0153ur, les yeux et la peau","isPartOf":{"@id":"https:\/\/purespiruline.com\/#website"},"primaryImageOfPage":{"@id":"https:\/\/purespiruline.com\/produit\/omega-3-marine\/#primaryimage"},"image":{"@id":"https:\/\/purespiruline.com\/produit\/omega-3-marine\/#primaryimage"},"thumbnailUrl":"https:\/\/purespiruline.com\/wp-content\/uploads\/2022\/03\/Synercell_Omega-Marine_2.jpg","datePublished":"2022-03-14T13:42:34+00:00","dateModified":"2024-01-30T19:00:23+00:00","description":"Les om\u00e9ga 3 sont essentiels \u00e0 notre sant\u00e9 mais ne sont pas produits par notre organisme. Utilisez notre compl\u00e9ment alimentaire pour pr\u00e9server le foie, le cerveau, le c\u0153ur, la peau et les yeux.","breadcrumb":{"@id":"https:\/\/purespiruline.com\/produit\/omega-3-marine\/#breadcrumb"},"inLanguage":"fr-FR","potentialAction":[{"@type":"ReadAction","target":["https:\/\/purespiruline.com\/produit\/omega-3-marine\/"]}]},{"@type":"ImageObject","inLanguage":"fr-FR","@id":"https:\/\/purespiruline.com\/produit\/omega-3-marine\/#primaryimage","url":"https:\/\/purespiruline.com\/wp-content\/uploads\/2022\/03\/Synercell_Omega-Marine_2.jpg","contentUrl":"https:\/\/purespiruline.com\/wp-content\/uploads\/2022\/03\/Synercell_Omega-Marine_2.jpg","width":690,"height":690,"caption":"Synercell Omega Marine"},{"@type":"BreadcrumbList","@id":"https:\/\/purespiruline.com\/produit\/omega-3-marine\/#breadcrumb","itemListElement":[{"@type":"ListItem","position":1,"name":"Home","item":"https:\/\/purespiruline.com\/"},{"@type":"ListItem","position":2,"name":"Shop","item":"https:\/\/purespiruline.com\/gr\/shop-for-food-supplements-and-spirulina\/"},{"@type":"ListItem","position":3,"name":"Omega 3 Marine"}]},{"@type":"WebSite","@id":"https:\/\/purespiruline.com\/#website","url":"https:\/\/purespiruline.com\/","name":"Spiruline pure","description":"100% compl\u00e9ment alimentaire naturel et efficace","publisher":{"@id":"https:\/\/purespiruline.com\/#organization"},"alternateName":"KC Organics","potentialAction":[{"@type":"SearchAction","target":{"@type":"EntryPoint","urlTemplate":"https:\/\/purespiruline.com\/?s={search_term_string}"},"query-input":{"@type":"PropertyValueSpecification","valueRequired":true,"valueName":"search_term_string"}}],"inLanguage":"fr-FR"},{"@type":"Organization","@id":"https:\/\/purespiruline.com\/#organization","name":"Spiruline pure","alternateName":"KC Organics","url":"https:\/\/purespiruline.com\/","logo":{"@type":"ImageObject","inLanguage":"fr-FR","@id":"https:\/\/purespiruline.com\/#\/schema\/logo\/image\/","url":"https:\/\/purespiruline.com\/wp-content\/uploads\/2022\/03\/cropped-4-1.png","contentUrl":"https:\/\/purespiruline.com\/wp-content\/uploads\/2022\/03\/cropped-4-1.png","width":512,"height":512,"caption":"Pure Spirulina"},"image":{"@id":"https:\/\/purespiruline.com\/#\/schema\/logo\/image\/"},"sameAs":["https:\/\/www.facebook.com\/profile.php?id=100089206063090","https:\/\/x.com\/purespiruline","https:\/\/www.instagram.com\/pure_spiruline\/","https:\/\/www.tiktok.com\/@purespiruline"]}]}},"brands":[{"id":220,"name":"SYNERCELL","slug":"synercell"}],"_links":{"self":[{"href":"https:\/\/purespiruline.com\/fr\/wp-json\/wp\/v2\/product\/5014"}],"collection":[{"href":"https:\/\/purespiruline.com\/fr\/wp-json\/wp\/v2\/product"}],"about":[{"href":"https:\/\/purespiruline.com\/fr\/wp-json\/wp\/v2\/types\/product"}],"wp:featuredmedia":[{"embeddable":true,"href":"https:\/\/purespiruline.com\/fr\/wp-json\/wp\/v2\/media\/5016"}],"wp:attachment":[{"href":"https:\/\/purespiruline.com\/fr\/wp-json\/wp\/v2\/media?parent=5014"}],"wp:term":[{"taxonomy":"pwb-brand","embeddable":true,"href":"https:\/\/purespiruline.com\/fr\/wp-json\/wp\/v2\/pwb-brand?post=5014"},{"taxonomy":"product_cat","embeddable":true,"href":"https:\/\/purespiruline.com\/fr\/wp-json\/wp\/v2\/product_cat?post=5014"},{"taxonomy":"product_tag","embeddable":true,"href":"https:\/\/purespiruline.com\/fr\/wp-json\/wp\/v2\/product_tag?post=5014"}],"curies":[{"name":"wp","href":"https:\/\/api.w.org\/{rel}","templated":true}]}}