{"id":5011,"date":"2022-03-14T13:36:01","date_gmt":"2022-03-14T12:36:01","guid":{"rendered":"https:\/\/purespiruline.com\/?post_type=product&#038;p=5011"},"modified":"2023-08-02T16:02:52","modified_gmt":"2023-08-02T14:02:52","slug":"probiocell","status":"publish","type":"product","link":"https:\/\/purespiruline.com\/fr\/produit\/probiocellule\/","title":{"rendered":"Probiocell"},"content":{"rendered":"<ol>\n<li style=\"font-weight: 400;\">Notre intestin est compos\u00e9 de millions de micro-organismes vivants constitu\u00e9s de bact\u00e9ries, de levures et de champignons. Ils sont n\u00e9cessaires au bon fonctionnement du microbiote intestinal et de notre corps. On dit m\u00eame que le microbiote est le deuxi\u00e8me cerveau du corps humain.<\/li>\n<li style=\"font-weight: 400;\">La prise de probiotiques et de pr\u00e9biotiques vous permettra de faciliter la digestion, de r\u00e9guler un transit perturb\u00e9 jusqu'\u00e0 ce que vous vous sentiez mieux, de r\u00e9\u00e9quilibrer votre microbiote intestinal et de stimuler vos d\u00e9fenses naturelles.<\/li>\n<li style=\"font-weight: 400;\">Dans le cas de maladies chroniques, une prise continue de probiotiques aura une action pr\u00e9ventive et vous aidera \u00e0 am\u00e9liorer l'immunit\u00e9 de votre intestin, bien que les probiotiques ne vous dispensent pas d'un traitement m\u00e9dical si n\u00e9cessaire.<\/li>\n<\/ol>\n<p style=\"font-weight: 400;\"><b><strong><u>De nombreux avantages sont attribu\u00e9s aux probiotiques :<\/u><\/strong><\/b><\/p>\n<p style=\"font-weight: 400;\">Am\u00e9lioration de la digestion, stimulation du syst\u00e8me immunitaire, protection contre les infections, r\u00e9duction du taux de cholest\u00e9rol... N\u00e9anmoins, tous les probiotiques n'ont pas le m\u00eame champ d'action : il est donc tr\u00e8s important de s\u00e9lectionner les bons probiotiques en fonction de l'axe vis\u00e9.<\/p>\n<p style=\"font-weight: 400;\"><b><strong>Informations nutritionnelles \n<br>Pour une capsule (par jour)<\/strong><\/b><\/p>\n<p style=\"font-weight: 400;\"><b><strong>Ferments lactiques\u00a0 <br> \u00a0\u00a014.0 x 10\u00a0<sup>9\u00a0<\/sup>UFC*<\/strong><\/b><\/p>\n<p style=\"font-weight: 400;\"><b><strong><em>* Unit\u00e9 Formation des colonies<\/em><\/strong><\/b><\/p>\n<p style=\"font-weight: 400;\"><em><br \/>\n<\/em><b><strong><u>Recommandation d'utilisation\u00a0<\/u><\/strong><\/b><u>:<\/u><\/p>\n<p style=\"font-weight: 400;\">Compl\u00e9ment alimentaire, ne peut se substituer \u00e0 une alimentation vari\u00e9e et \u00e9quilibr\u00e9e. A prendre dans le cadre d'un mode de vie sain. Tenir hors de port\u00e9e des enfants. Ne pas d\u00e9passer la dose journali\u00e8re recommand\u00e9e.<\/p>\n<p style=\"font-weight: 400;\"><b><strong><u>Ingr\u00e9dients\u00a0<\/u><\/strong><\/b><u>:<\/u><\/p>\n<p style=\"font-weight: 400;\">Amidon de ma\u00efs, ferments lactiques (Lactobacillus acidophilus, Lactobacillus rhamnosus, Lactobacillus casei, Bifidobacterium longum, Lactobacillus plantarum, Streptococcus thermophilus, Bifidobacterium breve, Bifidobacterium bidum, Lactobacillus bulgaricus), capsule v\u00e9g\u00e9tale (g\u00e9lifiant : hydroxypropylm\u00e9thylcellulose).<\/p>\n<p style=\"font-weight: 400;\"><b><strong><u>Conseils d'utilisation\u00a0<\/u><\/strong><\/b>:<\/p>\n<ul>\n<li style=\"font-weight: 400;\"><em>Notre naturopathe recommande 1 capsule par jour avec un verre d'eau de qualit\u00e9 pendant 30 \u00e0 90 jours. 1 capsule contient 14 milliards de probiotiques.<\/em><\/li>\n<li style=\"font-weight: 400;\"><em>Pour b\u00e9n\u00e9ficier de tous les avantages des probiotiques, il est important de prendre votre g\u00e9lule le matin \u00e0 jeun, id\u00e9alement 30 minutes avant le repas, ou 2 heures apr\u00e8s.<\/em><\/li>\n<li style=\"font-weight: 400;\"><em>Ne pas accompagner d'une boisson tr\u00e8s chaude, les ferments lactiques sont d\u00e9truits au-del\u00e0 de 45\u00b0C.<\/em><\/li>\n<li style=\"font-weight: 400;\"><em>En fonction de vos sentiments, vous pouvez renouveler ce programme pour 30 \u00e0 90 jours par an.<\/em><\/li>\n<\/ul>","protected":false},"excerpt":{"rendered":"<p>Our intestine is made up of millions of living micro-organisms made up of bacteria, yeasts and fungi. They are necessary for the proper functioning of the intestinal\u00a0Microbiota and our body. It is even said that the microbiota is the second brain of the human body. Taking probiotics and prebiotics will allow you to facilitate digestion &hellip; <a href=\"https:\/\/purespiruline.com\/fr\/produit\/probiocellule\/\" class=\"more-link\">Continue reading <span class=\"screen-reader-text\">Probiocell<\/span><\/a><\/p>","protected":false},"featured_media":5012,"template":"","meta":{"_wp_convertkit_post_meta":{"form":"-1","landing_page":"0","tag":"0","restrict_content":"0"}},"pwb-brand":[220],"product_cat":[93],"product_tag":[179,177,178],"class_list":{"0":"post-5011","1":"product","2":"type-product","3":"status-publish","4":"has-post-thumbnail","6":"pwb-brand-synercell","7":"product_cat-probiotics","8":"product_tag-bacteria","9":"product_tag-probiocell","10":"product_tag-probiotics","12":"first","13":"outofstock","14":"taxable","15":"shipping-taxable","16":"purchasable","17":"product-type-simple"},"yoast_head":"<!-- This site is optimized with the Yoast SEO plugin v23.6 - https:\/\/yoast.com\/wordpress\/plugins\/seo\/ -->\n<title>Transform your gut health with our probiotics<\/title>\n<meta name=\"description\" content=\"Improved digestion, stimulation of the immune system, protection against infections, reduction of cholesterol levels. Experience our probiotics!\" \/>\n<meta name=\"robots\" content=\"index, follow, max-snippet:-1, max-image-preview:large, max-video-preview:-1\" \/>\n<link rel=\"canonical\" href=\"https:\/\/purespiruline.com\/fr\/produit\/probiocellule\/\" \/>\n<meta property=\"og:locale\" content=\"fr_FR\" \/>\n<meta property=\"og:type\" content=\"article\" \/>\n<meta property=\"og:title\" content=\"Transform your gut health with our probiotics\" \/>\n<meta property=\"og:description\" content=\"Improved digestion, stimulation of the immune system, protection against infections, reduction of cholesterol levels. Experience our probiotics!\" \/>\n<meta property=\"og:url\" content=\"https:\/\/purespiruline.com\/fr\/produit\/probiocellule\/\" \/>\n<meta property=\"og:site_name\" content=\"Pure Spiruline\" \/>\n<meta property=\"article:publisher\" content=\"https:\/\/www.facebook.com\/profile.php?id=100089206063090\" \/>\n<meta property=\"article:modified_time\" content=\"2023-08-02T14:02:52+00:00\" \/>\n<meta property=\"og:image\" content=\"https:\/\/purespiruline.com\/wp-content\/uploads\/2022\/03\/Probiocell.jpg\" \/>\n\t<meta property=\"og:image:width\" content=\"1250\" \/>\n\t<meta property=\"og:image:height\" content=\"1250\" \/>\n\t<meta property=\"og:image:type\" content=\"image\/jpeg\" \/>\n<meta name=\"twitter:card\" content=\"summary_large_image\" \/>\n<meta name=\"twitter:site\" content=\"@purespiruline\" \/>\n<meta name=\"twitter:label1\" content=\"Dur\u00e9e de lecture estim\u00e9e\" \/>\n\t<meta name=\"twitter:data1\" content=\"2 minutes\" \/>\n<script type=\"application\/ld+json\" class=\"yoast-schema-graph\">{\"@context\":\"https:\/\/schema.org\",\"@graph\":[{\"@type\":\"WebPage\",\"@id\":\"https:\/\/purespiruline.com\/produit\/probiocell\/\",\"url\":\"https:\/\/purespiruline.com\/produit\/probiocell\/\",\"name\":\"Transform your gut health with our probiotics\",\"isPartOf\":{\"@id\":\"https:\/\/purespiruline.com\/#website\"},\"primaryImageOfPage\":{\"@id\":\"https:\/\/purespiruline.com\/produit\/probiocell\/#primaryimage\"},\"image\":{\"@id\":\"https:\/\/purespiruline.com\/produit\/probiocell\/#primaryimage\"},\"thumbnailUrl\":\"https:\/\/purespiruline.com\/wp-content\/uploads\/2022\/03\/Probiocell.jpg\",\"datePublished\":\"2022-03-14T12:36:01+00:00\",\"dateModified\":\"2023-08-02T14:02:52+00:00\",\"description\":\"Improved digestion, stimulation of the immune system, protection against infections, reduction of cholesterol levels. Experience our probiotics!\",\"breadcrumb\":{\"@id\":\"https:\/\/purespiruline.com\/produit\/probiocell\/#breadcrumb\"},\"inLanguage\":\"fr-FR\",\"potentialAction\":[{\"@type\":\"ReadAction\",\"target\":[\"https:\/\/purespiruline.com\/produit\/probiocell\/\"]}]},{\"@type\":\"ImageObject\",\"inLanguage\":\"fr-FR\",\"@id\":\"https:\/\/purespiruline.com\/produit\/probiocell\/#primaryimage\",\"url\":\"https:\/\/purespiruline.com\/wp-content\/uploads\/2022\/03\/Probiocell.jpg\",\"contentUrl\":\"https:\/\/purespiruline.com\/wp-content\/uploads\/2022\/03\/Probiocell.jpg\",\"width\":1250,\"height\":1250,\"caption\":\"Probiocell\"},{\"@type\":\"BreadcrumbList\",\"@id\":\"https:\/\/purespiruline.com\/produit\/probiocell\/#breadcrumb\",\"itemListElement\":[{\"@type\":\"ListItem\",\"position\":1,\"name\":\"Home\",\"item\":\"https:\/\/purespiruline.com\/\"},{\"@type\":\"ListItem\",\"position\":2,\"name\":\"Shop\",\"item\":\"https:\/\/purespiruline.com\/gr\/shop-for-food-supplements-and-spirulina\/\"},{\"@type\":\"ListItem\",\"position\":3,\"name\":\"Probiocell\"}]},{\"@type\":\"WebSite\",\"@id\":\"https:\/\/purespiruline.com\/#website\",\"url\":\"https:\/\/purespiruline.com\/\",\"name\":\"Pure Spirulina\",\"description\":\"100% natural and efficient food supplement\",\"publisher\":{\"@id\":\"https:\/\/purespiruline.com\/#organization\"},\"alternateName\":\"KC Organics\",\"potentialAction\":[{\"@type\":\"SearchAction\",\"target\":{\"@type\":\"EntryPoint\",\"urlTemplate\":\"https:\/\/purespiruline.com\/?s={search_term_string}\"},\"query-input\":{\"@type\":\"PropertyValueSpecification\",\"valueRequired\":true,\"valueName\":\"search_term_string\"}}],\"inLanguage\":\"fr-FR\"},{\"@type\":\"Organization\",\"@id\":\"https:\/\/purespiruline.com\/#organization\",\"name\":\"Pure Spirulina\",\"alternateName\":\"KC Organics\",\"url\":\"https:\/\/purespiruline.com\/\",\"logo\":{\"@type\":\"ImageObject\",\"inLanguage\":\"fr-FR\",\"@id\":\"https:\/\/purespiruline.com\/#\/schema\/logo\/image\/\",\"url\":\"https:\/\/purespiruline.com\/wp-content\/uploads\/2022\/03\/cropped-4-1.png\",\"contentUrl\":\"https:\/\/purespiruline.com\/wp-content\/uploads\/2022\/03\/cropped-4-1.png\",\"width\":512,\"height\":512,\"caption\":\"Pure Spirulina\"},\"image\":{\"@id\":\"https:\/\/purespiruline.com\/#\/schema\/logo\/image\/\"},\"sameAs\":[\"https:\/\/www.facebook.com\/profile.php?id=100089206063090\",\"https:\/\/x.com\/purespiruline\",\"https:\/\/www.instagram.com\/pure_spiruline\/\",\"https:\/\/www.tiktok.com\/@purespiruline\"]}]}<\/script>\n<!-- \/ Yoast SEO plugin. -->","yoast_head_json":{"title":"Transformez votre sant\u00e9 intestinale avec nos probiotiques","description":"Am\u00e9lioration de la digestion, stimulation du syst\u00e8me immunitaire, protection contre les infections, r\u00e9duction du taux de cholest\u00e9rol. D\u00e9couvrez nos probiotiques !","robots":{"index":"index","follow":"follow","max-snippet":"max-snippet:-1","max-image-preview":"max-image-preview:large","max-video-preview":"max-video-preview:-1"},"canonical":"https:\/\/purespiruline.com\/fr\/produit\/probiocellule\/","og_locale":"fr_FR","og_type":"article","og_title":"Transform your gut health with our probiotics","og_description":"Improved digestion, stimulation of the immune system, protection against infections, reduction of cholesterol levels. Experience our probiotics!","og_url":"https:\/\/purespiruline.com\/fr\/produit\/probiocellule\/","og_site_name":"Pure Spiruline","article_publisher":"https:\/\/www.facebook.com\/profile.php?id=100089206063090","article_modified_time":"2023-08-02T14:02:52+00:00","og_image":[{"width":1250,"height":1250,"url":"https:\/\/purespiruline.com\/wp-content\/uploads\/2022\/03\/Probiocell.jpg","type":"image\/jpeg"}],"twitter_card":"summary_large_image","twitter_site":"@purespiruline","twitter_misc":{"Dur\u00e9e de lecture estim\u00e9e":"2 minutes"},"schema":{"@context":"https:\/\/schema.org","@graph":[{"@type":"WebPage","@id":"https:\/\/purespiruline.com\/produit\/probiocell\/","url":"https:\/\/purespiruline.com\/produit\/probiocell\/","name":"Transformez votre sant\u00e9 intestinale avec nos probiotiques","isPartOf":{"@id":"https:\/\/purespiruline.com\/#website"},"primaryImageOfPage":{"@id":"https:\/\/purespiruline.com\/produit\/probiocell\/#primaryimage"},"image":{"@id":"https:\/\/purespiruline.com\/produit\/probiocell\/#primaryimage"},"thumbnailUrl":"https:\/\/purespiruline.com\/wp-content\/uploads\/2022\/03\/Probiocell.jpg","datePublished":"2022-03-14T12:36:01+00:00","dateModified":"2023-08-02T14:02:52+00:00","description":"Am\u00e9lioration de la digestion, stimulation du syst\u00e8me immunitaire, protection contre les infections, r\u00e9duction du taux de cholest\u00e9rol. D\u00e9couvrez nos probiotiques !","breadcrumb":{"@id":"https:\/\/purespiruline.com\/produit\/probiocell\/#breadcrumb"},"inLanguage":"fr-FR","potentialAction":[{"@type":"ReadAction","target":["https:\/\/purespiruline.com\/produit\/probiocell\/"]}]},{"@type":"ImageObject","inLanguage":"fr-FR","@id":"https:\/\/purespiruline.com\/produit\/probiocell\/#primaryimage","url":"https:\/\/purespiruline.com\/wp-content\/uploads\/2022\/03\/Probiocell.jpg","contentUrl":"https:\/\/purespiruline.com\/wp-content\/uploads\/2022\/03\/Probiocell.jpg","width":1250,"height":1250,"caption":"Probiocell"},{"@type":"BreadcrumbList","@id":"https:\/\/purespiruline.com\/produit\/probiocell\/#breadcrumb","itemListElement":[{"@type":"ListItem","position":1,"name":"Home","item":"https:\/\/purespiruline.com\/"},{"@type":"ListItem","position":2,"name":"Shop","item":"https:\/\/purespiruline.com\/gr\/shop-for-food-supplements-and-spirulina\/"},{"@type":"ListItem","position":3,"name":"Probiocell"}]},{"@type":"WebSite","@id":"https:\/\/purespiruline.com\/#website","url":"https:\/\/purespiruline.com\/","name":"Spiruline pure","description":"100% compl\u00e9ment alimentaire naturel et efficace","publisher":{"@id":"https:\/\/purespiruline.com\/#organization"},"alternateName":"KC Organics","potentialAction":[{"@type":"SearchAction","target":{"@type":"EntryPoint","urlTemplate":"https:\/\/purespiruline.com\/?s={search_term_string}"},"query-input":{"@type":"PropertyValueSpecification","valueRequired":true,"valueName":"search_term_string"}}],"inLanguage":"fr-FR"},{"@type":"Organization","@id":"https:\/\/purespiruline.com\/#organization","name":"Spiruline pure","alternateName":"KC Organics","url":"https:\/\/purespiruline.com\/","logo":{"@type":"ImageObject","inLanguage":"fr-FR","@id":"https:\/\/purespiruline.com\/#\/schema\/logo\/image\/","url":"https:\/\/purespiruline.com\/wp-content\/uploads\/2022\/03\/cropped-4-1.png","contentUrl":"https:\/\/purespiruline.com\/wp-content\/uploads\/2022\/03\/cropped-4-1.png","width":512,"height":512,"caption":"Pure Spirulina"},"image":{"@id":"https:\/\/purespiruline.com\/#\/schema\/logo\/image\/"},"sameAs":["https:\/\/www.facebook.com\/profile.php?id=100089206063090","https:\/\/x.com\/purespiruline","https:\/\/www.instagram.com\/pure_spiruline\/","https:\/\/www.tiktok.com\/@purespiruline"]}]}},"brands":[{"id":220,"name":"SYNERCELL","slug":"synercell"}],"_links":{"self":[{"href":"https:\/\/purespiruline.com\/fr\/wp-json\/wp\/v2\/product\/5011","targetHints":{"allow":["GET"]}}],"collection":[{"href":"https:\/\/purespiruline.com\/fr\/wp-json\/wp\/v2\/product"}],"about":[{"href":"https:\/\/purespiruline.com\/fr\/wp-json\/wp\/v2\/types\/product"}],"wp:featuredmedia":[{"embeddable":true,"href":"https:\/\/purespiruline.com\/fr\/wp-json\/wp\/v2\/media\/5012"}],"wp:attachment":[{"href":"https:\/\/purespiruline.com\/fr\/wp-json\/wp\/v2\/media?parent=5011"}],"wp:term":[{"taxonomy":"pwb-brand","embeddable":true,"href":"https:\/\/purespiruline.com\/fr\/wp-json\/wp\/v2\/pwb-brand?post=5011"},{"taxonomy":"product_cat","embeddable":true,"href":"https:\/\/purespiruline.com\/fr\/wp-json\/wp\/v2\/product_cat?post=5011"},{"taxonomy":"product_tag","embeddable":true,"href":"https:\/\/purespiruline.com\/fr\/wp-json\/wp\/v2\/product_tag?post=5011"}],"curies":[{"name":"wp","href":"https:\/\/api.w.org\/{rel}","templated":true}]}}