{"id":5007,"date":"2022-03-14T13:29:05","date_gmt":"2022-03-14T13:29:05","guid":{"rendered":"https:\/\/purespiruline.com\/?post_type=product&#038;p=5007"},"modified":"2025-06-29T09:57:47","modified_gmt":"2025-06-29T07:57:47","slug":"anti-pain-patch","status":"publish","type":"product","link":"https:\/\/purespiruline.com\/fr\/produit\/patch-anti-douleur\/","title":{"rendered":"Patch anti douleurs"},"content":{"rendered":"<p style=\"font-weight: 400;\"><b><strong>Les patchs Synercell sont une gamme de patchs cellulosiques multicouches qui agissent par pression localis\u00e9e apr\u00e8s leur application sur la zone affect\u00e9e.<\/strong><\/b><\/p>\n<ol>\n<li style=\"font-weight: 400;\">On consid\u00e8re en Asie que les m\u00e9ridiens \u00e9nerg\u00e9tiques repr\u00e9sentent le mode de circulation de l'\u00e9nergie vitale. Ces m\u00e9ridiens forment un r\u00e9seau reliant les diff\u00e9rents \u00e9l\u00e9ments internes et externes du corps et r\u00e9gulent le fonctionnement de l'ensemble de l'organisme.<\/li>\n<li style=\"font-weight: 400;\">Lorsque tout fonctionne normalement, l'\u00e9nergie, le sang et les liquides physiologiques circulent r\u00e9guli\u00e8rement et de mani\u00e8re fluide dans ce r\u00e9seau afin de nourrir les tissus qu'ils traversent.<\/li>\n<li style=\"font-weight: 400;\">Depuis tr\u00e8s longtemps, l'acupuncture a d\u00e9montr\u00e9 l'interaction entre les m\u00e9ridiens et les organes qui leur sont associ\u00e9s, \u00e0 savoir que certains troubles organiques peuvent \u00eatre identifi\u00e9s par une perturbation du courant \u00e9nerg\u00e9tique sur le m\u00e9ridien correspondant ou, inversement, que des perturbations au niveau du m\u00e9ridien peuvent influencer n\u00e9gativement l'organe correspondant.<\/li>\n<li style=\"font-weight: 400;\">C'est sur ces bases que le patch PS030 a \u00e9t\u00e9 con\u00e7u. Compos\u00e9 de multiples couches d'extrait concentr\u00e9 d'origine naturelle qui lui permettent d'\u00eatre facilement positionn\u00e9 sur la zone concern\u00e9e, il vise \u00e0 \u00e9liminer la \"perturbation \u00e9nerg\u00e9tique\" du m\u00e9ridien et ainsi \u00e0 \"r\u00e9activer un processus naturel d'\u00e9vacuation de la douleur\".<\/li>\n<li style=\"font-weight: 400;\">Les patchs sont utilis\u00e9s depuis des milliers d'ann\u00e9es en Asie, tant par les m\u00e9decins (pour traiter les douleurs musculaires, articulaires ou tendineuses) que par les artistes martiaux pour les traumatismes, les fractures, les h\u00e9matomes, les d\u00e9chirures musculaires, etc.<\/li>\n<\/ol>\n<p style=\"font-weight: 400;\"><b><strong><u>LES PRINCIPES ACTIFS<\/u> :<\/strong><\/b><\/p>\n<p style=\"font-weight: 400;\"><b><strong>Huile de cumin noir<\/strong><\/b><\/p>\n<ul>\n<li style=\"font-weight: 400;\">La nigelle est une plante herbac\u00e9e annuelle de 30 cm de haut, \u00e0 tige \u00e9rig\u00e9e et ramifi\u00e9e, aux feuilles dent\u00e9es, tr\u00e8s d\u00e9coup\u00e9es et plumeuses. Les fleurs sont bleues \u00e0 blanches. Apr\u00e8s la floraison, des fruits pointus, \u00e0 8 segments, se forment, enfermant des graines noires et anguleuses.<\/li>\n<li style=\"font-weight: 400;\">Originaire d'Asie mineure, le cumin noir est cultiv\u00e9 en Afrique du Nord, au Moyen-Orient et en Europe du Sud. En tant que plante m\u00e9dicinale, le cumin noir d'Egypte, cultiv\u00e9 dans les Oasis du d\u00e9sert d'Arabie, offre la meilleure qualit\u00e9. Utilis\u00e9e depuis des si\u00e8cles comme condiment et pour ses vertus th\u00e9rapeutiques, son huile est particuli\u00e8rement appr\u00e9ci\u00e9e pour ses propri\u00e9t\u00e9s b\u00e9n\u00e9fiques pour la peau.<\/li>\n<\/ul>\n<p style=\"font-weight: 400;\"><b><strong><u>Menthe poivr\u00e9e :<\/u><\/strong><\/b><\/p>\n<p style=\"font-weight: 400;\">L'huile de Mentha piperita est une huile volatile obtenue \u00e0 partir de la plante de la menthe poivr\u00e9e (de la famille des Labiatae) et class\u00e9e comme une huile essentielle. Elle est utilis\u00e9e comme agent adoucissant pour la peau et comme ingr\u00e9dient de parfumerie.<\/p>\n<p style=\"font-weight: 400;\">Ces propri\u00e9t\u00e9s analg\u00e9siques et anesth\u00e9siques sont tr\u00e8s efficaces pour soulager<br \/>\nles douleurs, en particulier celles des pieds, les rhumatismes, les n\u00e9vralgies et les douleurs musculaires. Son action stimulante est tr\u00e8s utile pour aider et am\u00e9liorer la circulation sanguine.<\/p>\n<p style=\"font-weight: 400;\"><b><strong>\u00a0<\/strong><\/b><b><strong><u>Conseils d'utilisation :<\/u><\/strong><\/b><\/p>\n<ul>\n<li style=\"font-weight: 400;\">Avant d'appliquer un patch : laver et s\u00e9cher la zone \u00e0 traiter puis retirer d\u00e9licatement le film protecteur, puis appliquer le patch sur la zone \u00e0 traiter.<\/li>\n<li style=\"font-weight: 400;\">Appliquez un maximum de 2 patchs par jour.<\/li>\n<li style=\"font-weight: 400;\">Renouvelez le patch toutes les 24 heures, autant de fois que n\u00e9cessaire.<\/li>\n<\/ul>\n<p style=\"font-weight: 400;\"><b><strong><u>Pr\u00e9cautions d'emploi<\/u> :<\/strong><\/b><\/p>\n<ul>\n<li style=\"font-weight: 400;\">Application externe uniquement.<\/li>\n<li style=\"font-weight: 400;\">Ne jamais appliquer sur une plaie ouverte, une peau irrit\u00e9e ou des muqueuses.<\/li>\n<li style=\"font-weight: 400;\">Tenir \u00e0 l'\u00e9cart de toute source de chaleur.<\/li>\n<li style=\"font-weight: 400;\">Tenir hors de port\u00e9e des enfants.<\/li>\n<li style=\"font-weight: 400;\">Ne pas appliquer sur des enfants de moins de 7 ans ou des femmes enceintes.<\/li>\n<li style=\"font-weight: 400;\">Veuillez noter que le Patch PS030 n'est pas un m\u00e9dicament. Si la douleur persiste, consultez votre m\u00e9decin. N'interrompez jamais un traitement m\u00e9dical en cours.<\/li>\n<li style=\"font-weight: 400;\">Pour pr\u00e9venir toute r\u00e9action allergique, il est conseill\u00e9 d'effectuer un test pr\u00e9liminaire avec quelques cm\u00b2 d'\u00e9chantillon.<\/li>\n<li style=\"font-weight: 400;\">Lors de l'application du patch, la sensation de fra\u00eecheur ou de chaleur, selon le type de patch utilis\u00e9, est tout \u00e0 fait normale et souhaitable. Cependant, il peut arriver que cette impression se transforme en une sensation de br\u00fblure, auquel cas le patch doit \u00eatre retir\u00e9 imm\u00e9diatement.<\/li>\n<\/ul>\n<p><b><strong><u>Emballage<\/u> :<\/strong><\/b><\/p>\n<ul>\n<li style=\"font-weight: 400;\">5 patchs par bo\u00eete<\/li>\n<\/ul>","protected":false},"excerpt":{"rendered":"<p>Conditionnement : 5 patchs par bo\u00eete<\/p>","protected":false},"featured_media":5008,"template":"","meta":{"_wp_convertkit_post_meta":{"form":"-1","landing_page":"0","tag":"0","restrict_content":"0"}},"pwb-brand":[220],"product_cat":[87],"product_tag":[174,175],"yoast_head":"<!-- This site is optimized with the Yoast SEO plugin v23.6 - https:\/\/yoast.com\/wordpress\/plugins\/seo\/ -->\n<title>Patches to relieve physical and sports pain<\/title>\n<meta name=\"description\" content=\"Anti-pain patch: the effective patch to target and relieve physical pain after intense effort. Helps to heal your aches and pains quickly\" \/>\n<meta name=\"robots\" content=\"index, follow, max-snippet:-1, max-image-preview:large, max-video-preview:-1\" \/>\n<link rel=\"canonical\" href=\"https:\/\/purespiruline.com\/fr\/produit\/patch-anti-douleur\/\" \/>\n<meta property=\"og:locale\" content=\"fr_FR\" \/>\n<meta property=\"og:type\" content=\"article\" \/>\n<meta property=\"og:title\" content=\"Patches to relieve physical and sports pain\" \/>\n<meta property=\"og:description\" content=\"Anti-pain patch: the effective patch to target and relieve physical pain after intense effort. Helps to heal your aches and pains quickly\" \/>\n<meta property=\"og:url\" content=\"https:\/\/purespiruline.com\/fr\/produit\/patch-anti-douleur\/\" \/>\n<meta property=\"og:site_name\" content=\"Pure Spiruline\" \/>\n<meta property=\"article:publisher\" content=\"https:\/\/www.facebook.com\/profile.php?id=100089206063090\" \/>\n<meta property=\"article:modified_time\" content=\"2025-06-29T07:57:47+00:00\" \/>\n<meta property=\"og:image\" content=\"https:\/\/purespiruline.com\/wp-content\/uploads\/2022\/03\/patch.png\" \/>\n\t<meta property=\"og:image:width\" content=\"414\" \/>\n\t<meta property=\"og:image:height\" content=\"414\" \/>\n\t<meta property=\"og:image:type\" content=\"image\/png\" \/>\n<meta name=\"twitter:card\" content=\"summary_large_image\" \/>\n<meta name=\"twitter:site\" content=\"@purespiruline\" \/>\n<meta name=\"twitter:label1\" content=\"Dur\u00e9e de lecture estim\u00e9e\" \/>\n\t<meta name=\"twitter:data1\" content=\"4 minutes\" \/>\n<script type=\"application\/ld+json\" class=\"yoast-schema-graph\">{\"@context\":\"https:\/\/schema.org\",\"@graph\":[{\"@type\":\"WebPage\",\"@id\":\"https:\/\/purespiruline.com\/produit\/anti-pain-patch\/\",\"url\":\"https:\/\/purespiruline.com\/produit\/anti-pain-patch\/\",\"name\":\"Patches to relieve physical and sports pain\",\"isPartOf\":{\"@id\":\"https:\/\/purespiruline.com\/#website\"},\"primaryImageOfPage\":{\"@id\":\"https:\/\/purespiruline.com\/produit\/anti-pain-patch\/#primaryimage\"},\"image\":{\"@id\":\"https:\/\/purespiruline.com\/produit\/anti-pain-patch\/#primaryimage\"},\"thumbnailUrl\":\"https:\/\/purespiruline.com\/wp-content\/uploads\/2022\/03\/patch.png\",\"datePublished\":\"2022-03-14T13:29:05+00:00\",\"dateModified\":\"2025-06-29T07:57:47+00:00\",\"description\":\"Anti-pain patch: the effective patch to target and relieve physical pain after intense effort. Helps to heal your aches and pains quickly\",\"breadcrumb\":{\"@id\":\"https:\/\/purespiruline.com\/produit\/anti-pain-patch\/#breadcrumb\"},\"inLanguage\":\"fr-FR\",\"potentialAction\":[{\"@type\":\"ReadAction\",\"target\":[\"https:\/\/purespiruline.com\/produit\/anti-pain-patch\/\"]}]},{\"@type\":\"ImageObject\",\"inLanguage\":\"fr-FR\",\"@id\":\"https:\/\/purespiruline.com\/produit\/anti-pain-patch\/#primaryimage\",\"url\":\"https:\/\/purespiruline.com\/wp-content\/uploads\/2022\/03\/patch.png\",\"contentUrl\":\"https:\/\/purespiruline.com\/wp-content\/uploads\/2022\/03\/patch.png\",\"width\":414,\"height\":414,\"caption\":\"patch\"},{\"@type\":\"BreadcrumbList\",\"@id\":\"https:\/\/purespiruline.com\/produit\/anti-pain-patch\/#breadcrumb\",\"itemListElement\":[{\"@type\":\"ListItem\",\"position\":1,\"name\":\"Home\",\"item\":\"https:\/\/purespiruline.com\/\"},{\"@type\":\"ListItem\",\"position\":2,\"name\":\"Shop\",\"item\":\"https:\/\/purespiruline.com\/gr\/shop-for-food-supplements-and-spirulina\/\"},{\"@type\":\"ListItem\",\"position\":3,\"name\":\"Anti-Pain Patch\"}]},{\"@type\":\"WebSite\",\"@id\":\"https:\/\/purespiruline.com\/#website\",\"url\":\"https:\/\/purespiruline.com\/\",\"name\":\"Pure Spirulina\",\"description\":\"100% natural and efficient food supplement\",\"publisher\":{\"@id\":\"https:\/\/purespiruline.com\/#organization\"},\"alternateName\":\"KC Organics\",\"potentialAction\":[{\"@type\":\"SearchAction\",\"target\":{\"@type\":\"EntryPoint\",\"urlTemplate\":\"https:\/\/purespiruline.com\/?s={search_term_string}\"},\"query-input\":{\"@type\":\"PropertyValueSpecification\",\"valueRequired\":true,\"valueName\":\"search_term_string\"}}],\"inLanguage\":\"fr-FR\"},{\"@type\":\"Organization\",\"@id\":\"https:\/\/purespiruline.com\/#organization\",\"name\":\"Pure Spirulina\",\"alternateName\":\"KC Organics\",\"url\":\"https:\/\/purespiruline.com\/\",\"logo\":{\"@type\":\"ImageObject\",\"inLanguage\":\"fr-FR\",\"@id\":\"https:\/\/purespiruline.com\/#\/schema\/logo\/image\/\",\"url\":\"https:\/\/purespiruline.com\/wp-content\/uploads\/2022\/03\/cropped-4-1.png\",\"contentUrl\":\"https:\/\/purespiruline.com\/wp-content\/uploads\/2022\/03\/cropped-4-1.png\",\"width\":512,\"height\":512,\"caption\":\"Pure Spirulina\"},\"image\":{\"@id\":\"https:\/\/purespiruline.com\/#\/schema\/logo\/image\/\"},\"sameAs\":[\"https:\/\/www.facebook.com\/profile.php?id=100089206063090\",\"https:\/\/x.com\/purespiruline\",\"https:\/\/www.instagram.com\/pure_spiruline\/\",\"https:\/\/www.tiktok.com\/@purespiruline\"]}]}<\/script>\n<!-- \/ Yoast SEO plugin. -->","yoast_head_json":{"title":"Patchs pour soulager les douleurs physiques et sportives","description":"Patch anti-douleur : le patch efficace pour cibler et soulager la douleur physique apr\u00e8s un effort intense. Aide \u00e0 gu\u00e9rir rapidement vos courbatures.","robots":{"index":"index","follow":"follow","max-snippet":"max-snippet:-1","max-image-preview":"max-image-preview:large","max-video-preview":"max-video-preview:-1"},"canonical":"https:\/\/purespiruline.com\/fr\/produit\/patch-anti-douleur\/","og_locale":"fr_FR","og_type":"article","og_title":"Patches to relieve physical and sports pain","og_description":"Anti-pain patch: the effective patch to target and relieve physical pain after intense effort. Helps to heal your aches and pains quickly","og_url":"https:\/\/purespiruline.com\/fr\/produit\/patch-anti-douleur\/","og_site_name":"Pure Spiruline","article_publisher":"https:\/\/www.facebook.com\/profile.php?id=100089206063090","article_modified_time":"2025-06-29T07:57:47+00:00","og_image":[{"width":414,"height":414,"url":"https:\/\/purespiruline.com\/wp-content\/uploads\/2022\/03\/patch.png","type":"image\/png"}],"twitter_card":"summary_large_image","twitter_site":"@purespiruline","twitter_misc":{"Dur\u00e9e de lecture estim\u00e9e":"4 minutes"},"schema":{"@context":"https:\/\/schema.org","@graph":[{"@type":"WebPage","@id":"https:\/\/purespiruline.com\/produit\/anti-pain-patch\/","url":"https:\/\/purespiruline.com\/produit\/anti-pain-patch\/","name":"Patchs pour soulager les douleurs physiques et sportives","isPartOf":{"@id":"https:\/\/purespiruline.com\/#website"},"primaryImageOfPage":{"@id":"https:\/\/purespiruline.com\/produit\/anti-pain-patch\/#primaryimage"},"image":{"@id":"https:\/\/purespiruline.com\/produit\/anti-pain-patch\/#primaryimage"},"thumbnailUrl":"https:\/\/purespiruline.com\/wp-content\/uploads\/2022\/03\/patch.png","datePublished":"2022-03-14T13:29:05+00:00","dateModified":"2025-06-29T07:57:47+00:00","description":"Patch anti-douleur : le patch efficace pour cibler et soulager la douleur physique apr\u00e8s un effort intense. Aide \u00e0 gu\u00e9rir rapidement vos courbatures.","breadcrumb":{"@id":"https:\/\/purespiruline.com\/produit\/anti-pain-patch\/#breadcrumb"},"inLanguage":"fr-FR","potentialAction":[{"@type":"ReadAction","target":["https:\/\/purespiruline.com\/produit\/anti-pain-patch\/"]}]},{"@type":"ImageObject","inLanguage":"fr-FR","@id":"https:\/\/purespiruline.com\/produit\/anti-pain-patch\/#primaryimage","url":"https:\/\/purespiruline.com\/wp-content\/uploads\/2022\/03\/patch.png","contentUrl":"https:\/\/purespiruline.com\/wp-content\/uploads\/2022\/03\/patch.png","width":414,"height":414,"caption":"patch"},{"@type":"BreadcrumbList","@id":"https:\/\/purespiruline.com\/produit\/anti-pain-patch\/#breadcrumb","itemListElement":[{"@type":"ListItem","position":1,"name":"Home","item":"https:\/\/purespiruline.com\/"},{"@type":"ListItem","position":2,"name":"Shop","item":"https:\/\/purespiruline.com\/gr\/shop-for-food-supplements-and-spirulina\/"},{"@type":"ListItem","position":3,"name":"Anti-Pain Patch"}]},{"@type":"WebSite","@id":"https:\/\/purespiruline.com\/#website","url":"https:\/\/purespiruline.com\/","name":"Spiruline pure","description":"100% compl\u00e9ment alimentaire naturel et efficace","publisher":{"@id":"https:\/\/purespiruline.com\/#organization"},"alternateName":"KC Organics","potentialAction":[{"@type":"SearchAction","target":{"@type":"EntryPoint","urlTemplate":"https:\/\/purespiruline.com\/?s={search_term_string}"},"query-input":{"@type":"PropertyValueSpecification","valueRequired":true,"valueName":"search_term_string"}}],"inLanguage":"fr-FR"},{"@type":"Organization","@id":"https:\/\/purespiruline.com\/#organization","name":"Spiruline pure","alternateName":"KC Organics","url":"https:\/\/purespiruline.com\/","logo":{"@type":"ImageObject","inLanguage":"fr-FR","@id":"https:\/\/purespiruline.com\/#\/schema\/logo\/image\/","url":"https:\/\/purespiruline.com\/wp-content\/uploads\/2022\/03\/cropped-4-1.png","contentUrl":"https:\/\/purespiruline.com\/wp-content\/uploads\/2022\/03\/cropped-4-1.png","width":512,"height":512,"caption":"Pure Spirulina"},"image":{"@id":"https:\/\/purespiruline.com\/#\/schema\/logo\/image\/"},"sameAs":["https:\/\/www.facebook.com\/profile.php?id=100089206063090","https:\/\/x.com\/purespiruline","https:\/\/www.instagram.com\/pure_spiruline\/","https:\/\/www.tiktok.com\/@purespiruline"]}]}},"brands":[{"id":220,"name":"SYNERCELL","slug":"synercell"}],"_links":{"self":[{"href":"https:\/\/purespiruline.com\/fr\/wp-json\/wp\/v2\/product\/5007"}],"collection":[{"href":"https:\/\/purespiruline.com\/fr\/wp-json\/wp\/v2\/product"}],"about":[{"href":"https:\/\/purespiruline.com\/fr\/wp-json\/wp\/v2\/types\/product"}],"wp:featuredmedia":[{"embeddable":true,"href":"https:\/\/purespiruline.com\/fr\/wp-json\/wp\/v2\/media\/5008"}],"wp:attachment":[{"href":"https:\/\/purespiruline.com\/fr\/wp-json\/wp\/v2\/media?parent=5007"}],"wp:term":[{"taxonomy":"pwb-brand","embeddable":true,"href":"https:\/\/purespiruline.com\/fr\/wp-json\/wp\/v2\/pwb-brand?post=5007"},{"taxonomy":"product_cat","embeddable":true,"href":"https:\/\/purespiruline.com\/fr\/wp-json\/wp\/v2\/product_cat?post=5007"},{"taxonomy":"product_tag","embeddable":true,"href":"https:\/\/purespiruline.com\/fr\/wp-json\/wp\/v2\/product_tag?post=5007"}],"curies":[{"name":"wp","href":"https:\/\/api.w.org\/{rel}","templated":true}]}}