{"id":4990,"date":"2022-03-14T13:00:25","date_gmt":"2022-03-14T13:00:25","guid":{"rendered":"https:\/\/purespiruline.com\/?post_type=product&#038;p=4990"},"modified":"2024-01-30T20:00:31","modified_gmt":"2024-01-30T19:00:31","slug":"synerfit-detox","status":"publish","type":"product","link":"https:\/\/purespiruline.com\/fr\/produit\/synerfit-detox\/","title":{"rendered":"Synerfit Detox"},"content":{"rendered":"<ol>\n<li style=\"font-weight: 400;\">\n<p style=\"font-weight: 400;\"><b><strong>Synerfit DETOX est un complexe de 11 plantes qui vous offre 3 avantages importants :<\/strong><\/b><\/p>\n<ul style=\"font-weight: 400;\">\n<li>Voir pour \u00e9liminer les principales toxines \"en douceur\".<\/li>\n<li>Pr\u00e9parer et animer l'organisation pour obtenir le meilleur avec les solutions sant\u00e9 Synercell<\/li>\n<li>Aidez \u00e0 optimiser les r\u00e9sultats du d\u00e9part, tant qu'il dure !<\/li>\n<\/ul>\n<ol>\n<li style=\"font-weight: 400;\">Cette formule\u00a0<b><strong>DETOX\u00a0<\/strong><\/b>n'est pas particuli\u00e8rement recommand\u00e9, pour une cure de 15 jours, pour pr\u00e9parer notre organisme, au prix de nos solutions gels Synercell : Spiruline, Curcumine, Om\u00e9ga-3, Phycocyanine, Phyco10..., ou tout autre r\u00e9gime \u00e0 base de compl\u00e9ments alimentaires.<\/li>\n<li style=\"font-weight: 400;\">Formule\u00a0<b><strong>DETOX\u00a0<\/strong><\/b>est recommand\u00e9 par les prix r\u00e9glement\u00e9s dans l'ann\u00e9e pour maintenir la capacit\u00e9 de l'organisme \u00e0 \u00e9liminer les toxines, soit entre 2 cures de Synercell gels, ou de Synerfit int\u00e9gral pour une d\u00e9toxification profonde.<\/li>\n<\/ol>\n<p style=\"font-weight: 400;\"><b><strong><u>Utilisez\u00a0<\/u><\/strong><\/b><b><strong>:\u00a0<\/strong><\/b>Prendre 20 ml pour la journ\u00e9e \u00e0 l'aide du bouchon doseur, \u00e0 diluer dans un grand verre d'eau (200 ml), au moment du repas. Conserver dans un endroit frais et sec, \u00e0 l'abri de la lumi\u00e8re, de la chaleur et de l'humidit\u00e9. Apr\u00e8s ouverture, conserver au r\u00e9frig\u00e9rateur (+4\u00b0C) et consommer rapidement.<\/p>\n<p style=\"font-weight: 400;\"><b><strong><u>Ingr\u00e9dients\u00a0<\/u><\/strong><\/b><b><strong>:<\/strong><\/b>\u00a0Eau, glyc\u00e9rine, jus d'ananas concentr\u00e9, feuille de bouleau (Betula pendula Roth), fruit du sureau (Sambucus nigra L.), feuille de th\u00e9 vert s\u00e9ch\u00e9e (Camellia sinensis (L.) Kuntze), acidi\ufb01ant : acide citrique, feuille de pissenlit (Taraxacum campylodes GE Haglund), feuille d'artichaut s\u00e9ch\u00e9e (Cynara scolymus L.), graine de fenouil (Foeniculum vulgare Mill.), extrait.<br \/>\nQueue de cerise s\u00e8che (Prunus cerasus L.), graine de noix de cola (Cola nitida ( Vent.) Schott et Endl.), ar\u00f4me naturel d'ananas, racine de chicor\u00e9e (Cichorium intybus L.) extrait de graines de guarana (Paullinia cupana Kunth), conservateurs : sorbate de potassium, benzoate de sodium, \u00e9dulcorant : glycosides de st\u00e9viol.<\/p>\n<table>\n<tbody>\n<tr>\n<td>Informations nutritionnelles<\/td>\n<td>Quantit\u00e9 pour 20 ml\/jour<\/td>\n<\/tr>\n<tr>\n<td>Bouleau (feuille)<\/td>\n<td>300 mg<\/td>\n<\/tr>\n<tr>\n<td>Sureau (fruit)<\/td>\n<td>300 mg<\/td>\n<\/tr>\n<tr>\n<td>Extrait sec de th\u00e9 vert (feuille)\u00a0\u00a0<\/td>\n<td>187,5 mg<\/td>\n<\/tr>\n<tr>\n<td>Pissenlit (feuille)<\/td>\n<td>150 mg<\/td>\n<\/tr>\n<tr>\n<td>Extrait sec d'Artichaut (feuille)\u00a0\u00a0<\/td>\n<td>150 mg<\/td>\n<\/tr>\n<tr>\n<td>Fenuil<\/td>\n<td>100 mg<\/td>\n<\/tr>\n<tr>\n<td>Extrait sec de queue de cerise\u00a0<\/td>\n<td>90 mg<\/td>\n<\/tr>\n<tr>\n<td>Noix de kola (graine)\u00a0<\/td>\n<td>80 mg<\/td>\n<\/tr>\n<tr>\n<td>Extrait sec de Guarana (grain)\u00a0<\/td>\n<td>30 mg<\/td>\n<\/tr>\n<tr>\n<td>Caf\u00e9ine<\/td>\n<td>9mg<\/td>\n<\/tr>\n<tr>\n<td>Chicor\u00e9e (racine)\u00a0\u00a0<\/td>\n<td>50 mg<\/td>\n<\/tr>\n<\/tbody>\n<\/table>\n<p>&nbsp;<\/p>\n<p style=\"font-weight: 400;\"><b><strong><u><br \/>\n<\/u><\/strong><\/b><b><strong>Sur la base de notre m\u00e9thode de v\u00e9rification de l'observation*, qui comprend parfaitement les \u00e9tudes scientifiques sur les plantes et les r\u00e9sents de nos clients avec SYNRFIT DETOX, nous leur pr\u00e9sentons l'\u00e9lixir pour permettre les b\u00e9n\u00e9fices suivants<\/strong><\/b><b><strong>:<\/strong><\/b><\/p>\n<p style=\"font-weight: 400;\"><b><strong><u>Contribue \u00e0 \u00e9liminer les principales toxines\u00a0<\/u><\/strong><\/b><b><strong>:<\/strong><\/b><\/p>\n<ol>\n<li style=\"font-weight: 400;\"><em>Love the detoxination process \"gently\" before a cure with our Synercell solutions, or before a more in-depth detoxification with our Synerfit complex.<\/em><\/li>\n<li style=\"font-weight: 400;\"><em>Aide \u00e0 \u00e9viter la \"retoxination\" de votre organisme, pour un prix r\u00e9gulier de DETOX entre 2 cures Synercell ou une d\u00e9toxination profonde.<\/em><\/li>\n<li style=\"font-weight: 400;\"><em>Pr\u00e9parer et divertir l'organisation :<\/em><\/li>\n<li style=\"font-weight: 400;\"><em>Avant toute cure de gels Synercell, les naturopathes nous conseillent de commencer par un produit qui va surtout favoriser le drainage et d\u00e9toxifier l'organisme en douceur.<\/em><\/li>\n<li style=\"font-weight: 400;\"><em>Aussi, utilisez r\u00e9guli\u00e8rement notre complexe DETOX pour divertir l'organisme et avoir la capacit\u00e9 d'\u00e9liminer les principales toxines.<\/em><\/li>\n<\/ol>\n<p style=\"font-weight: 400;\"><b><strong><u>Aide \u00e0 l'optimisation des r\u00e9sultats\u00a0<\/u><\/strong><\/b><b><strong>:<\/strong><\/b><\/p>\n<ol>\n<li style=\"font-weight: 400;\"><em>Gr\u00e2ce \u00e0 l'objectif d'\u00e9liminer les principales toxines, et de pr\u00e9parer ou de divertir l'organisme pour la d\u00e9toxination, vous donnez les meilleures conditions pour obtenir les meilleurs r\u00e9sultats avec les cures Synercell.<\/em><\/li>\n<li style=\"font-weight: 400;\"><em>Also, the formula of DETOX, of 11 plants cleverly dosed and combined, reinforce the optimization potential of you results.<\/em><\/li>\n<\/ol>\n<\/li>\n<\/ol>","protected":false},"excerpt":{"rendered":"<p>Synerfit DETOX is a complex of 11 plants that you offer 3 important benefits: See to eliminate the main toxins &#8220;en douceur&#8221; Prepare and entertain the organization to obtain the best with the solutions sant\u00e9 Synercell Help to optimize the results for the start, as long as it lasts! This formula\u00a0DETOX\u00a0is not particularly recommended, for &hellip; <a href=\"https:\/\/purespiruline.com\/fr\/produit\/synerfit-detox\/\" class=\"more-link\">Continue reading <span class=\"screen-reader-text\">Synerfit Detox<\/span><\/a><\/p>","protected":false},"featured_media":4991,"template":"","meta":{"_wp_convertkit_post_meta":{"form":"-1","landing_page":"0","tag":"0","restrict_content":"0"}},"pwb-brand":[220],"product_brand":[],"product_cat":[92,101,86,109,112],"product_tag":[159,158,157],"class_list":{"0":"post-4990","1":"product","2":"type-product","3":"status-publish","4":"has-post-thumbnail","6":"pwb-brand-synercell","7":"product_cat-detox","8":"product_cat-energy","9":"product_cat-health-prevention","10":"product_cat-sleep","11":"product_cat-stress","12":"product_tag-detox","13":"product_tag-synerfit","14":"product_tag-synerfit-detox","16":"first","17":"outofstock","18":"taxable","19":"shipping-taxable","20":"purchasable","21":"product-type-simple"},"yoast_head":"<!-- This site is optimized with the Yoast SEO plugin v27.5 - https:\/\/yoast.com\/product\/yoast-seo-wordpress\/ -->\n<title>A detoxification treatment to get back on track<\/title>\n<meta name=\"description\" content=\"Get your body back on track with our detox food supplement - Synerfit Detox, the natural solution to purify your body and boost your energy\" \/>\n<meta name=\"robots\" content=\"index, follow, max-snippet:-1, max-image-preview:large, max-video-preview:-1\" \/>\n<link rel=\"canonical\" href=\"https:\/\/purespiruline.com\/fr\/produit\/synerfit-detox\/\" \/>\n<meta property=\"og:locale\" content=\"fr_FR\" \/>\n<meta property=\"og:type\" content=\"article\" \/>\n<meta property=\"og:title\" content=\"A detoxification treatment to get back on track\" \/>\n<meta property=\"og:description\" content=\"Get your body back on track with our detox food supplement - Synerfit Detox, the natural solution to purify your body and boost your energy\" \/>\n<meta property=\"og:url\" content=\"https:\/\/purespiruline.com\/fr\/produit\/synerfit-detox\/\" \/>\n<meta property=\"og:site_name\" content=\"Pure Spiruline\" \/>\n<meta property=\"article:publisher\" content=\"https:\/\/www.facebook.com\/profile.php?id=100089206063090\" \/>\n<meta property=\"article:modified_time\" content=\"2024-01-30T19:00:31+00:00\" \/>\n<meta property=\"og:image\" content=\"https:\/\/purespiruline.com\/wp-content\/uploads\/2022\/03\/Detox-removebg-preview.png\" \/>\n\t<meta property=\"og:image:width\" content=\"584\" \/>\n\t<meta property=\"og:image:height\" content=\"584\" \/>\n\t<meta property=\"og:image:type\" content=\"image\/png\" \/>\n<meta name=\"twitter:card\" content=\"summary_large_image\" \/>\n<meta name=\"twitter:site\" content=\"@purespiruline\" \/>\n<meta name=\"twitter:label1\" content=\"Dur\u00e9e de lecture estim\u00e9e\" \/>\n\t<meta name=\"twitter:data1\" content=\"2 minutes\" \/>\n<script type=\"application\/ld+json\" class=\"yoast-schema-graph\">{\"@context\":\"https:\\\/\\\/schema.org\",\"@graph\":[{\"@type\":\"WebPage\",\"@id\":\"https:\\\/\\\/purespiruline.com\\\/produit\\\/synerfit-detox\\\/\",\"url\":\"https:\\\/\\\/purespiruline.com\\\/produit\\\/synerfit-detox\\\/\",\"name\":\"A detoxification treatment to get back on track\",\"isPartOf\":{\"@id\":\"https:\\\/\\\/purespiruline.com\\\/#website\"},\"primaryImageOfPage\":{\"@id\":\"https:\\\/\\\/purespiruline.com\\\/produit\\\/synerfit-detox\\\/#primaryimage\"},\"image\":{\"@id\":\"https:\\\/\\\/purespiruline.com\\\/produit\\\/synerfit-detox\\\/#primaryimage\"},\"thumbnailUrl\":\"https:\\\/\\\/purespiruline.com\\\/wp-content\\\/uploads\\\/2022\\\/03\\\/Detox-removebg-preview.png\",\"datePublished\":\"2022-03-14T13:00:25+00:00\",\"dateModified\":\"2024-01-30T19:00:31+00:00\",\"description\":\"Get your body back on track with our detox food supplement - Synerfit Detox, the natural solution to purify your body and boost your energy\",\"breadcrumb\":{\"@id\":\"https:\\\/\\\/purespiruline.com\\\/produit\\\/synerfit-detox\\\/#breadcrumb\"},\"inLanguage\":\"fr-FR\",\"potentialAction\":[{\"@type\":\"ReadAction\",\"target\":[\"https:\\\/\\\/purespiruline.com\\\/produit\\\/synerfit-detox\\\/\"]}]},{\"@type\":\"ImageObject\",\"inLanguage\":\"fr-FR\",\"@id\":\"https:\\\/\\\/purespiruline.com\\\/produit\\\/synerfit-detox\\\/#primaryimage\",\"url\":\"https:\\\/\\\/purespiruline.com\\\/wp-content\\\/uploads\\\/2022\\\/03\\\/Detox-removebg-preview.png\",\"contentUrl\":\"https:\\\/\\\/purespiruline.com\\\/wp-content\\\/uploads\\\/2022\\\/03\\\/Detox-removebg-preview.png\",\"width\":584,\"height\":584,\"caption\":\"Detox removebg preview\"},{\"@type\":\"BreadcrumbList\",\"@id\":\"https:\\\/\\\/purespiruline.com\\\/produit\\\/synerfit-detox\\\/#breadcrumb\",\"itemListElement\":[{\"@type\":\"ListItem\",\"position\":1,\"name\":\"Home\",\"item\":\"https:\\\/\\\/purespiruline.com\\\/\"},{\"@type\":\"ListItem\",\"position\":2,\"name\":\"Shop\",\"item\":\"https:\\\/\\\/purespiruline.com\\\/gr\\\/shop-for-food-supplements-and-spirulina\\\/\"},{\"@type\":\"ListItem\",\"position\":3,\"name\":\"Synerfit Detox\"}]},{\"@type\":\"WebSite\",\"@id\":\"https:\\\/\\\/purespiruline.com\\\/#website\",\"url\":\"https:\\\/\\\/purespiruline.com\\\/\",\"name\":\"Pure Spirulina\",\"description\":\"100% natural and efficient food supplement\",\"publisher\":{\"@id\":\"https:\\\/\\\/purespiruline.com\\\/#organization\"},\"alternateName\":\"KC Organics\",\"potentialAction\":[{\"@type\":\"SearchAction\",\"target\":{\"@type\":\"EntryPoint\",\"urlTemplate\":\"https:\\\/\\\/purespiruline.com\\\/?s={search_term_string}\"},\"query-input\":{\"@type\":\"PropertyValueSpecification\",\"valueRequired\":true,\"valueName\":\"search_term_string\"}}],\"inLanguage\":\"fr-FR\"},{\"@type\":\"Organization\",\"@id\":\"https:\\\/\\\/purespiruline.com\\\/#organization\",\"name\":\"Pure Spirulina\",\"alternateName\":\"KC Organics\",\"url\":\"https:\\\/\\\/purespiruline.com\\\/\",\"logo\":{\"@type\":\"ImageObject\",\"inLanguage\":\"fr-FR\",\"@id\":\"https:\\\/\\\/purespiruline.com\\\/#\\\/schema\\\/logo\\\/image\\\/\",\"url\":\"https:\\\/\\\/purespiruline.com\\\/wp-content\\\/uploads\\\/2022\\\/03\\\/cropped-4-1.png\",\"contentUrl\":\"https:\\\/\\\/purespiruline.com\\\/wp-content\\\/uploads\\\/2022\\\/03\\\/cropped-4-1.png\",\"width\":512,\"height\":512,\"caption\":\"Pure Spirulina\"},\"image\":{\"@id\":\"https:\\\/\\\/purespiruline.com\\\/#\\\/schema\\\/logo\\\/image\\\/\"},\"sameAs\":[\"https:\\\/\\\/www.facebook.com\\\/profile.php?id=100089206063090\",\"https:\\\/\\\/x.com\\\/purespiruline\",\"https:\\\/\\\/www.instagram.com\\\/pure_spiruline\\\/\",\"https:\\\/\\\/www.tiktok.com\\\/@purespiruline\"]}]}<\/script>\n<!-- \/ Yoast SEO plugin. -->","yoast_head_json":{"title":"Une cure de d\u00e9sintoxication pour se remettre sur les rails","description":"Remettez votre corps sur les rails avec notre compl\u00e9ment alimentaire d\u00e9tox - Synerfit Detox, la solution naturelle pour purifier votre corps et booster votre \u00e9nergie.","robots":{"index":"index","follow":"follow","max-snippet":"max-snippet:-1","max-image-preview":"max-image-preview:large","max-video-preview":"max-video-preview:-1"},"canonical":"https:\/\/purespiruline.com\/fr\/produit\/synerfit-detox\/","og_locale":"fr_FR","og_type":"article","og_title":"A detoxification treatment to get back on track","og_description":"Get your body back on track with our detox food supplement - Synerfit Detox, the natural solution to purify your body and boost your energy","og_url":"https:\/\/purespiruline.com\/fr\/produit\/synerfit-detox\/","og_site_name":"Pure Spiruline","article_publisher":"https:\/\/www.facebook.com\/profile.php?id=100089206063090","article_modified_time":"2024-01-30T19:00:31+00:00","og_image":[{"width":584,"height":584,"url":"https:\/\/purespiruline.com\/wp-content\/uploads\/2022\/03\/Detox-removebg-preview.png","type":"image\/png"}],"twitter_card":"summary_large_image","twitter_site":"@purespiruline","twitter_misc":{"Dur\u00e9e de lecture estim\u00e9e":"2 minutes"},"schema":{"@context":"https:\/\/schema.org","@graph":[{"@type":"WebPage","@id":"https:\/\/purespiruline.com\/produit\/synerfit-detox\/","url":"https:\/\/purespiruline.com\/produit\/synerfit-detox\/","name":"Une cure de d\u00e9sintoxication pour se remettre sur les rails","isPartOf":{"@id":"https:\/\/purespiruline.com\/#website"},"primaryImageOfPage":{"@id":"https:\/\/purespiruline.com\/produit\/synerfit-detox\/#primaryimage"},"image":{"@id":"https:\/\/purespiruline.com\/produit\/synerfit-detox\/#primaryimage"},"thumbnailUrl":"https:\/\/purespiruline.com\/wp-content\/uploads\/2022\/03\/Detox-removebg-preview.png","datePublished":"2022-03-14T13:00:25+00:00","dateModified":"2024-01-30T19:00:31+00:00","description":"Remettez votre corps sur les rails avec notre compl\u00e9ment alimentaire d\u00e9tox - Synerfit Detox, la solution naturelle pour purifier votre corps et booster votre \u00e9nergie.","breadcrumb":{"@id":"https:\/\/purespiruline.com\/produit\/synerfit-detox\/#breadcrumb"},"inLanguage":"fr-FR","potentialAction":[{"@type":"ReadAction","target":["https:\/\/purespiruline.com\/produit\/synerfit-detox\/"]}]},{"@type":"ImageObject","inLanguage":"fr-FR","@id":"https:\/\/purespiruline.com\/produit\/synerfit-detox\/#primaryimage","url":"https:\/\/purespiruline.com\/wp-content\/uploads\/2022\/03\/Detox-removebg-preview.png","contentUrl":"https:\/\/purespiruline.com\/wp-content\/uploads\/2022\/03\/Detox-removebg-preview.png","width":584,"height":584,"caption":"Detox removebg preview"},{"@type":"BreadcrumbList","@id":"https:\/\/purespiruline.com\/produit\/synerfit-detox\/#breadcrumb","itemListElement":[{"@type":"ListItem","position":1,"name":"Home","item":"https:\/\/purespiruline.com\/"},{"@type":"ListItem","position":2,"name":"Shop","item":"https:\/\/purespiruline.com\/gr\/shop-for-food-supplements-and-spirulina\/"},{"@type":"ListItem","position":3,"name":"Synerfit Detox"}]},{"@type":"WebSite","@id":"https:\/\/purespiruline.com\/#website","url":"https:\/\/purespiruline.com\/","name":"Spiruline pure","description":"100% compl\u00e9ment alimentaire naturel et efficace","publisher":{"@id":"https:\/\/purespiruline.com\/#organization"},"alternateName":"KC Organics","potentialAction":[{"@type":"SearchAction","target":{"@type":"EntryPoint","urlTemplate":"https:\/\/purespiruline.com\/?s={search_term_string}"},"query-input":{"@type":"PropertyValueSpecification","valueRequired":true,"valueName":"search_term_string"}}],"inLanguage":"fr-FR"},{"@type":"Organization","@id":"https:\/\/purespiruline.com\/#organization","name":"Spiruline pure","alternateName":"KC Organics","url":"https:\/\/purespiruline.com\/","logo":{"@type":"ImageObject","inLanguage":"fr-FR","@id":"https:\/\/purespiruline.com\/#\/schema\/logo\/image\/","url":"https:\/\/purespiruline.com\/wp-content\/uploads\/2022\/03\/cropped-4-1.png","contentUrl":"https:\/\/purespiruline.com\/wp-content\/uploads\/2022\/03\/cropped-4-1.png","width":512,"height":512,"caption":"Pure Spirulina"},"image":{"@id":"https:\/\/purespiruline.com\/#\/schema\/logo\/image\/"},"sameAs":["https:\/\/www.facebook.com\/profile.php?id=100089206063090","https:\/\/x.com\/purespiruline","https:\/\/www.instagram.com\/pure_spiruline\/","https:\/\/www.tiktok.com\/@purespiruline"]}]}},"brands":[{"id":220,"name":"SYNERCELL","slug":"synercell"}],"_links":{"self":[{"href":"https:\/\/purespiruline.com\/fr\/wp-json\/wp\/v2\/product\/4990","targetHints":{"allow":["GET"]}}],"collection":[{"href":"https:\/\/purespiruline.com\/fr\/wp-json\/wp\/v2\/product"}],"about":[{"href":"https:\/\/purespiruline.com\/fr\/wp-json\/wp\/v2\/types\/product"}],"wp:featuredmedia":[{"embeddable":true,"href":"https:\/\/purespiruline.com\/fr\/wp-json\/wp\/v2\/media\/4991"}],"wp:attachment":[{"href":"https:\/\/purespiruline.com\/fr\/wp-json\/wp\/v2\/media?parent=4990"}],"wp:term":[{"taxonomy":"pwb-brand","embeddable":true,"href":"https:\/\/purespiruline.com\/fr\/wp-json\/wp\/v2\/pwb-brand?post=4990"},{"taxonomy":"product_brand","embeddable":true,"href":"https:\/\/purespiruline.com\/fr\/wp-json\/wp\/v2\/product_brand?post=4990"},{"taxonomy":"product_cat","embeddable":true,"href":"https:\/\/purespiruline.com\/fr\/wp-json\/wp\/v2\/product_cat?post=4990"},{"taxonomy":"product_tag","embeddable":true,"href":"https:\/\/purespiruline.com\/fr\/wp-json\/wp\/v2\/product_tag?post=4990"}],"curies":[{"name":"wp","href":"https:\/\/api.w.org\/{rel}","templated":true}]}}