{"id":4981,"date":"2022-03-14T12:41:28","date_gmt":"2022-03-14T12:41:28","guid":{"rendered":"https:\/\/purespiruline.com\/?post_type=product&#038;p=4981"},"modified":"2025-03-25T13:42:09","modified_gmt":"2025-03-25T12:42:09","slug":"align-protect","status":"publish","type":"product","link":"https:\/\/purespiruline.com\/fr\/produit\/align-protect\/","title":{"rendered":"Protecteur d'ondes"},"content":{"rendered":"<h1><em><strong><span style=\"color: #333399;\">PROT\u00c9GEZ VOUS DES ONDES DANGEREUSES DE TOUS LES APPAREILS QUI VOUS ENTOURENT !<\/span><\/strong><\/em><\/h1>\n<p><strong>Q. Peut-on prot\u00e9ger sa famille des effets nocifs des ondes \u00e9lectromagn\u00e9tiques ?<\/strong><br \/>\nALIGN est un patch mod\u00e9rateur d'ondes qui se colle sur vos appareils mobiles, ordinateurs, modem WiFi, compteurs Linky, micro-ondes.<\/p>\n<p style=\"font-weight: 400;\"><b><strong>ALIGN, le patch du mod\u00e9rateur de vagues<\/strong><\/b><\/p>\n<p style=\"font-weight: 400;\">Il s'agit d'un patch facile \u00e0 coller sur tout objet \u00e9mettant des radiations qui a pour fonction d'att\u00e9nuer les effets n\u00e9fastes des ondes \u00e9lectromagn\u00e9tiques environnantes.  Chez Pharmaspin, nous avons collectivement consid\u00e9r\u00e9 cette solution comme intelligente, en nous basant autant sur les aspects et donn\u00e9es scientifiques que sur les informations des concepteurs et fabricants, notre exp\u00e9rience interne et les premiers t\u00e9moignages du public. Voil\u00e0 en r\u00e9sum\u00e9 comment nous travaillons chez Pharmaspin pour d\u00e9terminer collectivement une solution que nous jugeons intelligente !<\/p>\n<p style=\"font-weight: 400;\"><b><strong>Pourquoi le patch est-il positionn\u00e9 sur les appareils ?<\/strong><\/b><\/p>\n<p style=\"font-weight: 400;\">Le patch ALIGN modifie les informations relatives aux ondes \u00e9lectromagn\u00e9tiques.\u00a0Afin de couvrir un maximum d'ondes \u00e9mises, il semble judicieux de coller le patch \u00e0 la source des ondes \u00e9lectromagn\u00e9tiques :<\/p>\n<h3>\u00a0\u00a0\u00a0\u00a0\u00a0\u00a0\u00a0\u00a0\u00a0\u00a0| T\u00e9l\u00e9phones | Ordinateurs | Modem Wifi | Micro-ondes | Compteurs Linky Radio ...<\/h3>\n<p style=\"font-weight: 400;\"><b><strong><u>Propri\u00e9t\u00e9s<\/u><\/strong><\/b><b><strong>:<\/strong><\/b><\/p>\n<ul>\n<li style=\"font-weight: 400;\"><em>\u00c9quilibre les champs \u00e9nerg\u00e9tiques<\/em><\/li>\n<li style=\"font-weight: 400;\"><em>Prot\u00e8ge le corps des ondes \u00e9lectromagn\u00e9tiques nocives<\/em><\/li>\n<li style=\"font-weight: 400;\"><em>R\u00e9duit la chaleur ressentie sur les oreilles et affectant le cerveau<\/em><\/li>\n<li style=\"font-weight: 400;\"><em>Pr\u00e9vient les maux de t\u00eate, les acouph\u00e8nes et le stress g\u00e9n\u00e9r\u00e9 par les ondes<\/em><\/li>\n<li style=\"font-weight: 400;\"><em>Facilite l'alignement personnel, la vigilance et la concentration<\/em><\/li>\n<li style=\"font-weight: 400;\"><em>Facilite la relaxation gr\u00e2ce aux ondes Alpa 8-13Hz<\/em><\/li>\n<\/ul>\n<p style=\"font-weight: 400;\"><b><strong><u>Description<\/u><\/strong><\/b><b><strong>\u00a0:<\/strong><\/b><\/p>\n<ul>\n<li style=\"font-weight: 400;\">Il existe une v\u00e9ritable controverse autour des ondes des t\u00e9l\u00e9phones portables, du Wi-Fi, du Bluetooth, des compteurs Linky, etc.<\/li>\n<\/ul>\n<p style=\"font-weight: 400;\">\u00a0\u00a0 D'un c\u00f4t\u00e9, le discours scientifique officiel se veut rassurant en affirmant que ces ondes sont inoffensives.<\/p>\n<p style=\"font-weight: 400;\">\u00a0\u00a0 En revanche, plusieurs \u00e9tudes scientifiques ind\u00e9pendantes prouvent le contraire et d\u00e9crivent des effets tels que<\/p>\n<p style=\"font-weight: 400;\">\u00a0\u00a0 Comme la g\u00e9n\u00e9ration du stress, la tumeur au cerveau, le cancer, l'infertilit\u00e9... Par prudence, tant qu'il y a un doute,<\/p>\n<p style=\"font-weight: 400;\">\u00a0\u00a0 il semble opportun d'appliquer le principe de pr\u00e9caution et donc de se prot\u00e9ger de ces ondes.<\/p>\n<ul>\n<li style=\"font-weight: 400;\">Nous proposons une solution intelligente pour att\u00e9nuer les effets n\u00e9fastes des ondes \u00e9lectromagn\u00e9tiques environnantes.<\/li>\n<li style=\"font-weight: 400;\">Il s'agit d'un patch contenant un circuit \u00e9lectronique, \u00e0 coller sur tout objet \u00e9mettant des radiations.<\/li>\n<li style=\"font-weight: 400;\">Ce circuit imprim\u00e9, avec sa forme g\u00e9om\u00e9trique particuli\u00e8re (selon le nombre d'or), est une technologie qui fonctionne par r\u00e9sonance de fr\u00e9quence.<\/li>\n<li style=\"font-weight: 400;\">Cette r\u00e9sonance cr\u00e9e un \u00e9quilibre sur les cellules et agit comme un bouclier sur les mol\u00e9cules d'eau.<\/li>\n<\/ul>\n<p style=\"font-weight: 400;\">\u00a0\u00a0 Plus techniquement, il g\u00e9n\u00e8re des champs de torsion positifs et adaptog\u00e8nes et des ondes scalaires vitales...<\/p>\n<p style=\"font-weight: 400;\"><b><strong><u>Sp\u00e9cificit\u00e9s<\/u><\/strong><\/b><b><strong>:<\/strong><\/b><\/p>\n<ul>\n<li style=\"font-weight: 400;\"><em>Conformit\u00e9 CE et ROHS (Restriction des substances dangereuses dans les \u00e9quipements \u00e9lectriques et \u00e9lectroniques)<\/em><\/li>\n<li style=\"font-weight: 400;\"><em>Applicable sur les smartphones, tablettes, PC, bo\u00eetiers Wi-Fi, compteurs Linky ou tout autre support \u00e9mettant des ondes \u00e9lectromagn\u00e9tiques.<\/em><\/li>\n<li style=\"font-weight: 400;\"><em>Le patch \"ALIGN\" n'alt\u00e8re pas la qualit\u00e9 des communications de votre t\u00e9l\u00e9phone et sera prot\u00e9g\u00e9 de l'usure sous votre coque.<\/em><\/li>\n<\/ul>","protected":false},"excerpt":{"rendered":"<p>PROTECT YOURSELF FROM DANGEROUS WAVES OF ALL DEVICES AROUND YOU ! Q. Can we protect his family from the harmful effects of electromagnetic waves? ALIGN is a wave moderator patch that sticks to your mobile devices, computers, WiFi modem, Linky meters, microwave. ALIGN, the Wave Moderator Patch It is an easy-to-stick patch on any object &hellip; <a href=\"https:\/\/purespiruline.com\/fr\/produit\/align-protect\/\" class=\"more-link\">Continue reading <span class=\"screen-reader-text\">Protecteur d'ondes<\/span><\/a><\/p>","protected":false},"featured_media":4982,"template":"","meta":{"_wp_convertkit_post_meta":{"form":"-1","landing_page":"0","tag":"0","restrict_content":"0"}},"pwb-brand":[220],"product_brand":[],"product_cat":[91],"product_tag":[144,147,145,146],"class_list":{"0":"post-4981","1":"product","2":"type-product","3":"status-publish","4":"has-post-thumbnail","6":"pwb-brand-synercell","7":"product_cat-other-products","8":"product_tag-align-protect","9":"product_tag-magnetic","10":"product_tag-protect","11":"product_tag-waves","13":"first","14":"outofstock","15":"taxable","16":"shipping-taxable","17":"purchasable","18":"product-type-simple"},"yoast_head":"<!-- This site is optimized with the Yoast SEO plugin v27.5 - https:\/\/yoast.com\/product\/yoast-seo-wordpress\/ -->\n<title>Protect yourself from electromagnetic waves that surround you<\/title>\n<meta name=\"description\" content=\"The ultimate solution to block electromagnetic waves that surround you. Patches adaptable on all your devices to prevent health issues\" \/>\n<meta name=\"robots\" content=\"index, follow, max-snippet:-1, max-image-preview:large, max-video-preview:-1\" \/>\n<link rel=\"canonical\" href=\"https:\/\/purespiruline.com\/fr\/produit\/aligner-proteger\/\" \/>\n<meta property=\"og:locale\" content=\"fr_FR\" \/>\n<meta property=\"og:type\" content=\"article\" \/>\n<meta property=\"og:title\" content=\"Protect yourself from electromagnetic waves that surround you\" \/>\n<meta property=\"og:description\" content=\"The ultimate solution to block electromagnetic waves that surround you. Patches adaptable on all your devices to prevent health issues\" \/>\n<meta property=\"og:url\" content=\"https:\/\/purespiruline.com\/fr\/produit\/aligner-proteger\/\" \/>\n<meta property=\"og:site_name\" content=\"Pure Spiruline\" \/>\n<meta property=\"article:publisher\" content=\"https:\/\/www.facebook.com\/profile.php?id=100089206063090\" \/>\n<meta property=\"article:modified_time\" content=\"2025-03-25T12:42:09+00:00\" \/>\n<meta property=\"og:image\" content=\"https:\/\/purespiruline.com\/wp-content\/uploads\/2022\/03\/Align-1.png\" \/>\n\t<meta property=\"og:image:width\" content=\"2000\" \/>\n\t<meta property=\"og:image:height\" content=\"2000\" \/>\n\t<meta property=\"og:image:type\" content=\"image\/png\" \/>\n<meta name=\"twitter:card\" content=\"summary_large_image\" \/>\n<meta name=\"twitter:site\" content=\"@purespiruline\" \/>\n<meta name=\"twitter:label1\" content=\"Dur\u00e9e de lecture estim\u00e9e\" \/>\n\t<meta name=\"twitter:data1\" content=\"2 minutes\" \/>\n<script type=\"application\/ld+json\" class=\"yoast-schema-graph\">{\"@context\":\"https:\\\/\\\/schema.org\",\"@graph\":[{\"@type\":\"WebPage\",\"@id\":\"https:\\\/\\\/purespiruline.com\\\/produit\\\/align-protect\\\/\",\"url\":\"https:\\\/\\\/purespiruline.com\\\/produit\\\/align-protect\\\/\",\"name\":\"Protect yourself from electromagnetic waves that surround you\",\"isPartOf\":{\"@id\":\"https:\\\/\\\/purespiruline.com\\\/#website\"},\"primaryImageOfPage\":{\"@id\":\"https:\\\/\\\/purespiruline.com\\\/produit\\\/align-protect\\\/#primaryimage\"},\"image\":{\"@id\":\"https:\\\/\\\/purespiruline.com\\\/produit\\\/align-protect\\\/#primaryimage\"},\"thumbnailUrl\":\"https:\\\/\\\/purespiruline.com\\\/wp-content\\\/uploads\\\/2022\\\/03\\\/Align-1.png\",\"datePublished\":\"2022-03-14T12:41:28+00:00\",\"dateModified\":\"2025-03-25T12:42:09+00:00\",\"description\":\"The ultimate solution to block electromagnetic waves that surround you. Patches adaptable on all your devices to prevent health issues\",\"breadcrumb\":{\"@id\":\"https:\\\/\\\/purespiruline.com\\\/produit\\\/align-protect\\\/#breadcrumb\"},\"inLanguage\":\"fr-FR\",\"potentialAction\":[{\"@type\":\"ReadAction\",\"target\":[\"https:\\\/\\\/purespiruline.com\\\/produit\\\/align-protect\\\/\"]}]},{\"@type\":\"ImageObject\",\"inLanguage\":\"fr-FR\",\"@id\":\"https:\\\/\\\/purespiruline.com\\\/produit\\\/align-protect\\\/#primaryimage\",\"url\":\"https:\\\/\\\/purespiruline.com\\\/wp-content\\\/uploads\\\/2022\\\/03\\\/Align-1.png\",\"contentUrl\":\"https:\\\/\\\/purespiruline.com\\\/wp-content\\\/uploads\\\/2022\\\/03\\\/Align-1.png\",\"width\":2000,\"height\":2000,\"caption\":\"Align\"},{\"@type\":\"BreadcrumbList\",\"@id\":\"https:\\\/\\\/purespiruline.com\\\/produit\\\/align-protect\\\/#breadcrumb\",\"itemListElement\":[{\"@type\":\"ListItem\",\"position\":1,\"name\":\"Home\",\"item\":\"https:\\\/\\\/purespiruline.com\\\/\"},{\"@type\":\"ListItem\",\"position\":2,\"name\":\"Shop\",\"item\":\"https:\\\/\\\/purespiruline.com\\\/gr\\\/shop-for-food-supplements-and-spirulina\\\/\"},{\"@type\":\"ListItem\",\"position\":3,\"name\":\"Align Protect\"}]},{\"@type\":\"WebSite\",\"@id\":\"https:\\\/\\\/purespiruline.com\\\/#website\",\"url\":\"https:\\\/\\\/purespiruline.com\\\/\",\"name\":\"Pure Spirulina\",\"description\":\"100% natural and efficient food supplement\",\"publisher\":{\"@id\":\"https:\\\/\\\/purespiruline.com\\\/#organization\"},\"alternateName\":\"KC Organics\",\"potentialAction\":[{\"@type\":\"SearchAction\",\"target\":{\"@type\":\"EntryPoint\",\"urlTemplate\":\"https:\\\/\\\/purespiruline.com\\\/?s={search_term_string}\"},\"query-input\":{\"@type\":\"PropertyValueSpecification\",\"valueRequired\":true,\"valueName\":\"search_term_string\"}}],\"inLanguage\":\"fr-FR\"},{\"@type\":\"Organization\",\"@id\":\"https:\\\/\\\/purespiruline.com\\\/#organization\",\"name\":\"Pure Spirulina\",\"alternateName\":\"KC Organics\",\"url\":\"https:\\\/\\\/purespiruline.com\\\/\",\"logo\":{\"@type\":\"ImageObject\",\"inLanguage\":\"fr-FR\",\"@id\":\"https:\\\/\\\/purespiruline.com\\\/#\\\/schema\\\/logo\\\/image\\\/\",\"url\":\"https:\\\/\\\/purespiruline.com\\\/wp-content\\\/uploads\\\/2022\\\/03\\\/cropped-4-1.png\",\"contentUrl\":\"https:\\\/\\\/purespiruline.com\\\/wp-content\\\/uploads\\\/2022\\\/03\\\/cropped-4-1.png\",\"width\":512,\"height\":512,\"caption\":\"Pure Spirulina\"},\"image\":{\"@id\":\"https:\\\/\\\/purespiruline.com\\\/#\\\/schema\\\/logo\\\/image\\\/\"},\"sameAs\":[\"https:\\\/\\\/www.facebook.com\\\/profile.php?id=100089206063090\",\"https:\\\/\\\/x.com\\\/purespiruline\",\"https:\\\/\\\/www.instagram.com\\\/pure_spiruline\\\/\",\"https:\\\/\\\/www.tiktok.com\\\/@purespiruline\"]}]}<\/script>\n<!-- \/ Yoast SEO plugin. -->","yoast_head_json":{"title":"Prot\u00e9gez-vous des ondes \u00e9lectromagn\u00e9tiques qui vous entourent","description":"La solution ultime pour bloquer les ondes \u00e9lectromagn\u00e9tiques qui vous entourent. Des patchs adaptables sur tous vos appareils pour pr\u00e9venir les probl\u00e8mes de sant\u00e9","robots":{"index":"index","follow":"follow","max-snippet":"max-snippet:-1","max-image-preview":"max-image-preview:large","max-video-preview":"max-video-preview:-1"},"canonical":"https:\/\/purespiruline.com\/fr\/produit\/aligner-proteger\/","og_locale":"fr_FR","og_type":"article","og_title":"Protect yourself from electromagnetic waves that surround you","og_description":"The ultimate solution to block electromagnetic waves that surround you. Patches adaptable on all your devices to prevent health issues","og_url":"https:\/\/purespiruline.com\/fr\/produit\/aligner-proteger\/","og_site_name":"Pure Spiruline","article_publisher":"https:\/\/www.facebook.com\/profile.php?id=100089206063090","article_modified_time":"2025-03-25T12:42:09+00:00","og_image":[{"width":2000,"height":2000,"url":"https:\/\/purespiruline.com\/wp-content\/uploads\/2022\/03\/Align-1.png","type":"image\/png"}],"twitter_card":"summary_large_image","twitter_site":"@purespiruline","twitter_misc":{"Dur\u00e9e de lecture estim\u00e9e":"2 minutes"},"schema":{"@context":"https:\/\/schema.org","@graph":[{"@type":"WebPage","@id":"https:\/\/purespiruline.com\/produit\/align-protect\/","url":"https:\/\/purespiruline.com\/produit\/align-protect\/","name":"Prot\u00e9gez-vous des ondes \u00e9lectromagn\u00e9tiques qui vous entourent","isPartOf":{"@id":"https:\/\/purespiruline.com\/#website"},"primaryImageOfPage":{"@id":"https:\/\/purespiruline.com\/produit\/align-protect\/#primaryimage"},"image":{"@id":"https:\/\/purespiruline.com\/produit\/align-protect\/#primaryimage"},"thumbnailUrl":"https:\/\/purespiruline.com\/wp-content\/uploads\/2022\/03\/Align-1.png","datePublished":"2022-03-14T12:41:28+00:00","dateModified":"2025-03-25T12:42:09+00:00","description":"La solution ultime pour bloquer les ondes \u00e9lectromagn\u00e9tiques qui vous entourent. Des patchs adaptables sur tous vos appareils pour pr\u00e9venir les probl\u00e8mes de sant\u00e9","breadcrumb":{"@id":"https:\/\/purespiruline.com\/produit\/align-protect\/#breadcrumb"},"inLanguage":"fr-FR","potentialAction":[{"@type":"ReadAction","target":["https:\/\/purespiruline.com\/produit\/align-protect\/"]}]},{"@type":"ImageObject","inLanguage":"fr-FR","@id":"https:\/\/purespiruline.com\/produit\/align-protect\/#primaryimage","url":"https:\/\/purespiruline.com\/wp-content\/uploads\/2022\/03\/Align-1.png","contentUrl":"https:\/\/purespiruline.com\/wp-content\/uploads\/2022\/03\/Align-1.png","width":2000,"height":2000,"caption":"Align"},{"@type":"BreadcrumbList","@id":"https:\/\/purespiruline.com\/produit\/align-protect\/#breadcrumb","itemListElement":[{"@type":"ListItem","position":1,"name":"Home","item":"https:\/\/purespiruline.com\/"},{"@type":"ListItem","position":2,"name":"Shop","item":"https:\/\/purespiruline.com\/gr\/shop-for-food-supplements-and-spirulina\/"},{"@type":"ListItem","position":3,"name":"Align Protect"}]},{"@type":"WebSite","@id":"https:\/\/purespiruline.com\/#website","url":"https:\/\/purespiruline.com\/","name":"Spiruline pure","description":"100% compl\u00e9ment alimentaire naturel et efficace","publisher":{"@id":"https:\/\/purespiruline.com\/#organization"},"alternateName":"KC Organics","potentialAction":[{"@type":"SearchAction","target":{"@type":"EntryPoint","urlTemplate":"https:\/\/purespiruline.com\/?s={search_term_string}"},"query-input":{"@type":"PropertyValueSpecification","valueRequired":true,"valueName":"search_term_string"}}],"inLanguage":"fr-FR"},{"@type":"Organization","@id":"https:\/\/purespiruline.com\/#organization","name":"Spiruline pure","alternateName":"KC Organics","url":"https:\/\/purespiruline.com\/","logo":{"@type":"ImageObject","inLanguage":"fr-FR","@id":"https:\/\/purespiruline.com\/#\/schema\/logo\/image\/","url":"https:\/\/purespiruline.com\/wp-content\/uploads\/2022\/03\/cropped-4-1.png","contentUrl":"https:\/\/purespiruline.com\/wp-content\/uploads\/2022\/03\/cropped-4-1.png","width":512,"height":512,"caption":"Pure Spirulina"},"image":{"@id":"https:\/\/purespiruline.com\/#\/schema\/logo\/image\/"},"sameAs":["https:\/\/www.facebook.com\/profile.php?id=100089206063090","https:\/\/x.com\/purespiruline","https:\/\/www.instagram.com\/pure_spiruline\/","https:\/\/www.tiktok.com\/@purespiruline"]}]}},"brands":[{"id":220,"name":"SYNERCELL","slug":"synercell"}],"_links":{"self":[{"href":"https:\/\/purespiruline.com\/fr\/wp-json\/wp\/v2\/product\/4981","targetHints":{"allow":["GET"]}}],"collection":[{"href":"https:\/\/purespiruline.com\/fr\/wp-json\/wp\/v2\/product"}],"about":[{"href":"https:\/\/purespiruline.com\/fr\/wp-json\/wp\/v2\/types\/product"}],"wp:featuredmedia":[{"embeddable":true,"href":"https:\/\/purespiruline.com\/fr\/wp-json\/wp\/v2\/media\/4982"}],"wp:attachment":[{"href":"https:\/\/purespiruline.com\/fr\/wp-json\/wp\/v2\/media?parent=4981"}],"wp:term":[{"taxonomy":"pwb-brand","embeddable":true,"href":"https:\/\/purespiruline.com\/fr\/wp-json\/wp\/v2\/pwb-brand?post=4981"},{"taxonomy":"product_brand","embeddable":true,"href":"https:\/\/purespiruline.com\/fr\/wp-json\/wp\/v2\/product_brand?post=4981"},{"taxonomy":"product_cat","embeddable":true,"href":"https:\/\/purespiruline.com\/fr\/wp-json\/wp\/v2\/product_cat?post=4981"},{"taxonomy":"product_tag","embeddable":true,"href":"https:\/\/purespiruline.com\/fr\/wp-json\/wp\/v2\/product_tag?post=4981"}],"curies":[{"name":"wp","href":"https:\/\/api.w.org\/{rel}","templated":true}]}}