{"id":4975,"date":"2022-03-14T12:20:16","date_gmt":"2022-03-14T11:20:16","guid":{"rendered":"https:\/\/purespiruline.com\/?post_type=product&#038;p=4975"},"modified":"2023-06-30T19:02:43","modified_gmt":"2023-06-30T17:02:43","slug":"omega-3v-gel","status":"publish","type":"product","link":"https:\/\/purespiruline.com\/fr\/produit\/omega-3v-gel\/","title":{"rendered":"Gel Om\u00e9ga-3V"},"content":{"rendered":"<ul style=\"font-weight: 400;\">\n<li>\n<ul style=\"font-weight: 400;\">\n<li>Afin de vous garantir une meilleure biodisponibilit\u00e9 de l'ALA, nous avons d\u00e9velopp\u00e9 SYNERCELL OMEGA-3V une \u00e9mulsion d'eau purifi\u00e9e et d'huile de p\u00e9rilla de premi\u00e8re pression \u00e0 froid d'Origine Biologique.<\/li>\n<li>L'\u00e9mulsion est obtenue gr\u00e2ce \u00e0 l'utilisation d'un \u00e9mulsifiant naturel, la l\u00e9cithine de tournesol (d'origine biologique) - \u00e9galement appel\u00e9e phosphatidylcholine de la famille des phospholipides ; le principal constituant de la membrane cellulaire. La biodisponibilit\u00e9 de l'ALA est ainsi am\u00e9lior\u00e9e de 120%.<\/li>\n<li>Une excellente alternative aux huiles de poisson et de krill<\/li>\n<li>En effet, dans un contexte de pollution des eaux, les huiles de poisson peuvent \u00eatre contamin\u00e9es par des sources de m\u00e9taux lourds.<\/li>\n<li>SYNERCELL OMEGA-3V<b><strong>\u00a0<\/strong><\/b>est une excellente alternative saine compatible avec un r\u00e9gime v\u00e9g\u00e9tarien.<\/li>\n<\/ul>\n<table>\n<tbody>\n<tr>\n<td>Informations nutritionnelles<\/td>\n<td>Par dose de 5 ml<\/td>\n<\/tr>\n<tr>\n<td><strong>Huile de p\u00e9rilla<\/strong><\/td>\n<td><strong>1934 mg<\/strong><\/td>\n<\/tr>\n<tr>\n<td>Dont om\u00e9ga-3 alpha-linol\u00e9nique ALA<\/td>\n<td>1218 mg<\/td>\n<\/tr>\n<tr>\n<td><strong>Extrait d'ac\u00e9rola<\/strong><\/td>\n<td><strong>26,8 mg<\/strong><\/td>\n<\/tr>\n<tr>\n<td>Dont vitamine C<\/td>\n<td>13,5 mg<\/td>\n<\/tr>\n<tr>\n<td><strong>Extrait d'algues Haematococcus pluvialis <\/strong><\/td>\n<td><strong>57 mg<\/strong><\/td>\n<\/tr>\n<tr>\n<td>dont astaxanthine<\/td>\n<td>2,8 mg<\/td>\n<\/tr>\n<tr>\n<td><strong>Vitamine E <\/strong><\/td>\n<td><strong>7,8 mg<\/strong><\/td>\n<\/tr>\n<tr>\n<td><strong>Vitamine E<\/strong><\/td>\n<td><strong>3 mg<\/strong><\/td>\n<\/tr>\n<\/tbody>\n<\/table>\n<p><b><strong><em><u>Note<\/u><\/em><\/strong><\/b><b><strong><em><u>-*1 dose de 5 ml\u00a0<\/u><\/em><\/strong><\/b><b><strong><em><u>\u2243\u00a0<\/u><\/em><\/strong><\/b><b><strong><em><u>1 cucchiaino<\/u><\/em><\/strong><\/b><\/p>\n<p style=\"font-weight: 400;\"><b><strong><u><br \/>\nALA (ACIDE ALPHA-LINOL\u00c9NIQUE)<\/u><\/strong><\/b><\/p>\n<ol>\n<li style=\"font-weight: 400;\">L'ALA est le v\u00e9ritable acide gras essentiel om\u00e9ga-3.<\/li>\n<li style=\"font-weight: 400;\">Il est essentiel de l'inclure dans notre alimentation car notre corps ne peut pas le fabriquer.<\/li>\n<li style=\"font-weight: 400;\">L'ALA est un nutriment essentiel au m\u00eame titre que les vitamines, les min\u00e9raux et les oligo-\u00e9l\u00e9ments.<\/li>\n<li style=\"font-weight: 400;\">L'acide alpha-linol\u00e9nique est converti en acides gras om\u00e9ga-3 \u00e0 longue cha\u00eene, notamment en EPA et DHA. Pour une conversion optimale, il est n\u00e9cessaire d'avoir un apport \u00e9quilibr\u00e9 en om\u00e9ga-3-6-9.<\/li>\n<li style=\"font-weight: 400;\">L'huile de p\u00e9rilla fournit 67% d'ALA om\u00e9ga-3 contre 12% d'om\u00e9ga-6 et 14% d'om\u00e9ga-9.<\/li>\n<li style=\"font-weight: 400;\">Parmi les huiles v\u00e9g\u00e9tales, celle de p\u00e9rilla est la plus concentr\u00e9e en ALA (67%). De plus, elle est peu oxydable et conserve donc toutes ses qualit\u00e9s nutritionnelles, sans alt\u00e9ration dans le temps.<\/li>\n<\/ol>\n<p style=\"font-weight: 400;\"><b><strong><u>ASTAXANTHINE :<\/u><\/strong><\/b><\/p>\n<ul>\n<li style=\"font-weight: 400;\">L'astaxanthine est un pigment rouge de la famille des carot\u00e9no\u00efdes. Elle provient de l'Haematococcus pluvialis,<br \/>\nune microalgue d'eau douce (comme la spiruline) que nous cultivons dans des bassins contr\u00f4l\u00e9s, conform\u00e9ment \u00e0 la charte de qualit\u00e9 de notre entreprise.<\/li>\n<li style=\"font-weight: 400;\">Nous avons choisi cette source directe afin d'assurer une tra\u00e7abilit\u00e9 optimale et l'absence de risque de pollution, comme c'est le cas pour les poissons et crustac\u00e9s de mer.<\/li>\n<\/ul>\n<p style=\"font-weight: 400;\"><b><strong><u>VITAMINE E ;<\/u><\/strong><\/b><\/p>\n<p style=\"font-weight: 400;\"><b><strong>Il est propos\u00e9 ici sous sa forme naturelle (D-tocoph\u00e9rol).<\/strong><\/b><\/p>\n<p style=\"font-weight: 400;\"><b><strong><u>VITAMINE D :<\/u><\/strong><\/b><\/p>\n<ol>\n<li style=\"font-weight: 400;\">\u00a0\u00a0\u00a0\u00a0\u00a0\u00a0\u00a0\u00a0Malgr\u00e9 sa production naturelle par l'organisme lors de son exposition au soleil, il existe de nombreuses carences en vitamine D, d'o\u00f9 l'int\u00e9r\u00eat d'avoir un apport r\u00e9gulier de cette vitamine.<\/li>\n<li style=\"font-weight: 400;\">\u00a0\u00a0\u00a0\u00a0\u00a0\u00a0\u00a0\u00a0En effet, il assure la bonne absorption du calcium et du phosphore et leur \u00e9quilibre permet la min\u00e9ralisation osseuse. Il participe donc \u00e0 la pr\u00e9vention de l'ost\u00e9oporose.<\/li>\n<\/ol>\n<p style=\"font-weight: 400;\">\u00a0\u00a0\u00a0Les consommateurs de Synercell Omega-3V ont constat\u00e9 les bene\ufb01ts suivants, ce qui confirme les \u00e9tudes scientifiques men\u00e9es sur la curcumine et ses composants.<\/p>\n<ul>\n<li style=\"font-weight: 400;\"><b><strong>Anti-inflammatoire<\/strong><\/b><\/li>\n<li style=\"font-weight: 400;\"><b><strong>Cardioprotecteur ;<\/strong><\/b><\/li>\n<li style=\"font-weight: 400;\"><b><strong>Favorise le d\u00e9veloppement des capacit\u00e9s c\u00e9r\u00e9brales des enfants ;<\/strong><\/b><\/li>\n<li style=\"font-weight: 400;\"><b><strong>Renforce le syst\u00e8me nerveux ;<\/strong><\/b><\/li>\n<li style=\"font-weight: 400;\"><b><strong>Pr\u00e9vention des troubles neurologiques ;<\/strong><\/b><\/li>\n<li style=\"font-weight: 400;\"><b><strong>Pr\u00e9vention des infections ;<\/strong><\/b><\/li>\n<li style=\"font-weight: 400;\"><b><strong>Pr\u00e9vention des r\u00e9actions allergiques ;<\/strong><\/b><\/li>\n<li style=\"font-weight: 400;\"><b><strong>R\u00e9gulation de la pression sanguine.<\/strong><\/b><\/li>\n<li style=\"font-weight: 400;\"><b><strong>Antioxydant ;<\/strong><\/b><\/li>\n<li style=\"font-weight: 400;\"><b><strong>Cardiovasculaire, neurologique ;<\/strong><\/b><\/li>\n<li style=\"font-weight: 400;\"><b><strong>Protection des yeux et de la peau ;<\/strong><\/b><\/li>\n<li style=\"font-weight: 400;\"><b><strong>Am\u00e9lioration des performances physiques.<\/strong><\/b><\/li>\n<li style=\"font-weight: 400;\"><b><strong>Pr\u00e9vention de l'oxydation des acides gras essentiels<\/strong><\/b><\/li>\n<li style=\"font-weight: 400;\"><b><strong>Action b\u00e9n\u00e9fique sur le cholest\u00e9rol<\/strong><\/b><\/li>\n<\/ul>\n<p style=\"font-weight: 400;\"><u>Tous les t\u00e9moignages sont disponibles dans la section \"t\u00e9moignages\" du produit.<\/u><\/p>\n<p style=\"font-weight: 400;\"><b><strong><u>Recommandation d'utilisation<\/u><\/strong><\/b><\/p>\n<p style=\"font-weight: 400;\">Les compl\u00e9ments alimentaires doivent\u00a0<b><strong>\u00eatre utilis\u00e9 dans le cadre d'un mode de vie sain\u00a0<\/strong><\/b>et non comme des substituts d'une alimentation vari\u00e9e et \u00e9quilibr\u00e9e.\u00a0<b><strong>Ne pas d\u00e9passer la dose journali\u00e8re recommand\u00e9e.\u00a0<\/strong><\/b>Tenir hors de port\u00e9e des jeunes enfants. Pour une utilisation chez la femme enceinte ou allaitante, consulter son m\u00e9decin. L'utilisation est d\u00e9conseill\u00e9e aux personnes souffrant d'allergie aux salicylates et aux personnes sous traitement anticoagulant.\u00a0 \u00a0 Ce compl\u00e9ment alimentaire ne convient pas aux enfants de moins de 3 ans.<\/p>\n<p style=\"font-weight: 400;\"><b><strong><u>Ingr\u00e9dients\u00a0<\/u><\/strong><\/b>:<\/p>\n<p style=\"font-weight: 400;\"><b><strong><u>Stabilisant :<\/u><\/strong><\/b><em>\u00a0<\/em>:\u00a0Huile de graines de p\u00e9rilla (Perilla frutescens), eau purifi\u00e9e, sirop d'agave, glyc\u00e9rine v\u00e9g\u00e9tale.<\/p>\n<p style=\"font-weight: 400;\"><b><strong><u>\u00c9mulsifiant\u00a0<\/u><\/strong><\/b><b><strong>:<\/strong><\/b>\u00a0L\u00e9cithine de tournesol, ar\u00f4me naturel,<\/p>\n<p style=\"font-weight: 400;\"><b><strong><u>Acidit\u00e9\u00a0<\/u><\/strong><\/b><b><strong><u>Correcteur\u00a0<\/u><\/strong><\/b>: Extrait d'acide malique d'Haematococcus pluvialis dos\u00e9 en astaxanthine, extrait de fruit d'ac\u00e9rola (Malpighia glabra L.) dos\u00e9 en vitamine C.<\/p>\n<p style=\"font-weight: 400;\"><b><strong><u>\u00c9paississeur\u00a0<\/u><\/strong><\/b>: Gomme xanthane (origine v\u00e9g\u00e9tale, non OGM), d-alpha-tocoph\u00e9rol (vitamine E).<\/p>\n<p style=\"font-weight: 400;\"><b><strong><u>Conservateur\u00a0<\/u><\/strong><\/b>:\u00a0Sorbate de potassium, chol\u00e9calcif\u00e9rol (vitamine D3 v\u00e9g\u00e9tale).<\/p>\n<p style=\"font-weight: 400;\"><b><strong><u>Mode d'emploi<\/u><\/strong><\/b><b><strong><u>\u00a0<\/u><\/strong><\/b>:\u00a0Une cuill\u00e8re-mesure de 5 ml une fois par jour, de pr\u00e9f\u00e9rence le soir pendant les repas.<\/p>\n<\/li>\n<\/ul>","protected":false},"excerpt":{"rendered":"<p>In order to guarantee you better bioavailability of ALA, we have developed SYNERCELL OMEGA-3V an emulsion of purified water and perilla oil first cold pressing of Biological Origin. The emulsion is obtained through the use of a natural emulsifier, sunflower lecithin (of biological origin) &#8211; also called phosphatidylcholine from the family of phospholipids the\u00a0 \u00a0Main &hellip; <a href=\"https:\/\/purespiruline.com\/fr\/produit\/omega-3v-gel\/\" class=\"more-link\">Continue reading <span class=\"screen-reader-text\">Gel Om\u00e9ga-3V<\/span><\/a><\/p>","protected":false},"featured_media":4976,"template":"","meta":{"_wp_convertkit_post_meta":{"form":"-1","landing_page":"0","tag":"0","restrict_content":"0"}},"pwb-brand":[220],"product_cat":[98,86,102,111],"product_tag":[138,137],"yoast_head":"<!-- This site is optimized with the Yoast SEO plugin v23.6 - https:\/\/yoast.com\/wordpress\/plugins\/seo\/ -->\n<title>Omega 3 pour r\u00e9duire le stress et prendre soin de votre c\u0153ur<\/title>\n<meta name=\"description\" content=\"Reduce your stress and preserve your heart with our unique and concentrated Omega 3 food gel. Test its effectiveness without further delay!\" \/>\n<meta name=\"robots\" content=\"index, follow, max-snippet:-1, max-image-preview:large, max-video-preview:-1\" \/>\n<link rel=\"canonical\" href=\"https:\/\/purespiruline.com\/fr\/produit\/omega-3v-gel\/\" \/>\n<meta property=\"og:locale\" content=\"fr_FR\" \/>\n<meta property=\"og:type\" content=\"article\" \/>\n<meta property=\"og:title\" content=\"Omega 3 pour r\u00e9duire le stress et prendre soin de votre c\u0153ur\" \/>\n<meta property=\"og:description\" content=\"Reduce your stress and preserve your heart with our unique and concentrated Omega 3 food gel. Test its effectiveness without further delay!\" \/>\n<meta property=\"og:url\" content=\"https:\/\/purespiruline.com\/fr\/produit\/omega-3v-gel\/\" \/>\n<meta property=\"og:site_name\" content=\"Pure Spiruline\" \/>\n<meta property=\"article:publisher\" content=\"https:\/\/www.facebook.com\/profile.php?id=100089206063090\" \/>\n<meta property=\"article:modified_time\" content=\"2023-06-30T17:02:43+00:00\" \/>\n<meta property=\"og:image\" content=\"https:\/\/purespiruline.com\/wp-content\/uploads\/2022\/03\/Tube_Omega3V.png\" \/>\n\t<meta property=\"og:image:width\" content=\"406\" \/>\n\t<meta property=\"og:image:height\" content=\"406\" \/>\n\t<meta property=\"og:image:type\" content=\"image\/png\" \/>\n<meta name=\"twitter:card\" content=\"summary_large_image\" \/>\n<meta name=\"twitter:site\" content=\"@purespiruline\" \/>\n<meta name=\"twitter:label1\" content=\"Dur\u00e9e de lecture estim\u00e9e\" \/>\n\t<meta name=\"twitter:data1\" content=\"3 minutes\" \/>\n<script type=\"application\/ld+json\" class=\"yoast-schema-graph\">{\"@context\":\"https:\/\/schema.org\",\"@graph\":[{\"@type\":\"WebPage\",\"@id\":\"https:\/\/purespiruline.com\/produit\/omega-3v-gel\/\",\"url\":\"https:\/\/purespiruline.com\/produit\/omega-3v-gel\/\",\"name\":\"Omega 3 pour r\u00e9duire le stress et prendre soin de votre c\u0153ur\",\"isPartOf\":{\"@id\":\"https:\/\/purespiruline.com\/#website\"},\"primaryImageOfPage\":{\"@id\":\"https:\/\/purespiruline.com\/produit\/omega-3v-gel\/#primaryimage\"},\"image\":{\"@id\":\"https:\/\/purespiruline.com\/produit\/omega-3v-gel\/#primaryimage\"},\"thumbnailUrl\":\"https:\/\/purespiruline.com\/wp-content\/uploads\/2022\/03\/Tube_Omega3V.png\",\"datePublished\":\"2022-03-14T11:20:16+00:00\",\"dateModified\":\"2023-06-30T17:02:43+00:00\",\"description\":\"Reduce your stress and preserve your heart with our unique and concentrated Omega 3 food gel. Test its effectiveness without further delay!\",\"breadcrumb\":{\"@id\":\"https:\/\/purespiruline.com\/produit\/omega-3v-gel\/#breadcrumb\"},\"inLanguage\":\"fr-FR\",\"potentialAction\":[{\"@type\":\"ReadAction\",\"target\":[\"https:\/\/purespiruline.com\/produit\/omega-3v-gel\/\"]}]},{\"@type\":\"ImageObject\",\"inLanguage\":\"fr-FR\",\"@id\":\"https:\/\/purespiruline.com\/produit\/omega-3v-gel\/#primaryimage\",\"url\":\"https:\/\/purespiruline.com\/wp-content\/uploads\/2022\/03\/Tube_Omega3V.png\",\"contentUrl\":\"https:\/\/purespiruline.com\/wp-content\/uploads\/2022\/03\/Tube_Omega3V.png\",\"width\":406,\"height\":406,\"caption\":\"Tube OmegaV\"},{\"@type\":\"BreadcrumbList\",\"@id\":\"https:\/\/purespiruline.com\/produit\/omega-3v-gel\/#breadcrumb\",\"itemListElement\":[{\"@type\":\"ListItem\",\"position\":1,\"name\":\"Home\",\"item\":\"https:\/\/purespiruline.com\/\"},{\"@type\":\"ListItem\",\"position\":2,\"name\":\"Shop\",\"item\":\"https:\/\/purespiruline.com\/gr\/shop-for-food-supplements-and-spirulina\/\"},{\"@type\":\"ListItem\",\"position\":3,\"name\":\"Omega-3V Gel\"}]},{\"@type\":\"WebSite\",\"@id\":\"https:\/\/purespiruline.com\/#website\",\"url\":\"https:\/\/purespiruline.com\/\",\"name\":\"Pure Spirulina\",\"description\":\"100% natural and efficient food supplement\",\"publisher\":{\"@id\":\"https:\/\/purespiruline.com\/#organization\"},\"alternateName\":\"KC Organics\",\"potentialAction\":[{\"@type\":\"SearchAction\",\"target\":{\"@type\":\"EntryPoint\",\"urlTemplate\":\"https:\/\/purespiruline.com\/?s={search_term_string}\"},\"query-input\":{\"@type\":\"PropertyValueSpecification\",\"valueRequired\":true,\"valueName\":\"search_term_string\"}}],\"inLanguage\":\"fr-FR\"},{\"@type\":\"Organization\",\"@id\":\"https:\/\/purespiruline.com\/#organization\",\"name\":\"Pure Spirulina\",\"alternateName\":\"KC Organics\",\"url\":\"https:\/\/purespiruline.com\/\",\"logo\":{\"@type\":\"ImageObject\",\"inLanguage\":\"fr-FR\",\"@id\":\"https:\/\/purespiruline.com\/#\/schema\/logo\/image\/\",\"url\":\"https:\/\/purespiruline.com\/wp-content\/uploads\/2022\/03\/cropped-4-1.png\",\"contentUrl\":\"https:\/\/purespiruline.com\/wp-content\/uploads\/2022\/03\/cropped-4-1.png\",\"width\":512,\"height\":512,\"caption\":\"Pure Spirulina\"},\"image\":{\"@id\":\"https:\/\/purespiruline.com\/#\/schema\/logo\/image\/\"},\"sameAs\":[\"https:\/\/www.facebook.com\/profile.php?id=100089206063090\",\"https:\/\/x.com\/purespiruline\",\"https:\/\/www.instagram.com\/pure_spiruline\/\",\"https:\/\/www.tiktok.com\/@purespiruline\"]}]}<\/script>\n<!-- \/ Yoast SEO plugin. -->","yoast_head_json":{"title":"Om\u00e9ga 3 pour r\u00e9duire le stress et prendre soin de votre c\u0153ur","description":"R\u00e9duisez votre stress et pr\u00e9servez votre c\u0153ur avec notre gel alimentaire Om\u00e9ga 3 unique et concentr\u00e9. Testez son efficacit\u00e9 sans plus attendre !","robots":{"index":"index","follow":"follow","max-snippet":"max-snippet:-1","max-image-preview":"max-image-preview:large","max-video-preview":"max-video-preview:-1"},"canonical":"https:\/\/purespiruline.com\/fr\/produit\/omega-3v-gel\/","og_locale":"fr_FR","og_type":"article","og_title":"Omega 3 pour r\u00e9duire le stress et prendre soin de votre c\u0153ur","og_description":"Reduce your stress and preserve your heart with our unique and concentrated Omega 3 food gel. Test its effectiveness without further delay!","og_url":"https:\/\/purespiruline.com\/fr\/produit\/omega-3v-gel\/","og_site_name":"Pure Spiruline","article_publisher":"https:\/\/www.facebook.com\/profile.php?id=100089206063090","article_modified_time":"2023-06-30T17:02:43+00:00","og_image":[{"width":406,"height":406,"url":"https:\/\/purespiruline.com\/wp-content\/uploads\/2022\/03\/Tube_Omega3V.png","type":"image\/png"}],"twitter_card":"summary_large_image","twitter_site":"@purespiruline","twitter_misc":{"Dur\u00e9e de lecture estim\u00e9e":"3 minutes"},"schema":{"@context":"https:\/\/schema.org","@graph":[{"@type":"WebPage","@id":"https:\/\/purespiruline.com\/produit\/omega-3v-gel\/","url":"https:\/\/purespiruline.com\/produit\/omega-3v-gel\/","name":"Om\u00e9ga 3 pour r\u00e9duire le stress et prendre soin de votre c\u0153ur","isPartOf":{"@id":"https:\/\/purespiruline.com\/#website"},"primaryImageOfPage":{"@id":"https:\/\/purespiruline.com\/produit\/omega-3v-gel\/#primaryimage"},"image":{"@id":"https:\/\/purespiruline.com\/produit\/omega-3v-gel\/#primaryimage"},"thumbnailUrl":"https:\/\/purespiruline.com\/wp-content\/uploads\/2022\/03\/Tube_Omega3V.png","datePublished":"2022-03-14T11:20:16+00:00","dateModified":"2023-06-30T17:02:43+00:00","description":"R\u00e9duisez votre stress et pr\u00e9servez votre c\u0153ur avec notre gel alimentaire Om\u00e9ga 3 unique et concentr\u00e9. Testez son efficacit\u00e9 sans plus attendre !","breadcrumb":{"@id":"https:\/\/purespiruline.com\/produit\/omega-3v-gel\/#breadcrumb"},"inLanguage":"fr-FR","potentialAction":[{"@type":"ReadAction","target":["https:\/\/purespiruline.com\/produit\/omega-3v-gel\/"]}]},{"@type":"ImageObject","inLanguage":"fr-FR","@id":"https:\/\/purespiruline.com\/produit\/omega-3v-gel\/#primaryimage","url":"https:\/\/purespiruline.com\/wp-content\/uploads\/2022\/03\/Tube_Omega3V.png","contentUrl":"https:\/\/purespiruline.com\/wp-content\/uploads\/2022\/03\/Tube_Omega3V.png","width":406,"height":406,"caption":"Tube OmegaV"},{"@type":"BreadcrumbList","@id":"https:\/\/purespiruline.com\/produit\/omega-3v-gel\/#breadcrumb","itemListElement":[{"@type":"ListItem","position":1,"name":"Home","item":"https:\/\/purespiruline.com\/"},{"@type":"ListItem","position":2,"name":"Shop","item":"https:\/\/purespiruline.com\/gr\/shop-for-food-supplements-and-spirulina\/"},{"@type":"ListItem","position":3,"name":"Omega-3V Gel"}]},{"@type":"WebSite","@id":"https:\/\/purespiruline.com\/#website","url":"https:\/\/purespiruline.com\/","name":"Spiruline pure","description":"100% compl\u00e9ment alimentaire naturel et efficace","publisher":{"@id":"https:\/\/purespiruline.com\/#organization"},"alternateName":"KC Organics","potentialAction":[{"@type":"SearchAction","target":{"@type":"EntryPoint","urlTemplate":"https:\/\/purespiruline.com\/?s={search_term_string}"},"query-input":{"@type":"PropertyValueSpecification","valueRequired":true,"valueName":"search_term_string"}}],"inLanguage":"fr-FR"},{"@type":"Organization","@id":"https:\/\/purespiruline.com\/#organization","name":"Spiruline pure","alternateName":"KC Organics","url":"https:\/\/purespiruline.com\/","logo":{"@type":"ImageObject","inLanguage":"fr-FR","@id":"https:\/\/purespiruline.com\/#\/schema\/logo\/image\/","url":"https:\/\/purespiruline.com\/wp-content\/uploads\/2022\/03\/cropped-4-1.png","contentUrl":"https:\/\/purespiruline.com\/wp-content\/uploads\/2022\/03\/cropped-4-1.png","width":512,"height":512,"caption":"Pure Spirulina"},"image":{"@id":"https:\/\/purespiruline.com\/#\/schema\/logo\/image\/"},"sameAs":["https:\/\/www.facebook.com\/profile.php?id=100089206063090","https:\/\/x.com\/purespiruline","https:\/\/www.instagram.com\/pure_spiruline\/","https:\/\/www.tiktok.com\/@purespiruline"]}]}},"brands":[{"id":220,"name":"SYNERCELL","slug":"synercell"}],"_links":{"self":[{"href":"https:\/\/purespiruline.com\/fr\/wp-json\/wp\/v2\/product\/4975"}],"collection":[{"href":"https:\/\/purespiruline.com\/fr\/wp-json\/wp\/v2\/product"}],"about":[{"href":"https:\/\/purespiruline.com\/fr\/wp-json\/wp\/v2\/types\/product"}],"wp:featuredmedia":[{"embeddable":true,"href":"https:\/\/purespiruline.com\/fr\/wp-json\/wp\/v2\/media\/4976"}],"wp:attachment":[{"href":"https:\/\/purespiruline.com\/fr\/wp-json\/wp\/v2\/media?parent=4975"}],"wp:term":[{"taxonomy":"pwb-brand","embeddable":true,"href":"https:\/\/purespiruline.com\/fr\/wp-json\/wp\/v2\/pwb-brand?post=4975"},{"taxonomy":"product_cat","embeddable":true,"href":"https:\/\/purespiruline.com\/fr\/wp-json\/wp\/v2\/product_cat?post=4975"},{"taxonomy":"product_tag","embeddable":true,"href":"https:\/\/purespiruline.com\/fr\/wp-json\/wp\/v2\/product_tag?post=4975"}],"curies":[{"name":"wp","href":"https:\/\/api.w.org\/{rel}","templated":true}]}}