{"id":4972,"date":"2022-03-14T12:07:01","date_gmt":"2022-03-14T11:07:01","guid":{"rendered":"https:\/\/purespiruline.com\/?post_type=product&#038;p=4972"},"modified":"2025-03-25T13:42:17","modified_gmt":"2025-03-25T12:42:17","slug":"phycocyanin-gel","status":"publish","type":"product","link":"https:\/\/purespiruline.com\/fr\/produit\/gel-de-phycocyanine\/","title":{"rendered":"Gel de Phycocyanine"},"content":{"rendered":"<ul style=\"font-weight: 400;\">\n<li>La phycocyanine est le joyau de la spiruline. A la fois pigment bleu naturel et prot\u00e9ine de qualit\u00e9, elle est un puissant antioxydant.<\/li>\n<li>La phycocyanine a une structure similaire \u00e0 celle de l'h\u00e9moglobine, \u00e0 l'exception d'un atome (celui du fer en moins !).<\/li>\n<li>Il stimule la synth\u00e8se des globules rouges et blancs, renforce le syst\u00e8me immunitaire tout en ayant un effet antioxydant, antiallergique et anti-inflammatoire.<\/li>\n<li>Elle a une activit\u00e9 antioxydante 16 fois plus efficace que la vitamine E.<\/li>\n<li>La phycocyanine d\u00e9toxifie, prot\u00e8ge les reins et pr\u00e9vient l'empoisonnement par les m\u00e9taux lourds.<\/li>\n<li>Gr\u00e2ce \u00e0 sa formule unique compos\u00e9e d'un m\u00e9lange de gomme naturelle et d'eau purifi\u00e9e,<\/li>\n<li>Les composants actifs de Synercell Phycocyanin sont fix\u00e9s de mani\u00e8re homog\u00e8ne et deviennent hautement biodisponibles et assimilables.<\/li>\n<li>Synercell Phycocyanin est votre meilleur atout pr\u00e9vention-sant\u00e9 pour maintenir le nettoyage des cellules et renforcer votre immunit\u00e9 contre les multiples agressions ext\u00e9rieures.<\/li>\n<\/ul>\n<table>\n<tbody>\n<tr>\n<td>Informations nutritionnelles<\/td>\n<td>Par dose de 5 ml<\/td>\n<\/tr>\n<tr>\n<td><strong>Extrait de spiruline<\/strong><\/td>\n<td><strong>40 mg<\/strong><\/td>\n<\/tr>\n<tr>\n<td>Dos\u00e9 en phycocyanine<\/td>\n<td>38 mg<\/td>\n<\/tr>\n<tr>\n<td><strong>Extrait d'ac\u00e9rola<\/strong><\/td>\n<td><strong>125 mg<\/strong><\/td>\n<\/tr>\n<tr>\n<td>Dos\u00e9 en phycocyanine<\/td>\n<td>62,5 mg<\/td>\n<\/tr>\n<\/tbody>\n<\/table>\n<p><em>*<\/em><b><strong>\u00a0Note-<\/strong><\/b><em><u>1 dose de 5 ml\u00a0<\/u><\/em><em><u>\u2243\u00a0<\/u><\/em><em><u>1 cucchiaino<\/u><\/em><\/p>\n<p style=\"font-weight: 400;\"><b><strong>Les consommateurs de Synercell Phycocyanin ont fait l'exp\u00e9rience des bene\ufb01ts suivants :<\/strong><\/b><\/p>\n<ul>\n<li style=\"font-weight: 400;\">Agit efficacement contre le stress oxydatif et les effets du vieillissement ;<\/li>\n<li style=\"font-weight: 400;\">Stimule les d\u00e9fenses immunitaires ;<\/li>\n<li style=\"font-weight: 400;\">Agit favorablement sur les plaques d'ath\u00e9rome et r\u00e9gule le cholest\u00e9rol ;<\/li>\n<li style=\"font-weight: 400;\">Prot\u00e8ge les cellules r\u00e9nales en supprimant les radicaux libres ;<\/li>\n<li style=\"font-weight: 400;\">R\u00e9gule et pr\u00e9vient les probl\u00e8mes de thyro\u00efde ;<\/li>\n<li style=\"font-weight: 400;\">Action calmante sur l'hyperactivit\u00e9 des enfants ;<\/li>\n<li style=\"font-weight: 400;\">Am\u00e9liore la r\u00e9sistance et l'endurance ;<\/li>\n<li style=\"font-weight: 400;\">Permet le recyclage des lactates pendant les activit\u00e9s sportives ;<\/li>\n<li style=\"font-weight: 400;\">Action favorable et pr\u00e9ventive dans les affections neurod\u00e9g\u00e9n\u00e9ratives ;<\/li>\n<li style=\"font-weight: 400;\">R\u00e9duit l'insomnie et la fatigue ;<\/li>\n<li style=\"font-weight: 400;\">Am\u00e9liore la concentration et les troubles de la m\u00e9moire.<\/li>\n<\/ul>\n<p style=\"font-weight: 400;\"><u>Tous les t\u00e9moignages sont disponibles dans la section \"t\u00e9moignages\" du produit.<\/u><\/p>\n<p style=\"font-weight: 400;\"><b><strong><u>Recommandation d'utilisation\u00a0<\/u><\/strong><\/b>:<\/p>\n<p style=\"font-weight: 400;\">Les compl\u00e9ments alimentaires doivent \u00eatre utilis\u00e9s dans le cadre d'un mode de vie sain et ne doivent pas se substituer \u00e0 une alimentation vari\u00e9e et \u00e9quilibr\u00e9e.\u00a0<b><strong>Ne pas d\u00e9passer la dose journali\u00e8re recommand\u00e9e.\u00a0<\/strong><\/b>Tenir hors de port\u00e9e des jeunes enfants. Pour l'utilisation chez les femmes enceintes ou allaitantes, consulter leur m\u00e9decin. Le b\u00eata-carot\u00e8ne est d\u00e9conseill\u00e9 aux fumeurs. Ce compl\u00e9ment alimentaire ne convient pas aux enfants de moins de 3 ans.<\/p>\n<p style=\"font-weight: 400;\"><b><strong><u>Ingr\u00e9dients\u00a0<\/u><\/strong><\/b>:<br \/>\nPhycocyanine<br \/>\nVoir le tableau ci-dessus<\/p>\n<p style=\"font-weight: 400;\"><b><strong><u>Stabilisant :<\/u><\/strong><\/b><em>\u00a0<\/em>:\u00a0Eau purifi\u00e9e, glyc\u00e9rine v\u00e9g\u00e9tale, extrait de fruit d'ac\u00e9rola (Malpighia glabra L.) dos\u00e9 en vitamine C, ar\u00f4me naturel.<\/p>\n<p style=\"font-weight: 400;\"><b><strong><u>\u00c9paississeur\u00a0<\/u><\/strong><\/b>:\u00a0Gomme xanthane (origine v\u00e9g\u00e9tale, non OGM).<\/p>\n<p style=\"font-weight: 400;\"><b><strong><u>Conservateur\u00a0<\/u><\/strong><\/b>:\u00a0Sorbate de potassium.<\/p>\n<p style=\"font-weight: 400;\"><b><strong><u>Mode d'emploi<\/u><\/strong><\/b><b><strong><u>\u00a0<\/u><\/strong><\/b>:\u00a0Une cuill\u00e8re-mesure de 5 ml une fois par jour, de pr\u00e9f\u00e9rence \u00e0 jeun.<\/p>","protected":false},"excerpt":{"rendered":"<p>Phycocyanin is the crown jewel of spirulina. Both natural blue pigment and quality protein, it is a powerful antioxidant. Phycocyanin has a structure similar to that of hemoglobin, except for one atom (that of iron less!). It stimulates the synthesis of red and white blood cells, boosts the immune system while providing an antioxidant, anti-allergic &hellip; <a href=\"https:\/\/purespiruline.com\/fr\/produit\/gel-de-phycocyanine\/\" class=\"more-link\">Continue reading <span class=\"screen-reader-text\">Gel de Phycocyanine<\/span><\/a><\/p>","protected":false},"featured_media":4973,"template":"","meta":{"_wp_convertkit_post_meta":{"form":"-1","landing_page":"0","tag":"0","restrict_content":"0"}},"pwb-brand":[220],"product_cat":[96,98,86,103,106,109],"product_tag":[122,135,134],"yoast_head":"<!-- This site is optimized with the Yoast SEO plugin v23.6 - https:\/\/yoast.com\/wordpress\/plugins\/seo\/ -->\n<title>Support your immune system and reduce inflammation<\/title>\n<meta name=\"description\" content=\"Experience the full benefits from spirulina and phycocyanin with our highly concentrated food gel. The perfect natural solution for optimal health\" \/>\n<meta name=\"robots\" content=\"index, follow, max-snippet:-1, max-image-preview:large, max-video-preview:-1\" \/>\n<link rel=\"canonical\" href=\"https:\/\/purespiruline.com\/fr\/produit\/gel-de-phycocyanine\/\" \/>\n<meta property=\"og:locale\" content=\"fr_FR\" \/>\n<meta property=\"og:type\" content=\"article\" \/>\n<meta property=\"og:title\" content=\"Support your immune system and reduce inflammation\" \/>\n<meta property=\"og:description\" content=\"Experience the full benefits from spirulina and phycocyanin with our highly concentrated food gel. The perfect natural solution for optimal health\" \/>\n<meta property=\"og:url\" content=\"https:\/\/purespiruline.com\/fr\/produit\/gel-de-phycocyanine\/\" \/>\n<meta property=\"og:site_name\" content=\"Pure Spiruline\" \/>\n<meta property=\"article:publisher\" content=\"https:\/\/www.facebook.com\/profile.php?id=100089206063090\" \/>\n<meta property=\"article:modified_time\" content=\"2025-03-25T12:42:17+00:00\" \/>\n<meta property=\"og:image\" content=\"https:\/\/purespiruline.com\/wp-content\/uploads\/2022\/03\/Tube_Phycocyanine2.jpg\" \/>\n\t<meta property=\"og:image:width\" content=\"406\" \/>\n\t<meta property=\"og:image:height\" content=\"406\" \/>\n\t<meta property=\"og:image:type\" content=\"image\/jpeg\" \/>\n<meta name=\"twitter:card\" content=\"summary_large_image\" \/>\n<meta name=\"twitter:site\" content=\"@purespiruline\" \/>\n<meta name=\"twitter:label1\" content=\"Dur\u00e9e de lecture estim\u00e9e\" \/>\n\t<meta name=\"twitter:data1\" content=\"2 minutes\" \/>\n<script type=\"application\/ld+json\" class=\"yoast-schema-graph\">{\"@context\":\"https:\/\/schema.org\",\"@graph\":[{\"@type\":\"WebPage\",\"@id\":\"https:\/\/purespiruline.com\/produit\/phycocyanin-gel\/\",\"url\":\"https:\/\/purespiruline.com\/produit\/phycocyanin-gel\/\",\"name\":\"Support your immune system and reduce inflammation\",\"isPartOf\":{\"@id\":\"https:\/\/purespiruline.com\/#website\"},\"primaryImageOfPage\":{\"@id\":\"https:\/\/purespiruline.com\/produit\/phycocyanin-gel\/#primaryimage\"},\"image\":{\"@id\":\"https:\/\/purespiruline.com\/produit\/phycocyanin-gel\/#primaryimage\"},\"thumbnailUrl\":\"https:\/\/purespiruline.com\/wp-content\/uploads\/2022\/03\/Tube_Phycocyanine2.jpg\",\"datePublished\":\"2022-03-14T11:07:01+00:00\",\"dateModified\":\"2025-03-25T12:42:17+00:00\",\"description\":\"Experience the full benefits from spirulina and phycocyanin with our highly concentrated food gel. The perfect natural solution for optimal health\",\"breadcrumb\":{\"@id\":\"https:\/\/purespiruline.com\/produit\/phycocyanin-gel\/#breadcrumb\"},\"inLanguage\":\"fr-FR\",\"potentialAction\":[{\"@type\":\"ReadAction\",\"target\":[\"https:\/\/purespiruline.com\/produit\/phycocyanin-gel\/\"]}]},{\"@type\":\"ImageObject\",\"inLanguage\":\"fr-FR\",\"@id\":\"https:\/\/purespiruline.com\/produit\/phycocyanin-gel\/#primaryimage\",\"url\":\"https:\/\/purespiruline.com\/wp-content\/uploads\/2022\/03\/Tube_Phycocyanine2.jpg\",\"contentUrl\":\"https:\/\/purespiruline.com\/wp-content\/uploads\/2022\/03\/Tube_Phycocyanine2.jpg\",\"width\":406,\"height\":406,\"caption\":\"Tube Phycocyanine\"},{\"@type\":\"BreadcrumbList\",\"@id\":\"https:\/\/purespiruline.com\/produit\/phycocyanin-gel\/#breadcrumb\",\"itemListElement\":[{\"@type\":\"ListItem\",\"position\":1,\"name\":\"Home\",\"item\":\"https:\/\/purespiruline.com\/\"},{\"@type\":\"ListItem\",\"position\":2,\"name\":\"Shop\",\"item\":\"https:\/\/purespiruline.com\/gr\/shop-for-food-supplements-and-spirulina\/\"},{\"@type\":\"ListItem\",\"position\":3,\"name\":\"Phycocyanin Gel\"}]},{\"@type\":\"WebSite\",\"@id\":\"https:\/\/purespiruline.com\/#website\",\"url\":\"https:\/\/purespiruline.com\/\",\"name\":\"Pure Spirulina\",\"description\":\"100% natural and efficient food supplement\",\"publisher\":{\"@id\":\"https:\/\/purespiruline.com\/#organization\"},\"alternateName\":\"KC Organics\",\"potentialAction\":[{\"@type\":\"SearchAction\",\"target\":{\"@type\":\"EntryPoint\",\"urlTemplate\":\"https:\/\/purespiruline.com\/?s={search_term_string}\"},\"query-input\":{\"@type\":\"PropertyValueSpecification\",\"valueRequired\":true,\"valueName\":\"search_term_string\"}}],\"inLanguage\":\"fr-FR\"},{\"@type\":\"Organization\",\"@id\":\"https:\/\/purespiruline.com\/#organization\",\"name\":\"Pure Spirulina\",\"alternateName\":\"KC Organics\",\"url\":\"https:\/\/purespiruline.com\/\",\"logo\":{\"@type\":\"ImageObject\",\"inLanguage\":\"fr-FR\",\"@id\":\"https:\/\/purespiruline.com\/#\/schema\/logo\/image\/\",\"url\":\"https:\/\/purespiruline.com\/wp-content\/uploads\/2022\/03\/cropped-4-1.png\",\"contentUrl\":\"https:\/\/purespiruline.com\/wp-content\/uploads\/2022\/03\/cropped-4-1.png\",\"width\":512,\"height\":512,\"caption\":\"Pure Spirulina\"},\"image\":{\"@id\":\"https:\/\/purespiruline.com\/#\/schema\/logo\/image\/\"},\"sameAs\":[\"https:\/\/www.facebook.com\/profile.php?id=100089206063090\",\"https:\/\/x.com\/purespiruline\",\"https:\/\/www.instagram.com\/pure_spiruline\/\",\"https:\/\/www.tiktok.com\/@purespiruline\"]}]}<\/script>\n<!-- \/ Yoast SEO plugin. -->","yoast_head_json":{"title":"Soutenir le syst\u00e8me immunitaire et r\u00e9duire l'inflammation","description":"B\u00e9n\u00e9ficiez de tous les avantages de la spiruline et de la phycocyanine gr\u00e2ce \u00e0 notre gel alimentaire hautement concentr\u00e9. La solution naturelle parfaite pour une sant\u00e9 optimale","robots":{"index":"index","follow":"follow","max-snippet":"max-snippet:-1","max-image-preview":"max-image-preview:large","max-video-preview":"max-video-preview:-1"},"canonical":"https:\/\/purespiruline.com\/fr\/produit\/gel-de-phycocyanine\/","og_locale":"fr_FR","og_type":"article","og_title":"Support your immune system and reduce inflammation","og_description":"Experience the full benefits from spirulina and phycocyanin with our highly concentrated food gel. The perfect natural solution for optimal health","og_url":"https:\/\/purespiruline.com\/fr\/produit\/gel-de-phycocyanine\/","og_site_name":"Pure Spiruline","article_publisher":"https:\/\/www.facebook.com\/profile.php?id=100089206063090","article_modified_time":"2025-03-25T12:42:17+00:00","og_image":[{"width":406,"height":406,"url":"https:\/\/purespiruline.com\/wp-content\/uploads\/2022\/03\/Tube_Phycocyanine2.jpg","type":"image\/jpeg"}],"twitter_card":"summary_large_image","twitter_site":"@purespiruline","twitter_misc":{"Dur\u00e9e de lecture estim\u00e9e":"2 minutes"},"schema":{"@context":"https:\/\/schema.org","@graph":[{"@type":"WebPage","@id":"https:\/\/purespiruline.com\/produit\/phycocyanin-gel\/","url":"https:\/\/purespiruline.com\/produit\/phycocyanin-gel\/","name":"Soutenir le syst\u00e8me immunitaire et r\u00e9duire l'inflammation","isPartOf":{"@id":"https:\/\/purespiruline.com\/#website"},"primaryImageOfPage":{"@id":"https:\/\/purespiruline.com\/produit\/phycocyanin-gel\/#primaryimage"},"image":{"@id":"https:\/\/purespiruline.com\/produit\/phycocyanin-gel\/#primaryimage"},"thumbnailUrl":"https:\/\/purespiruline.com\/wp-content\/uploads\/2022\/03\/Tube_Phycocyanine2.jpg","datePublished":"2022-03-14T11:07:01+00:00","dateModified":"2025-03-25T12:42:17+00:00","description":"B\u00e9n\u00e9ficiez de tous les avantages de la spiruline et de la phycocyanine gr\u00e2ce \u00e0 notre gel alimentaire hautement concentr\u00e9. La solution naturelle parfaite pour une sant\u00e9 optimale","breadcrumb":{"@id":"https:\/\/purespiruline.com\/produit\/phycocyanin-gel\/#breadcrumb"},"inLanguage":"fr-FR","potentialAction":[{"@type":"ReadAction","target":["https:\/\/purespiruline.com\/produit\/phycocyanin-gel\/"]}]},{"@type":"ImageObject","inLanguage":"fr-FR","@id":"https:\/\/purespiruline.com\/produit\/phycocyanin-gel\/#primaryimage","url":"https:\/\/purespiruline.com\/wp-content\/uploads\/2022\/03\/Tube_Phycocyanine2.jpg","contentUrl":"https:\/\/purespiruline.com\/wp-content\/uploads\/2022\/03\/Tube_Phycocyanine2.jpg","width":406,"height":406,"caption":"Tube Phycocyanine"},{"@type":"BreadcrumbList","@id":"https:\/\/purespiruline.com\/produit\/phycocyanin-gel\/#breadcrumb","itemListElement":[{"@type":"ListItem","position":1,"name":"Home","item":"https:\/\/purespiruline.com\/"},{"@type":"ListItem","position":2,"name":"Shop","item":"https:\/\/purespiruline.com\/gr\/shop-for-food-supplements-and-spirulina\/"},{"@type":"ListItem","position":3,"name":"Phycocyanin Gel"}]},{"@type":"WebSite","@id":"https:\/\/purespiruline.com\/#website","url":"https:\/\/purespiruline.com\/","name":"Spiruline pure","description":"100% compl\u00e9ment alimentaire naturel et efficace","publisher":{"@id":"https:\/\/purespiruline.com\/#organization"},"alternateName":"KC Organics","potentialAction":[{"@type":"SearchAction","target":{"@type":"EntryPoint","urlTemplate":"https:\/\/purespiruline.com\/?s={search_term_string}"},"query-input":{"@type":"PropertyValueSpecification","valueRequired":true,"valueName":"search_term_string"}}],"inLanguage":"fr-FR"},{"@type":"Organization","@id":"https:\/\/purespiruline.com\/#organization","name":"Spiruline pure","alternateName":"KC Organics","url":"https:\/\/purespiruline.com\/","logo":{"@type":"ImageObject","inLanguage":"fr-FR","@id":"https:\/\/purespiruline.com\/#\/schema\/logo\/image\/","url":"https:\/\/purespiruline.com\/wp-content\/uploads\/2022\/03\/cropped-4-1.png","contentUrl":"https:\/\/purespiruline.com\/wp-content\/uploads\/2022\/03\/cropped-4-1.png","width":512,"height":512,"caption":"Pure Spirulina"},"image":{"@id":"https:\/\/purespiruline.com\/#\/schema\/logo\/image\/"},"sameAs":["https:\/\/www.facebook.com\/profile.php?id=100089206063090","https:\/\/x.com\/purespiruline","https:\/\/www.instagram.com\/pure_spiruline\/","https:\/\/www.tiktok.com\/@purespiruline"]}]}},"brands":[{"id":220,"name":"SYNERCELL","slug":"synercell"}],"_links":{"self":[{"href":"https:\/\/purespiruline.com\/fr\/wp-json\/wp\/v2\/product\/4972"}],"collection":[{"href":"https:\/\/purespiruline.com\/fr\/wp-json\/wp\/v2\/product"}],"about":[{"href":"https:\/\/purespiruline.com\/fr\/wp-json\/wp\/v2\/types\/product"}],"wp:featuredmedia":[{"embeddable":true,"href":"https:\/\/purespiruline.com\/fr\/wp-json\/wp\/v2\/media\/4973"}],"wp:attachment":[{"href":"https:\/\/purespiruline.com\/fr\/wp-json\/wp\/v2\/media?parent=4972"}],"wp:term":[{"taxonomy":"pwb-brand","embeddable":true,"href":"https:\/\/purespiruline.com\/fr\/wp-json\/wp\/v2\/pwb-brand?post=4972"},{"taxonomy":"product_cat","embeddable":true,"href":"https:\/\/purespiruline.com\/fr\/wp-json\/wp\/v2\/product_cat?post=4972"},{"taxonomy":"product_tag","embeddable":true,"href":"https:\/\/purespiruline.com\/fr\/wp-json\/wp\/v2\/product_tag?post=4972"}],"curies":[{"name":"wp","href":"https:\/\/api.w.org\/{rel}","templated":true}]}}