{"id":4968,"date":"2022-03-14T12:01:33","date_gmt":"2022-03-14T12:01:33","guid":{"rendered":"https:\/\/purespiruline.com\/?post_type=product&#038;p=4968"},"modified":"2025-03-25T13:42:46","modified_gmt":"2025-03-25T12:42:46","slug":"spirulina-gel","status":"publish","type":"product","link":"https:\/\/purespiruline.com\/fr\/produit\/spiruline-gel\/","title":{"rendered":"Gel de Spiruline"},"content":{"rendered":"<ul>\n<li>La spiruline est un tr\u00e9sor d'une richesse in\u00e9gal\u00e9e en micronutriments et en nutriments n\u00e9cessaires \u00e0 notre bonne sant\u00e9.<\/li>\n<\/ul>\n<ul>\n<li>Elle est reconnue comme le superaliment le plus riche de la plan\u00e8te et la source de prot\u00e9ines la plus concentr\u00e9e que l'on puisse trouver dans la nature (plus de 60% de prot\u00e9ines). Elle fournit entre autres tous les acides amin\u00e9s essentiels aux besoins de notre organisme. Depuis 1974, l'Organisation des Nations Unies (ONU) soutient le d\u00e9veloppement de la spiruline comme \"le meilleur aliment pour l'humanit\u00e9 au XXIe si\u00e8cle\".<\/li>\n<\/ul>\n<ul>\n<li>La vitamine C n'est pas pr\u00e9sente dans la spiruline, nos \u00e9quipes de chercheurs et de scientifiques ont ajout\u00e9 de la vitamine C naturelle, sous forme d'ac\u00e9rola, \u00e0 notre formule unique de spiruline Synercell.<b>\u00a0<\/b>. Le corps a tout ce dont il a besoin.<\/li>\n<\/ul>\n<ul>\n<li>Le gel de spiruline Synercell est donc une remarquable source de vitamines (B1, B2, B3, B5, B6, B9, B12, E, D, PP, K2, C) Om\u00e9ga-3, 6, 9, b\u00eata-carot\u00e8ne chlorophylles et 18 acides amin\u00e9s dont 8 sont essentiels.<\/li>\n<\/ul>\n<ul>\n<li>Gr\u00e2ce \u00e0 sa formule unique, compos\u00e9e d'un m\u00e9lange de gomme naturelle et d'eau purifi\u00e9e, les composants actifs du gel Synercell Spirulina<b>\u00a0<\/b>sont fix\u00e9s de mani\u00e8re homog\u00e8ne et deviennent hautement biodisponibles et assimilables . Notre corps dig\u00e8re ainsi de mani\u00e8re optimale tous les \u00e9l\u00e9ments essentiels de notre formule.<\/li>\n<\/ul>\n<table>\n<tbody>\n<tr>\n<td>Information<\/td>\n<td>Pour une dose de 5 ml*.<\/td>\n<\/tr>\n<tr>\n<td><strong>Spiruline en poudre\u00a0\u00a0<\/strong><\/td>\n<td><strong>1000mg<\/strong><\/td>\n<\/tr>\n<tr>\n<td>Dont b\u00eata-carot\u00e8ne<\/td>\n<td>1,5 mg<\/td>\n<\/tr>\n<tr>\n<td>Dont vitamine A<\/td>\n<td>252 mg<\/td>\n<\/tr>\n<tr>\n<td><strong>Extrait d'ac\u00e9rola<\/strong><\/td>\n<td><strong>125 mg<\/strong><\/td>\n<\/tr>\n<tr>\n<td>Dont vitamine C<\/td>\n<td>79 mg<\/td>\n<\/tr>\n<\/tbody>\n<\/table>\n<p><i><u><span lang=\"FR\"><strong>Note<\/strong> <\/span><\/u><\/i><i><u><span lang=\"FR\">- *1 dose de 5 ml\u00a0<\/span><\/u><\/i><i><u><span lang=\"FR\">\u2243\u00a0<\/span><\/u><\/i><i><u><span lang=\"FR\">1 cucchiaino<\/span><\/u><\/i><\/p>\n<p><b>Les consommateurs du gel de spiruline Synercell ont not\u00e9 les bene\ufb01ts suivants :<\/b><\/p>\n<p><span lang=\"FR\">-\u00a0\u00a0\u00a0\u00a0\u00a0\u00a0\u00a0<\/span><i><span lang=\"FR\">Comble les carences nutritionnelles en micronutriments et en vitamines ;<\/span><\/i><\/p>\n<p><span lang=\"FR\">-\u00a0\u00a0\u00a0\u00a0\u00a0\u00a0\u00a0<\/span><i><span lang=\"FR\">Fournit une alimentation \u00e9quilibr\u00e9e ;<\/span><\/i><\/p>\n<p><span lang=\"FR\">-\u00a0\u00a0\u00a0\u00a0\u00a0\u00a0\u00a0<\/span><i><span lang=\"FR\">Aide \u00e0 garder ou \u00e0 retrouver la forme ;<\/span><\/i><\/p>\n<p><span lang=\"FR\">-\u00a0\u00a0\u00a0\u00a0\u00a0\u00a0\u00a0<\/span><i><span lang=\"FR\">Am\u00e9liore l'endurance et la r\u00e9sistance ;<\/span><\/i><\/p>\n<p><span lang=\"FR\">-\u00a0\u00a0\u00a0\u00a0\u00a0\u00a0\u00a0<\/span><i><span lang=\"FR\">Participe \u00e0 la perte de poids en agissant comme un coupe-faim ;<\/span><\/i><\/p>\n<p><span lang=\"FR\">-\u00a0\u00a0\u00a0\u00a0\u00a0\u00a0\u00a0<\/span><i><span lang=\"FR\">Renforce les d\u00e9fenses immunitaires ;<\/span><\/i><\/p>\n<p><span lang=\"FR\">-\u00a0\u00a0\u00a0\u00a0\u00a0\u00a0\u00a0<\/span><i><span lang=\"FR\">Aide \u00e0 lutter contre le stress oxydatif\u00a0<\/span><\/i><span lang=\"FR\">.<\/span><\/p>\n<p><a name=\"_Hlk95595990\"><\/a><u><span lang=\"FR\">Tous les t\u00e9moignages sont disponibles dans la section \"t\u00e9moignages\" du produit.<\/span><\/u><u><\/u><\/p>\n<p><b><u><span lang=\"FR\">Recommandation d'utilisation\u00a0<\/span><\/u><\/b><span lang=\"FR\">:<\/span><\/p>\n<p><a name=\"_Hlk95596321\"><\/a><span lang=\"FR\">Les compl\u00e9ments alimentaires doivent\u00a0<b>\u00eatre utilis\u00e9 dans le cadre d'un mode de vie sain\u00a0<\/b>et non comme des substituts d'une alimentation vari\u00e9e et \u00e9quilibr\u00e9e.\u00a0<b>Ne pas d\u00e9passer la dose journali\u00e8re recommand\u00e9e.\u00a0<\/b>Tenir hors de port\u00e9e des jeunes enfants. Pour l'utilisation chez les femmes enceintes ou allaitantes, consulter leur m\u00e9decin. Le b\u00eata-carot\u00e8ne est d\u00e9conseill\u00e9 aux fumeurs. Ce compl\u00e9ment alimentaire ne convient pas aux enfants de moins de 3 ans.<\/span><\/p>\n<p><b><u><span lang=\"FR\">Ingr\u00e9dients\u00a0<\/span><\/u><\/b><b><span lang=\"FR\">:<\/span><\/b><\/p>\n<p><a name=\"_Hlk95596358\"><\/a><b><u><span lang=\"FR\">Stabilisant :<\/span><\/u><\/b><i><span lang=\"FR\">\u00a0<\/span><\/i><span lang=\"FR\">:\u00a0<\/span><span lang=\"FR\">Glyc\u00e9rine v\u00e9g\u00e9tale, eau purifi\u00e9e, poudre de spiruline plante enti\u00e8re (Arthrospira platensis), ar\u00f4me naturel, extrait de fruit d'ac\u00e9rola (Malpighia glabra L.) dos\u00e9 en vitamine C.<\/span><\/p>\n<p><b><u><span lang=\"FR\">Conservateur\u00a0<\/span><\/u><\/b><b><span lang=\"FR\">:<\/span><\/b><span lang=\"FR\">\u00a0<\/span><span lang=\"FR\">:\u00a0Sorbate de potassium.<\/span><\/p>\n<p><b><u><span lang=\"FR\">Mode d'emploi\u00a0<\/span><\/u><\/b><span lang=\"FR\">:\u00a0Une cuill\u00e8re-mesure de 5 ml une fois par jour, de pr\u00e9f\u00e9rence \u00e0 jeun.<\/span><\/p>\n<p><b><span lang=\"FR\">Valeurs nutritionnelles<\/span><\/b><b><span lang=\"FR\">\u00a0\u00a0\u00a0\u00a0\u00a0\u00a0\u00a0\u00a0\u00a0\u00a0\u00a0\u00a0\u00a0\u00a0\u00a0\u00a0\u00a0\u00a0\u00a0\u00a0\u00a0\u00a0\u00a0\u00a0\u00a0\u00a0\u00a0\u00a0\u00a0\u00a0\u00a0\u00a0\u00a0\u00a0\u00a0\u00a0\u00a0\u00a0\u00a0\u00a0\u00a0\u00a0\u00a0\u00a0\u00a0\u00a0\u00a0\u00a0\u00a0\u00a0\u00a0\u00a0\u00a0\u00a0\u00a0\u00a0\u00a0\u00a0\u00a0\u00a0\u00a0\u00a0\u00a0\u00a0<\/span><\/b><b><\/b><\/p>\n<p><b><span lang=\"FR\">Prot\u00e9ines\u00a0\u00a0\u00a0\u00a0\u00a0\u00a0\u00a0\u00a0\u00a0\u00a0\u00a0\u00a0\u00a0\u00a0\u00a0\u00a0\u00a0\u00a0\u00a0\u00a0\u00a0\u00a0\u00a0\u00a0\u00a0\u00a0\u00a0\u00a0\u00a0\u00a0\u00a0\u00a0\u00a0\u00a0\u00a0\u00a0\u00a0\u00a0\u00a0\u00a0\u00a0\u00a0\u00a0\u00a0\u00a0\u00a0\u00a0\u00a0\u00a0\u00a0\u00a0\u00a0\u00a0\u00a0\u00a0\u00a0\u00a0\u00a0\u00a0\u00a0\u00a0\u00a0\u00a0\u00a0\u00a0\u00a0\u00a0\u00a0\u00a0\u00a0\u00a0\u00a0\u00a0\u00a0\u00a0\u00a0\u00a0\u00a0\u00a0\u00a0\u00a0\u00a0\u00a0\u00a0\u00a0\u00a0\u00a0\u00a0\u00a0\u00a0\u00a0\u00a0\u00a0\u00a0\u00a0\u00a0\u00a0\u00a0\u00a0\u00a0\u00a0\u00a0\u00a0\u00a0\u00a0\u00a0\u00a0\u00a0\u00a0\u00a0\u00a0\u00a0\u00a0\u00a0\u00a0\u00a0\u00a060 %<\/span><\/b><i><\/i><\/p>\n<p><b><span lang=\"FR\">Glucides\u00a0\u00a0\u00a0\u00a0\u00a0\u00a0\u00a0\u00a0\u00a0\u00a0\u00a0\u00a0\u00a0\u00a0\u00a0\u00a0\u00a0\u00a0\u00a0\u00a0\u00a0\u00a0\u00a0\u00a0\u00a0\u00a0\u00a0\u00a0\u00a0\u00a0\u00a0\u00a0\u00a0\u00a0\u00a0\u00a0\u00a0\u00a0\u00a0\u00a0\u00a0\u00a0\u00a0\u00a0\u00a0\u00a0\u00a0\u00a0\u00a0\u00a0\u00a0\u00a0\u00a0\u00a0\u00a0\u00a0\u00a0\u00a0\u00a0\u00a0\u00a0\u00a0\u00a0\u00a0\u00a0\u00a0\u00a0\u00a0\u00a0\u00a0\u00a0\u00a0\u00a0\u00a0\u00a0\u00a0\u00a0\u00a0\u00a0\u00a0\u00a0\u00a0\u00a0\u00a0\u00a0\u00a0\u00a0\u00a0\u00a0\u00a0\u00a0\u00a0\u00a0\u00a0\u00a0\u00a0\u00a0\u00a0\u00a0\u00a0\u00a0\u00a0\u00a0\u00a0\u00a0\u00a0\u00a0\u00a021 %<\/span><\/b><i><\/i><\/p>\n<p><b><span lang=\"FR\">Lipides\u00a0\u00a0\u00a0\u00a0\u00a0\u00a0\u00a0\u00a0\u00a0\u00a0\u00a0\u00a0\u00a0\u00a0\u00a0\u00a0\u00a0\u00a0\u00a0\u00a0\u00a0\u00a0\u00a0\u00a0\u00a0\u00a0\u00a0\u00a0\u00a0\u00a0\u00a0\u00a0\u00a0\u00a0\u00a0\u00a0\u00a0\u00a0\u00a0\u00a0\u00a0\u00a0\u00a0\u00a0\u00a0\u00a0\u00a0\u00a0\u00a0\u00a0\u00a0\u00a0\u00a0\u00a0\u00a0\u00a0\u00a0\u00a0\u00a0\u00a0\u00a0\u00a0\u00a0\u00a0\u00a0\u00a0\u00a0\u00a0\u00a0\u00a0\u00a0\u00a0\u00a0\u00a0\u00a0\u00a0\u00a0\u00a0\u00a0\u00a0\u00a0\u00a0\u00a0\u00a0\u00a0\u00a0\u00a0\u00a0\u00a0\u00a0\u00a0\u00a0\u00a0\u00a0\u00a0\u00a0\u00a0\u00a0\u00a0\u00a0\u00a0\u00a0\u00a0\u00a0\u00a0\u00a0\u00a0\u00a0\u00a0\u00a0\u00a0\u00a0\u00a0\u00a0\u00a0\u00a0\u00a0\u00a0\u00a0\u00a0\u00a0\u00a08 %<\/span><\/b><i><\/i><\/p>\n<p><b><span lang=\"FR\">fibres\u00a0\u00a0\u00a0\u00a0\u00a0\u00a0\u00a0\u00a0\u00a0\u00a0\u00a0\u00a0\u00a0\u00a0\u00a0\u00a0\u00a0\u00a0\u00a0\u00a0\u00a0\u00a0\u00a0\u00a0\u00a0\u00a0\u00a0\u00a0\u00a0\u00a0\u00a0\u00a0\u00a0\u00a0\u00a0\u00a0\u00a0\u00a0\u00a0\u00a0\u00a0\u00a0\u00a0\u00a0\u00a0\u00a0\u00a0\u00a0\u00a0\u00a0\u00a0\u00a0\u00a0\u00a0\u00a0\u00a0\u00a0\u00a0\u00a0\u00a0<\/span><\/b><\/p>\n<p>&nbsp;<\/p>","protected":false},"excerpt":{"rendered":"<p>&nbsp;<\/p>\n<p>&nbsp;<\/p>","protected":false},"featured_media":4969,"template":"","meta":{"_wp_convertkit_post_meta":{"form":"-1","landing_page":"0","tag":"0","restrict_content":"0"}},"pwb-brand":[220],"product_cat":[99,101,87,86,106],"product_tag":[134,133],"yoast_head":"<!-- This site is optimized with the Yoast SEO plugin v23.6 - https:\/\/yoast.com\/wordpress\/plugins\/seo\/ -->\n<title>The ultimate superfood for your health and wellness<\/title>\n<meta name=\"description\" content=\"Boost your energy, support your immune system, and improve your overall health with our spirulina. The ultimate superfood for your active lifestyle\" \/>\n<meta name=\"robots\" content=\"index, follow, max-snippet:-1, max-image-preview:large, max-video-preview:-1\" \/>\n<link rel=\"canonical\" href=\"https:\/\/purespiruline.com\/fr\/produit\/spiruline-gel\/\" \/>\n<meta property=\"og:locale\" content=\"fr_FR\" \/>\n<meta property=\"og:type\" content=\"article\" \/>\n<meta property=\"og:title\" content=\"The ultimate superfood for your health and wellness\" \/>\n<meta property=\"og:description\" content=\"Boost your energy, support your immune system, and improve your overall health with our spirulina. The ultimate superfood for your active lifestyle\" \/>\n<meta property=\"og:url\" content=\"https:\/\/purespiruline.com\/fr\/produit\/spiruline-gel\/\" \/>\n<meta property=\"og:site_name\" content=\"Pure Spiruline\" \/>\n<meta property=\"article:publisher\" content=\"https:\/\/www.facebook.com\/profile.php?id=100089206063090\" \/>\n<meta property=\"article:modified_time\" content=\"2025-03-25T12:42:46+00:00\" \/>\n<meta property=\"og:image\" content=\"https:\/\/purespiruline.com\/wp-content\/uploads\/2022\/03\/Sans-titre.png\" \/>\n\t<meta property=\"og:image:width\" content=\"412\" \/>\n\t<meta property=\"og:image:height\" content=\"412\" \/>\n\t<meta property=\"og:image:type\" content=\"image\/png\" \/>\n<meta name=\"twitter:card\" content=\"summary_large_image\" \/>\n<meta name=\"twitter:site\" content=\"@purespiruline\" \/>\n<meta name=\"twitter:label1\" content=\"Dur\u00e9e de lecture estim\u00e9e\" \/>\n\t<meta name=\"twitter:data1\" content=\"3 minutes\" \/>\n<script type=\"application\/ld+json\" class=\"yoast-schema-graph\">{\"@context\":\"https:\/\/schema.org\",\"@graph\":[{\"@type\":\"WebPage\",\"@id\":\"https:\/\/purespiruline.com\/produit\/spirulina-gel\/\",\"url\":\"https:\/\/purespiruline.com\/produit\/spirulina-gel\/\",\"name\":\"The ultimate superfood for your health and wellness\",\"isPartOf\":{\"@id\":\"https:\/\/purespiruline.com\/#website\"},\"primaryImageOfPage\":{\"@id\":\"https:\/\/purespiruline.com\/produit\/spirulina-gel\/#primaryimage\"},\"image\":{\"@id\":\"https:\/\/purespiruline.com\/produit\/spirulina-gel\/#primaryimage\"},\"thumbnailUrl\":\"https:\/\/purespiruline.com\/wp-content\/uploads\/2022\/03\/Sans-titre.png\",\"datePublished\":\"2022-03-14T12:01:33+00:00\",\"dateModified\":\"2025-03-25T12:42:46+00:00\",\"description\":\"Boost your energy, support your immune system, and improve your overall health with our spirulina. The ultimate superfood for your active lifestyle\",\"breadcrumb\":{\"@id\":\"https:\/\/purespiruline.com\/produit\/spirulina-gel\/#breadcrumb\"},\"inLanguage\":\"fr-FR\",\"potentialAction\":[{\"@type\":\"ReadAction\",\"target\":[\"https:\/\/purespiruline.com\/produit\/spirulina-gel\/\"]}]},{\"@type\":\"ImageObject\",\"inLanguage\":\"fr-FR\",\"@id\":\"https:\/\/purespiruline.com\/produit\/spirulina-gel\/#primaryimage\",\"url\":\"https:\/\/purespiruline.com\/wp-content\/uploads\/2022\/03\/Sans-titre.png\",\"contentUrl\":\"https:\/\/purespiruline.com\/wp-content\/uploads\/2022\/03\/Sans-titre.png\",\"width\":412,\"height\":412,\"caption\":\"Sans titre\"},{\"@type\":\"BreadcrumbList\",\"@id\":\"https:\/\/purespiruline.com\/produit\/spirulina-gel\/#breadcrumb\",\"itemListElement\":[{\"@type\":\"ListItem\",\"position\":1,\"name\":\"Home\",\"item\":\"https:\/\/purespiruline.com\/\"},{\"@type\":\"ListItem\",\"position\":2,\"name\":\"Shop\",\"item\":\"https:\/\/purespiruline.com\/gr\/shop-for-food-supplements-and-spirulina\/\"},{\"@type\":\"ListItem\",\"position\":3,\"name\":\"Spirulina Gel\"}]},{\"@type\":\"WebSite\",\"@id\":\"https:\/\/purespiruline.com\/#website\",\"url\":\"https:\/\/purespiruline.com\/\",\"name\":\"Pure Spirulina\",\"description\":\"100% natural and efficient food supplement\",\"publisher\":{\"@id\":\"https:\/\/purespiruline.com\/#organization\"},\"alternateName\":\"KC Organics\",\"potentialAction\":[{\"@type\":\"SearchAction\",\"target\":{\"@type\":\"EntryPoint\",\"urlTemplate\":\"https:\/\/purespiruline.com\/?s={search_term_string}\"},\"query-input\":{\"@type\":\"PropertyValueSpecification\",\"valueRequired\":true,\"valueName\":\"search_term_string\"}}],\"inLanguage\":\"fr-FR\"},{\"@type\":\"Organization\",\"@id\":\"https:\/\/purespiruline.com\/#organization\",\"name\":\"Pure Spirulina\",\"alternateName\":\"KC Organics\",\"url\":\"https:\/\/purespiruline.com\/\",\"logo\":{\"@type\":\"ImageObject\",\"inLanguage\":\"fr-FR\",\"@id\":\"https:\/\/purespiruline.com\/#\/schema\/logo\/image\/\",\"url\":\"https:\/\/purespiruline.com\/wp-content\/uploads\/2022\/03\/cropped-4-1.png\",\"contentUrl\":\"https:\/\/purespiruline.com\/wp-content\/uploads\/2022\/03\/cropped-4-1.png\",\"width\":512,\"height\":512,\"caption\":\"Pure Spirulina\"},\"image\":{\"@id\":\"https:\/\/purespiruline.com\/#\/schema\/logo\/image\/\"},\"sameAs\":[\"https:\/\/www.facebook.com\/profile.php?id=100089206063090\",\"https:\/\/x.com\/purespiruline\",\"https:\/\/www.instagram.com\/pure_spiruline\/\",\"https:\/\/www.tiktok.com\/@purespiruline\"]}]}<\/script>\n<!-- \/ Yoast SEO plugin. -->","yoast_head_json":{"title":"Le superaliment ultime pour votre sant\u00e9 et votre bien-\u00eatre","description":"Boostez votre \u00e9nergie, soutenez votre syst\u00e8me immunitaire et am\u00e9liorez votre sant\u00e9 g\u00e9n\u00e9rale gr\u00e2ce \u00e0 notre spiruline. Le superaliment ultime pour votre style de vie actif","robots":{"index":"index","follow":"follow","max-snippet":"max-snippet:-1","max-image-preview":"max-image-preview:large","max-video-preview":"max-video-preview:-1"},"canonical":"https:\/\/purespiruline.com\/fr\/produit\/spiruline-gel\/","og_locale":"fr_FR","og_type":"article","og_title":"The ultimate superfood for your health and wellness","og_description":"Boost your energy, support your immune system, and improve your overall health with our spirulina. The ultimate superfood for your active lifestyle","og_url":"https:\/\/purespiruline.com\/fr\/produit\/spiruline-gel\/","og_site_name":"Pure Spiruline","article_publisher":"https:\/\/www.facebook.com\/profile.php?id=100089206063090","article_modified_time":"2025-03-25T12:42:46+00:00","og_image":[{"width":412,"height":412,"url":"https:\/\/purespiruline.com\/wp-content\/uploads\/2022\/03\/Sans-titre.png","type":"image\/png"}],"twitter_card":"summary_large_image","twitter_site":"@purespiruline","twitter_misc":{"Dur\u00e9e de lecture estim\u00e9e":"3 minutes"},"schema":{"@context":"https:\/\/schema.org","@graph":[{"@type":"WebPage","@id":"https:\/\/purespiruline.com\/produit\/spirulina-gel\/","url":"https:\/\/purespiruline.com\/produit\/spirulina-gel\/","name":"Le superaliment ultime pour votre sant\u00e9 et votre bien-\u00eatre","isPartOf":{"@id":"https:\/\/purespiruline.com\/#website"},"primaryImageOfPage":{"@id":"https:\/\/purespiruline.com\/produit\/spirulina-gel\/#primaryimage"},"image":{"@id":"https:\/\/purespiruline.com\/produit\/spirulina-gel\/#primaryimage"},"thumbnailUrl":"https:\/\/purespiruline.com\/wp-content\/uploads\/2022\/03\/Sans-titre.png","datePublished":"2022-03-14T12:01:33+00:00","dateModified":"2025-03-25T12:42:46+00:00","description":"Boostez votre \u00e9nergie, soutenez votre syst\u00e8me immunitaire et am\u00e9liorez votre sant\u00e9 g\u00e9n\u00e9rale gr\u00e2ce \u00e0 notre spiruline. Le superaliment ultime pour votre style de vie actif","breadcrumb":{"@id":"https:\/\/purespiruline.com\/produit\/spirulina-gel\/#breadcrumb"},"inLanguage":"fr-FR","potentialAction":[{"@type":"ReadAction","target":["https:\/\/purespiruline.com\/produit\/spirulina-gel\/"]}]},{"@type":"ImageObject","inLanguage":"fr-FR","@id":"https:\/\/purespiruline.com\/produit\/spirulina-gel\/#primaryimage","url":"https:\/\/purespiruline.com\/wp-content\/uploads\/2022\/03\/Sans-titre.png","contentUrl":"https:\/\/purespiruline.com\/wp-content\/uploads\/2022\/03\/Sans-titre.png","width":412,"height":412,"caption":"Sans titre"},{"@type":"BreadcrumbList","@id":"https:\/\/purespiruline.com\/produit\/spirulina-gel\/#breadcrumb","itemListElement":[{"@type":"ListItem","position":1,"name":"Home","item":"https:\/\/purespiruline.com\/"},{"@type":"ListItem","position":2,"name":"Shop","item":"https:\/\/purespiruline.com\/gr\/shop-for-food-supplements-and-spirulina\/"},{"@type":"ListItem","position":3,"name":"Spirulina Gel"}]},{"@type":"WebSite","@id":"https:\/\/purespiruline.com\/#website","url":"https:\/\/purespiruline.com\/","name":"Spiruline pure","description":"100% compl\u00e9ment alimentaire naturel et efficace","publisher":{"@id":"https:\/\/purespiruline.com\/#organization"},"alternateName":"KC Organics","potentialAction":[{"@type":"SearchAction","target":{"@type":"EntryPoint","urlTemplate":"https:\/\/purespiruline.com\/?s={search_term_string}"},"query-input":{"@type":"PropertyValueSpecification","valueRequired":true,"valueName":"search_term_string"}}],"inLanguage":"fr-FR"},{"@type":"Organization","@id":"https:\/\/purespiruline.com\/#organization","name":"Spiruline pure","alternateName":"KC Organics","url":"https:\/\/purespiruline.com\/","logo":{"@type":"ImageObject","inLanguage":"fr-FR","@id":"https:\/\/purespiruline.com\/#\/schema\/logo\/image\/","url":"https:\/\/purespiruline.com\/wp-content\/uploads\/2022\/03\/cropped-4-1.png","contentUrl":"https:\/\/purespiruline.com\/wp-content\/uploads\/2022\/03\/cropped-4-1.png","width":512,"height":512,"caption":"Pure Spirulina"},"image":{"@id":"https:\/\/purespiruline.com\/#\/schema\/logo\/image\/"},"sameAs":["https:\/\/www.facebook.com\/profile.php?id=100089206063090","https:\/\/x.com\/purespiruline","https:\/\/www.instagram.com\/pure_spiruline\/","https:\/\/www.tiktok.com\/@purespiruline"]}]}},"brands":[{"id":220,"name":"SYNERCELL","slug":"synercell"}],"_links":{"self":[{"href":"https:\/\/purespiruline.com\/fr\/wp-json\/wp\/v2\/product\/4968"}],"collection":[{"href":"https:\/\/purespiruline.com\/fr\/wp-json\/wp\/v2\/product"}],"about":[{"href":"https:\/\/purespiruline.com\/fr\/wp-json\/wp\/v2\/types\/product"}],"wp:featuredmedia":[{"embeddable":true,"href":"https:\/\/purespiruline.com\/fr\/wp-json\/wp\/v2\/media\/4969"}],"wp:attachment":[{"href":"https:\/\/purespiruline.com\/fr\/wp-json\/wp\/v2\/media?parent=4968"}],"wp:term":[{"taxonomy":"pwb-brand","embeddable":true,"href":"https:\/\/purespiruline.com\/fr\/wp-json\/wp\/v2\/pwb-brand?post=4968"},{"taxonomy":"product_cat","embeddable":true,"href":"https:\/\/purespiruline.com\/fr\/wp-json\/wp\/v2\/product_cat?post=4968"},{"taxonomy":"product_tag","embeddable":true,"href":"https:\/\/purespiruline.com\/fr\/wp-json\/wp\/v2\/product_tag?post=4968"}],"curies":[{"name":"wp","href":"https:\/\/api.w.org\/{rel}","templated":true}]}}