{"id":4965,"date":"2022-03-14T11:50:51","date_gmt":"2022-03-14T11:50:51","guid":{"rendered":"https:\/\/purespiruline.com\/?post_type=product&#038;p=4965"},"modified":"2024-01-01T20:07:06","modified_gmt":"2024-01-01T19:07:06","slug":"curcumin-gel","status":"publish","type":"product","link":"https:\/\/purespiruline.com\/fr\/produit\/gel-de-curcumine\/","title":{"rendered":"Gel de Curcumine"},"content":{"rendered":"<p style=\"font-weight: 400;\">Formule unique et innovante, compos\u00e9e de curcumine et de spiruline, qui potentialise l'effet anti-inflammatoire de la curcumine et la rend hautement biodisponible.<\/p>\n<p style=\"font-weight: 400;\">On conna\u00eet depuis longtemps les effets b\u00e9n\u00e9fiques de la curcumine, pr\u00e9sente dans le curcuma. Malheureusement, son assimilation par l'organisme est tr\u00e8s difficile. C'est pourquoi nous avons d\u00e9velopp\u00e9 une formule unique, capable d'am\u00e9liorer sa biodisponibilit\u00e9 et de permettre une concentration plasmatique constante dans le temps.<\/p>\n<table>\n<tbody>\n<tr>\n<td>Informations nutritionnelles<\/td>\n<td>Par dose de 5 ml<\/td>\n<\/tr>\n<tr>\n<td><strong>Curcumine <\/strong><\/td>\n<td><strong>161,5 mg<\/strong><\/td>\n<\/tr>\n<tr>\n<td>Poudre de chlorelle<\/td>\n<td>100 mg Griffe du diable<\/td>\n<\/tr>\n<tr>\n<td><strong>Extrait de racine\u00a0\u00a0<\/strong><\/td>\n<td><strong>61 mg<\/strong><\/td>\n<\/tr>\n<tr>\n<td>Dont harpagosides<\/td>\n<td>3 mg<\/td>\n<\/tr>\n<tr>\n<td><strong>Extrait d'\u00e9corce de saule<\/strong><\/td>\n<td><strong>61 mg<\/strong><\/td>\n<\/tr>\n<tr>\n<td>Dont salicine\u00a0<\/td>\n<td>15 mg<\/td>\n<\/tr>\n<tr>\n<td><strong>Extrait de Boswellia serrata<\/strong><\/td>\n<td><strong>46 mg<\/strong><\/td>\n<\/tr>\n<tr>\n<td><strong>Dont acides boswelliques <\/strong><\/td>\n<td><strong>30 mg<\/strong><\/td>\n<\/tr>\n<\/tbody>\n<\/table>\n<p style=\"font-weight: 400;\"><b><strong>Note-<\/strong><\/b><em>*1 dose de 5 ml\u00a0<\/em><em>\u2243\u00a0<\/em><em>1 cucchiaino<\/em><\/p>\n<p style=\"font-weight: 400;\"><b><strong>Les consommateurs de curcumine Synercell ont fait l'exp\u00e9rience des bene\ufb01ts suivants :<\/strong><\/b><\/p>\n<ul>\n<li style=\"font-weight: 400;\">Pr\u00e9serve notre cerveau et lutte contre le stress oxydatif ;<\/li>\n<li style=\"font-weight: 400;\">Prot\u00e8ge le tissu cardiaque, aide \u00e0 r\u00e9duire le taux de triglyc\u00e9rides dans le sang ;<\/li>\n<li style=\"font-weight: 400;\">R\u00e9duit les effets n\u00e9fastes des r\u00e9actions inflammatoires ;<\/li>\n<li style=\"font-weight: 400;\">Am\u00e9liore la fonction h\u00e9patique et aide \u00e0 r\u00e9duire le taux de sucre dans le sang ;<\/li>\n<li style=\"font-weight: 400;\">Recommand\u00e9 dans le cadre d'un r\u00e9gime amaigrissant, favorise la combustion des graisses ;<\/li>\n<li style=\"font-weight: 400;\">R\u00e9duit l'inflammation de probl\u00e8mes tels que l'arthrite et l'ost\u00e9oarthrite.<\/li>\n<\/ul>\n<p style=\"font-weight: 400;\"><u>Tous les t\u00e9moignages sont disponibles dans la section \"t\u00e9moignages\" du produit.<\/u><\/p>\n<p style=\"font-weight: 400;\"><b><strong><u>Recommandation d'utilisation\u00a0<\/u><\/strong><\/b>:<\/p>\n<p style=\"font-weight: 400;\">Les compl\u00e9ments alimentaires doivent \u00eatre utilis\u00e9s dans le cadre d'un mode de vie sain et ne doivent pas se substituer \u00e0 une alimentation vari\u00e9e et \u00e9quilibr\u00e9e. Ne pas d\u00e9passer la dose journali\u00e8re recommand\u00e9e. Tenir hors de port\u00e9e des jeunes enfants. Pour une utilisation chez les femmes enceintes ou allaitantes, consulter leur m\u00e9decin. L'utilisation est d\u00e9conseill\u00e9e aux personnes souffrant d'allergie aux salicylates et aux personnes sous traitement anticoagulant. Ce compl\u00e9ment alimentaire ne convient pas aux enfants de moins de 3 ans.<\/p>\n<p style=\"font-weight: 400;\"><b><strong><u>Ingr\u00e9dients\u00a0<\/u><\/strong><\/b>:<\/p>\n<p style=\"font-weight: 400;\"><b><strong>Stabilisant :<\/strong><\/b>\u00a0Eau purifi\u00e9e, sirop d'agave, glyc\u00e9rine v\u00e9g\u00e9tale, curcumine, ar\u00f4me naturel, poudre de chlorelle (Chlorella vulgaris), extrait d'\u00e9corce de saule (Salix alba), extrait de racine d'harpagophytum (Harpagophytum procumbens).<\/p>\n<p style=\"font-weight: 400;\"><b><strong>R\u00e9gulateur d'acidit\u00e9<\/strong><\/b><em><u>\u00a0<\/u><\/em>: Acide malique, extrait de r\u00e9sine de gomme de boswellia (Boswellia serrata),<\/p>\n<p style=\"font-weight: 400;\"><b><strong>\u00c9paississeur\u00a0<\/strong><\/b>:\u00a0Gomme xanthane (origine v\u00e9g\u00e9tale, non OGM).<\/p>\n<p style=\"font-weight: 400;\"><b><strong>Conservateur\u00a0<\/strong><\/b>:\u00a0Sorbate de potassium.<\/p>\n<p style=\"font-weight: 400;\"><b><strong>\u00c9dulcorant<\/strong><\/b><em><u>\u00a0<\/u><\/em>:\u00a0Glycosides de st\u00e9viol.<\/p>\n<p style=\"font-weight: 400;\"><b><strong><u>Mode d'emploi\u00a0<\/u><\/strong><\/b>:\u00a0Une cuill\u00e8re-mesure de 5 ml une fois par jour, de pr\u00e9f\u00e9rence \u00e0 jeun.<\/p>","protected":false},"excerpt":{"rendered":"<p>Unique and innovative formula, composed of curcumin and spirulina, which potentiates the anti-inflammatory effect of curcumin and makes it highly bioavailable. We have known for a long time about the beneficial effects of curcumin, present in turmeric. Unfortunately, its assimilation by the body is very difficult. This is why we have developed a unique formula, &hellip; <a href=\"https:\/\/purespiruline.com\/fr\/produit\/gel-de-curcumine\/\" class=\"more-link\">Continue reading <span class=\"screen-reader-text\">Gel de Curcumine<\/span><\/a><\/p>","protected":false},"featured_media":4966,"template":"","meta":{"_wp_convertkit_post_meta":{"form":"-1","landing_page":"0","tag":"0","restrict_content":"0"}},"pwb-brand":[220],"product_cat":[95,98,99,86,102],"product_tag":[131,130],"yoast_head":"<!-- This site is optimized with the Yoast SEO plugin v23.6 - https:\/\/yoast.com\/wordpress\/plugins\/seo\/ -->\n<title>Curcumin to optimize digestionand reduce bad cholesterol<\/title>\n<meta name=\"description\" content=\"Our concentrated food gel of curcumin allows to relieve stomach aches related to a bad digestion: heartburn, nausea, bloating, abdominal pains.\" \/>\n<meta name=\"robots\" content=\"index, follow, max-snippet:-1, max-image-preview:large, max-video-preview:-1\" \/>\n<link rel=\"canonical\" href=\"https:\/\/purespiruline.com\/fr\/produit\/gel-de-curcumine\/\" \/>\n<meta property=\"og:locale\" content=\"fr_FR\" \/>\n<meta property=\"og:type\" content=\"article\" \/>\n<meta property=\"og:title\" content=\"Curcumin to optimize digestionand reduce bad cholesterol\" \/>\n<meta property=\"og:description\" content=\"Our concentrated food gel of curcumin allows to relieve stomach aches related to a bad digestion: heartburn, nausea, bloating, abdominal pains.\" \/>\n<meta property=\"og:url\" content=\"https:\/\/purespiruline.com\/fr\/produit\/gel-de-curcumine\/\" \/>\n<meta property=\"og:site_name\" content=\"Pure Spiruline\" \/>\n<meta property=\"article:publisher\" content=\"https:\/\/www.facebook.com\/profile.php?id=100089206063090\" \/>\n<meta property=\"article:modified_time\" content=\"2024-01-01T19:07:06+00:00\" \/>\n<meta property=\"og:image\" content=\"https:\/\/purespiruline.com\/wp-content\/uploads\/2022\/03\/Tube-curcumine.png\" \/>\n\t<meta property=\"og:image:width\" content=\"406\" \/>\n\t<meta property=\"og:image:height\" content=\"406\" \/>\n\t<meta property=\"og:image:type\" content=\"image\/png\" \/>\n<meta name=\"twitter:card\" content=\"summary_large_image\" \/>\n<meta name=\"twitter:site\" content=\"@purespiruline\" \/>\n<meta name=\"twitter:label1\" content=\"Dur\u00e9e de lecture estim\u00e9e\" \/>\n\t<meta name=\"twitter:data1\" content=\"2 minutes\" \/>\n<script type=\"application\/ld+json\" class=\"yoast-schema-graph\">{\"@context\":\"https:\/\/schema.org\",\"@graph\":[{\"@type\":\"WebPage\",\"@id\":\"https:\/\/purespiruline.com\/produit\/curcumin-gel\/\",\"url\":\"https:\/\/purespiruline.com\/produit\/curcumin-gel\/\",\"name\":\"Curcumin to optimize digestionand reduce bad cholesterol\",\"isPartOf\":{\"@id\":\"https:\/\/purespiruline.com\/#website\"},\"primaryImageOfPage\":{\"@id\":\"https:\/\/purespiruline.com\/produit\/curcumin-gel\/#primaryimage\"},\"image\":{\"@id\":\"https:\/\/purespiruline.com\/produit\/curcumin-gel\/#primaryimage\"},\"thumbnailUrl\":\"https:\/\/purespiruline.com\/wp-content\/uploads\/2022\/03\/Tube-curcumine.png\",\"datePublished\":\"2022-03-14T11:50:51+00:00\",\"dateModified\":\"2024-01-01T19:07:06+00:00\",\"description\":\"Our concentrated food gel of curcumin allows to relieve stomach aches related to a bad digestion: heartburn, nausea, bloating, abdominal pains.\",\"breadcrumb\":{\"@id\":\"https:\/\/purespiruline.com\/produit\/curcumin-gel\/#breadcrumb\"},\"inLanguage\":\"fr-FR\",\"potentialAction\":[{\"@type\":\"ReadAction\",\"target\":[\"https:\/\/purespiruline.com\/produit\/curcumin-gel\/\"]}]},{\"@type\":\"ImageObject\",\"inLanguage\":\"fr-FR\",\"@id\":\"https:\/\/purespiruline.com\/produit\/curcumin-gel\/#primaryimage\",\"url\":\"https:\/\/purespiruline.com\/wp-content\/uploads\/2022\/03\/Tube-curcumine.png\",\"contentUrl\":\"https:\/\/purespiruline.com\/wp-content\/uploads\/2022\/03\/Tube-curcumine.png\",\"width\":406,\"height\":406,\"caption\":\"Tube curcumine\"},{\"@type\":\"BreadcrumbList\",\"@id\":\"https:\/\/purespiruline.com\/produit\/curcumin-gel\/#breadcrumb\",\"itemListElement\":[{\"@type\":\"ListItem\",\"position\":1,\"name\":\"Home\",\"item\":\"https:\/\/purespiruline.com\/\"},{\"@type\":\"ListItem\",\"position\":2,\"name\":\"Shop\",\"item\":\"https:\/\/purespiruline.com\/gr\/shop-for-food-supplements-and-spirulina\/\"},{\"@type\":\"ListItem\",\"position\":3,\"name\":\"Curcumin Gel\"}]},{\"@type\":\"WebSite\",\"@id\":\"https:\/\/purespiruline.com\/#website\",\"url\":\"https:\/\/purespiruline.com\/\",\"name\":\"Pure Spirulina\",\"description\":\"100% natural and efficient food supplement\",\"publisher\":{\"@id\":\"https:\/\/purespiruline.com\/#organization\"},\"alternateName\":\"KC Organics\",\"potentialAction\":[{\"@type\":\"SearchAction\",\"target\":{\"@type\":\"EntryPoint\",\"urlTemplate\":\"https:\/\/purespiruline.com\/?s={search_term_string}\"},\"query-input\":{\"@type\":\"PropertyValueSpecification\",\"valueRequired\":true,\"valueName\":\"search_term_string\"}}],\"inLanguage\":\"fr-FR\"},{\"@type\":\"Organization\",\"@id\":\"https:\/\/purespiruline.com\/#organization\",\"name\":\"Pure Spirulina\",\"alternateName\":\"KC Organics\",\"url\":\"https:\/\/purespiruline.com\/\",\"logo\":{\"@type\":\"ImageObject\",\"inLanguage\":\"fr-FR\",\"@id\":\"https:\/\/purespiruline.com\/#\/schema\/logo\/image\/\",\"url\":\"https:\/\/purespiruline.com\/wp-content\/uploads\/2022\/03\/cropped-4-1.png\",\"contentUrl\":\"https:\/\/purespiruline.com\/wp-content\/uploads\/2022\/03\/cropped-4-1.png\",\"width\":512,\"height\":512,\"caption\":\"Pure Spirulina\"},\"image\":{\"@id\":\"https:\/\/purespiruline.com\/#\/schema\/logo\/image\/\"},\"sameAs\":[\"https:\/\/www.facebook.com\/profile.php?id=100089206063090\",\"https:\/\/x.com\/purespiruline\",\"https:\/\/www.instagram.com\/pure_spiruline\/\",\"https:\/\/www.tiktok.com\/@purespiruline\"]}]}<\/script>\n<!-- \/ Yoast SEO plugin. -->","yoast_head_json":{"title":"La curcumine pour optimiser la digestion et r\u00e9duire le mauvais cholest\u00e9rol","description":"Notre gel alimentaire concentr\u00e9 de curcumine permet de soulager les maux d'estomac li\u00e9s \u00e0 une mauvaise digestion : br\u00fblures d'estomac, naus\u00e9es, ballonnements, douleurs abdominales.","robots":{"index":"index","follow":"follow","max-snippet":"max-snippet:-1","max-image-preview":"max-image-preview:large","max-video-preview":"max-video-preview:-1"},"canonical":"https:\/\/purespiruline.com\/fr\/produit\/gel-de-curcumine\/","og_locale":"fr_FR","og_type":"article","og_title":"Curcumin to optimize digestionand reduce bad cholesterol","og_description":"Our concentrated food gel of curcumin allows to relieve stomach aches related to a bad digestion: heartburn, nausea, bloating, abdominal pains.","og_url":"https:\/\/purespiruline.com\/fr\/produit\/gel-de-curcumine\/","og_site_name":"Pure Spiruline","article_publisher":"https:\/\/www.facebook.com\/profile.php?id=100089206063090","article_modified_time":"2024-01-01T19:07:06+00:00","og_image":[{"width":406,"height":406,"url":"https:\/\/purespiruline.com\/wp-content\/uploads\/2022\/03\/Tube-curcumine.png","type":"image\/png"}],"twitter_card":"summary_large_image","twitter_site":"@purespiruline","twitter_misc":{"Dur\u00e9e de lecture estim\u00e9e":"2 minutes"},"schema":{"@context":"https:\/\/schema.org","@graph":[{"@type":"WebPage","@id":"https:\/\/purespiruline.com\/produit\/curcumin-gel\/","url":"https:\/\/purespiruline.com\/produit\/curcumin-gel\/","name":"La curcumine pour optimiser la digestion et r\u00e9duire le mauvais cholest\u00e9rol","isPartOf":{"@id":"https:\/\/purespiruline.com\/#website"},"primaryImageOfPage":{"@id":"https:\/\/purespiruline.com\/produit\/curcumin-gel\/#primaryimage"},"image":{"@id":"https:\/\/purespiruline.com\/produit\/curcumin-gel\/#primaryimage"},"thumbnailUrl":"https:\/\/purespiruline.com\/wp-content\/uploads\/2022\/03\/Tube-curcumine.png","datePublished":"2022-03-14T11:50:51+00:00","dateModified":"2024-01-01T19:07:06+00:00","description":"Notre gel alimentaire concentr\u00e9 de curcumine permet de soulager les maux d'estomac li\u00e9s \u00e0 une mauvaise digestion : br\u00fblures d'estomac, naus\u00e9es, ballonnements, douleurs abdominales.","breadcrumb":{"@id":"https:\/\/purespiruline.com\/produit\/curcumin-gel\/#breadcrumb"},"inLanguage":"fr-FR","potentialAction":[{"@type":"ReadAction","target":["https:\/\/purespiruline.com\/produit\/curcumin-gel\/"]}]},{"@type":"ImageObject","inLanguage":"fr-FR","@id":"https:\/\/purespiruline.com\/produit\/curcumin-gel\/#primaryimage","url":"https:\/\/purespiruline.com\/wp-content\/uploads\/2022\/03\/Tube-curcumine.png","contentUrl":"https:\/\/purespiruline.com\/wp-content\/uploads\/2022\/03\/Tube-curcumine.png","width":406,"height":406,"caption":"Tube curcumine"},{"@type":"BreadcrumbList","@id":"https:\/\/purespiruline.com\/produit\/curcumin-gel\/#breadcrumb","itemListElement":[{"@type":"ListItem","position":1,"name":"Home","item":"https:\/\/purespiruline.com\/"},{"@type":"ListItem","position":2,"name":"Shop","item":"https:\/\/purespiruline.com\/gr\/shop-for-food-supplements-and-spirulina\/"},{"@type":"ListItem","position":3,"name":"Curcumin Gel"}]},{"@type":"WebSite","@id":"https:\/\/purespiruline.com\/#website","url":"https:\/\/purespiruline.com\/","name":"Spiruline pure","description":"100% compl\u00e9ment alimentaire naturel et efficace","publisher":{"@id":"https:\/\/purespiruline.com\/#organization"},"alternateName":"KC Organics","potentialAction":[{"@type":"SearchAction","target":{"@type":"EntryPoint","urlTemplate":"https:\/\/purespiruline.com\/?s={search_term_string}"},"query-input":{"@type":"PropertyValueSpecification","valueRequired":true,"valueName":"search_term_string"}}],"inLanguage":"fr-FR"},{"@type":"Organization","@id":"https:\/\/purespiruline.com\/#organization","name":"Spiruline pure","alternateName":"KC Organics","url":"https:\/\/purespiruline.com\/","logo":{"@type":"ImageObject","inLanguage":"fr-FR","@id":"https:\/\/purespiruline.com\/#\/schema\/logo\/image\/","url":"https:\/\/purespiruline.com\/wp-content\/uploads\/2022\/03\/cropped-4-1.png","contentUrl":"https:\/\/purespiruline.com\/wp-content\/uploads\/2022\/03\/cropped-4-1.png","width":512,"height":512,"caption":"Pure Spirulina"},"image":{"@id":"https:\/\/purespiruline.com\/#\/schema\/logo\/image\/"},"sameAs":["https:\/\/www.facebook.com\/profile.php?id=100089206063090","https:\/\/x.com\/purespiruline","https:\/\/www.instagram.com\/pure_spiruline\/","https:\/\/www.tiktok.com\/@purespiruline"]}]}},"brands":[{"id":220,"name":"SYNERCELL","slug":"synercell"}],"_links":{"self":[{"href":"https:\/\/purespiruline.com\/fr\/wp-json\/wp\/v2\/product\/4965"}],"collection":[{"href":"https:\/\/purespiruline.com\/fr\/wp-json\/wp\/v2\/product"}],"about":[{"href":"https:\/\/purespiruline.com\/fr\/wp-json\/wp\/v2\/types\/product"}],"wp:featuredmedia":[{"embeddable":true,"href":"https:\/\/purespiruline.com\/fr\/wp-json\/wp\/v2\/media\/4966"}],"wp:attachment":[{"href":"https:\/\/purespiruline.com\/fr\/wp-json\/wp\/v2\/media?parent=4965"}],"wp:term":[{"taxonomy":"pwb-brand","embeddable":true,"href":"https:\/\/purespiruline.com\/fr\/wp-json\/wp\/v2\/pwb-brand?post=4965"},{"taxonomy":"product_cat","embeddable":true,"href":"https:\/\/purespiruline.com\/fr\/wp-json\/wp\/v2\/product_cat?post=4965"},{"taxonomy":"product_tag","embeddable":true,"href":"https:\/\/purespiruline.com\/fr\/wp-json\/wp\/v2\/product_tag?post=4965"}],"curies":[{"name":"wp","href":"https:\/\/api.w.org\/{rel}","templated":true}]}}