{"id":4958,"date":"2022-03-14T09:15:48","date_gmt":"2022-03-14T08:15:48","guid":{"rendered":"https:\/\/purespiruline.com\/?post_type=product&#038;p=4958"},"modified":"2025-03-25T13:43:06","modified_gmt":"2025-03-25T12:43:06","slug":"phyco-10-gel-2","status":"publish","type":"product","link":"https:\/\/purespiruline.com\/fr\/produit\/phyco-10-gel-2\/","title":{"rendered":"Gel Phyco 10"},"content":{"rendered":"<ul>\n<li>Formule unique r\u00e9sultant d'une forte concentration de phycocyanine, l'atout th\u00e9rapeutique de la spiruline.<\/li>\n<li>La phycocyanine est pr\u00e9cis\u00e9ment l'armure de la spiruline : elle prot\u00e8ge l'ADN et stimule la production de cellules souches. Bien dos\u00e9e, elle est un v\u00e9ritable bijou th\u00e9rapeutique.<\/li>\n<li>Synercell Phyco10 vous offre tous les avantages de la phycocyanine maximis\u00e9s pour r\u00e9pondre aux besoins sp\u00e9cifiques de votre corps.<\/li>\n<li>Gr\u00e2ce \u00e0 sa formule unique, compos\u00e9e d'un m\u00e9lange de gomme naturelle et d'eau purifi\u00e9e.<\/li>\n<li>Les composants actifs de Synercell Phyco10 sont fix\u00e9s de mani\u00e8re homog\u00e8ne et deviennent hautement biodisponibles et assimilables.<\/li>\n<li>Synercell Phyco10 est une r\u00e9ponse efficace \u00e0 des probl\u00e8mes de sant\u00e9 importants.<\/li>\n<\/ul>\n<table>\n<tbody>\n<tr>\n<td>Information<\/td>\n<td>Par dose de 5 ml<\/td>\n<\/tr>\n<tr>\n<td><strong>Extrait de spiruline<\/strong><\/td>\n<td><strong>400 mg<\/strong><\/td>\n<\/tr>\n<tr>\n<td>Dos\u00e9 en phycocyanine<\/td>\n<td>380 mg<\/td>\n<\/tr>\n<tr>\n<td><strong>Extrait d'ac\u00e9rola<\/strong><\/td>\n<td><strong>125 mg<\/strong><\/td>\n<\/tr>\n<tr>\n<td>Dos\u00e9 en phycocyanine<\/td>\n<td>62,5 mg<\/td>\n<\/tr>\n<\/tbody>\n<\/table>\n<p><span style=\"font-weight: 400;\"><strong>Note<\/strong> - *1 dose de 5 ml\u00a0<\/span><span style=\"font-weight: 400;\">\u2243 1 cuill\u00e8re \u00e0 caf\u00e9<\/span><\/p>\n<p style=\"font-weight: 400;\"><b><strong>Les consommateurs de Synercell Phyco10 ont fait l'exp\u00e9rience des bene\ufb01ts suivants :<\/strong><\/b><\/p>\n<ul>\n<li>Favorise la d\u00e9toxification du foie et r\u00e9duit l'h\u00e9patotoxicit\u00e9 des produits chimiques.<\/li>\n<li>Anti-inflammatoire naturel \"effet anti-Cox 2\".<\/li>\n<li>L'un des anti-oxydants et anti-radicaux libres les plus puissants et les plus doux que l'on connaisse.<\/li>\n<li>Stimule la production de cellules souches.<\/li>\n<li>Stimule les cellules tueuses naturelles (NKC).<\/li>\n<li>Aide \u00e0 lutter contre les dommages neuronaux dans les maladies.<\/li>\n<\/ul>\n<p style=\"font-weight: 400;\"><b><strong>Tous les t\u00e9moignages sont disponibles dans la section \"t\u00e9moignages\" du produit.<\/strong><\/b><\/p>\n<p style=\"font-weight: 400;\"><b><strong>Recommandation d'utilisation<\/strong><\/b>:<\/p>\n<p style=\"font-weight: 400;\">Les compl\u00e9ments alimentaires doivent \u00eatre utilis\u00e9s dans le cadre d'un mode de vie sain.<b><strong>\u00a0<\/strong><\/b>et non comme substituts d'une alimentation vari\u00e9e et \u00e9quilibr\u00e9e. Ne pas d\u00e9passer la dose journali\u00e8re recommand\u00e9e<b><strong>.\u00a0<\/strong><\/b>Tenir hors de port\u00e9e des jeunes enfants. Pour l'utilisation chez les femmes enceintes ou allaitantes, consulter leur m\u00e9decin. Le b\u00eata-carot\u00e8ne est d\u00e9conseill\u00e9 aux fumeurs. Ce compl\u00e9ment alimentaire ne convient pas aux enfants de moins de 3 ans.<\/p>\n<p style=\"font-weight: 400;\"><b><strong>Ingr\u00e9dients<\/strong><\/b><\/p>\n<p style=\"font-weight: 400;\"><b><strong>Stabilisant :<\/strong><\/b><em>:<\/em>\u00a0Eau purifi\u00e9e, glyc\u00e9rine v\u00e9g\u00e9tale, extrait de fruit d'ac\u00e9rola (Malpighia glabra L.) dos\u00e9 en vitamine C, ar\u00f4me naturel,<\/p>\n<p style=\"font-weight: 400;\"><b><strong>\u00c9paississeur<\/strong><\/b>\u00a0:\u00a0Gomme xanthane (origine v\u00e9g\u00e9tale, non OGM).<\/p>\n<p style=\"font-weight: 400;\"><b><strong>Conservateur<\/strong><\/b>\u00a0:\u00a0Sorbate de potassium.<\/p>\n<p style=\"font-weight: 400;\"><b><strong>Mode d'emploi<\/strong><\/b>\u00a0:\u00a0Une cuill\u00e8re-mesure de 5 ml une fois par jour, de pr\u00e9f\u00e9rence \u00e0 jeun.<\/p>","protected":false},"excerpt":{"rendered":"<p>Unique formula resulting from a high concentration of phycocyanin, the therapeutic asset of spirulina. Phycocyanin is precisely the Armor of spirulina: it protects DNA and stimulates the production of stem cells. Well dosed, it is a real therapeutic gem. Synercell Phyco10 offers you all the benefits of phycocyanin maximized to meet the specific needs of &hellip; <a href=\"https:\/\/purespiruline.com\/fr\/produit\/phyco-10-gel-2\/\" class=\"more-link\">Continue reading <span class=\"screen-reader-text\">Gel Phyco 10<\/span><\/a><\/p>","protected":false},"featured_media":4961,"template":"","meta":{"_wp_convertkit_post_meta":{"form":"-1","landing_page":"0","tag":"0","restrict_content":"0"}},"pwb-brand":[],"product_brand":[],"product_cat":[96,98,86,103,106,109],"product_tag":[124,123,122],"class_list":{"0":"post-4958","1":"product","2":"type-product","3":"status-publish","4":"has-post-thumbnail","6":"product_cat-blood","7":"product_cat-brain","8":"product_cat-health-prevention","9":"product_cat-liver","10":"product_cat-muscles","11":"product_cat-sleep","12":"product_tag-energy","13":"product_tag-health","14":"product_tag-phycocyanin","16":"first","17":"outofstock","18":"taxable","19":"shipping-taxable","20":"purchasable","21":"product-type-simple"},"yoast_head":"<!-- This site is optimized with the Yoast SEO plugin v27.5 - https:\/\/yoast.com\/product\/yoast-seo-wordpress\/ -->\n<title>Highly concentrated phycocyanin to strengthen the mind<\/title>\n<meta name=\"description\" content=\"Discover the powerful benefits of highly concentrated phycocyanin. Boost your health and wellness with the best source of phycocyanin on the market\" \/>\n<meta name=\"robots\" content=\"index, follow, max-snippet:-1, max-image-preview:large, max-video-preview:-1\" \/>\n<link rel=\"canonical\" href=\"https:\/\/purespiruline.com\/fr\/produit\/phyco-10-gel-2\/\" \/>\n<meta property=\"og:locale\" content=\"fr_FR\" \/>\n<meta property=\"og:type\" content=\"article\" \/>\n<meta property=\"og:title\" content=\"Highly concentrated phycocyanin to strengthen the mind\" \/>\n<meta property=\"og:description\" content=\"Discover the powerful benefits of highly concentrated phycocyanin. Boost your health and wellness with the best source of phycocyanin on the market\" \/>\n<meta property=\"og:url\" content=\"https:\/\/purespiruline.com\/fr\/produit\/phyco-10-gel-2\/\" \/>\n<meta property=\"og:site_name\" content=\"Pure Spiruline\" \/>\n<meta property=\"article:publisher\" content=\"https:\/\/www.facebook.com\/profile.php?id=100089206063090\" \/>\n<meta property=\"article:modified_time\" content=\"2025-03-25T12:43:06+00:00\" \/>\n<meta property=\"og:image\" content=\"https:\/\/purespiruline.com\/wp-content\/uploads\/2022\/03\/Tube_phyco10-removebg-preview.png\" \/>\n\t<meta property=\"og:image:width\" content=\"406\" \/>\n\t<meta property=\"og:image:height\" content=\"406\" \/>\n\t<meta property=\"og:image:type\" content=\"image\/png\" \/>\n<meta name=\"twitter:card\" content=\"summary_large_image\" \/>\n<meta name=\"twitter:site\" content=\"@purespiruline\" \/>\n<meta name=\"twitter:label1\" content=\"Dur\u00e9e de lecture estim\u00e9e\" \/>\n\t<meta name=\"twitter:data1\" content=\"2 minutes\" \/>\n<script type=\"application\/ld+json\" class=\"yoast-schema-graph\">{\"@context\":\"https:\\\/\\\/schema.org\",\"@graph\":[{\"@type\":\"WebPage\",\"@id\":\"https:\\\/\\\/purespiruline.com\\\/produit\\\/phyco-10-gel-2\\\/\",\"url\":\"https:\\\/\\\/purespiruline.com\\\/produit\\\/phyco-10-gel-2\\\/\",\"name\":\"Highly concentrated phycocyanin to strengthen the mind\",\"isPartOf\":{\"@id\":\"https:\\\/\\\/purespiruline.com\\\/#website\"},\"primaryImageOfPage\":{\"@id\":\"https:\\\/\\\/purespiruline.com\\\/produit\\\/phyco-10-gel-2\\\/#primaryimage\"},\"image\":{\"@id\":\"https:\\\/\\\/purespiruline.com\\\/produit\\\/phyco-10-gel-2\\\/#primaryimage\"},\"thumbnailUrl\":\"https:\\\/\\\/purespiruline.com\\\/wp-content\\\/uploads\\\/2022\\\/03\\\/Tube_phyco10-removebg-preview.png\",\"datePublished\":\"2022-03-14T08:15:48+00:00\",\"dateModified\":\"2025-03-25T12:43:06+00:00\",\"description\":\"Discover the powerful benefits of highly concentrated phycocyanin. Boost your health and wellness with the best source of phycocyanin on the market\",\"breadcrumb\":{\"@id\":\"https:\\\/\\\/purespiruline.com\\\/produit\\\/phyco-10-gel-2\\\/#breadcrumb\"},\"inLanguage\":\"fr-FR\",\"potentialAction\":[{\"@type\":\"ReadAction\",\"target\":[\"https:\\\/\\\/purespiruline.com\\\/produit\\\/phyco-10-gel-2\\\/\"]}]},{\"@type\":\"ImageObject\",\"inLanguage\":\"fr-FR\",\"@id\":\"https:\\\/\\\/purespiruline.com\\\/produit\\\/phyco-10-gel-2\\\/#primaryimage\",\"url\":\"https:\\\/\\\/purespiruline.com\\\/wp-content\\\/uploads\\\/2022\\\/03\\\/Tube_phyco10-removebg-preview.png\",\"contentUrl\":\"https:\\\/\\\/purespiruline.com\\\/wp-content\\\/uploads\\\/2022\\\/03\\\/Tube_phyco10-removebg-preview.png\",\"width\":406,\"height\":406,\"caption\":\"Tube phyco removebg preview\"},{\"@type\":\"BreadcrumbList\",\"@id\":\"https:\\\/\\\/purespiruline.com\\\/produit\\\/phyco-10-gel-2\\\/#breadcrumb\",\"itemListElement\":[{\"@type\":\"ListItem\",\"position\":1,\"name\":\"Home\",\"item\":\"https:\\\/\\\/purespiruline.com\\\/\"},{\"@type\":\"ListItem\",\"position\":2,\"name\":\"Shop\",\"item\":\"https:\\\/\\\/purespiruline.com\\\/gr\\\/shop-for-food-supplements-and-spirulina\\\/\"},{\"@type\":\"ListItem\",\"position\":3,\"name\":\"Phyco 10 Gel\"}]},{\"@type\":\"WebSite\",\"@id\":\"https:\\\/\\\/purespiruline.com\\\/#website\",\"url\":\"https:\\\/\\\/purespiruline.com\\\/\",\"name\":\"Pure Spirulina\",\"description\":\"100% natural and efficient food supplement\",\"publisher\":{\"@id\":\"https:\\\/\\\/purespiruline.com\\\/#organization\"},\"alternateName\":\"KC Organics\",\"potentialAction\":[{\"@type\":\"SearchAction\",\"target\":{\"@type\":\"EntryPoint\",\"urlTemplate\":\"https:\\\/\\\/purespiruline.com\\\/?s={search_term_string}\"},\"query-input\":{\"@type\":\"PropertyValueSpecification\",\"valueRequired\":true,\"valueName\":\"search_term_string\"}}],\"inLanguage\":\"fr-FR\"},{\"@type\":\"Organization\",\"@id\":\"https:\\\/\\\/purespiruline.com\\\/#organization\",\"name\":\"Pure Spirulina\",\"alternateName\":\"KC Organics\",\"url\":\"https:\\\/\\\/purespiruline.com\\\/\",\"logo\":{\"@type\":\"ImageObject\",\"inLanguage\":\"fr-FR\",\"@id\":\"https:\\\/\\\/purespiruline.com\\\/#\\\/schema\\\/logo\\\/image\\\/\",\"url\":\"https:\\\/\\\/purespiruline.com\\\/wp-content\\\/uploads\\\/2022\\\/03\\\/cropped-4-1.png\",\"contentUrl\":\"https:\\\/\\\/purespiruline.com\\\/wp-content\\\/uploads\\\/2022\\\/03\\\/cropped-4-1.png\",\"width\":512,\"height\":512,\"caption\":\"Pure Spirulina\"},\"image\":{\"@id\":\"https:\\\/\\\/purespiruline.com\\\/#\\\/schema\\\/logo\\\/image\\\/\"},\"sameAs\":[\"https:\\\/\\\/www.facebook.com\\\/profile.php?id=100089206063090\",\"https:\\\/\\\/x.com\\\/purespiruline\",\"https:\\\/\\\/www.instagram.com\\\/pure_spiruline\\\/\",\"https:\\\/\\\/www.tiktok.com\\\/@purespiruline\"]}]}<\/script>\n<!-- \/ Yoast SEO plugin. -->","yoast_head_json":{"title":"Phycocyanine hautement concentr\u00e9e pour renforcer l'esprit","description":"D\u00e9couvrez les puissants bienfaits de la phycocyanine hautement concentr\u00e9e. Boostez votre sant\u00e9 et votre bien-\u00eatre avec la meilleure source de phycocyanine du march\u00e9.","robots":{"index":"index","follow":"follow","max-snippet":"max-snippet:-1","max-image-preview":"max-image-preview:large","max-video-preview":"max-video-preview:-1"},"canonical":"https:\/\/purespiruline.com\/fr\/produit\/phyco-10-gel-2\/","og_locale":"fr_FR","og_type":"article","og_title":"Highly concentrated phycocyanin to strengthen the mind","og_description":"Discover the powerful benefits of highly concentrated phycocyanin. Boost your health and wellness with the best source of phycocyanin on the market","og_url":"https:\/\/purespiruline.com\/fr\/produit\/phyco-10-gel-2\/","og_site_name":"Pure Spiruline","article_publisher":"https:\/\/www.facebook.com\/profile.php?id=100089206063090","article_modified_time":"2025-03-25T12:43:06+00:00","og_image":[{"width":406,"height":406,"url":"https:\/\/purespiruline.com\/wp-content\/uploads\/2022\/03\/Tube_phyco10-removebg-preview.png","type":"image\/png"}],"twitter_card":"summary_large_image","twitter_site":"@purespiruline","twitter_misc":{"Dur\u00e9e de lecture estim\u00e9e":"2 minutes"},"schema":{"@context":"https:\/\/schema.org","@graph":[{"@type":"WebPage","@id":"https:\/\/purespiruline.com\/produit\/phyco-10-gel-2\/","url":"https:\/\/purespiruline.com\/produit\/phyco-10-gel-2\/","name":"Phycocyanine hautement concentr\u00e9e pour renforcer l'esprit","isPartOf":{"@id":"https:\/\/purespiruline.com\/#website"},"primaryImageOfPage":{"@id":"https:\/\/purespiruline.com\/produit\/phyco-10-gel-2\/#primaryimage"},"image":{"@id":"https:\/\/purespiruline.com\/produit\/phyco-10-gel-2\/#primaryimage"},"thumbnailUrl":"https:\/\/purespiruline.com\/wp-content\/uploads\/2022\/03\/Tube_phyco10-removebg-preview.png","datePublished":"2022-03-14T08:15:48+00:00","dateModified":"2025-03-25T12:43:06+00:00","description":"D\u00e9couvrez les puissants bienfaits de la phycocyanine hautement concentr\u00e9e. Boostez votre sant\u00e9 et votre bien-\u00eatre avec la meilleure source de phycocyanine du march\u00e9.","breadcrumb":{"@id":"https:\/\/purespiruline.com\/produit\/phyco-10-gel-2\/#breadcrumb"},"inLanguage":"fr-FR","potentialAction":[{"@type":"ReadAction","target":["https:\/\/purespiruline.com\/produit\/phyco-10-gel-2\/"]}]},{"@type":"ImageObject","inLanguage":"fr-FR","@id":"https:\/\/purespiruline.com\/produit\/phyco-10-gel-2\/#primaryimage","url":"https:\/\/purespiruline.com\/wp-content\/uploads\/2022\/03\/Tube_phyco10-removebg-preview.png","contentUrl":"https:\/\/purespiruline.com\/wp-content\/uploads\/2022\/03\/Tube_phyco10-removebg-preview.png","width":406,"height":406,"caption":"Tube phyco removebg preview"},{"@type":"BreadcrumbList","@id":"https:\/\/purespiruline.com\/produit\/phyco-10-gel-2\/#breadcrumb","itemListElement":[{"@type":"ListItem","position":1,"name":"Home","item":"https:\/\/purespiruline.com\/"},{"@type":"ListItem","position":2,"name":"Shop","item":"https:\/\/purespiruline.com\/gr\/shop-for-food-supplements-and-spirulina\/"},{"@type":"ListItem","position":3,"name":"Phyco 10 Gel"}]},{"@type":"WebSite","@id":"https:\/\/purespiruline.com\/#website","url":"https:\/\/purespiruline.com\/","name":"Spiruline pure","description":"100% compl\u00e9ment alimentaire naturel et efficace","publisher":{"@id":"https:\/\/purespiruline.com\/#organization"},"alternateName":"KC Organics","potentialAction":[{"@type":"SearchAction","target":{"@type":"EntryPoint","urlTemplate":"https:\/\/purespiruline.com\/?s={search_term_string}"},"query-input":{"@type":"PropertyValueSpecification","valueRequired":true,"valueName":"search_term_string"}}],"inLanguage":"fr-FR"},{"@type":"Organization","@id":"https:\/\/purespiruline.com\/#organization","name":"Spiruline pure","alternateName":"KC Organics","url":"https:\/\/purespiruline.com\/","logo":{"@type":"ImageObject","inLanguage":"fr-FR","@id":"https:\/\/purespiruline.com\/#\/schema\/logo\/image\/","url":"https:\/\/purespiruline.com\/wp-content\/uploads\/2022\/03\/cropped-4-1.png","contentUrl":"https:\/\/purespiruline.com\/wp-content\/uploads\/2022\/03\/cropped-4-1.png","width":512,"height":512,"caption":"Pure Spirulina"},"image":{"@id":"https:\/\/purespiruline.com\/#\/schema\/logo\/image\/"},"sameAs":["https:\/\/www.facebook.com\/profile.php?id=100089206063090","https:\/\/x.com\/purespiruline","https:\/\/www.instagram.com\/pure_spiruline\/","https:\/\/www.tiktok.com\/@purespiruline"]}]}},"brands":[],"_links":{"self":[{"href":"https:\/\/purespiruline.com\/fr\/wp-json\/wp\/v2\/product\/4958","targetHints":{"allow":["GET"]}}],"collection":[{"href":"https:\/\/purespiruline.com\/fr\/wp-json\/wp\/v2\/product"}],"about":[{"href":"https:\/\/purespiruline.com\/fr\/wp-json\/wp\/v2\/types\/product"}],"wp:featuredmedia":[{"embeddable":true,"href":"https:\/\/purespiruline.com\/fr\/wp-json\/wp\/v2\/media\/4961"}],"wp:attachment":[{"href":"https:\/\/purespiruline.com\/fr\/wp-json\/wp\/v2\/media?parent=4958"}],"wp:term":[{"taxonomy":"pwb-brand","embeddable":true,"href":"https:\/\/purespiruline.com\/fr\/wp-json\/wp\/v2\/pwb-brand?post=4958"},{"taxonomy":"product_brand","embeddable":true,"href":"https:\/\/purespiruline.com\/fr\/wp-json\/wp\/v2\/product_brand?post=4958"},{"taxonomy":"product_cat","embeddable":true,"href":"https:\/\/purespiruline.com\/fr\/wp-json\/wp\/v2\/product_cat?post=4958"},{"taxonomy":"product_tag","embeddable":true,"href":"https:\/\/purespiruline.com\/fr\/wp-json\/wp\/v2\/product_tag?post=4958"}],"curies":[{"name":"wp","href":"https:\/\/api.w.org\/{rel}","templated":true}]}}