{"id":4949,"date":"2022-03-14T06:04:28","date_gmt":"2022-03-14T06:04:28","guid":{"rendered":"https:\/\/purespiruline.com\/?post_type=product&#038;p=4949"},"modified":"2024-10-17T14:46:48","modified_gmt":"2024-10-17T12:46:48","slug":"water-bottle","status":"publish","type":"product","link":"https:\/\/purespiruline.com\/fr\/produit\/bouteille-deau\/","title":{"rendered":"Bouteille de Sport"},"content":{"rendered":"<ul>\n<li style=\"list-style-type: none;\">\n<ul>\n<li>Propri\u00e9t\u00e9s de la bouteille en verre grav\u00e9e d'une fleur de vie.<\/li>\n<li>La bouteille en verre sur pied vous accompagnera tout au long de votre journ\u00e9e pour que vous restiez bien hydrat\u00e9.<\/li>\n<li>Facile \u00e0 transporter gr\u00e2ce \u00e0 sa taille compacte de 500 ml, il vous permet d'avoir toujours de l'eau fra\u00eeche et \u00e9nergique.<\/li>\n<li>Fabriqu\u00e9e en verre borosilicate, elle offre une stabilit\u00e9 chimique, une durabilit\u00e9 et une r\u00e9sistance \u00e0 la chaleur, mais n'est pas incassable ! Vous pouvez donc l'utiliser pour transporter des boissons chaudes et froides ou vos compl\u00e9ments alimentaires dilu\u00e9s.<\/li>\n<li>Il vous suffit de choisir le mod\u00e8le (couvercle en bambou ou en acier inoxydable) et la couleur du couvercle.<\/li>\n<li>Toutes nos bouteilles sont grav\u00e9es d'une fleur de vie.<\/li>\n<li>La fleur de vie est un symbole tr\u00e8s ancien d\u00e9j\u00e0 repr\u00e9sent\u00e9 dans des reliques assyriennes datant de plus de 6 si\u00e8cles avant J\u00e9sus-Christ.<\/li>\n<li>Elle est \u00e9galement grav\u00e9e dans le temple d'Osiris en \u00c9gypte et pr\u00e9sente dans le Codex Atlanticus de L\u00e9onard de Vinci.<\/li>\n<li>C'est une forme g\u00e9om\u00e9trique qui contient le nombre d'or, la s\u00e9quence de Fibonacci et les cinq solides de Platon.<\/li>\n<li>Directement li\u00e9 \u00e0 la g\u00e9om\u00e9trie sacr\u00e9e, il repr\u00e9sente un symbole universel de vitalit\u00e9, de cr\u00e9ation et d'harmonie.<\/li>\n<\/ul>\n<\/li>\n<\/ul>","protected":false},"excerpt":{"rendered":"<table class=\"specification-table\">\n<tbody>\n<tr>\n<th>Mat\u00e9riau<\/th>\n<td>Verre borosilicate<\/td>\n<\/tr>\n<tr>\n<th>Capacit\u00e9<\/th>\n<td>500 ML<\/td>\n<\/tr>\n<tr>\n<th>Pays d'origine<\/th>\n<td>Luxembourg<\/td>\n<\/tr>\n<\/tbody>\n<\/table>\n<p>&nbsp;<\/p>\n<p>&nbsp;<\/p>","protected":false},"featured_media":4953,"template":"","meta":{"_wp_convertkit_post_meta":{"form":"-1","landing_page":"0","tag":"0","restrict_content":"0"}},"pwb-brand":[],"product_cat":[89,87,91],"product_tag":[115,114,116],"class_list":{"0":"post-4949","1":"product","2":"type-product","3":"status-publish","4":"has-post-thumbnail","6":"product_cat-energy-drinks","7":"product_cat-fitness-and-energy","8":"product_cat-other-products","9":"product_tag-bottle","10":"product_tag-water","11":"product_tag-water-bottle","13":"first","14":"outofstock","15":"taxable","16":"shipping-taxable","17":"purchasable","18":"product-type-simple"},"yoast_head":"<!-- This site is optimized with the Yoast SEO plugin v23.6 - https:\/\/yoast.com\/wordpress\/plugins\/seo\/ -->\n<title>A high quality water bottle to accompany you in your daily activities<\/title>\n<meta name=\"description\" content=\"A great water bottle to help you with your regular activities\" \/>\n<meta name=\"robots\" content=\"index, follow, max-snippet:-1, max-image-preview:large, max-video-preview:-1\" \/>\n<link rel=\"canonical\" href=\"https:\/\/purespiruline.com\/fr\/produit\/bouteille-deau\/\" \/>\n<meta property=\"og:locale\" content=\"fr_FR\" \/>\n<meta property=\"og:type\" content=\"article\" \/>\n<meta property=\"og:title\" content=\"A high quality water bottle to accompany you in your daily activities\" \/>\n<meta property=\"og:description\" content=\"A great water bottle to help you with your regular activities\" \/>\n<meta property=\"og:url\" content=\"https:\/\/purespiruline.com\/fr\/produit\/bouteille-deau\/\" \/>\n<meta property=\"og:site_name\" content=\"Pure Spiruline\" \/>\n<meta property=\"article:publisher\" content=\"https:\/\/www.facebook.com\/profile.php?id=100089206063090\" \/>\n<meta property=\"article:modified_time\" content=\"2024-10-17T12:46:48+00:00\" \/>\n<meta property=\"og:image\" content=\"https:\/\/purespiruline.com\/wp-content\/uploads\/2022\/03\/Water-Bottle.png\" \/>\n\t<meta property=\"og:image:width\" content=\"608\" \/>\n\t<meta property=\"og:image:height\" content=\"608\" \/>\n\t<meta property=\"og:image:type\" content=\"image\/png\" \/>\n<meta name=\"twitter:card\" content=\"summary_large_image\" \/>\n<meta name=\"twitter:site\" content=\"@purespiruline\" \/>\n<meta name=\"twitter:label1\" content=\"Dur\u00e9e de lecture estim\u00e9e\" \/>\n\t<meta name=\"twitter:data1\" content=\"1 minute\" \/>\n<script type=\"application\/ld+json\" class=\"yoast-schema-graph\">{\"@context\":\"https:\/\/schema.org\",\"@graph\":[{\"@type\":\"WebPage\",\"@id\":\"https:\/\/purespiruline.com\/produit\/water-bottle\/\",\"url\":\"https:\/\/purespiruline.com\/produit\/water-bottle\/\",\"name\":\"A high quality water bottle to accompany you in your daily activities\",\"isPartOf\":{\"@id\":\"https:\/\/purespiruline.com\/#website\"},\"primaryImageOfPage\":{\"@id\":\"https:\/\/purespiruline.com\/produit\/water-bottle\/#primaryimage\"},\"image\":{\"@id\":\"https:\/\/purespiruline.com\/produit\/water-bottle\/#primaryimage\"},\"thumbnailUrl\":\"https:\/\/purespiruline.com\/wp-content\/uploads\/2022\/03\/Water-Bottle.png\",\"datePublished\":\"2022-03-14T06:04:28+00:00\",\"dateModified\":\"2024-10-17T12:46:48+00:00\",\"description\":\"A great water bottle to help you with your regular activities\",\"breadcrumb\":{\"@id\":\"https:\/\/purespiruline.com\/produit\/water-bottle\/#breadcrumb\"},\"inLanguage\":\"fr-FR\",\"potentialAction\":[{\"@type\":\"ReadAction\",\"target\":[\"https:\/\/purespiruline.com\/produit\/water-bottle\/\"]}]},{\"@type\":\"ImageObject\",\"inLanguage\":\"fr-FR\",\"@id\":\"https:\/\/purespiruline.com\/produit\/water-bottle\/#primaryimage\",\"url\":\"https:\/\/purespiruline.com\/wp-content\/uploads\/2022\/03\/Water-Bottle.png\",\"contentUrl\":\"https:\/\/purespiruline.com\/wp-content\/uploads\/2022\/03\/Water-Bottle.png\",\"width\":608,\"height\":608,\"caption\":\"Water Bottle\"},{\"@type\":\"BreadcrumbList\",\"@id\":\"https:\/\/purespiruline.com\/produit\/water-bottle\/#breadcrumb\",\"itemListElement\":[{\"@type\":\"ListItem\",\"position\":1,\"name\":\"Home\",\"item\":\"https:\/\/purespiruline.com\/\"},{\"@type\":\"ListItem\",\"position\":2,\"name\":\"Shop\",\"item\":\"https:\/\/purespiruline.com\/gr\/shop-for-food-supplements-and-spirulina\/\"},{\"@type\":\"ListItem\",\"position\":3,\"name\":\"Sport Bottle\"}]},{\"@type\":\"WebSite\",\"@id\":\"https:\/\/purespiruline.com\/#website\",\"url\":\"https:\/\/purespiruline.com\/\",\"name\":\"Pure Spirulina\",\"description\":\"100% natural and efficient food supplement\",\"publisher\":{\"@id\":\"https:\/\/purespiruline.com\/#organization\"},\"alternateName\":\"KC Organics\",\"potentialAction\":[{\"@type\":\"SearchAction\",\"target\":{\"@type\":\"EntryPoint\",\"urlTemplate\":\"https:\/\/purespiruline.com\/?s={search_term_string}\"},\"query-input\":{\"@type\":\"PropertyValueSpecification\",\"valueRequired\":true,\"valueName\":\"search_term_string\"}}],\"inLanguage\":\"fr-FR\"},{\"@type\":\"Organization\",\"@id\":\"https:\/\/purespiruline.com\/#organization\",\"name\":\"Pure Spirulina\",\"alternateName\":\"KC Organics\",\"url\":\"https:\/\/purespiruline.com\/\",\"logo\":{\"@type\":\"ImageObject\",\"inLanguage\":\"fr-FR\",\"@id\":\"https:\/\/purespiruline.com\/#\/schema\/logo\/image\/\",\"url\":\"https:\/\/purespiruline.com\/wp-content\/uploads\/2022\/03\/cropped-4-1.png\",\"contentUrl\":\"https:\/\/purespiruline.com\/wp-content\/uploads\/2022\/03\/cropped-4-1.png\",\"width\":512,\"height\":512,\"caption\":\"Pure Spirulina\"},\"image\":{\"@id\":\"https:\/\/purespiruline.com\/#\/schema\/logo\/image\/\"},\"sameAs\":[\"https:\/\/www.facebook.com\/profile.php?id=100089206063090\",\"https:\/\/x.com\/purespiruline\",\"https:\/\/www.instagram.com\/pure_spiruline\/\",\"https:\/\/www.tiktok.com\/@purespiruline\"]}]}<\/script>\n<!-- \/ Yoast SEO plugin. -->","yoast_head_json":{"title":"Une bouteille d'eau de qualit\u00e9 pour vous accompagner dans vos activit\u00e9s quotidiennes","description":"Une excellente bouteille d'eau pour vous aider dans vos activit\u00e9s r\u00e9guli\u00e8res","robots":{"index":"index","follow":"follow","max-snippet":"max-snippet:-1","max-image-preview":"max-image-preview:large","max-video-preview":"max-video-preview:-1"},"canonical":"https:\/\/purespiruline.com\/fr\/produit\/bouteille-deau\/","og_locale":"fr_FR","og_type":"article","og_title":"A high quality water bottle to accompany you in your daily activities","og_description":"A great water bottle to help you with your regular activities","og_url":"https:\/\/purespiruline.com\/fr\/produit\/bouteille-deau\/","og_site_name":"Pure Spiruline","article_publisher":"https:\/\/www.facebook.com\/profile.php?id=100089206063090","article_modified_time":"2024-10-17T12:46:48+00:00","og_image":[{"width":608,"height":608,"url":"https:\/\/purespiruline.com\/wp-content\/uploads\/2022\/03\/Water-Bottle.png","type":"image\/png"}],"twitter_card":"summary_large_image","twitter_site":"@purespiruline","twitter_misc":{"Dur\u00e9e de lecture estim\u00e9e":"1 minute"},"schema":{"@context":"https:\/\/schema.org","@graph":[{"@type":"WebPage","@id":"https:\/\/purespiruline.com\/produit\/water-bottle\/","url":"https:\/\/purespiruline.com\/produit\/water-bottle\/","name":"Une bouteille d'eau de qualit\u00e9 pour vous accompagner dans vos activit\u00e9s quotidiennes","isPartOf":{"@id":"https:\/\/purespiruline.com\/#website"},"primaryImageOfPage":{"@id":"https:\/\/purespiruline.com\/produit\/water-bottle\/#primaryimage"},"image":{"@id":"https:\/\/purespiruline.com\/produit\/water-bottle\/#primaryimage"},"thumbnailUrl":"https:\/\/purespiruline.com\/wp-content\/uploads\/2022\/03\/Water-Bottle.png","datePublished":"2022-03-14T06:04:28+00:00","dateModified":"2024-10-17T12:46:48+00:00","description":"Une excellente bouteille d'eau pour vous aider dans vos activit\u00e9s r\u00e9guli\u00e8res","breadcrumb":{"@id":"https:\/\/purespiruline.com\/produit\/water-bottle\/#breadcrumb"},"inLanguage":"fr-FR","potentialAction":[{"@type":"ReadAction","target":["https:\/\/purespiruline.com\/produit\/water-bottle\/"]}]},{"@type":"ImageObject","inLanguage":"fr-FR","@id":"https:\/\/purespiruline.com\/produit\/water-bottle\/#primaryimage","url":"https:\/\/purespiruline.com\/wp-content\/uploads\/2022\/03\/Water-Bottle.png","contentUrl":"https:\/\/purespiruline.com\/wp-content\/uploads\/2022\/03\/Water-Bottle.png","width":608,"height":608,"caption":"Water Bottle"},{"@type":"BreadcrumbList","@id":"https:\/\/purespiruline.com\/produit\/water-bottle\/#breadcrumb","itemListElement":[{"@type":"ListItem","position":1,"name":"Home","item":"https:\/\/purespiruline.com\/"},{"@type":"ListItem","position":2,"name":"Shop","item":"https:\/\/purespiruline.com\/gr\/shop-for-food-supplements-and-spirulina\/"},{"@type":"ListItem","position":3,"name":"Sport Bottle"}]},{"@type":"WebSite","@id":"https:\/\/purespiruline.com\/#website","url":"https:\/\/purespiruline.com\/","name":"Spiruline pure","description":"100% compl\u00e9ment alimentaire naturel et efficace","publisher":{"@id":"https:\/\/purespiruline.com\/#organization"},"alternateName":"KC Organics","potentialAction":[{"@type":"SearchAction","target":{"@type":"EntryPoint","urlTemplate":"https:\/\/purespiruline.com\/?s={search_term_string}"},"query-input":{"@type":"PropertyValueSpecification","valueRequired":true,"valueName":"search_term_string"}}],"inLanguage":"fr-FR"},{"@type":"Organization","@id":"https:\/\/purespiruline.com\/#organization","name":"Spiruline pure","alternateName":"KC Organics","url":"https:\/\/purespiruline.com\/","logo":{"@type":"ImageObject","inLanguage":"fr-FR","@id":"https:\/\/purespiruline.com\/#\/schema\/logo\/image\/","url":"https:\/\/purespiruline.com\/wp-content\/uploads\/2022\/03\/cropped-4-1.png","contentUrl":"https:\/\/purespiruline.com\/wp-content\/uploads\/2022\/03\/cropped-4-1.png","width":512,"height":512,"caption":"Pure Spirulina"},"image":{"@id":"https:\/\/purespiruline.com\/#\/schema\/logo\/image\/"},"sameAs":["https:\/\/www.facebook.com\/profile.php?id=100089206063090","https:\/\/x.com\/purespiruline","https:\/\/www.instagram.com\/pure_spiruline\/","https:\/\/www.tiktok.com\/@purespiruline"]}]}},"brands":[],"_links":{"self":[{"href":"https:\/\/purespiruline.com\/fr\/wp-json\/wp\/v2\/product\/4949","targetHints":{"allow":["GET"]}}],"collection":[{"href":"https:\/\/purespiruline.com\/fr\/wp-json\/wp\/v2\/product"}],"about":[{"href":"https:\/\/purespiruline.com\/fr\/wp-json\/wp\/v2\/types\/product"}],"wp:featuredmedia":[{"embeddable":true,"href":"https:\/\/purespiruline.com\/fr\/wp-json\/wp\/v2\/media\/4953"}],"wp:attachment":[{"href":"https:\/\/purespiruline.com\/fr\/wp-json\/wp\/v2\/media?parent=4949"}],"wp:term":[{"taxonomy":"pwb-brand","embeddable":true,"href":"https:\/\/purespiruline.com\/fr\/wp-json\/wp\/v2\/pwb-brand?post=4949"},{"taxonomy":"product_cat","embeddable":true,"href":"https:\/\/purespiruline.com\/fr\/wp-json\/wp\/v2\/product_cat?post=4949"},{"taxonomy":"product_tag","embeddable":true,"href":"https:\/\/purespiruline.com\/fr\/wp-json\/wp\/v2\/product_tag?post=4949"}],"curies":[{"name":"wp","href":"https:\/\/api.w.org\/{rel}","templated":true}]}}