{"id":616,"date":"2021-08-26T09:00:39","date_gmt":"2021-08-26T09:00:39","guid":{"rendered":"https:\/\/el3.thembaydev.com\/greenmart_fresh\/?page_id=616"},"modified":"2023-02-28T14:55:13","modified_gmt":"2023-02-28T13:55:13","slug":"contact-us","status":"publish","type":"page","link":"https:\/\/purespiruline.com\/fr\/nous-contacter\/","title":{"rendered":"Nous contacter"},"content":{"rendered":"<div data-elementor-type=\"wp-page\" data-elementor-id=\"616\" class=\"elementor elementor-616\">\n\t\t\t\t\t\t<section class=\"elementor-section elementor-top-section elementor-element elementor-element-6e06a91f elementor-section-boxed elementor-section-height-default elementor-section-height-default\" data-id=\"6e06a91f\" data-element_type=\"section\">\n\t\t\t\t\t\t<div class=\"elementor-container elementor-column-gap-no\">\n\t\t\t\t\t<div class=\"elementor-column elementor-col-33 elementor-top-column elementor-element elementor-element-4ccb45d4\" data-id=\"4ccb45d4\" data-element_type=\"column\">\n\t\t\t<div class=\"elementor-widget-wrap elementor-element-populated\">\n\t\t\t\t\t\t<div class=\"elementor-element elementor-element-2683c8b5 elementor-icon-list--layout-traditional elementor-list-item-link-full_width elementor-widget elementor-widget-icon-list\" data-id=\"2683c8b5\" data-element_type=\"widget\" data-widget_type=\"icon-list.default\">\n\t\t\t\t<div class=\"elementor-widget-container\">\n\t\t\t\t\t\t\t<ul class=\"elementor-icon-list-items\">\n\t\t\t\t\t\t\t<li class=\"elementor-icon-list-item\">\n\t\t\t\t\t\t\t\t\t\t\t<span class=\"elementor-icon-list-icon\">\n\t\t\t\t\t\t\t<i aria-hidden=\"true\" class=\"tb-icon tb-icon-zz-ilocation\"><\/i>\t\t\t\t\t\t<\/span>\n\t\t\t\t\t\t\t\t\t\t<span class=\"elementor-icon-list-text\">Londres<\/span>\n\t\t\t\t\t\t\t\t\t<\/li>\n\t\t\t\t\t\t<\/ul>\n\t\t\t\t\t\t<\/div>\n\t\t\t\t<\/div>\n\t\t\t\t<div class=\"elementor-element elementor-element-33416e11 elementor-widget elementor-widget-text-editor\" data-id=\"33416e11\" data-element_type=\"widget\" data-widget_type=\"text-editor.default\">\n\t\t\t\t<div class=\"elementor-widget-container\">\n\t\t\t\t\t\t\t\t\t<p>3rd Floor 207 Regent Street London Greater London United Kingdom W1B 3HH<\/p>\t\t\t\t\t\t\t\t<\/div>\n\t\t\t\t<\/div>\n\t\t\t\t\t<\/div>\n\t\t<\/div>\n\t\t\t\t<div class=\"elementor-column elementor-col-33 elementor-top-column elementor-element elementor-element-1ff81fef\" data-id=\"1ff81fef\" data-element_type=\"column\">\n\t\t\t<div class=\"elementor-widget-wrap elementor-element-populated\">\n\t\t\t\t\t\t<div class=\"elementor-element elementor-element-616388ed elementor-icon-list--layout-traditional elementor-list-item-link-full_width elementor-widget elementor-widget-icon-list\" data-id=\"616388ed\" data-element_type=\"widget\" data-widget_type=\"icon-list.default\">\n\t\t\t\t<div class=\"elementor-widget-container\">\n\t\t\t\t\t\t\t<ul class=\"elementor-icon-list-items\">\n\t\t\t\t\t\t\t<li class=\"elementor-icon-list-item\">\n\t\t\t\t\t\t\t\t\t\t\t<span class=\"elementor-icon-list-icon\">\n\t\t\t\t\t\t\t<i aria-hidden=\"true\" class=\"tb-icon tb-icon-zz-ilocation\"><\/i>\t\t\t\t\t\t<\/span>\n\t\t\t\t\t\t\t\t\t\t<span class=\"elementor-icon-list-text\">Mougins<\/span>\n\t\t\t\t\t\t\t\t\t<\/li>\n\t\t\t\t\t\t<\/ul>\n\t\t\t\t\t\t<\/div>\n\t\t\t\t<\/div>\n\t\t\t\t<div class=\"elementor-element elementor-element-7009b4da elementor-widget elementor-widget-text-editor\" data-id=\"7009b4da\" data-element_type=\"widget\" data-widget_type=\"text-editor.default\">\n\t\t\t\t<div class=\"elementor-widget-container\">\n\t\t\t\t\t\t\t\t\t<p>65B chemin de Faissole 06250<\/p><p>Mougins FRANCE<\/p>\t\t\t\t\t\t\t\t<\/div>\n\t\t\t\t<\/div>\n\t\t\t\t\t<\/div>\n\t\t<\/div>\n\t\t\t\t<div class=\"elementor-column elementor-col-33 elementor-top-column elementor-element elementor-element-519db687\" data-id=\"519db687\" data-element_type=\"column\">\n\t\t\t<div class=\"elementor-widget-wrap elementor-element-populated\">\n\t\t\t\t\t\t<div class=\"elementor-element elementor-element-321e35eb elementor-widget elementor-widget-heading\" data-id=\"321e35eb\" data-element_type=\"widget\" data-widget_type=\"heading.default\">\n\t\t\t\t<div class=\"elementor-widget-container\">\n\t\t\t\t\t<h3 class=\"elementor-heading-title elementor-size-default\">Heures d'ouverture<\/h3>\t\t\t\t<\/div>\n\t\t\t\t<\/div>\n\t\t\t\t<div class=\"elementor-element elementor-element-78bce515 elementor-widget elementor-widget-text-editor\" data-id=\"78bce515\" data-element_type=\"widget\" data-widget_type=\"text-editor.default\">\n\t\t\t\t<div class=\"elementor-widget-container\">\n\t\t\t\t\t\t\t\t\t<p>Les heures d'ouverture du magasin sont <strong>De 9 h \u00e0 18 h.\u00a0<\/strong><\/p>\t\t\t\t\t\t\t\t<\/div>\n\t\t\t\t<\/div>\n\t\t\t\t\t<\/div>\n\t\t<\/div>\n\t\t\t\t\t<\/div>\n\t\t<\/section>\n\t\t\t\t<section class=\"elementor-section elementor-top-section elementor-element elementor-element-e06d497 elementor-section-boxed elementor-section-height-default elementor-section-height-default\" data-id=\"e06d497\" data-element_type=\"section\">\n\t\t\t\t\t\t<div class=\"elementor-container elementor-column-gap-default\">\n\t\t\t\t\t<div class=\"elementor-column elementor-col-100 elementor-top-column elementor-element elementor-element-8f15a2e\" data-id=\"8f15a2e\" data-element_type=\"column\">\n\t\t\t<div class=\"elementor-widget-wrap elementor-element-populated\">\n\t\t\t\t\t\t<div class=\"elementor-element elementor-element-df3a1d6 elementor-widget elementor-widget-spacer\" data-id=\"df3a1d6\" data-element_type=\"widget\" data-widget_type=\"spacer.default\">\n\t\t\t\t<div class=\"elementor-widget-container\">\n\t\t\t\t\t\t\t<div class=\"elementor-spacer\">\n\t\t\t<div class=\"elementor-spacer-inner\"><\/div>\n\t\t<\/div>\n\t\t\t\t\t\t<\/div>\n\t\t\t\t<\/div>\n\t\t\t\t\t<\/div>\n\t\t<\/div>\n\t\t\t\t\t<\/div>\n\t\t<\/section>\n\t\t\t\t<section class=\"elementor-section elementor-top-section elementor-element elementor-element-5468bf46 elementor-section-boxed elementor-section-height-default elementor-section-height-default\" data-id=\"5468bf46\" data-element_type=\"section\">\n\t\t\t\t\t\t<div class=\"elementor-container elementor-column-gap-no\">\n\t\t\t\t\t<div class=\"elementor-column elementor-col-100 elementor-top-column elementor-element elementor-element-30538172\" data-id=\"30538172\" data-element_type=\"column\" data-settings=\"{&quot;background_background&quot;:&quot;classic&quot;}\">\n\t\t\t<div class=\"elementor-widget-wrap elementor-element-populated\">\n\t\t\t\t\t\t<div class=\"elementor-element elementor-element-5765701f elementor-widget elementor-widget-tbay-heading\" data-id=\"5765701f\" data-element_type=\"widget\" data-widget_type=\"tbay-heading.default\">\n\t\t\t\t<div class=\"elementor-widget-container\">\n\t\t\t\t\t\r\n<div class=\"tbay-element tbay-element-heading\">\r\n\t\t\t\t<h3 class=\"heading-tbay-title\">\r\n\t\t\t\t\t\t\t\t\t<span class=\"title\">Vous avez une question ?<\/span>\r\n\t\t\t\t\t    \t\r\n\t\t\t\t\t\t\t\t\t<span class=\"subtitle\">Votre adresse \u00e9lectronique ne sera pas publi\u00e9e. Les fichiers obligatoires sont marqu\u00e9s*.<\/span>\r\n\t\t\t\t\t\t\t<\/h3>\r\n\t\t<\/div>\t\t\t\t<\/div>\n\t\t\t\t<\/div>\n\t\t\t\t<div class=\"elementor-element elementor-element-2f6a30b elementor-widget elementor-widget-shortcode\" data-id=\"2f6a30b\" data-element_type=\"widget\" data-widget_type=\"shortcode.default\">\n\t\t\t\t<div class=\"elementor-widget-container\">\n\t\t\t\t\t\t\t<div class=\"elementor-shortcode\">\n<div class=\"wpcf7 no-js\" id=\"wpcf7-f5-o1\" lang=\"en-US\" dir=\"ltr\">\n<div class=\"screen-reader-response\"><p role=\"status\" aria-live=\"polite\" aria-atomic=\"true\"><\/p> <ul><\/ul><\/div>\n<form action=\"\/fr\/wp-json\/wp\/v2\/pages\/616#wpcf7-f5-o1\" method=\"post\" class=\"wpcf7-form init\" aria-label=\"Contact form\" novalidate=\"novalidate\" data-status=\"init\" data-trp-original-action=\"\/fr\/wp-json\/wp\/v2\/pages\/616#wpcf7-f5-o1\">\n<div style=\"display: none;\">\n<input type=\"hidden\" name=\"_wpcf7\" value=\"5\" \/>\n<input type=\"hidden\" name=\"_wpcf7_version\" value=\"5.9.8\" \/>\n<input type=\"hidden\" name=\"_wpcf7_locale\" value=\"en_US\" \/>\n<input type=\"hidden\" name=\"_wpcf7_unit_tag\" value=\"wpcf7-f5-o1\" \/>\n<input type=\"hidden\" name=\"_wpcf7_container_post\" value=\"0\" \/>\n<input type=\"hidden\" name=\"_wpcf7_posted_data_hash\" value=\"\" \/>\n<\/div>\n<div class=\"form-horizontal row\">\n\t<div class=\"col-12\">\n\t\t<p>Entrez votre nom <span class=\"wpcf7-form-control-wrap\" data-name=\"text-59\"><input size=\"40\" maxlength=\"400\" class=\"wpcf7-form-control wpcf7-text wpcf7-validates-as-required\" aria-required=\"true\" aria-invalid=\"false\" placeholder=\"Nom*\" value=\"\" type=\"text\" name=\"text-59\" \/><\/span>\n\t\t<\/p>\n\t<\/div>\n\t<div class=\"col-12\">\n\t\t<p>Entrez votre courriel <span class=\"wpcf7-form-control-wrap\" data-name=\"email-191\"><input size=\"40\" maxlength=\"400\" class=\"wpcf7-form-control wpcf7-email wpcf7-validates-as-required wpcf7-text wpcf7-validates-as-email\" aria-required=\"true\" aria-invalid=\"false\" placeholder=\"Courriel*\" value=\"\" type=\"email\" name=\"email-191\" \/><\/span>\n\t\t<\/p>\n\t<\/div>\n\t<div class=\"col-12\">\n\t\t<p>Entrez votre sujet <span class=\"wpcf7-form-control-wrap\" data-name=\"SUB\"><select class=\"wpcf7-form-control wpcf7-select\" aria-invalid=\"false\" name=\"SUB\"><option value=\"\">&#8212;Please choose an option&#8212;<\/option><option value=\"Delivery problem\">Probl\u00e8me de livraison<\/option><option value=\"Product details\">D\u00e9tails du produit<\/option><option value=\"Question\">Question<\/option><option value=\"others\">autres<\/option><\/select><\/span>\n\t\t<\/p>\n\t<\/div>\n\t<div class=\"col-12\">\n\t\t<p>Type de message<span class=\"wpcf7-form-control-wrap\" data-name=\"textarea-838\"><textarea cols=\"40\" rows=\"10\" maxlength=\"2000\" class=\"wpcf7-form-control wpcf7-textarea\" aria-invalid=\"false\" placeholder=\"Message*\" name=\"textarea-838\"><\/textarea><\/span>\n\t\t<\/p>\n\t<\/div>\n\t<div class=\"col-12\">\n\t\t<p><input class=\"wpcf7-form-control wpcf7-submit has-spinner\" type=\"submit\" value=\"Soumettre une question\" \/>\n\t\t<\/p>\n\t<\/div>\n<\/div><input type=\"hidden\" id=\"ct_checkjs_cf7_1728efbda81692282ba642aafd57be3a\" name=\"ct_checkjs_cf7\" value=\"0\" \/><script >setTimeout(function(){var ct_input_name = \"ct_checkjs_cf7_1728efbda81692282ba642aafd57be3a\";if (document.getElementById(ct_input_name) !== null) {var ct_input_value = document.getElementById(ct_input_name).value;document.getElementById(ct_input_name).value = document.getElementById(ct_input_name).value.replace(ct_input_value, 'f1130cb62478683ac91723b9138f01418822d43d65e1a5dd0aa734f469bddf17');}}, 1000);<\/script><input\n                    class=\"apbct_special_field apbct_email_id__wp_contact_form_7\"\n                    name=\"apbct__email_id__wp_contact_form_7\"\n                    aria-label=\"apbct__label_id__wp_contact_form_7\"\n                    type=\"text\" size=\"30\" maxlength=\"200\" autocomplete=\"off\"\n                    value=\"\"\n                \/><div class=\"wpcf7-response-output\" aria-hidden=\"true\"><\/div>\n<input\n                    class=\"apbct_special_field apbct_email_id__elementor_form\"\n                    name=\"apbct__email_id__elementor_form\"\n                    aria-label=\"apbct__label_id__elementor_form\"\n                    type=\"text\" size=\"30\" maxlength=\"200\" autocomplete=\"off\"\n                    value=\"\"\n                \/><input type=\"hidden\" name=\"trp-form-language\" value=\"fr\"\/><\/form>\n<\/div>\n<\/div>\n\t\t\t\t\t\t<\/div>\n\t\t\t\t<\/div>\n\t\t\t\t\t<\/div>\n\t\t<\/div>\n\t\t\t\t\t<\/div>\n\t\t<\/section>\n\t\t\t\t<section class=\"elementor-section elementor-top-section elementor-element elementor-element-e1204b0 elementor-section-full_width elementor-section-stretched elementor-section-height-default elementor-section-height-default\" data-id=\"e1204b0\" data-element_type=\"section\" data-settings=\"{&quot;stretch_section&quot;:&quot;section-stretched&quot;}\">\n\t\t\t\t\t\t<div class=\"elementor-container elementor-column-gap-no\">\n\t\t\t\t\t<div class=\"elementor-column elementor-col-50 elementor-top-column elementor-element elementor-element-624c349\" data-id=\"624c349\" data-element_type=\"column\">\n\t\t\t<div class=\"elementor-widget-wrap elementor-element-populated\">\n\t\t\t\t\t\t<div class=\"elementor-element elementor-element-cf11912 elementor-widget elementor-widget-google_maps\" data-id=\"cf11912\" data-element_type=\"widget\" data-widget_type=\"google_maps.default\">\n\t\t\t\t<div class=\"elementor-widget-container\">\n\t\t\t\t\t\t\t<div class=\"elementor-custom-embed\">\n\t\t\t<iframe loading=\"lazy\"\n\t\t\t\t\tsrc=\"https:\/\/maps.google.com\/maps?q=207%20Regent%20Street%2C%20London%20UNITED%20KINGDOM&#038;t=m&#038;z=4&#038;output=embed&#038;iwloc=near\"\n\t\t\t\t\ttitle=\"207 Regent Street, Londres ROYAUME-UNI\"\n\t\t\t\t\taria-label=\"207 Regent Street, Londres ROYAUME-UNI\"\n\t\t\t><\/iframe>\n\t\t<\/div>\n\t\t\t\t\t\t<\/div>\n\t\t\t\t<\/div>\n\t\t\t\t\t<\/div>\n\t\t<\/div>\n\t\t\t\t<div class=\"elementor-column elementor-col-50 elementor-top-column elementor-element elementor-element-9a6171e\" data-id=\"9a6171e\" data-element_type=\"column\">\n\t\t\t<div class=\"elementor-widget-wrap elementor-element-populated\">\n\t\t\t\t\t\t<div class=\"elementor-element elementor-element-242ffe3 elementor-widget elementor-widget-google_maps\" data-id=\"242ffe3\" data-element_type=\"widget\" data-widget_type=\"google_maps.default\">\n\t\t\t\t<div class=\"elementor-widget-container\">\n\t\t\t\t\t\t\t<div class=\"elementor-custom-embed\">\n\t\t\t<iframe loading=\"lazy\"\n\t\t\t\t\tsrc=\"https:\/\/maps.google.com\/maps?q=65B%20chemin%20de%20Faissole%2006250%20Mougins%20&#038;t=m&#038;z=4&#038;output=embed&#038;iwloc=near\"\n\t\t\t\t\ttitle=\"65B chemin de Faissole 06250 Mougins \"\n\t\t\t\t\taria-label=\"65B chemin de Faissole 06250 Mougins \"\n\t\t\t><\/iframe>\n\t\t<\/div>\n\t\t\t\t\t\t<\/div>\n\t\t\t\t<\/div>\n\t\t\t\t\t<\/div>\n\t\t<\/div>\n\t\t\t\t\t<\/div>\n\t\t<\/section>\n\t\t\t\t<\/div>","protected":false},"excerpt":{"rendered":"<p>London 3rd Floor 207 Regent Street London Greater London United Kingdom W1B 3HH Mougins 65B chemin de Faissole 06250 Mougins FRANCE Opening Hours The store&#8217;s opening hours are 9 a.m. to 6 p.m.\u00a0 Have A Question? Your email address will not be published. Required fileds are marked*<\/p>","protected":false},"author":1,"featured_media":0,"parent":0,"menu_order":0,"comment_status":"closed","ping_status":"closed","template":"","meta":{"_wp_convertkit_post_meta":{"form":"-1","landing_page":"0","tag":"0","restrict_content":"0"},"footnotes":""},"yoast_head":"<!-- This site is optimized with the Yoast SEO plugin v23.6 - https:\/\/yoast.com\/wordpress\/plugins\/seo\/ -->\n<title>Contact Us | Pure Spiruline- Get in Touch with Our Team<\/title>\n<meta name=\"robots\" content=\"index, follow, max-snippet:-1, max-image-preview:large, max-video-preview:-1\" \/>\n<link rel=\"canonical\" href=\"https:\/\/purespiruline.com\/fr\/gr\/kontakt-uns\/\" \/>\n<meta property=\"og:locale\" content=\"fr_FR\" \/>\n<meta property=\"og:type\" content=\"article\" \/>\n<meta property=\"og:title\" content=\"Contact Us | Pure Spiruline- Get in Touch with Our Team\" \/>\n<meta property=\"og:description\" content=\"London 3rd Floor 207 Regent Street London Greater London United Kingdom W1B 3HH Mougins 65B chemin de Faissole 06250 Mougins FRANCE Opening Hours The store&#8217;s opening hours are 9 a.m. to 6 p.m.\u00a0 Have A Question? Your email address will not be published. Required fileds are marked*\" \/>\n<meta property=\"og:url\" content=\"https:\/\/purespiruline.com\/fr\/gr\/kontakt-uns\/\" \/>\n<meta property=\"og:site_name\" content=\"Pure Spiruline\" \/>\n<meta property=\"article:publisher\" content=\"https:\/\/www.facebook.com\/profile.php?id=100089206063090\" \/>\n<meta property=\"article:modified_time\" content=\"2023-02-28T13:55:13+00:00\" \/>\n<meta property=\"og:image\" content=\"https:\/\/purespiruline.com\/wp-content\/uploads\/2023\/02\/spirulina.jpg\" \/>\n\t<meta property=\"og:image:width\" content=\"1000\" \/>\n\t<meta property=\"og:image:height\" content=\"667\" \/>\n\t<meta property=\"og:image:type\" content=\"image\/jpeg\" \/>\n<meta name=\"twitter:card\" content=\"summary_large_image\" \/>\n<meta name=\"twitter:site\" content=\"@purespiruline\" \/>\n<script type=\"application\/ld+json\" class=\"yoast-schema-graph\">{\"@context\":\"https:\/\/schema.org\",\"@graph\":[{\"@type\":\"WebPage\",\"@id\":\"https:\/\/purespiruline.com\/gr\/kontakt-uns\/\",\"url\":\"https:\/\/purespiruline.com\/gr\/kontakt-uns\/\",\"name\":\"Contact Us | Pure Spiruline- Get in Touch with Our Team\",\"isPartOf\":{\"@id\":\"https:\/\/purespiruline.com\/#website\"},\"datePublished\":\"2021-08-26T09:00:39+00:00\",\"dateModified\":\"2023-02-28T13:55:13+00:00\",\"breadcrumb\":{\"@id\":\"https:\/\/purespiruline.com\/gr\/kontakt-uns\/#breadcrumb\"},\"inLanguage\":\"fr-FR\",\"potentialAction\":[{\"@type\":\"ReadAction\",\"target\":[\"https:\/\/purespiruline.com\/gr\/kontakt-uns\/\"]}]},{\"@type\":\"BreadcrumbList\",\"@id\":\"https:\/\/purespiruline.com\/gr\/kontakt-uns\/#breadcrumb\",\"itemListElement\":[{\"@type\":\"ListItem\",\"position\":1,\"name\":\"Home\",\"item\":\"https:\/\/purespiruline.com\/\"},{\"@type\":\"ListItem\",\"position\":2,\"name\":\"Contact Us\"}]},{\"@type\":\"WebSite\",\"@id\":\"https:\/\/purespiruline.com\/#website\",\"url\":\"https:\/\/purespiruline.com\/\",\"name\":\"Pure Spirulina\",\"description\":\"100% natural and efficient food supplement\",\"publisher\":{\"@id\":\"https:\/\/purespiruline.com\/#organization\"},\"alternateName\":\"KC Organics\",\"potentialAction\":[{\"@type\":\"SearchAction\",\"target\":{\"@type\":\"EntryPoint\",\"urlTemplate\":\"https:\/\/purespiruline.com\/?s={search_term_string}\"},\"query-input\":{\"@type\":\"PropertyValueSpecification\",\"valueRequired\":true,\"valueName\":\"search_term_string\"}}],\"inLanguage\":\"fr-FR\"},{\"@type\":\"Organization\",\"@id\":\"https:\/\/purespiruline.com\/#organization\",\"name\":\"Pure Spirulina\",\"alternateName\":\"KC Organics\",\"url\":\"https:\/\/purespiruline.com\/\",\"logo\":{\"@type\":\"ImageObject\",\"inLanguage\":\"fr-FR\",\"@id\":\"https:\/\/purespiruline.com\/#\/schema\/logo\/image\/\",\"url\":\"https:\/\/purespiruline.com\/wp-content\/uploads\/2022\/03\/cropped-4-1.png\",\"contentUrl\":\"https:\/\/purespiruline.com\/wp-content\/uploads\/2022\/03\/cropped-4-1.png\",\"width\":512,\"height\":512,\"caption\":\"Pure Spirulina\"},\"image\":{\"@id\":\"https:\/\/purespiruline.com\/#\/schema\/logo\/image\/\"},\"sameAs\":[\"https:\/\/www.facebook.com\/profile.php?id=100089206063090\",\"https:\/\/x.com\/purespiruline\",\"https:\/\/www.instagram.com\/pure_spiruline\/\",\"https:\/\/www.tiktok.com\/@purespiruline\"]}]}<\/script>\n<!-- \/ Yoast SEO plugin. -->","yoast_head_json":{"title":"Contactez-nous - Pure Spiruline - Prenez contact avec notre \u00e9quipe","robots":{"index":"index","follow":"follow","max-snippet":"max-snippet:-1","max-image-preview":"max-image-preview:large","max-video-preview":"max-video-preview:-1"},"canonical":"https:\/\/purespiruline.com\/fr\/gr\/kontakt-uns\/","og_locale":"fr_FR","og_type":"article","og_title":"Contact Us | Pure Spiruline- Get in Touch with Our Team","og_description":"London 3rd Floor 207 Regent Street London Greater London United Kingdom W1B 3HH Mougins 65B chemin de Faissole 06250 Mougins FRANCE Opening Hours The store&#8217;s opening hours are 9 a.m. to 6 p.m.\u00a0 Have A Question? Your email address will not be published. Required fileds are marked*","og_url":"https:\/\/purespiruline.com\/fr\/gr\/kontakt-uns\/","og_site_name":"Pure Spiruline","article_publisher":"https:\/\/www.facebook.com\/profile.php?id=100089206063090","article_modified_time":"2023-02-28T13:55:13+00:00","og_image":[{"width":1000,"height":667,"url":"https:\/\/purespiruline.com\/wp-content\/uploads\/2023\/02\/spirulina.jpg","type":"image\/jpeg"}],"twitter_card":"summary_large_image","twitter_site":"@purespiruline","schema":{"@context":"https:\/\/schema.org","@graph":[{"@type":"WebPage","@id":"https:\/\/purespiruline.com\/gr\/kontakt-uns\/","url":"https:\/\/purespiruline.com\/gr\/kontakt-uns\/","name":"Contactez-nous - Pure Spiruline - Prenez contact avec notre \u00e9quipe","isPartOf":{"@id":"https:\/\/purespiruline.com\/#website"},"datePublished":"2021-08-26T09:00:39+00:00","dateModified":"2023-02-28T13:55:13+00:00","breadcrumb":{"@id":"https:\/\/purespiruline.com\/gr\/kontakt-uns\/#breadcrumb"},"inLanguage":"fr-FR","potentialAction":[{"@type":"ReadAction","target":["https:\/\/purespiruline.com\/gr\/kontakt-uns\/"]}]},{"@type":"BreadcrumbList","@id":"https:\/\/purespiruline.com\/gr\/kontakt-uns\/#breadcrumb","itemListElement":[{"@type":"ListItem","position":1,"name":"Home","item":"https:\/\/purespiruline.com\/"},{"@type":"ListItem","position":2,"name":"Contact Us"}]},{"@type":"WebSite","@id":"https:\/\/purespiruline.com\/#website","url":"https:\/\/purespiruline.com\/","name":"Spiruline pure","description":"100% compl\u00e9ment alimentaire naturel et efficace","publisher":{"@id":"https:\/\/purespiruline.com\/#organization"},"alternateName":"KC Organics","potentialAction":[{"@type":"SearchAction","target":{"@type":"EntryPoint","urlTemplate":"https:\/\/purespiruline.com\/?s={search_term_string}"},"query-input":{"@type":"PropertyValueSpecification","valueRequired":true,"valueName":"search_term_string"}}],"inLanguage":"fr-FR"},{"@type":"Organization","@id":"https:\/\/purespiruline.com\/#organization","name":"Spiruline pure","alternateName":"KC Organics","url":"https:\/\/purespiruline.com\/","logo":{"@type":"ImageObject","inLanguage":"fr-FR","@id":"https:\/\/purespiruline.com\/#\/schema\/logo\/image\/","url":"https:\/\/purespiruline.com\/wp-content\/uploads\/2022\/03\/cropped-4-1.png","contentUrl":"https:\/\/purespiruline.com\/wp-content\/uploads\/2022\/03\/cropped-4-1.png","width":512,"height":512,"caption":"Pure Spirulina"},"image":{"@id":"https:\/\/purespiruline.com\/#\/schema\/logo\/image\/"},"sameAs":["https:\/\/www.facebook.com\/profile.php?id=100089206063090","https:\/\/x.com\/purespiruline","https:\/\/www.instagram.com\/pure_spiruline\/","https:\/\/www.tiktok.com\/@purespiruline"]}]}},"_links":{"self":[{"href":"https:\/\/purespiruline.com\/fr\/wp-json\/wp\/v2\/pages\/616"}],"collection":[{"href":"https:\/\/purespiruline.com\/fr\/wp-json\/wp\/v2\/pages"}],"about":[{"href":"https:\/\/purespiruline.com\/fr\/wp-json\/wp\/v2\/types\/page"}],"author":[{"embeddable":true,"href":"https:\/\/purespiruline.com\/fr\/wp-json\/wp\/v2\/users\/1"}],"replies":[{"embeddable":true,"href":"https:\/\/purespiruline.com\/fr\/wp-json\/wp\/v2\/comments?post=616"}],"version-history":[{"count":0,"href":"https:\/\/purespiruline.com\/fr\/wp-json\/wp\/v2\/pages\/616\/revisions"}],"wp:attachment":[{"href":"https:\/\/purespiruline.com\/fr\/wp-json\/wp\/v2\/media?parent=616"}],"curies":[{"name":"wp","href":"https:\/\/api.w.org\/{rel}","templated":true}]}}