{"id":4883,"date":"2022-03-12T11:52:09","date_gmt":"2022-03-12T10:52:09","guid":{"rendered":"https:\/\/purespiruline.com\/?page_id=4883"},"modified":"2023-03-05T18:48:48","modified_gmt":"2023-03-05T17:48:48","slug":"legal-notices","status":"publish","type":"page","link":"https:\/\/purespiruline.com\/fr\/avis-juridiques\/","title":{"rendered":"Mentions L\u00e9gales"},"content":{"rendered":"<p style=\"text-align: justify;\">Ce site Web est la propri\u00e9t\u00e9 de K&amp;C Organics International Limited, une soci\u00e9t\u00e9 enregistr\u00e9e \u00e0 Londres sous le num\u00e9ro 13239963.<\/p>\n<p style=\"text-align: justify;\">Adresse du si\u00e8ge social : 3rd Floor 207 Regent Street London Great London UK W1B 3HH<\/p>\n<p style=\"text-align: justify;\">Courriel : contact@purespiruline.fr<\/p>\n<p>Le directeur de la publication du site est M. Ritesh Kumar, en sa qualit\u00e9 de directeur.<\/p>\n<p style=\"text-align: justify;\">Le prestataire assurant l'h\u00e9bergement du site ainsi que le stockage des informations est la soci\u00e9t\u00e9 Hostinger (https:\/\/www.hostinger.com). La conception graphique du site a \u00e9t\u00e9 r\u00e9alis\u00e9e par la soci\u00e9t\u00e9 K&amp;C Organics International Limited.<\/p>\n<p><em><strong>LE CONTENU DU SITE<\/strong><\/em><\/p>\n<p style=\"text-align: justify;\">K&amp;C Organics International garantit les caract\u00e9ristiques essentielles des produits. K&amp;C Organics International n'est pas responsable de l'utilisation et de l'interpr\u00e9tation des informations contenues dans ce site.<br \/>\nLa soci\u00e9t\u00e9 K&amp;C Organics International ne peut \u00eatre tenue pour responsable d'\u00e9ventuels virus qui pourraient infecter l'ordinateur ou tout mat\u00e9riel informatique de l'internaute, suite \u00e0 une utilisation, un acc\u00e8s ou un t\u00e9l\u00e9chargement provenant de ce site.<br \/>\nK&amp;C Organics International se r\u00e9serve le droit de modifier \u00e0 tout moment le contenu de ses offres commerciales, \u00e9tant entendu que toute commande pass\u00e9e avant la modification de l'offre sera honor\u00e9e.<\/p>\n<p><strong><em>DROITS D'AUTEUR ET PROPRI\u00c9T\u00c9 INTELLECTUELLE<\/em><\/strong><\/p>\n<p style=\"text-align: justify;\">Le pr\u00e9sent site est la propri\u00e9t\u00e9 de K&amp;C Organics International Limited qui en d\u00e9tient tous les droits de propri\u00e9t\u00e9 intellectuelle. Le pr\u00e9sent site constitue une \u0153uvre prot\u00e9g\u00e9e par les droits de propri\u00e9t\u00e9 intellectuelle, au m\u00eame titre que la structure g\u00e9n\u00e9rale du site, les graphismes ainsi que les \u00e9l\u00e9ments accessibles sur le site (formulaires, textes, photographies, images...).<br \/>\nSauf autorisation \u00e9crite pr\u00e9alable de K&amp;C Organics International Limited, le site et les informations qu'il contient ne peuvent \u00eatre copi\u00e9s, reproduits, modifi\u00e9s, transmis, publi\u00e9s sur quelque support que ce soit, ni exploit\u00e9s en tout ou partie \u00e0 des fins commerciales ou non commerciales, ni servir \u00e0 la cr\u00e9ation d'\u0153uvres d\u00e9riv\u00e9es.<br \/>\nLe non-respect de ces r\u00e8gles peut entra\u00eener la responsabilit\u00e9 de l'internaute conform\u00e9ment aux articles L. 713-2 et L.713-3 du Code de la propri\u00e9t\u00e9 intellectuelle.<br \/>\nCr\u00e9dits photos : www.purespiruline.com<\/p>\n<p><strong><em>POLITIQUE DE CONFIDENTIALIT\u00c9 DES DONN\u00c9ES PERSONNELLES<\/em><\/strong><\/p>\n<p style=\"text-align: justify;\">Notre soci\u00e9t\u00e9 met en \u0153uvre des traitements de donn\u00e9es \u00e0 caract\u00e8re personnel.<br \/>\nEn utilisant notre site, vous acceptez notre politique de confidentialit\u00e9.<br \/>\nNous recueillons des informations vous concernant lorsque vous vous inscrivez sur notre site, lorsque vous vous connectez \u00e0 votre compte, effectuez un achat.....<br \/>\nNous nous engageons \u00e0 ne collecter que les donn\u00e9es strictement n\u00e9cessaires.<br \/>\nLe traitement de ces donn\u00e9es nous permet de g\u00e9rer notre relation commerciale, de personnaliser votre exp\u00e9rience et de r\u00e9pondre \u00e0 vos besoins individuels, de vous fournir des informations personnalis\u00e9es, d'am\u00e9liorer le service \u00e0 la client\u00e8le et les besoins d'assistance, et de vous contacter par courrier \u00e9lectronique.<br \/>\nLa dur\u00e9e de conservation des informations personnelles d\u00e9pend du service que vous avez achet\u00e9. Nous ne conserverons pas vos informations personnelles au-del\u00e0 de la p\u00e9riode n\u00e9cessaire pour fournir le service, plus toute p\u00e9riode de conservation impos\u00e9e par les lois de prescription applicables.<br \/>\nNous sommes les seuls utilisateurs des informations recueillies sur ce site. Vos informations personnelles ne seront pas vendues, \u00e9chang\u00e9es, transf\u00e9r\u00e9es ou donn\u00e9es \u00e0 une autre soci\u00e9t\u00e9 sans votre consentement, sauf si cela est n\u00e9cessaire pour r\u00e9pondre \u00e0 une demande et\/ou une transaction (par exemple, pour exp\u00e9dier une commande).<br \/>\nNous mettons en \u0153uvre des mesures de s\u00e9curit\u00e9 pour pr\u00e9server la s\u00e9curit\u00e9 de vos informations personnelles. Nous prot\u00e9geons \u00e9galement vos informations hors ligne. Seuls les services qui ont besoin d'effectuer un travail sp\u00e9cifique (par exemple, la facturation ou le service client\u00e8le) ont acc\u00e8s aux informations permettant d'identifier les personnes. Les ordinateurs et les serveurs utilis\u00e9s pour stocker les informations personnelles identifiables sont conserv\u00e9s dans un environnement s\u00e9curis\u00e9.<br \/>\nNous utilisons des cookies pour am\u00e9liorer l'acc\u00e8s \u00e0 notre site et identifier les visiteurs r\u00e9guliers. En outre, nos cookies am\u00e9liorent l'exp\u00e9rience de l'utilisateur en suivant et en ciblant ses int\u00e9r\u00eats. Toutefois, cette utilisation des cookies n'est en aucun cas li\u00e9e \u00e0 des informations personnellement identifiables sur notre site.<br \/>\nSachez que vous disposez d'un droit d'acc\u00e8s, de rectification, d'effacement, d'opposition et de limitation du traitement de vos donn\u00e9es personnelles.<br \/>\nVous pouvez exercer ces droits en envoyant une demande \u00e9crite et sign\u00e9e, pr\u00e9cisant l'adresse \u00e0 laquelle la r\u00e9ponse doit \u00eatre envoy\u00e9e et accompagn\u00e9e d'une copie de votre carte d'identit\u00e9, \u00e0 l'adresse suivante : contact@purespiruline.com.<br \/>\nVous pouvez \u00e9galement vous d\u00e9sinscrire \u00e0 tout moment pour ne plus recevoir d'e-mails.<\/p>\n<p><strong><em>DES HYPERLIENS VERS DES SITES DE TIERS<\/em><\/strong><\/p>\n<p style=\"text-align: justify;\">Ce site propose des liens hypertextes pointant vers des sites Internet \u00e9dit\u00e9s par des tiers. Ces liens sont \u00e9tablis de bonne foi et la soci\u00e9t\u00e9 K&amp;C Organics International ne peut \u00eatre tenue pour responsable de modifications intervenues sur ces sites. Par cons\u00e9quent, ces liens hypertextes ne sauraient, en aucun cas, engager la responsabilit\u00e9 de la soci\u00e9t\u00e9 K&amp;C Organics International : seule la responsabilit\u00e9 des \u00e9diteurs des sites r\u00e9f\u00e9renc\u00e9s sur le site de la soci\u00e9t\u00e9 K&amp;C Organics International pourra \u00eatre engag\u00e9e.<\/p>\n<p><strong><em>DROIT APPLICABLE<\/em><\/strong><\/p>\n<p>Ce site et la pr\u00e9sente notice l\u00e9gale sont soumis au droit fran\u00e7ais.<\/p>","protected":false},"excerpt":{"rendered":"<p>This website is the property of K&amp;C Organics International Limited, a company registered in London under number: 13239963 Registered Office Address: 3rd Floor 207 Regent Street London Great London UK W1B 3HH E-mail : contact@purespiruline.fr The Director of Publication of the website is Mr. Ritesh Kumar, in his capacity as Director. The provider ensuring the &hellip; <a href=\"https:\/\/purespiruline.com\/fr\/avis-juridiques\/\" class=\"more-link\">Continue reading <span class=\"screen-reader-text\">Mentions L\u00e9gales<\/span><\/a><\/p>","protected":false},"author":1,"featured_media":0,"parent":0,"menu_order":0,"comment_status":"closed","ping_status":"closed","template":"","meta":{"_wp_convertkit_post_meta":{"form":"-1","landing_page":"0","tag":"0","restrict_content":"0"},"footnotes":""},"yoast_head":"<!-- This site is optimized with the Yoast SEO plugin v23.6 - https:\/\/yoast.com\/wordpress\/plugins\/seo\/ -->\n<title>Pure Spirulina Legal Notices<\/title>\n<meta name=\"description\" content=\"Pure Spirulina Legal Notices\" \/>\n<meta name=\"robots\" content=\"index, follow, max-snippet:-1, max-image-preview:large, max-video-preview:-1\" \/>\n<link rel=\"canonical\" href=\"https:\/\/purespiruline.com\/fr\/gr\/rechtliche-hinweise\/\" \/>\n<meta property=\"og:locale\" content=\"fr_FR\" \/>\n<meta property=\"og:type\" content=\"article\" \/>\n<meta property=\"og:title\" content=\"Pure Spirulina Legal Notices\" \/>\n<meta property=\"og:description\" content=\"Pure Spirulina Legal Notices\" \/>\n<meta property=\"og:url\" content=\"https:\/\/purespiruline.com\/fr\/gr\/rechtliche-hinweise\/\" \/>\n<meta property=\"og:site_name\" content=\"Pure Spiruline\" \/>\n<meta property=\"article:publisher\" content=\"https:\/\/www.facebook.com\/profile.php?id=100089206063090\" \/>\n<meta property=\"article:modified_time\" content=\"2023-03-05T17:48:48+00:00\" \/>\n<meta property=\"og:image\" content=\"https:\/\/purespiruline.com\/wp-content\/uploads\/2023\/02\/spirulina.jpg\" \/>\n\t<meta property=\"og:image:width\" content=\"1000\" \/>\n\t<meta property=\"og:image:height\" content=\"667\" \/>\n\t<meta property=\"og:image:type\" content=\"image\/jpeg\" \/>\n<meta name=\"twitter:card\" content=\"summary_large_image\" \/>\n<meta name=\"twitter:site\" content=\"@purespiruline\" \/>\n<meta name=\"twitter:label1\" content=\"Dur\u00e9e de lecture estim\u00e9e\" \/>\n\t<meta name=\"twitter:data1\" content=\"4 minutes\" \/>\n<script type=\"application\/ld+json\" class=\"yoast-schema-graph\">{\"@context\":\"https:\/\/schema.org\",\"@graph\":[{\"@type\":\"WebPage\",\"@id\":\"https:\/\/purespiruline.com\/gr\/rechtliche-hinweise\/\",\"url\":\"https:\/\/purespiruline.com\/gr\/rechtliche-hinweise\/\",\"name\":\"Pure Spirulina Legal Notices\",\"isPartOf\":{\"@id\":\"https:\/\/purespiruline.com\/#website\"},\"datePublished\":\"2022-03-12T10:52:09+00:00\",\"dateModified\":\"2023-03-05T17:48:48+00:00\",\"description\":\"Pure Spirulina Legal Notices\",\"breadcrumb\":{\"@id\":\"https:\/\/purespiruline.com\/gr\/rechtliche-hinweise\/#breadcrumb\"},\"inLanguage\":\"fr-FR\",\"potentialAction\":[{\"@type\":\"ReadAction\",\"target\":[\"https:\/\/purespiruline.com\/gr\/rechtliche-hinweise\/\"]}]},{\"@type\":\"BreadcrumbList\",\"@id\":\"https:\/\/purespiruline.com\/gr\/rechtliche-hinweise\/#breadcrumb\",\"itemListElement\":[{\"@type\":\"ListItem\",\"position\":1,\"name\":\"Home\",\"item\":\"https:\/\/purespiruline.com\/\"},{\"@type\":\"ListItem\",\"position\":2,\"name\":\"Legal Notices\"}]},{\"@type\":\"WebSite\",\"@id\":\"https:\/\/purespiruline.com\/#website\",\"url\":\"https:\/\/purespiruline.com\/\",\"name\":\"Pure Spirulina\",\"description\":\"100% natural and efficient food supplement\",\"publisher\":{\"@id\":\"https:\/\/purespiruline.com\/#organization\"},\"alternateName\":\"KC Organics\",\"potentialAction\":[{\"@type\":\"SearchAction\",\"target\":{\"@type\":\"EntryPoint\",\"urlTemplate\":\"https:\/\/purespiruline.com\/?s={search_term_string}\"},\"query-input\":{\"@type\":\"PropertyValueSpecification\",\"valueRequired\":true,\"valueName\":\"search_term_string\"}}],\"inLanguage\":\"fr-FR\"},{\"@type\":\"Organization\",\"@id\":\"https:\/\/purespiruline.com\/#organization\",\"name\":\"Pure Spirulina\",\"alternateName\":\"KC Organics\",\"url\":\"https:\/\/purespiruline.com\/\",\"logo\":{\"@type\":\"ImageObject\",\"inLanguage\":\"fr-FR\",\"@id\":\"https:\/\/purespiruline.com\/#\/schema\/logo\/image\/\",\"url\":\"https:\/\/purespiruline.com\/wp-content\/uploads\/2022\/03\/cropped-4-1.png\",\"contentUrl\":\"https:\/\/purespiruline.com\/wp-content\/uploads\/2022\/03\/cropped-4-1.png\",\"width\":512,\"height\":512,\"caption\":\"Pure Spirulina\"},\"image\":{\"@id\":\"https:\/\/purespiruline.com\/#\/schema\/logo\/image\/\"},\"sameAs\":[\"https:\/\/www.facebook.com\/profile.php?id=100089206063090\",\"https:\/\/x.com\/purespiruline\",\"https:\/\/www.instagram.com\/pure_spiruline\/\",\"https:\/\/www.tiktok.com\/@purespiruline\"]}]}<\/script>\n<!-- \/ Yoast SEO plugin. -->","yoast_head_json":{"title":"Pure Spirulina Mentions l\u00e9gales","description":"Pure Spirulina Mentions l\u00e9gales","robots":{"index":"index","follow":"follow","max-snippet":"max-snippet:-1","max-image-preview":"max-image-preview:large","max-video-preview":"max-video-preview:-1"},"canonical":"https:\/\/purespiruline.com\/fr\/gr\/rechtliche-hinweise\/","og_locale":"fr_FR","og_type":"article","og_title":"Pure Spirulina Legal Notices","og_description":"Pure Spirulina Legal Notices","og_url":"https:\/\/purespiruline.com\/fr\/gr\/rechtliche-hinweise\/","og_site_name":"Pure Spiruline","article_publisher":"https:\/\/www.facebook.com\/profile.php?id=100089206063090","article_modified_time":"2023-03-05T17:48:48+00:00","og_image":[{"width":1000,"height":667,"url":"https:\/\/purespiruline.com\/wp-content\/uploads\/2023\/02\/spirulina.jpg","type":"image\/jpeg"}],"twitter_card":"summary_large_image","twitter_site":"@purespiruline","twitter_misc":{"Dur\u00e9e de lecture estim\u00e9e":"4 minutes"},"schema":{"@context":"https:\/\/schema.org","@graph":[{"@type":"WebPage","@id":"https:\/\/purespiruline.com\/gr\/rechtliche-hinweise\/","url":"https:\/\/purespiruline.com\/gr\/rechtliche-hinweise\/","name":"Pure Spirulina Mentions l\u00e9gales","isPartOf":{"@id":"https:\/\/purespiruline.com\/#website"},"datePublished":"2022-03-12T10:52:09+00:00","dateModified":"2023-03-05T17:48:48+00:00","description":"Pure Spirulina Mentions l\u00e9gales","breadcrumb":{"@id":"https:\/\/purespiruline.com\/gr\/rechtliche-hinweise\/#breadcrumb"},"inLanguage":"fr-FR","potentialAction":[{"@type":"ReadAction","target":["https:\/\/purespiruline.com\/gr\/rechtliche-hinweise\/"]}]},{"@type":"BreadcrumbList","@id":"https:\/\/purespiruline.com\/gr\/rechtliche-hinweise\/#breadcrumb","itemListElement":[{"@type":"ListItem","position":1,"name":"Home","item":"https:\/\/purespiruline.com\/"},{"@type":"ListItem","position":2,"name":"Legal Notices"}]},{"@type":"WebSite","@id":"https:\/\/purespiruline.com\/#website","url":"https:\/\/purespiruline.com\/","name":"Spiruline pure","description":"100% compl\u00e9ment alimentaire naturel et efficace","publisher":{"@id":"https:\/\/purespiruline.com\/#organization"},"alternateName":"KC Organics","potentialAction":[{"@type":"SearchAction","target":{"@type":"EntryPoint","urlTemplate":"https:\/\/purespiruline.com\/?s={search_term_string}"},"query-input":{"@type":"PropertyValueSpecification","valueRequired":true,"valueName":"search_term_string"}}],"inLanguage":"fr-FR"},{"@type":"Organization","@id":"https:\/\/purespiruline.com\/#organization","name":"Spiruline pure","alternateName":"KC Organics","url":"https:\/\/purespiruline.com\/","logo":{"@type":"ImageObject","inLanguage":"fr-FR","@id":"https:\/\/purespiruline.com\/#\/schema\/logo\/image\/","url":"https:\/\/purespiruline.com\/wp-content\/uploads\/2022\/03\/cropped-4-1.png","contentUrl":"https:\/\/purespiruline.com\/wp-content\/uploads\/2022\/03\/cropped-4-1.png","width":512,"height":512,"caption":"Pure Spirulina"},"image":{"@id":"https:\/\/purespiruline.com\/#\/schema\/logo\/image\/"},"sameAs":["https:\/\/www.facebook.com\/profile.php?id=100089206063090","https:\/\/x.com\/purespiruline","https:\/\/www.instagram.com\/pure_spiruline\/","https:\/\/www.tiktok.com\/@purespiruline"]}]}},"_links":{"self":[{"href":"https:\/\/purespiruline.com\/fr\/wp-json\/wp\/v2\/pages\/4883"}],"collection":[{"href":"https:\/\/purespiruline.com\/fr\/wp-json\/wp\/v2\/pages"}],"about":[{"href":"https:\/\/purespiruline.com\/fr\/wp-json\/wp\/v2\/types\/page"}],"author":[{"embeddable":true,"href":"https:\/\/purespiruline.com\/fr\/wp-json\/wp\/v2\/users\/1"}],"replies":[{"embeddable":true,"href":"https:\/\/purespiruline.com\/fr\/wp-json\/wp\/v2\/comments?post=4883"}],"version-history":[{"count":0,"href":"https:\/\/purespiruline.com\/fr\/wp-json\/wp\/v2\/pages\/4883\/revisions"}],"wp:attachment":[{"href":"https:\/\/purespiruline.com\/fr\/wp-json\/wp\/v2\/media?parent=4883"}],"curies":[{"name":"wp","href":"https:\/\/api.w.org\/{rel}","templated":true}]}}